{"id":600,"date":"2021-05-05T12:25:02","date_gmt":"2021-05-05T10:25:02","guid":{"rendered":"https:\/\/wp.kristdemokraterna.se\/hofors\/?page_id=600"},"modified":"2021-05-05T12:25:02","modified_gmt":"2021-05-05T10:25:02","slug":"relationer-mellan-generationer","status":"publish","type":"page","link":"https:\/\/wp.kristdemokraterna.se\/hofors\/textsida-fullbredd\/var-politik-i-kommunen\/motioner\/relationer-mellan-generationer\/","title":{"rendered":"Relationer mellan generationer"},"content":{"rendered":"<p>Motion<\/p>\n<p>Till Hofors kommunfullm\u00e4ktige<\/p>\n<p>Relationer mellan generationer<\/p>\n<p>F\u00f6r oss Kristdemokrater och Moderater kommer alltid de \u00e4ldre vara en hj\u00e4rtefr\u00e5ga. Detta g\u00e4ller inte minst nu d\u00e4r de under r\u00e5dande pandemi f\u00e5tt st\u00e5 ut med t\u00e4rande ensamhet p\u00e5 grund av p\u00e5tvingad isolering.<\/p>\n<p>\u00c4ldreomsorgen st\u00e5r idag inf\u00f6r stora rekryteringsbehov, samtidigt som m\u00e5nga ungdomar har sv\u00e5rt att etablera sig p\u00e5 arbetsmarknaden. Inom \u00e4ldreomsorgen h\u00f6rs ofta att personalen har ett pressat arbetsschema och att de d\u00e4rf\u00f6r inte hinner ge de \u00e4ldre den extra guldkant i deras tillvaro som de skulle \u00f6nska, som att t.ex. g\u00e5 ut p\u00e5 en promenad, spela kort, handarbeta tillsammans med dem eller f\u00f6lja med ut och handla. D\u00e4rf\u00f6r f\u00f6resl\u00e5r vi att ett projekt inleds d\u00e4r ungdomar i \u00e5rskurs 9 eller gymnasiet, under terminstid, erbjuds helgarbete inom kommunens \u00e4ldreomsorg. Viktigt \u00e4r d\u00e5 att urvalet av de s\u00f6kande matchas mot de \u00e4ldres intressen.<\/p>\n<p>Ambitionen \u00e4r att v\u00e4cka ungdomarnas intresse f\u00f6r ett framtida arbete inom \u00e4ldre omsorgen samtidigt som relationerna \u00f6ver generationsgr\u00e4nserna utvecklas. Andra positiva effekter \u00e4r att ungdomarna f\u00e5r v\u00e4rdefull arbetslivserfarenhet och att de \u00e4ldre f\u00e5r mer social gemenskap under helgerna.<\/p>\n<p>Avsikten \u00e4r naturligtvis inte att ungdomarna ska ers\u00e4tta ordinarie personal eller ta \u00f6ver deras arbetsuppgifter. Satsningen kan d\u00e4remot leda till att det bli l\u00e4ttare att rekrytera sommarvikarier till \u00e4ldreomsorgen och att fler ungdomar v\u00e4ljer att s\u00f6ka till omv\u00e5rdnadsprogrammet p\u00e5 gymnasiet.<\/p>\n<p>Tanken \u00e4r att ett 10-tal ungdomar erbjuds arbete 3 till 4 timmar var tredje helg och det \u00e4r rimligt att ers\u00e4ttningen ligger i linje med kommunens feriejobb.<\/p>\n<p>Mot bakgrund av ovanst\u00e5ende f\u00f6resl\u00e5r vi att Hofors kommunfullm\u00e4ktige beslutar:<\/p>\n<p>att uppdra till Socialn\u00e4mnden att initiera ett projekt med ungdomsanst\u00e4llningar f\u00f6r att utveckla relationerna mellan generationerna<\/p>\n<p>Annika Sj\u00f6gren Ziita Eriksson<\/p>\n<p>Kristdemokraterna Moderaterna<\/p>\n","protected":false},"excerpt":{"rendered":"<p>Motion Till Hofors kommunfullm\u00e4ktige Relationer mellan generationer F\u00f6r oss Kristdemokrater och Moderater kommer alltid de \u00e4ldre vara en hj\u00e4rtefr\u00e5ga. Detta g\u00e4ller inte minst nu d\u00e4r de under r\u00e5dande pandemi f\u00e5tt st\u00e5 ut med t\u00e4rande ensamhet p\u00e5 grund av p\u00e5tvingad isolering. \u00c4ldreomsorgen st\u00e5r idag inf\u00f6r stora rekryteringsbehov, samtidigt som m\u00e5nga ungdomar har sv\u00e5rt att etablera sig <a class=\"read-more-link\" href=\"https:\/\/wp.kristdemokraterna.se\/hofors\/textsida-fullbredd\/var-politik-i-kommunen\/motioner\/relationer-mellan-generationer\/\">L\u00e4s mer<\/a><\/p>\n","protected":false},"author":906,"featured_media":619,"parent":595,"menu_order":0,"comment_status":"closed","ping_status":"closed","template":"","meta":{"_acf_changed":false,"footnotes":""},"class_list":["post-600","page","type-page","status-publish","hentry"],"acf":[],"yoast_head":"<!-- This site is optimized with the Yoast SEO plugin v27.5 - https:\/\/yoast.com\/product\/yoast-seo-wordpress\/ -->\n<title>Relationer mellan generationer - Kristdemokraterna i Hofors\/Tors\u00e5ker<\/title>\n<meta name=\"robots\" content=\"index, follow, max-snippet:-1, max-image-preview:large, max-video-preview:-1\" \/>\n<link rel=\"canonical\" href=\"https:\/\/wp.kristdemokraterna.se\/hofors\/textsida-fullbredd\/var-politik-i-kommunen\/motioner\/relationer-mellan-generationer\/\" \/>\n<meta property=\"og:locale\" content=\"sv_SE\" \/>\n<meta property=\"og:type\" content=\"article\" \/>\n<meta property=\"og:title\" content=\"Relationer mellan generationer - Kristdemokraterna i Hofors\/Tors\u00e5ker\" \/>\n<meta property=\"og:description\" content=\"Motion Till Hofors kommunfullm\u00e4ktige Relationer mellan generationer F\u00f6r oss Kristdemokrater och Moderater kommer alltid de \u00e4ldre vara en hj\u00e4rtefr\u00e5ga. Detta g\u00e4ller inte minst nu d\u00e4r de under r\u00e5dande pandemi f\u00e5tt st\u00e5 ut med t\u00e4rande ensamhet p\u00e5 grund av p\u00e5tvingad isolering. \u00c4ldreomsorgen st\u00e5r idag inf\u00f6r stora rekryteringsbehov, samtidigt som m\u00e5nga ungdomar har sv\u00e5rt att etablera sig L\u00e4s mer\" \/>\n<meta property=\"og:url\" content=\"https:\/\/wp.kristdemokraterna.se\/hofors\/textsida-fullbredd\/var-politik-i-kommunen\/motioner\/relationer-mellan-generationer\/\" \/>\n<meta property=\"og:site_name\" content=\"Kristdemokraterna i Hofors\/Tors\u00e5ker\" \/>\n<meta property=\"og:image\" content=\"https:\/\/wp.kristdemokraterna.se\/hofors\/files\/2021\/05\/flower.png\" \/>\n\t<meta property=\"og:image:width\" content=\"478\" \/>\n\t<meta property=\"og:image:height\" content=\"262\" \/>\n\t<meta property=\"og:image:type\" content=\"image\/png\" \/>\n<meta name=\"twitter:card\" content=\"summary_large_image\" \/>\n<meta name=\"twitter:label1\" content=\"Ber\u00e4knad l\u00e4stid\" \/>\n\t<meta name=\"twitter:data1\" content=\"2 minuter\" \/>\n<script type=\"application\/ld+json\" class=\"yoast-schema-graph\">{\"@context\":\"https:\\\/\\\/schema.org\",\"@graph\":[{\"@type\":\"WebPage\",\"@id\":\"https:\\\/\\\/wp.kristdemokraterna.se\\\/hofors\\\/textsida-fullbredd\\\/var-politik-i-kommunen\\\/motioner\\\/relationer-mellan-generationer\\\/\",\"url\":\"https:\\\/\\\/wp.kristdemokraterna.se\\\/hofors\\\/textsida-fullbredd\\\/var-politik-i-kommunen\\\/motioner\\\/relationer-mellan-generationer\\\/\",\"name\":\"Relationer mellan generationer - Kristdemokraterna i Hofors\\\/Tors\u00e5ker\",\"isPartOf\":{\"@id\":\"https:\\\/\\\/wp.kristdemokraterna.se\\\/hofors\\\/#website\"},\"primaryImageOfPage\":{\"@id\":\"https:\\\/\\\/wp.kristdemokraterna.se\\\/hofors\\\/textsida-fullbredd\\\/var-politik-i-kommunen\\\/motioner\\\/relationer-mellan-generationer\\\/#primaryimage\"},\"image\":{\"@id\":\"https:\\\/\\\/wp.kristdemokraterna.se\\\/hofors\\\/textsida-fullbredd\\\/var-politik-i-kommunen\\\/motioner\\\/relationer-mellan-generationer\\\/#primaryimage\"},\"thumbnailUrl\":\"https:\\\/\\\/wp.kristdemokraterna.se\\\/hofors\\\/files\\\/2021\\\/05\\\/flower.png\",\"datePublished\":\"2021-05-05T10:25:02+00:00\",\"breadcrumb\":{\"@id\":\"https:\\\/\\\/wp.kristdemokraterna.se\\\/hofors\\\/textsida-fullbredd\\\/var-politik-i-kommunen\\\/motioner\\\/relationer-mellan-generationer\\\/#breadcrumb\"},\"inLanguage\":\"sv-SE\",\"potentialAction\":[{\"@type\":\"ReadAction\",\"target\":[\"https:\\\/\\\/wp.kristdemokraterna.se\\\/hofors\\\/textsida-fullbredd\\\/var-politik-i-kommunen\\\/motioner\\\/relationer-mellan-generationer\\\/\"]}]},{\"@type\":\"ImageObject\",\"inLanguage\":\"sv-SE\",\"@id\":\"https:\\\/\\\/wp.kristdemokraterna.se\\\/hofors\\\/textsida-fullbredd\\\/var-politik-i-kommunen\\\/motioner\\\/relationer-mellan-generationer\\\/#primaryimage\",\"url\":\"https:\\\/\\\/wp.kristdemokraterna.se\\\/hofors\\\/files\\\/2021\\\/05\\\/flower.png\",\"contentUrl\":\"https:\\\/\\\/wp.kristdemokraterna.se\\\/hofors\\\/files\\\/2021\\\/05\\\/flower.png\",\"width\":478,\"height\":262},{\"@type\":\"BreadcrumbList\",\"@id\":\"https:\\\/\\\/wp.kristdemokraterna.se\\\/hofors\\\/textsida-fullbredd\\\/var-politik-i-kommunen\\\/motioner\\\/relationer-mellan-generationer\\\/#breadcrumb\",\"itemListElement\":[{\"@type\":\"ListItem\",\"position\":1,\"name\":\"Hem\",\"item\":\"https:\\\/\\\/wp.kristdemokraterna.se\\\/hofors\\\/\"},{\"@type\":\"ListItem\",\"position\":2,\"name\":\"Vad vi st\u00e5r f\u00f6r!\",\"item\":\"https:\\\/\\\/wp.kristdemokraterna.se\\\/hofors\\\/textsida-fullbredd\\\/\"},{\"@type\":\"ListItem\",\"position\":3,\"name\":\"V\u00e5r politik i kommunen\",\"item\":\"https:\\\/\\\/wp.kristdemokraterna.se\\\/hofors\\\/textsida-fullbredd\\\/var-politik-i-kommunen\\\/\"},{\"@type\":\"ListItem\",\"position\":4,\"name\":\"Motioner\",\"item\":\"https:\\\/\\\/wp.kristdemokraterna.se\\\/hofors\\\/textsida-fullbredd\\\/var-politik-i-kommunen\\\/motioner\\\/\"},{\"@type\":\"ListItem\",\"position\":5,\"name\":\"Relationer mellan generationer\"}]},{\"@type\":\"WebSite\",\"@id\":\"https:\\\/\\\/wp.kristdemokraterna.se\\\/hofors\\\/#website\",\"url\":\"https:\\\/\\\/wp.kristdemokraterna.se\\\/hofors\\\/\",\"name\":\"Kristdemokraterna i Hofors\\\/Tors\u00e5ker\",\"description\":\"En till Kristdemokraterna webbplats\",\"inLanguage\":\"sv-SE\"}]}<\/script>\n<!-- \/ Yoast SEO plugin. -->","yoast_head_json":{"title":"Relationer mellan generationer - Kristdemokraterna i Hofors\/Tors\u00e5ker","robots":{"index":"index","follow":"follow","max-snippet":"max-snippet:-1","max-image-preview":"max-image-preview:large","max-video-preview":"max-video-preview:-1"},"canonical":"https:\/\/wp.kristdemokraterna.se\/hofors\/textsida-fullbredd\/var-politik-i-kommunen\/motioner\/relationer-mellan-generationer\/","og_locale":"sv_SE","og_type":"article","og_title":"Relationer mellan generationer - Kristdemokraterna i Hofors\/Tors\u00e5ker","og_description":"Motion Till Hofors kommunfullm\u00e4ktige Relationer mellan generationer F\u00f6r oss Kristdemokrater och Moderater kommer alltid de \u00e4ldre vara en hj\u00e4rtefr\u00e5ga. Detta g\u00e4ller inte minst nu d\u00e4r de under r\u00e5dande pandemi f\u00e5tt st\u00e5 ut med t\u00e4rande ensamhet p\u00e5 grund av p\u00e5tvingad isolering. \u00c4ldreomsorgen st\u00e5r idag inf\u00f6r stora rekryteringsbehov, samtidigt som m\u00e5nga ungdomar har sv\u00e5rt att etablera sig L\u00e4s mer","og_url":"https:\/\/wp.kristdemokraterna.se\/hofors\/textsida-fullbredd\/var-politik-i-kommunen\/motioner\/relationer-mellan-generationer\/","og_site_name":"Kristdemokraterna i Hofors\/Tors\u00e5ker","og_image":[{"width":478,"height":262,"url":"https:\/\/wp.kristdemokraterna.se\/hofors\/files\/2021\/05\/flower.png","type":"image\/png"}],"twitter_card":"summary_large_image","twitter_misc":{"Ber\u00e4knad l\u00e4stid":"2 minuter"},"schema":{"@context":"https:\/\/schema.org","@graph":[{"@type":"WebPage","@id":"https:\/\/wp.kristdemokraterna.se\/hofors\/textsida-fullbredd\/var-politik-i-kommunen\/motioner\/relationer-mellan-generationer\/","url":"https:\/\/wp.kristdemokraterna.se\/hofors\/textsida-fullbredd\/var-politik-i-kommunen\/motioner\/relationer-mellan-generationer\/","name":"Relationer mellan generationer - Kristdemokraterna i Hofors\/Tors\u00e5ker","isPartOf":{"@id":"https:\/\/wp.kristdemokraterna.se\/hofors\/#website"},"primaryImageOfPage":{"@id":"https:\/\/wp.kristdemokraterna.se\/hofors\/textsida-fullbredd\/var-politik-i-kommunen\/motioner\/relationer-mellan-generationer\/#primaryimage"},"image":{"@id":"https:\/\/wp.kristdemokraterna.se\/hofors\/textsida-fullbredd\/var-politik-i-kommunen\/motioner\/relationer-mellan-generationer\/#primaryimage"},"thumbnailUrl":"https:\/\/wp.kristdemokraterna.se\/hofors\/files\/2021\/05\/flower.png","datePublished":"2021-05-05T10:25:02+00:00","breadcrumb":{"@id":"https:\/\/wp.kristdemokraterna.se\/hofors\/textsida-fullbredd\/var-politik-i-kommunen\/motioner\/relationer-mellan-generationer\/#breadcrumb"},"inLanguage":"sv-SE","potentialAction":[{"@type":"ReadAction","target":["https:\/\/wp.kristdemokraterna.se\/hofors\/textsida-fullbredd\/var-politik-i-kommunen\/motioner\/relationer-mellan-generationer\/"]}]},{"@type":"ImageObject","inLanguage":"sv-SE","@id":"https:\/\/wp.kristdemokraterna.se\/hofors\/textsida-fullbredd\/var-politik-i-kommunen\/motioner\/relationer-mellan-generationer\/#primaryimage","url":"https:\/\/wp.kristdemokraterna.se\/hofors\/files\/2021\/05\/flower.png","contentUrl":"https:\/\/wp.kristdemokraterna.se\/hofors\/files\/2021\/05\/flower.png","width":478,"height":262},{"@type":"BreadcrumbList","@id":"https:\/\/wp.kristdemokraterna.se\/hofors\/textsida-fullbredd\/var-politik-i-kommunen\/motioner\/relationer-mellan-generationer\/#breadcrumb","itemListElement":[{"@type":"ListItem","position":1,"name":"Hem","item":"https:\/\/wp.kristdemokraterna.se\/hofors\/"},{"@type":"ListItem","position":2,"name":"Vad vi st\u00e5r f\u00f6r!","item":"https:\/\/wp.kristdemokraterna.se\/hofors\/textsida-fullbredd\/"},{"@type":"ListItem","position":3,"name":"V\u00e5r politik i kommunen","item":"https:\/\/wp.kristdemokraterna.se\/hofors\/textsida-fullbredd\/var-politik-i-kommunen\/"},{"@type":"ListItem","position":4,"name":"Motioner","item":"https:\/\/wp.kristdemokraterna.se\/hofors\/textsida-fullbredd\/var-politik-i-kommunen\/motioner\/"},{"@type":"ListItem","position":5,"name":"Relationer mellan generationer"}]},{"@type":"WebSite","@id":"https:\/\/wp.kristdemokraterna.se\/hofors\/#website","url":"https:\/\/wp.kristdemokraterna.se\/hofors\/","name":"Kristdemokraterna i Hofors\/Tors\u00e5ker","description":"En till Kristdemokraterna webbplats","inLanguage":"sv-SE"}]}},"_links":{"self":[{"href":"https:\/\/wp.kristdemokraterna.se\/hofors\/wp-json\/wp\/v2\/pages\/600","targetHints":{"allow":["GET"]}}],"collection":[{"href":"https:\/\/wp.kristdemokraterna.se\/hofors\/wp-json\/wp\/v2\/pages"}],"about":[{"href":"https:\/\/wp.kristdemokraterna.se\/hofors\/wp-json\/wp\/v2\/types\/page"}],"author":[{"embeddable":true,"href":"https:\/\/wp.kristdemokraterna.se\/hofors\/wp-json\/wp\/v2\/users\/906"}],"replies":[{"embeddable":true,"href":"https:\/\/wp.kristdemokraterna.se\/hofors\/wp-json\/wp\/v2\/comments?post=600"}],"version-history":[{"count":1,"href":"https:\/\/wp.kristdemokraterna.se\/hofors\/wp-json\/wp\/v2\/pages\/600\/revisions"}],"predecessor-version":[{"id":601,"href":"https:\/\/wp.kristdemokraterna.se\/hofors\/wp-json\/wp\/v2\/pages\/600\/revisions\/601"}],"up":[{"embeddable":true,"href":"https:\/\/wp.kristdemokraterna.se\/hofors\/wp-json\/wp\/v2\/pages\/595"}],"wp:featuredmedia":[{"embeddable":true,"href":"https:\/\/wp.kristdemokraterna.se\/hofors\/wp-json\/wp\/v2\/media\/619"}],"wp:attachment":[{"href":"https:\/\/wp.kristdemokraterna.se\/hofors\/wp-json\/wp\/v2\/media?parent=600"}],"curies":[{"name":"wp","href":"https:\/\/api.w.org\/{rel}","templated":true}]}}