{"id":720,"date":"2026-02-21T15:34:40","date_gmt":"2026-02-21T14:34:40","guid":{"rendered":"https:\/\/wp.kristdemokraterna.se\/hofors\/?page_id=720"},"modified":"2026-02-21T15:34:40","modified_gmt":"2026-02-21T14:34:40","slug":"verksamhetsberattelse-2025","status":"publish","type":"page","link":"https:\/\/wp.kristdemokraterna.se\/hofors\/verksamhetsberattelse-2025\/","title":{"rendered":"Verksamhetsber\u00e4ttelse 2025"},"content":{"rendered":"<p><strong>Ett \u00e5r med ansvar och framtidsfokus<\/strong><\/p>\n<p>Under 2025 har vi i KD Hofors fortsatt v\u00e5rt arbete i styret tillsammans med Socialdemokraterna, V\u00e4nsterpartiet och Liberalerna. Det har varit ett \u00e5r pr\u00e4glat av ansvarstagande, ekonomisk medvetenhet och tydliga prioriteringar f\u00f6r kommunens b\u00e4sta.<\/p>\n<p><strong>Ekonomin i fokus \u2013 v\u00e5rt viktigaste uppdrag<\/strong><\/p>\n<p>Kommunens ekonomi \u00e4r fortsatt anstr\u00e4ngd. D\u00e4rf\u00f6r har v\u00e5rt fr\u00e4msta fokus under \u00e5ret varit att skapa ordning och l\u00e5ngsiktig h\u00e5llbarhet i ekonomin. Vi menar att ansvar m\u00e5ste tas p\u00e5 alla niv\u00e5er \u2013 fr\u00e5n kommunstyrelse till n\u00e4mnder och verksamheter.<\/p>\n<p>Vi har arbetat aktivt f\u00f6r att lyfta ekonomifr\u00e5gorna h\u00f6gre upp p\u00e5 dagordningen i samtliga styrelser och n\u00e4mnder. \u00d6kad medvetenhet \u00e4r en f\u00f6ruts\u00e4ttning f\u00f6r att kunna fatta kloka beslut och ta gemensamt ansvar. Detta \u00e4r ett arbete som kommer att ha h\u00f6gsta prioritet \u00e4ven under kommande \u00e5r.<\/p>\n<p><strong>En mer h\u00e5llbar organisation<\/strong><\/p>\n<p>Ett annat viktigt uppdrag har varit att p\u00e5 ett ansvarsfullt s\u00e4tt anpassa och effektivisera kommunens organisation. Genom en genomf\u00f6rd organisationsutredning har vi tagit steg mot en mer \u00e4ndam\u00e5lsenlig struktur, d\u00e4r resurser anv\u00e4nds d\u00e4r de g\u00f6r st\u00f6rst nytta.<\/p>\n<p>Vi har ocks\u00e5 tydliggjort chefsansvaret i budgetarbetet och genomf\u00f6rt utbildning i kommunal ekonomi f\u00f6r f\u00f6rtroendevalda \u2013 viktiga insatser f\u00f6r att st\u00e4rka styrning och ledarskap.<\/p>\n<p><strong>Skola och utbildning \u2013 kvalitet och n\u00e4rhet<\/strong><\/p>\n<p>Under \u00e5ret har vi arbetat f\u00f6r att stoppa centraliseringen av skolk\u00f6ken. Ett konkret resultat \u00e4r att kocken nu \u00e4r tillbaka p\u00e5 Spelmannen, n\u00e5got vi ser som en viktig del i att v\u00e4rna kvalitet, n\u00e4rhet och trygghet i verksamheten.<\/p>\n<p>Inom barn- och utbildningsn\u00e4mnden har fokus legat b\u00e5de p\u00e5 ekonomi och p\u00e5 elevernas behov. Vi har arbetat med:<\/p>\n<ul>\n<li>\u00d6kad transparens i budgeten<\/li>\n<li>Fler dyslexiutredningar<\/li>\n<li>Identifiering och uppm\u00e4rksammande av h\u00f6gpresterande elever<\/li>\n<li>St\u00f6dinsatser f\u00f6r hemmasittare<\/li>\n<li>Stoppa flytten av Solbergak\u00f6ket<\/li>\n<li>Samarbete mellan f\u00f6rskola och \u00e4ldreomsorg<\/li>\n<\/ul>\n<p>Vi vill se en skola d\u00e4r varje elev f\u00e5r m\u00f6jlighet att lyckas \u2013 oavsett f\u00f6ruts\u00e4ttningar.<\/p>\n<p><strong>Socialt ansvar och trygghet<\/strong><\/p>\n<p>Inom socialn\u00e4mndens omr\u00e5de har ekonomin \u00e4ven h\u00e4r varit en viktig fr\u00e5ga. Samtidigt har vi fortsatt att utveckla det sociala st\u00f6det i kommunen.<\/p>\n<p>Under \u00e5ret har vi:<\/p>\n<ul>\n<li>Inf\u00f6rt en efterlevandelots vid suicid f\u00f6r att b\u00e4ttre st\u00f6tta anh\u00f6riga<\/li>\n<li>Inf\u00f6rt modellen \u201dBostad f\u00f6rst\u201d i kommunen<\/li>\n<li>S\u00e4kerst\u00e4llt utdrag ur belastningsregistret f\u00f6r omsorgspersonal<\/li>\n<li>Genomf\u00f6rt utbildning om v\u00e5ld i n\u00e4ra relationer f\u00f6r omsorgspersonal<\/li>\n<\/ul>\n<p>Det handlar om att kombinera ansvarstagande ekonomi med ett varmt och medm\u00e4nskligt samh\u00e4lle.<\/p>\n<p><strong>Sammanfattning<\/strong><\/p>\n<p>2025 har varit ett \u00e5r d\u00e4r ansvar, struktur och framtidstro st\u00e5tt i centrum. Vi vet att utmaningarna \u00e4r stora \u2013 men vi \u00e4r \u00f6vertygade om att tydligt ekonomiskt fokus, genomt\u00e4nkta prioriteringar och ett starkt socialt engagemang \u00e4r v\u00e4gen fram\u00e5t f\u00f6r Hofors.<\/p>\n<p>&nbsp;<\/p>\n<p>Arbetet forts\u00e4tter \u2013 med kommunens b\u00e4sta f\u00f6r \u00f6gonen.<\/p>\n","protected":false},"excerpt":{"rendered":"<p>Ett \u00e5r med ansvar och framtidsfokus Under 2025 har vi i KD Hofors fortsatt v\u00e5rt arbete i styret tillsammans med Socialdemokraterna, V\u00e4nsterpartiet och Liberalerna. Det har varit ett \u00e5r pr\u00e4glat av ansvarstagande, ekonomisk medvetenhet och tydliga prioriteringar f\u00f6r kommunens b\u00e4sta. Ekonomin i fokus \u2013 v\u00e5rt viktigaste uppdrag Kommunens ekonomi \u00e4r fortsatt anstr\u00e4ngd. D\u00e4rf\u00f6r har v\u00e5rt <a class=\"read-more-link\" href=\"https:\/\/wp.kristdemokraterna.se\/hofors\/verksamhetsberattelse-2025\/\">L\u00e4s mer<\/a><\/p>\n","protected":false},"author":1103,"featured_media":619,"parent":0,"menu_order":0,"comment_status":"closed","ping_status":"closed","template":"","meta":{"_acf_changed":false,"footnotes":""},"class_list":["post-720","page","type-page","status-publish","hentry"],"acf":[],"yoast_head":"<!-- This site is optimized with the Yoast SEO plugin v27.3 - https:\/\/yoast.com\/product\/yoast-seo-wordpress\/ -->\n<title>Verksamhetsber\u00e4ttelse 2025 - Kristdemokraterna i Hofors\/Tors\u00e5ker<\/title>\n<meta name=\"robots\" content=\"index, follow, max-snippet:-1, max-image-preview:large, max-video-preview:-1\" \/>\n<link rel=\"canonical\" href=\"https:\/\/wp.kristdemokraterna.se\/hofors\/verksamhetsberattelse-2025\/\" \/>\n<meta property=\"og:locale\" content=\"sv_SE\" \/>\n<meta property=\"og:type\" content=\"article\" \/>\n<meta property=\"og:title\" content=\"Verksamhetsber\u00e4ttelse 2025 - Kristdemokraterna i Hofors\/Tors\u00e5ker\" \/>\n<meta property=\"og:description\" content=\"Ett \u00e5r med ansvar och framtidsfokus Under 2025 har vi i KD Hofors fortsatt v\u00e5rt arbete i styret tillsammans med Socialdemokraterna, V\u00e4nsterpartiet och Liberalerna. Det har varit ett \u00e5r pr\u00e4glat av ansvarstagande, ekonomisk medvetenhet och tydliga prioriteringar f\u00f6r kommunens b\u00e4sta. Ekonomin i fokus \u2013 v\u00e5rt viktigaste uppdrag Kommunens ekonomi \u00e4r fortsatt anstr\u00e4ngd. D\u00e4rf\u00f6r har v\u00e5rt L\u00e4s mer\" \/>\n<meta property=\"og:url\" content=\"https:\/\/wp.kristdemokraterna.se\/hofors\/verksamhetsberattelse-2025\/\" \/>\n<meta property=\"og:site_name\" content=\"Kristdemokraterna i Hofors\/Tors\u00e5ker\" \/>\n<meta name=\"twitter:card\" content=\"summary_large_image\" \/>\n<meta name=\"twitter:label1\" content=\"Ber\u00e4knad l\u00e4stid\" \/>\n\t<meta name=\"twitter:data1\" content=\"3 minuter\" \/>\n<script type=\"application\/ld+json\" class=\"yoast-schema-graph\">{\"@context\":\"https:\\\/\\\/schema.org\",\"@graph\":[{\"@type\":\"WebPage\",\"@id\":\"https:\\\/\\\/wp.kristdemokraterna.se\\\/hofors\\\/verksamhetsberattelse-2025\\\/\",\"url\":\"https:\\\/\\\/wp.kristdemokraterna.se\\\/hofors\\\/verksamhetsberattelse-2025\\\/\",\"name\":\"Verksamhetsber\u00e4ttelse 2025 - Kristdemokraterna i Hofors\\\/Tors\u00e5ker\",\"isPartOf\":{\"@id\":\"https:\\\/\\\/wp.kristdemokraterna.se\\\/hofors\\\/#website\"},\"primaryImageOfPage\":{\"@id\":\"https:\\\/\\\/wp.kristdemokraterna.se\\\/hofors\\\/verksamhetsberattelse-2025\\\/#primaryimage\"},\"image\":{\"@id\":\"https:\\\/\\\/wp.kristdemokraterna.se\\\/hofors\\\/verksamhetsberattelse-2025\\\/#primaryimage\"},\"thumbnailUrl\":\"https:\\\/\\\/wp.kristdemokraterna.se\\\/hofors\\\/files\\\/2021\\\/05\\\/flower.png\",\"datePublished\":\"2026-02-21T14:34:40+00:00\",\"breadcrumb\":{\"@id\":\"https:\\\/\\\/wp.kristdemokraterna.se\\\/hofors\\\/verksamhetsberattelse-2025\\\/#breadcrumb\"},\"inLanguage\":\"sv-SE\",\"potentialAction\":[{\"@type\":\"ReadAction\",\"target\":[\"https:\\\/\\\/wp.kristdemokraterna.se\\\/hofors\\\/verksamhetsberattelse-2025\\\/\"]}]},{\"@type\":\"ImageObject\",\"inLanguage\":\"sv-SE\",\"@id\":\"https:\\\/\\\/wp.kristdemokraterna.se\\\/hofors\\\/verksamhetsberattelse-2025\\\/#primaryimage\",\"url\":\"https:\\\/\\\/wp.kristdemokraterna.se\\\/hofors\\\/files\\\/2021\\\/05\\\/flower.png\",\"contentUrl\":\"https:\\\/\\\/wp.kristdemokraterna.se\\\/hofors\\\/files\\\/2021\\\/05\\\/flower.png\",\"width\":478,\"height\":262},{\"@type\":\"BreadcrumbList\",\"@id\":\"https:\\\/\\\/wp.kristdemokraterna.se\\\/hofors\\\/verksamhetsberattelse-2025\\\/#breadcrumb\",\"itemListElement\":[{\"@type\":\"ListItem\",\"position\":1,\"name\":\"Hem\",\"item\":\"https:\\\/\\\/wp.kristdemokraterna.se\\\/hofors\\\/\"},{\"@type\":\"ListItem\",\"position\":2,\"name\":\"Verksamhetsber\u00e4ttelse 2025\"}]},{\"@type\":\"WebSite\",\"@id\":\"https:\\\/\\\/wp.kristdemokraterna.se\\\/hofors\\\/#website\",\"url\":\"https:\\\/\\\/wp.kristdemokraterna.se\\\/hofors\\\/\",\"name\":\"Kristdemokraterna i Hofors\\\/Tors\u00e5ker\",\"description\":\"En till Kristdemokraterna webbplats\",\"inLanguage\":\"sv-SE\"}]}<\/script>\n<!-- \/ Yoast SEO plugin. -->","yoast_head_json":{"title":"Verksamhetsber\u00e4ttelse 2025 - Kristdemokraterna i Hofors\/Tors\u00e5ker","robots":{"index":"index","follow":"follow","max-snippet":"max-snippet:-1","max-image-preview":"max-image-preview:large","max-video-preview":"max-video-preview:-1"},"canonical":"https:\/\/wp.kristdemokraterna.se\/hofors\/verksamhetsberattelse-2025\/","og_locale":"sv_SE","og_type":"article","og_title":"Verksamhetsber\u00e4ttelse 2025 - Kristdemokraterna i Hofors\/Tors\u00e5ker","og_description":"Ett \u00e5r med ansvar och framtidsfokus Under 2025 har vi i KD Hofors fortsatt v\u00e5rt arbete i styret tillsammans med Socialdemokraterna, V\u00e4nsterpartiet och Liberalerna. Det har varit ett \u00e5r pr\u00e4glat av ansvarstagande, ekonomisk medvetenhet och tydliga prioriteringar f\u00f6r kommunens b\u00e4sta. Ekonomin i fokus \u2013 v\u00e5rt viktigaste uppdrag Kommunens ekonomi \u00e4r fortsatt anstr\u00e4ngd. D\u00e4rf\u00f6r har v\u00e5rt L\u00e4s mer","og_url":"https:\/\/wp.kristdemokraterna.se\/hofors\/verksamhetsberattelse-2025\/","og_site_name":"Kristdemokraterna i Hofors\/Tors\u00e5ker","twitter_card":"summary_large_image","twitter_misc":{"Ber\u00e4knad l\u00e4stid":"3 minuter"},"schema":{"@context":"https:\/\/schema.org","@graph":[{"@type":"WebPage","@id":"https:\/\/wp.kristdemokraterna.se\/hofors\/verksamhetsberattelse-2025\/","url":"https:\/\/wp.kristdemokraterna.se\/hofors\/verksamhetsberattelse-2025\/","name":"Verksamhetsber\u00e4ttelse 2025 - Kristdemokraterna i Hofors\/Tors\u00e5ker","isPartOf":{"@id":"https:\/\/wp.kristdemokraterna.se\/hofors\/#website"},"primaryImageOfPage":{"@id":"https:\/\/wp.kristdemokraterna.se\/hofors\/verksamhetsberattelse-2025\/#primaryimage"},"image":{"@id":"https:\/\/wp.kristdemokraterna.se\/hofors\/verksamhetsberattelse-2025\/#primaryimage"},"thumbnailUrl":"https:\/\/wp.kristdemokraterna.se\/hofors\/files\/2021\/05\/flower.png","datePublished":"2026-02-21T14:34:40+00:00","breadcrumb":{"@id":"https:\/\/wp.kristdemokraterna.se\/hofors\/verksamhetsberattelse-2025\/#breadcrumb"},"inLanguage":"sv-SE","potentialAction":[{"@type":"ReadAction","target":["https:\/\/wp.kristdemokraterna.se\/hofors\/verksamhetsberattelse-2025\/"]}]},{"@type":"ImageObject","inLanguage":"sv-SE","@id":"https:\/\/wp.kristdemokraterna.se\/hofors\/verksamhetsberattelse-2025\/#primaryimage","url":"https:\/\/wp.kristdemokraterna.se\/hofors\/files\/2021\/05\/flower.png","contentUrl":"https:\/\/wp.kristdemokraterna.se\/hofors\/files\/2021\/05\/flower.png","width":478,"height":262},{"@type":"BreadcrumbList","@id":"https:\/\/wp.kristdemokraterna.se\/hofors\/verksamhetsberattelse-2025\/#breadcrumb","itemListElement":[{"@type":"ListItem","position":1,"name":"Hem","item":"https:\/\/wp.kristdemokraterna.se\/hofors\/"},{"@type":"ListItem","position":2,"name":"Verksamhetsber\u00e4ttelse 2025"}]},{"@type":"WebSite","@id":"https:\/\/wp.kristdemokraterna.se\/hofors\/#website","url":"https:\/\/wp.kristdemokraterna.se\/hofors\/","name":"Kristdemokraterna i Hofors\/Tors\u00e5ker","description":"En till Kristdemokraterna webbplats","inLanguage":"sv-SE"}]}},"_links":{"self":[{"href":"https:\/\/wp.kristdemokraterna.se\/hofors\/wp-json\/wp\/v2\/pages\/720","targetHints":{"allow":["GET"]}}],"collection":[{"href":"https:\/\/wp.kristdemokraterna.se\/hofors\/wp-json\/wp\/v2\/pages"}],"about":[{"href":"https:\/\/wp.kristdemokraterna.se\/hofors\/wp-json\/wp\/v2\/types\/page"}],"author":[{"embeddable":true,"href":"https:\/\/wp.kristdemokraterna.se\/hofors\/wp-json\/wp\/v2\/users\/1103"}],"replies":[{"embeddable":true,"href":"https:\/\/wp.kristdemokraterna.se\/hofors\/wp-json\/wp\/v2\/comments?post=720"}],"version-history":[{"count":2,"href":"https:\/\/wp.kristdemokraterna.se\/hofors\/wp-json\/wp\/v2\/pages\/720\/revisions"}],"predecessor-version":[{"id":722,"href":"https:\/\/wp.kristdemokraterna.se\/hofors\/wp-json\/wp\/v2\/pages\/720\/revisions\/722"}],"wp:featuredmedia":[{"embeddable":true,"href":"https:\/\/wp.kristdemokraterna.se\/hofors\/wp-json\/wp\/v2\/media\/619"}],"wp:attachment":[{"href":"https:\/\/wp.kristdemokraterna.se\/hofors\/wp-json\/wp\/v2\/media?parent=720"}],"curies":[{"name":"wp","href":"https:\/\/api.w.org\/{rel}","templated":true}]}}