{"id":774,"date":"2026-03-24T14:23:58","date_gmt":"2026-03-24T13:23:58","guid":{"rendered":"https:\/\/wp.kristdemokraterna.se\/hofors\/?page_id=774"},"modified":"2026-04-13T13:54:33","modified_gmt":"2026-04-13T11:54:33","slug":"vara-kandidater","status":"publish","type":"page","link":"https:\/\/wp.kristdemokraterna.se\/hofors\/vara-kandidater\/","title":{"rendered":"V\u00e5ra kandidater"},"content":{"rendered":"<h4>H\u00e4r presenteras v\u00e5ra kandidater till kommunfullm\u00e4ktige.<\/h4>\n<p>Listan best\u00e5r av engagerade kandidater med bred erfarenhet och ett gemensamt m\u00e5l att utveckla Hofors kommun. Arbetet inf\u00f6r valet forts\u00e4tter med fokus p\u00e5 lokala fr\u00e5gor och en trygg framtid f\u00f6r inv\u00e5narna.<\/p>\n<ol>\n<li>Annika Sj\u00f6gren, 50 \u00e5r, Ombudsman, Tors\u00e5ker<\/li>\n<li>Lena Eskilsson, 66 \u00e5r, fd. CEO, Tors\u00e5ker<\/li>\n<li>Alf Persson, 78 \u00e5r, Entrepren\u00f6r, Hofors<\/li>\n<li>Kicki Vesterberg, 59 \u00e5r, Entrepren\u00f6r, Tors\u00e5ker<\/li>\n<li>Per Eskilsson, 67 \u00e5r, fd. Controller, Tors\u00e5ker<\/li>\n<li>Fanny \u00c5sberg, 34 \u00e5r, Ekonom, Tors\u00e5ker<\/li>\n<li>Mikael Modin, 58 \u00e5r, CNC Operat\u00f6r, Hofors<\/li>\n<li>Steve Olovsson, 74 \u00e5r, F\u00f6retagare, Tors\u00e5ker<\/li>\n<li>Zebastian Andersson \u00c5sberg, 25 \u00e5r, Polis, Hofors<\/li>\n<li>Jan N\u00e4slund, 58 \u00e5r, Konsult, Tors\u00e5ker<\/li>\n<li>Charlie Ahlholm, 58 \u00e5r, Studerande, Hofors<\/li>\n<li>Jonathan Klauss\u00e9n, 34 \u00e5r, Entrepren\u00f6r, Hofors<\/li>\n<li>Carina Ekl\u00f6v, 67 \u00e5r, Begravningsr\u00e5dgivare, Hofors<\/li>\n<li>Ingvar Olsson, 66 \u00e5r, Pension\u00e4r, Hofors<\/li>\n<li>Ann-Christin Persson, 76 \u00e5r, Pension\u00e4r, Hofors<\/li>\n<li>Britt-Marie Hillberg, 55 \u00e5r, S\u00e4ljare, Hofors<\/li>\n<li>Robin \u00c5sberg, 33 \u00e5r, Lastbilschauff\u00f6r, Tors\u00e5ker<\/li>\n<li>Zaman Idan, 73 \u00e5r, fd. L\u00e4rare, Hofors<\/li>\n<\/ol>\n","protected":false},"excerpt":{"rendered":"<p>H\u00e4r presenteras v\u00e5ra kandidater till kommunfullm\u00e4ktige. Listan best\u00e5r av engagerade kandidater med bred erfarenhet och ett gemensamt m\u00e5l att utveckla Hofors kommun. Arbetet inf\u00f6r valet forts\u00e4tter med fokus p\u00e5 lokala fr\u00e5gor och en trygg framtid f\u00f6r inv\u00e5narna. Annika Sj\u00f6gren, 50 \u00e5r, Ombudsman, Tors\u00e5ker Lena Eskilsson, 66 \u00e5r, fd. CEO, Tors\u00e5ker Alf Persson, 78 \u00e5r, Entrepren\u00f6r, <a class=\"read-more-link\" href=\"https:\/\/wp.kristdemokraterna.se\/hofors\/vara-kandidater\/\">L\u00e4s mer<\/a><\/p>\n","protected":false},"author":1103,"featured_media":619,"parent":0,"menu_order":0,"comment_status":"closed","ping_status":"closed","template":"","meta":{"_acf_changed":false,"footnotes":""},"class_list":["post-774","page","type-page","status-publish","hentry"],"acf":[],"yoast_head":"<!-- This site is optimized with the Yoast SEO plugin v27.4 - https:\/\/yoast.com\/product\/yoast-seo-wordpress\/ -->\n<title>V\u00e5ra kandidater - Kristdemokraterna i Hofors\/Tors\u00e5ker<\/title>\n<meta name=\"robots\" content=\"index, follow, max-snippet:-1, max-image-preview:large, max-video-preview:-1\" \/>\n<link rel=\"canonical\" href=\"https:\/\/wp.kristdemokraterna.se\/hofors\/vara-kandidater\/\" \/>\n<meta property=\"og:locale\" content=\"sv_SE\" \/>\n<meta property=\"og:type\" content=\"article\" \/>\n<meta property=\"og:title\" content=\"V\u00e5ra kandidater - Kristdemokraterna i Hofors\/Tors\u00e5ker\" \/>\n<meta property=\"og:description\" content=\"H\u00e4r presenteras v\u00e5ra kandidater till kommunfullm\u00e4ktige. Listan best\u00e5r av engagerade kandidater med bred erfarenhet och ett gemensamt m\u00e5l att utveckla Hofors kommun. Arbetet inf\u00f6r valet forts\u00e4tter med fokus p\u00e5 lokala fr\u00e5gor och en trygg framtid f\u00f6r inv\u00e5narna. Annika Sj\u00f6gren, 50 \u00e5r, Ombudsman, Tors\u00e5ker Lena Eskilsson, 66 \u00e5r, fd. CEO, Tors\u00e5ker Alf Persson, 78 \u00e5r, Entrepren\u00f6r, L\u00e4s mer\" \/>\n<meta property=\"og:url\" content=\"https:\/\/wp.kristdemokraterna.se\/hofors\/vara-kandidater\/\" \/>\n<meta property=\"og:site_name\" content=\"Kristdemokraterna i Hofors\/Tors\u00e5ker\" \/>\n<meta property=\"article:modified_time\" content=\"2026-04-13T11:54:33+00:00\" \/>\n<meta name=\"twitter:card\" content=\"summary_large_image\" \/>\n<meta name=\"twitter:label1\" content=\"Ber\u00e4knad l\u00e4stid\" \/>\n\t<meta name=\"twitter:data1\" content=\"1 minut\" \/>\n<script type=\"application\/ld+json\" class=\"yoast-schema-graph\">{\"@context\":\"https:\\\/\\\/schema.org\",\"@graph\":[{\"@type\":\"WebPage\",\"@id\":\"https:\\\/\\\/wp.kristdemokraterna.se\\\/hofors\\\/vara-kandidater\\\/\",\"url\":\"https:\\\/\\\/wp.kristdemokraterna.se\\\/hofors\\\/vara-kandidater\\\/\",\"name\":\"V\u00e5ra kandidater - Kristdemokraterna i Hofors\\\/Tors\u00e5ker\",\"isPartOf\":{\"@id\":\"https:\\\/\\\/wp.kristdemokraterna.se\\\/hofors\\\/#website\"},\"primaryImageOfPage\":{\"@id\":\"https:\\\/\\\/wp.kristdemokraterna.se\\\/hofors\\\/vara-kandidater\\\/#primaryimage\"},\"image\":{\"@id\":\"https:\\\/\\\/wp.kristdemokraterna.se\\\/hofors\\\/vara-kandidater\\\/#primaryimage\"},\"thumbnailUrl\":\"https:\\\/\\\/wp.kristdemokraterna.se\\\/hofors\\\/files\\\/2021\\\/05\\\/flower.png\",\"datePublished\":\"2026-03-24T13:23:58+00:00\",\"dateModified\":\"2026-04-13T11:54:33+00:00\",\"breadcrumb\":{\"@id\":\"https:\\\/\\\/wp.kristdemokraterna.se\\\/hofors\\\/vara-kandidater\\\/#breadcrumb\"},\"inLanguage\":\"sv-SE\",\"potentialAction\":[{\"@type\":\"ReadAction\",\"target\":[\"https:\\\/\\\/wp.kristdemokraterna.se\\\/hofors\\\/vara-kandidater\\\/\"]}]},{\"@type\":\"ImageObject\",\"inLanguage\":\"sv-SE\",\"@id\":\"https:\\\/\\\/wp.kristdemokraterna.se\\\/hofors\\\/vara-kandidater\\\/#primaryimage\",\"url\":\"https:\\\/\\\/wp.kristdemokraterna.se\\\/hofors\\\/files\\\/2021\\\/05\\\/flower.png\",\"contentUrl\":\"https:\\\/\\\/wp.kristdemokraterna.se\\\/hofors\\\/files\\\/2021\\\/05\\\/flower.png\",\"width\":478,\"height\":262},{\"@type\":\"BreadcrumbList\",\"@id\":\"https:\\\/\\\/wp.kristdemokraterna.se\\\/hofors\\\/vara-kandidater\\\/#breadcrumb\",\"itemListElement\":[{\"@type\":\"ListItem\",\"position\":1,\"name\":\"Hem\",\"item\":\"https:\\\/\\\/wp.kristdemokraterna.se\\\/hofors\\\/\"},{\"@type\":\"ListItem\",\"position\":2,\"name\":\"V\u00e5ra kandidater\"}]},{\"@type\":\"WebSite\",\"@id\":\"https:\\\/\\\/wp.kristdemokraterna.se\\\/hofors\\\/#website\",\"url\":\"https:\\\/\\\/wp.kristdemokraterna.se\\\/hofors\\\/\",\"name\":\"Kristdemokraterna i Hofors\\\/Tors\u00e5ker\",\"description\":\"En till Kristdemokraterna webbplats\",\"inLanguage\":\"sv-SE\"}]}<\/script>\n<!-- \/ Yoast SEO plugin. -->","yoast_head_json":{"title":"V\u00e5ra kandidater - Kristdemokraterna i Hofors\/Tors\u00e5ker","robots":{"index":"index","follow":"follow","max-snippet":"max-snippet:-1","max-image-preview":"max-image-preview:large","max-video-preview":"max-video-preview:-1"},"canonical":"https:\/\/wp.kristdemokraterna.se\/hofors\/vara-kandidater\/","og_locale":"sv_SE","og_type":"article","og_title":"V\u00e5ra kandidater - Kristdemokraterna i Hofors\/Tors\u00e5ker","og_description":"H\u00e4r presenteras v\u00e5ra kandidater till kommunfullm\u00e4ktige. Listan best\u00e5r av engagerade kandidater med bred erfarenhet och ett gemensamt m\u00e5l att utveckla Hofors kommun. Arbetet inf\u00f6r valet forts\u00e4tter med fokus p\u00e5 lokala fr\u00e5gor och en trygg framtid f\u00f6r inv\u00e5narna. Annika Sj\u00f6gren, 50 \u00e5r, Ombudsman, Tors\u00e5ker Lena Eskilsson, 66 \u00e5r, fd. CEO, Tors\u00e5ker Alf Persson, 78 \u00e5r, Entrepren\u00f6r, L\u00e4s mer","og_url":"https:\/\/wp.kristdemokraterna.se\/hofors\/vara-kandidater\/","og_site_name":"Kristdemokraterna i Hofors\/Tors\u00e5ker","article_modified_time":"2026-04-13T11:54:33+00:00","twitter_card":"summary_large_image","twitter_misc":{"Ber\u00e4knad l\u00e4stid":"1 minut"},"schema":{"@context":"https:\/\/schema.org","@graph":[{"@type":"WebPage","@id":"https:\/\/wp.kristdemokraterna.se\/hofors\/vara-kandidater\/","url":"https:\/\/wp.kristdemokraterna.se\/hofors\/vara-kandidater\/","name":"V\u00e5ra kandidater - Kristdemokraterna i Hofors\/Tors\u00e5ker","isPartOf":{"@id":"https:\/\/wp.kristdemokraterna.se\/hofors\/#website"},"primaryImageOfPage":{"@id":"https:\/\/wp.kristdemokraterna.se\/hofors\/vara-kandidater\/#primaryimage"},"image":{"@id":"https:\/\/wp.kristdemokraterna.se\/hofors\/vara-kandidater\/#primaryimage"},"thumbnailUrl":"https:\/\/wp.kristdemokraterna.se\/hofors\/files\/2021\/05\/flower.png","datePublished":"2026-03-24T13:23:58+00:00","dateModified":"2026-04-13T11:54:33+00:00","breadcrumb":{"@id":"https:\/\/wp.kristdemokraterna.se\/hofors\/vara-kandidater\/#breadcrumb"},"inLanguage":"sv-SE","potentialAction":[{"@type":"ReadAction","target":["https:\/\/wp.kristdemokraterna.se\/hofors\/vara-kandidater\/"]}]},{"@type":"ImageObject","inLanguage":"sv-SE","@id":"https:\/\/wp.kristdemokraterna.se\/hofors\/vara-kandidater\/#primaryimage","url":"https:\/\/wp.kristdemokraterna.se\/hofors\/files\/2021\/05\/flower.png","contentUrl":"https:\/\/wp.kristdemokraterna.se\/hofors\/files\/2021\/05\/flower.png","width":478,"height":262},{"@type":"BreadcrumbList","@id":"https:\/\/wp.kristdemokraterna.se\/hofors\/vara-kandidater\/#breadcrumb","itemListElement":[{"@type":"ListItem","position":1,"name":"Hem","item":"https:\/\/wp.kristdemokraterna.se\/hofors\/"},{"@type":"ListItem","position":2,"name":"V\u00e5ra kandidater"}]},{"@type":"WebSite","@id":"https:\/\/wp.kristdemokraterna.se\/hofors\/#website","url":"https:\/\/wp.kristdemokraterna.se\/hofors\/","name":"Kristdemokraterna i Hofors\/Tors\u00e5ker","description":"En till Kristdemokraterna webbplats","inLanguage":"sv-SE"}]}},"_links":{"self":[{"href":"https:\/\/wp.kristdemokraterna.se\/hofors\/wp-json\/wp\/v2\/pages\/774","targetHints":{"allow":["GET"]}}],"collection":[{"href":"https:\/\/wp.kristdemokraterna.se\/hofors\/wp-json\/wp\/v2\/pages"}],"about":[{"href":"https:\/\/wp.kristdemokraterna.se\/hofors\/wp-json\/wp\/v2\/types\/page"}],"author":[{"embeddable":true,"href":"https:\/\/wp.kristdemokraterna.se\/hofors\/wp-json\/wp\/v2\/users\/1103"}],"replies":[{"embeddable":true,"href":"https:\/\/wp.kristdemokraterna.se\/hofors\/wp-json\/wp\/v2\/comments?post=774"}],"version-history":[{"count":6,"href":"https:\/\/wp.kristdemokraterna.se\/hofors\/wp-json\/wp\/v2\/pages\/774\/revisions"}],"predecessor-version":[{"id":821,"href":"https:\/\/wp.kristdemokraterna.se\/hofors\/wp-json\/wp\/v2\/pages\/774\/revisions\/821"}],"wp:featuredmedia":[{"embeddable":true,"href":"https:\/\/wp.kristdemokraterna.se\/hofors\/wp-json\/wp\/v2\/media\/619"}],"wp:attachment":[{"href":"https:\/\/wp.kristdemokraterna.se\/hofors\/wp-json\/wp\/v2\/media?parent=774"}],"curies":[{"name":"wp","href":"https:\/\/api.w.org\/{rel}","templated":true}]}}