{"id":519,"date":"2020-05-11T10:48:40","date_gmt":"2020-05-11T08:48:40","guid":{"rendered":"http:\/\/wp.kristdemokraterna.se\/hoganas\/?page_id=519"},"modified":"2020-05-11T10:48:40","modified_gmt":"2020-05-11T08:48:40","slug":"toppkandidater","status":"publish","type":"page","link":"https:\/\/wp.kristdemokraterna.se\/hoganas\/toppkandidater\/","title":{"rendered":"Toppkandidater"},"content":{"rendered":"<p><strong>V\u00c5RA TOPPKANDIDATER I VALET 2018:<\/strong><\/p>\n<p><strong>1. Fredrik Johannesson<\/strong>, 38 \u00e5r, ekonom<\/p>\n<p><img decoding=\"async\" src=\"http:\/\/wp.kristdemokraterna.se\/hoganas\/files\/2018\/09\/p5150005-300x225.jpg\" \/><\/p>\n<p><strong>2. Barbara Struglics Bogs<\/strong>, 59 \u00e5r, socialpedagog\/diakon<\/p>\n<p><img decoding=\"async\" src=\"http:\/\/wp.kristdemokraterna.se\/hoganas\/files\/2018\/09\/p5150021-300x225.jpg\" \/><\/p>\n<p><strong>3. \u00c5sa Dencker<\/strong>, 72 \u00e5r, sekreterare<\/p>\n<p><img decoding=\"async\" src=\"http:\/\/wp.kristdemokraterna.se\/hoganas\/files\/2018\/09\/p5150002-300x225.jpg\" \/><\/p>\n","protected":false},"excerpt":{"rendered":"<p>V\u00c5RA TOPPKANDIDATER I VALET 2018: 1. Fredrik Johannesson, 38 \u00e5r, ekonom 2. Barbara Struglics Bogs, 59 \u00e5r, socialpedagog\/diakon 3. \u00c5sa Dencker, 72 \u00e5r, sekreterare<\/p>\n","protected":false},"author":444,"featured_media":0,"parent":0,"menu_order":0,"comment_status":"closed","ping_status":"closed","template":"","meta":{"_acf_changed":false,"footnotes":""},"class_list":["post-519","page","type-page","status-publish","hentry"],"acf":[],"yoast_head":"<!-- This site is optimized with the Yoast SEO plugin v27.4 - https:\/\/yoast.com\/product\/yoast-seo-wordpress\/ -->\n<title>Toppkandidater - Kristdemokraterna | H\u00f6gan\u00e4s<\/title>\n<meta name=\"robots\" content=\"index, follow, max-snippet:-1, max-image-preview:large, max-video-preview:-1\" \/>\n<link rel=\"canonical\" href=\"https:\/\/wp.kristdemokraterna.se\/hoganas\/toppkandidater\/\" \/>\n<meta property=\"og:locale\" content=\"sv_SE\" \/>\n<meta property=\"og:type\" content=\"article\" \/>\n<meta property=\"og:title\" content=\"Toppkandidater - Kristdemokraterna | H\u00f6gan\u00e4s\" \/>\n<meta property=\"og:description\" content=\"V\u00c5RA TOPPKANDIDATER I VALET 2018: 1. Fredrik Johannesson, 38 \u00e5r, ekonom 2. Barbara Struglics Bogs, 59 \u00e5r, socialpedagog\/diakon 3. \u00c5sa Dencker, 72 \u00e5r, sekreterare\" \/>\n<meta property=\"og:url\" content=\"https:\/\/wp.kristdemokraterna.se\/hoganas\/toppkandidater\/\" \/>\n<meta property=\"og:site_name\" content=\"Kristdemokraterna | H\u00f6gan\u00e4s\" \/>\n<meta property=\"og:image\" content=\"http:\/\/wp.kristdemokraterna.se\/hoganas\/files\/2018\/09\/p5150005-300x225.jpg\" \/>\n<meta name=\"twitter:card\" content=\"summary_large_image\" \/>\n<script type=\"application\/ld+json\" class=\"yoast-schema-graph\">{\"@context\":\"https:\\\/\\\/schema.org\",\"@graph\":[{\"@type\":\"WebPage\",\"@id\":\"https:\\\/\\\/wp.kristdemokraterna.se\\\/hoganas\\\/toppkandidater\\\/\",\"url\":\"https:\\\/\\\/wp.kristdemokraterna.se\\\/hoganas\\\/toppkandidater\\\/\",\"name\":\"Toppkandidater - Kristdemokraterna | H\u00f6gan\u00e4s\",\"isPartOf\":{\"@id\":\"https:\\\/\\\/wp.kristdemokraterna.se\\\/hoganas\\\/#website\"},\"primaryImageOfPage\":{\"@id\":\"https:\\\/\\\/wp.kristdemokraterna.se\\\/hoganas\\\/toppkandidater\\\/#primaryimage\"},\"image\":{\"@id\":\"https:\\\/\\\/wp.kristdemokraterna.se\\\/hoganas\\\/toppkandidater\\\/#primaryimage\"},\"thumbnailUrl\":\"http:\\\/\\\/wp.kristdemokraterna.se\\\/hoganas\\\/files\\\/2018\\\/09\\\/p5150005-300x225.jpg\",\"datePublished\":\"2020-05-11T08:48:40+00:00\",\"breadcrumb\":{\"@id\":\"https:\\\/\\\/wp.kristdemokraterna.se\\\/hoganas\\\/toppkandidater\\\/#breadcrumb\"},\"inLanguage\":\"sv-SE\",\"potentialAction\":[{\"@type\":\"ReadAction\",\"target\":[\"https:\\\/\\\/wp.kristdemokraterna.se\\\/hoganas\\\/toppkandidater\\\/\"]}]},{\"@type\":\"ImageObject\",\"inLanguage\":\"sv-SE\",\"@id\":\"https:\\\/\\\/wp.kristdemokraterna.se\\\/hoganas\\\/toppkandidater\\\/#primaryimage\",\"url\":\"https:\\\/\\\/wp.kristdemokraterna.se\\\/hoganas\\\/files\\\/2018\\\/09\\\/p5150005-scaled.jpg\",\"contentUrl\":\"https:\\\/\\\/wp.kristdemokraterna.se\\\/hoganas\\\/files\\\/2018\\\/09\\\/p5150005-scaled.jpg\",\"width\":2560,\"height\":1920,\"caption\":\"OLYMPUS DIGITAL CAMERA\"},{\"@type\":\"BreadcrumbList\",\"@id\":\"https:\\\/\\\/wp.kristdemokraterna.se\\\/hoganas\\\/toppkandidater\\\/#breadcrumb\",\"itemListElement\":[{\"@type\":\"ListItem\",\"position\":1,\"name\":\"Hem\",\"item\":\"https:\\\/\\\/wp.kristdemokraterna.se\\\/hoganas\\\/\"},{\"@type\":\"ListItem\",\"position\":2,\"name\":\"Toppkandidater\"}]},{\"@type\":\"WebSite\",\"@id\":\"https:\\\/\\\/wp.kristdemokraterna.se\\\/hoganas\\\/#website\",\"url\":\"https:\\\/\\\/wp.kristdemokraterna.se\\\/hoganas\\\/\",\"name\":\"Kristdemokraterna | H\u00f6gan\u00e4s\",\"description\":\"En till Kristdemokraterna webbplats\",\"inLanguage\":\"sv-SE\"}]}<\/script>\n<!-- \/ Yoast SEO plugin. -->","yoast_head_json":{"title":"Toppkandidater - Kristdemokraterna | H\u00f6gan\u00e4s","robots":{"index":"index","follow":"follow","max-snippet":"max-snippet:-1","max-image-preview":"max-image-preview:large","max-video-preview":"max-video-preview:-1"},"canonical":"https:\/\/wp.kristdemokraterna.se\/hoganas\/toppkandidater\/","og_locale":"sv_SE","og_type":"article","og_title":"Toppkandidater - Kristdemokraterna | H\u00f6gan\u00e4s","og_description":"V\u00c5RA TOPPKANDIDATER I VALET 2018: 1. Fredrik Johannesson, 38 \u00e5r, ekonom 2. Barbara Struglics Bogs, 59 \u00e5r, socialpedagog\/diakon 3. \u00c5sa Dencker, 72 \u00e5r, sekreterare","og_url":"https:\/\/wp.kristdemokraterna.se\/hoganas\/toppkandidater\/","og_site_name":"Kristdemokraterna | H\u00f6gan\u00e4s","og_image":[{"url":"http:\/\/wp.kristdemokraterna.se\/hoganas\/files\/2018\/09\/p5150005-300x225.jpg","type":"","width":"","height":""}],"twitter_card":"summary_large_image","schema":{"@context":"https:\/\/schema.org","@graph":[{"@type":"WebPage","@id":"https:\/\/wp.kristdemokraterna.se\/hoganas\/toppkandidater\/","url":"https:\/\/wp.kristdemokraterna.se\/hoganas\/toppkandidater\/","name":"Toppkandidater - Kristdemokraterna | H\u00f6gan\u00e4s","isPartOf":{"@id":"https:\/\/wp.kristdemokraterna.se\/hoganas\/#website"},"primaryImageOfPage":{"@id":"https:\/\/wp.kristdemokraterna.se\/hoganas\/toppkandidater\/#primaryimage"},"image":{"@id":"https:\/\/wp.kristdemokraterna.se\/hoganas\/toppkandidater\/#primaryimage"},"thumbnailUrl":"http:\/\/wp.kristdemokraterna.se\/hoganas\/files\/2018\/09\/p5150005-300x225.jpg","datePublished":"2020-05-11T08:48:40+00:00","breadcrumb":{"@id":"https:\/\/wp.kristdemokraterna.se\/hoganas\/toppkandidater\/#breadcrumb"},"inLanguage":"sv-SE","potentialAction":[{"@type":"ReadAction","target":["https:\/\/wp.kristdemokraterna.se\/hoganas\/toppkandidater\/"]}]},{"@type":"ImageObject","inLanguage":"sv-SE","@id":"https:\/\/wp.kristdemokraterna.se\/hoganas\/toppkandidater\/#primaryimage","url":"https:\/\/wp.kristdemokraterna.se\/hoganas\/files\/2018\/09\/p5150005-scaled.jpg","contentUrl":"https:\/\/wp.kristdemokraterna.se\/hoganas\/files\/2018\/09\/p5150005-scaled.jpg","width":2560,"height":1920,"caption":"OLYMPUS DIGITAL CAMERA"},{"@type":"BreadcrumbList","@id":"https:\/\/wp.kristdemokraterna.se\/hoganas\/toppkandidater\/#breadcrumb","itemListElement":[{"@type":"ListItem","position":1,"name":"Hem","item":"https:\/\/wp.kristdemokraterna.se\/hoganas\/"},{"@type":"ListItem","position":2,"name":"Toppkandidater"}]},{"@type":"WebSite","@id":"https:\/\/wp.kristdemokraterna.se\/hoganas\/#website","url":"https:\/\/wp.kristdemokraterna.se\/hoganas\/","name":"Kristdemokraterna | H\u00f6gan\u00e4s","description":"En till Kristdemokraterna webbplats","inLanguage":"sv-SE"}]}},"_links":{"self":[{"href":"https:\/\/wp.kristdemokraterna.se\/hoganas\/wp-json\/wp\/v2\/pages\/519","targetHints":{"allow":["GET"]}}],"collection":[{"href":"https:\/\/wp.kristdemokraterna.se\/hoganas\/wp-json\/wp\/v2\/pages"}],"about":[{"href":"https:\/\/wp.kristdemokraterna.se\/hoganas\/wp-json\/wp\/v2\/types\/page"}],"author":[{"embeddable":true,"href":"https:\/\/wp.kristdemokraterna.se\/hoganas\/wp-json\/wp\/v2\/users\/444"}],"replies":[{"embeddable":true,"href":"https:\/\/wp.kristdemokraterna.se\/hoganas\/wp-json\/wp\/v2\/comments?post=519"}],"version-history":[{"count":1,"href":"https:\/\/wp.kristdemokraterna.se\/hoganas\/wp-json\/wp\/v2\/pages\/519\/revisions"}],"predecessor-version":[{"id":520,"href":"https:\/\/wp.kristdemokraterna.se\/hoganas\/wp-json\/wp\/v2\/pages\/519\/revisions\/520"}],"wp:attachment":[{"href":"https:\/\/wp.kristdemokraterna.se\/hoganas\/wp-json\/wp\/v2\/media?parent=519"}],"curies":[{"name":"wp","href":"https:\/\/api.w.org\/{rel}","templated":true}]}}