{"id":18,"date":"2012-05-10T11:30:18","date_gmt":"2012-05-10T11:30:18","guid":{"rendered":"http:\/\/wp.kristdemokraterna.se\/testkoping\/?page_id=18"},"modified":"2026-03-02T17:12:49","modified_gmt":"2026-03-02T16:12:49","slug":"kontakta-oss-2","status":"publish","type":"page","link":"https:\/\/wp.kristdemokraterna.se\/huddinge\/kontakta-oss-2\/","title":{"rendered":"Kontakta oss"},"content":{"rendered":"<h2><strong>Kristdemokraterna i Huddinge<\/strong><\/h2>\n<p><strong>Oppositionsr\u00e5d<\/strong><br \/>\nKarl Henriksson<br \/>\nTel: 08 535 313 51 \/ 070 198 68 13<br \/>\nE-mail: <a href=\"mailto:karl.henriksson@huddinge.se\">karl.henriksson@huddinge.se<\/a><\/p>\n<p><strong>Ordf\u00f6rande<\/strong><br \/>\nTitus \u00d6berg<br \/>\nTel: 073-705 71 64<br \/>\nE-mail: <a href=\"mailto:titus.o.l.oberg@gmail.com\">titus.o.l.oberg@gmail.com<\/a><\/p>\n<p><strong>Politisk sekreterare<\/strong><br \/>\nJacob James Ellis<br \/>\nTel: 08 535 301 43 \/070 259 18 09<br \/>\nE-mail: <a href=\"jacob.ellis@kristdemokraterna.se\"><u data-olk-copy-source=\"MailCompose\">jacob.ellis@kristdemokraterna.se<\/u><\/a><\/p>\n<p><strong>Bes\u00f6k och postadress:<\/strong><br \/>\nKommunhuset i Huddinge<br \/>\nKommunalv\u00e4gen 28<br \/>\n141 85 Huddinge<\/p>\n","protected":false},"excerpt":{"rendered":"<p>Kristdemokraterna i Huddinge Oppositionsr\u00e5d Karl Henriksson Tel: 08 535 313 51 \/ 070 198 68 13 E-mail: karl.henriksson@huddinge.se Ordf\u00f6rande Titus \u00d6berg Tel: 073-705 71 64 E-mail: titus.o.l.oberg@gmail.com Politisk sekreterare Jacob James Ellis Tel: 08 535 301 43 \/070 259 18 09 E-mail: jacob.ellis@kristdemokraterna.se Bes\u00f6k och postadress: Kommunhuset i Huddinge Kommunalv\u00e4gen 28 141 85 Huddinge<\/p>\n","protected":false},"author":444,"featured_media":0,"parent":0,"menu_order":4,"comment_status":"closed","ping_status":"closed","template":"","meta":{"_acf_changed":false,"footnotes":""},"class_list":["post-18","page","type-page","status-publish","hentry"],"acf":[],"yoast_head":"<!-- This site is optimized with the Yoast SEO plugin v27.3 - https:\/\/yoast.com\/product\/yoast-seo-wordpress\/ -->\n<title>Kontakta oss - Kristdemokraterna i Huddinge<\/title>\n<meta name=\"robots\" content=\"index, follow, max-snippet:-1, max-image-preview:large, max-video-preview:-1\" \/>\n<link rel=\"canonical\" href=\"https:\/\/wp.kristdemokraterna.se\/huddinge\/kontakta-oss-2\/\" \/>\n<meta property=\"og:locale\" content=\"sv_SE\" \/>\n<meta property=\"og:type\" content=\"article\" \/>\n<meta property=\"og:title\" content=\"Kontakta oss - Kristdemokraterna i Huddinge\" \/>\n<meta property=\"og:description\" content=\"Kristdemokraterna i Huddinge Oppositionsr\u00e5d Karl Henriksson Tel: 08 535 313 51 \/ 070 198 68 13 E-mail: karl.henriksson@huddinge.se Ordf\u00f6rande Titus \u00d6berg Tel: 073-705 71 64 E-mail: titus.o.l.oberg@gmail.com Politisk sekreterare Jacob James Ellis Tel: 08 535 301 43 \/070 259 18 09 E-mail: jacob.ellis@kristdemokraterna.se Bes\u00f6k och postadress: Kommunhuset i Huddinge Kommunalv\u00e4gen 28 141 85 Huddinge\" \/>\n<meta property=\"og:url\" content=\"https:\/\/wp.kristdemokraterna.se\/huddinge\/kontakta-oss-2\/\" \/>\n<meta property=\"og:site_name\" content=\"Kristdemokraterna i Huddinge\" \/>\n<meta property=\"article:modified_time\" content=\"2026-03-02T16:12:49+00:00\" \/>\n<meta name=\"twitter:card\" content=\"summary_large_image\" \/>\n<meta name=\"twitter:label1\" content=\"Ber\u00e4knad l\u00e4stid\" \/>\n\t<meta name=\"twitter:data1\" content=\"1 minut\" \/>\n<script type=\"application\/ld+json\" class=\"yoast-schema-graph\">{\"@context\":\"https:\\\/\\\/schema.org\",\"@graph\":[{\"@type\":\"WebPage\",\"@id\":\"https:\\\/\\\/wp.kristdemokraterna.se\\\/huddinge\\\/kontakta-oss-2\\\/\",\"url\":\"https:\\\/\\\/wp.kristdemokraterna.se\\\/huddinge\\\/kontakta-oss-2\\\/\",\"name\":\"Kontakta oss - Kristdemokraterna i Huddinge\",\"isPartOf\":{\"@id\":\"https:\\\/\\\/wp.kristdemokraterna.se\\\/huddinge\\\/#website\"},\"datePublished\":\"2012-05-10T11:30:18+00:00\",\"dateModified\":\"2026-03-02T16:12:49+00:00\",\"breadcrumb\":{\"@id\":\"https:\\\/\\\/wp.kristdemokraterna.se\\\/huddinge\\\/kontakta-oss-2\\\/#breadcrumb\"},\"inLanguage\":\"sv-SE\",\"potentialAction\":[{\"@type\":\"ReadAction\",\"target\":[\"https:\\\/\\\/wp.kristdemokraterna.se\\\/huddinge\\\/kontakta-oss-2\\\/\"]}]},{\"@type\":\"BreadcrumbList\",\"@id\":\"https:\\\/\\\/wp.kristdemokraterna.se\\\/huddinge\\\/kontakta-oss-2\\\/#breadcrumb\",\"itemListElement\":[{\"@type\":\"ListItem\",\"position\":1,\"name\":\"Hem\",\"item\":\"https:\\\/\\\/wp.kristdemokraterna.se\\\/huddinge\\\/\"},{\"@type\":\"ListItem\",\"position\":2,\"name\":\"Kontakta oss\"}]},{\"@type\":\"WebSite\",\"@id\":\"https:\\\/\\\/wp.kristdemokraterna.se\\\/huddinge\\\/#website\",\"url\":\"https:\\\/\\\/wp.kristdemokraterna.se\\\/huddinge\\\/\",\"name\":\"Kristdemokraterna i Huddinge\",\"description\":\"F\u00f6r ett mer \u00e4ldre- och familjev\u00e4nligt Huddinge!\",\"inLanguage\":\"sv-SE\"}]}<\/script>\n<!-- \/ Yoast SEO plugin. -->","yoast_head_json":{"title":"Kontakta oss - Kristdemokraterna i Huddinge","robots":{"index":"index","follow":"follow","max-snippet":"max-snippet:-1","max-image-preview":"max-image-preview:large","max-video-preview":"max-video-preview:-1"},"canonical":"https:\/\/wp.kristdemokraterna.se\/huddinge\/kontakta-oss-2\/","og_locale":"sv_SE","og_type":"article","og_title":"Kontakta oss - Kristdemokraterna i Huddinge","og_description":"Kristdemokraterna i Huddinge Oppositionsr\u00e5d Karl Henriksson Tel: 08 535 313 51 \/ 070 198 68 13 E-mail: karl.henriksson@huddinge.se Ordf\u00f6rande Titus \u00d6berg Tel: 073-705 71 64 E-mail: titus.o.l.oberg@gmail.com Politisk sekreterare Jacob James Ellis Tel: 08 535 301 43 \/070 259 18 09 E-mail: jacob.ellis@kristdemokraterna.se Bes\u00f6k och postadress: Kommunhuset i Huddinge Kommunalv\u00e4gen 28 141 85 Huddinge","og_url":"https:\/\/wp.kristdemokraterna.se\/huddinge\/kontakta-oss-2\/","og_site_name":"Kristdemokraterna i Huddinge","article_modified_time":"2026-03-02T16:12:49+00:00","twitter_card":"summary_large_image","twitter_misc":{"Ber\u00e4knad l\u00e4stid":"1 minut"},"schema":{"@context":"https:\/\/schema.org","@graph":[{"@type":"WebPage","@id":"https:\/\/wp.kristdemokraterna.se\/huddinge\/kontakta-oss-2\/","url":"https:\/\/wp.kristdemokraterna.se\/huddinge\/kontakta-oss-2\/","name":"Kontakta oss - Kristdemokraterna i Huddinge","isPartOf":{"@id":"https:\/\/wp.kristdemokraterna.se\/huddinge\/#website"},"datePublished":"2012-05-10T11:30:18+00:00","dateModified":"2026-03-02T16:12:49+00:00","breadcrumb":{"@id":"https:\/\/wp.kristdemokraterna.se\/huddinge\/kontakta-oss-2\/#breadcrumb"},"inLanguage":"sv-SE","potentialAction":[{"@type":"ReadAction","target":["https:\/\/wp.kristdemokraterna.se\/huddinge\/kontakta-oss-2\/"]}]},{"@type":"BreadcrumbList","@id":"https:\/\/wp.kristdemokraterna.se\/huddinge\/kontakta-oss-2\/#breadcrumb","itemListElement":[{"@type":"ListItem","position":1,"name":"Hem","item":"https:\/\/wp.kristdemokraterna.se\/huddinge\/"},{"@type":"ListItem","position":2,"name":"Kontakta oss"}]},{"@type":"WebSite","@id":"https:\/\/wp.kristdemokraterna.se\/huddinge\/#website","url":"https:\/\/wp.kristdemokraterna.se\/huddinge\/","name":"Kristdemokraterna i Huddinge","description":"F\u00f6r ett mer \u00e4ldre- och familjev\u00e4nligt Huddinge!","inLanguage":"sv-SE"}]}},"_links":{"self":[{"href":"https:\/\/wp.kristdemokraterna.se\/huddinge\/wp-json\/wp\/v2\/pages\/18","targetHints":{"allow":["GET"]}}],"collection":[{"href":"https:\/\/wp.kristdemokraterna.se\/huddinge\/wp-json\/wp\/v2\/pages"}],"about":[{"href":"https:\/\/wp.kristdemokraterna.se\/huddinge\/wp-json\/wp\/v2\/types\/page"}],"author":[{"embeddable":true,"href":"https:\/\/wp.kristdemokraterna.se\/huddinge\/wp-json\/wp\/v2\/users\/444"}],"replies":[{"embeddable":true,"href":"https:\/\/wp.kristdemokraterna.se\/huddinge\/wp-json\/wp\/v2\/comments?post=18"}],"version-history":[{"count":7,"href":"https:\/\/wp.kristdemokraterna.se\/huddinge\/wp-json\/wp\/v2\/pages\/18\/revisions"}],"predecessor-version":[{"id":4601,"href":"https:\/\/wp.kristdemokraterna.se\/huddinge\/wp-json\/wp\/v2\/pages\/18\/revisions\/4601"}],"wp:attachment":[{"href":"https:\/\/wp.kristdemokraterna.se\/huddinge\/wp-json\/wp\/v2\/media?parent=18"}],"curies":[{"name":"wp","href":"https:\/\/api.w.org\/{rel}","templated":true}]}}