{"id":2499,"date":"2015-11-19T08:53:06","date_gmt":"2015-11-19T08:53:06","guid":{"rendered":"http:\/\/wp.kristdemokraterna.se\/huddinge\/?page_id=2499"},"modified":"2015-11-19T08:53:06","modified_gmt":"2015-11-19T08:53:06","slug":"varderingarnas-aterkomst","status":"publish","type":"page","link":"https:\/\/wp.kristdemokraterna.se\/huddinge\/varderingarnas-aterkomst\/","title":{"rendered":"En liten guide till kristdemokrati"},"content":{"rendered":"<p>Det \u00e4r l\u00e4tt att tro att politik fr\u00e4mst handlar om kronor och \u00f6ren. Men bakom varje politiskt f\u00f6rslag finns en v\u00e4rdering. En vision om vilket samh\u00e4lle vi vill ha. Ett samh\u00e4lle d\u00e4r var och en fr\u00e4mst ser till sitt eget b\u00e4sta blir kallt. Ett samh\u00e4lle d\u00e4r det \u00e4r okej att st\u00e5 och filma en olycka i st\u00e4llet f\u00f6r att hj\u00e4lpa till g\u00f6der likgiltigheten. Enskilda \u2013 och politiken \u2013 f\u00e5r inte st\u00e5 passiva n\u00e4r ungdomar kr\u00e4nks p\u00e5 n\u00e4tet, gamla uts\u00e4tts f\u00f6r vanv\u00e5rd eller n\u00e4r m\u00e4nniskors frihet begr\u00e4nsas av intolerans och extremism. Sverige beh\u00f6ver v\u00e4rderingar som g\u00f6r skillnad.<\/p>\n<p>N\u00e4rmare best\u00e4mt kristdemokrati!<\/p>\n<div>\n<h3>#\u00a0M\u00e4nniskan \u2013 ingen \u00e4r den andra lik<\/h3>\n<p>Varje m\u00e4nniska har ett okr\u00e4nkbart v\u00e4rde. Varje m\u00e4nniska ska ha frihet att sj\u00e4lv v\u00e4lja sitt liv. Vi \u00e4r olika och har olika f\u00f6ruts\u00e4ttningar \u2013 men alla m\u00e5ste ha sv\u00e4ngrumatt utvecklas.<\/p>\n<p>Vi beh\u00f6ver ocks\u00e5 gemenskap. N\u00e5gonstans d\u00e4r vi k\u00e4nner oss trygga och f\u00e5r betyda n\u00e5got f\u00f6r n\u00e5gon annan. Allra viktigast \u00e4r familjen, oavsett hur den ser ut. Det \u00e4r den f\u00f6rsta och n\u00e4rmsta gemenskapen. Trygga familjer ger trygga barn.<\/p>\n<p>M\u00e4nniskor ska inte placeras i fack, reduceras till att bara vara en representant f\u00f6r sitt k\u00f6n, sin tro eller sin hudf\u00e4rg. Ingen f\u00e5r uts\u00e4ttas f\u00f6r kr\u00e4nkande behandling. Sverige har skrivit p\u00e5 FN:s m\u00e4nskliga fri- och r\u00e4ttigheter. Det ska g\u00e4lla alla i v\u00e5rt land!<\/p>\n<p><em><strong>Det \u00e4r d\u00e4rf\u00f6r vi<\/strong> \u2022 v\u00e4rnar familjen och de sm\u00e5 gemenskaperna. \u2022 tycker att m\u00e4nniskor sj\u00e4lva ska f\u00e5 v\u00e4lja skola, v\u00e5rd och omsorg. \u2022 bek\u00e4mpar hedersv\u00e5ld och v\u00e5ldsbejakande extremism. \u2022 vill ha ett f\u00f6rsvar som v\u00e4rnar v\u00e5rt lands s\u00e4kerhet, demokrati och frihet.<\/em><\/p>\n<h3>#\u00a0Nej till kl\u00e5fingrig politik<\/h3>\n<p>Samh\u00e4llet byggs underifr\u00e5n. Av m\u00e4nniskor som du och jag. Av familjer, f\u00f6reningar och organisationer. M\u00e4nniskor har ett eget ansvar och ska f\u00e5 best\u00e4mma \u00f6ver sin vardag s\u00e5 l\u00e5ngt det \u00e4r m\u00f6jligt. Det som enskilda och familjer kan sk\u00f6ta sj\u00e4lva ska politiker inte l\u00e4gga sig i.<\/p>\n<p>Familjer har olika livspussel och en statlig \u201dsamma-l\u00f6sning-f\u00f6r-alla\u201d fungerar inte. M\u00e4nniskor v\u00e4xer n\u00e4r de f\u00e5r fatta egna beslut om sina liv.<\/p>\n<p>Politiken ska fokusera p\u00e5 v\u00e5ra gemensamma samh\u00e4llsutmaningar, men inte p\u00e5 ett s\u00e5dant s\u00e4tt att den enskilda m\u00e4nniskan begr\u00e4nsas. Om vi alltid kan g\u00f6mma oss bakom att det \u00e4r \u201dstatens ansvar\u201d riskerar likgiltighet och ansvarsl\u00f6shet att breda ut sig. Politiska ovanifr\u00e5nl\u00f6sningar kv\u00e4ver entrepren\u00f6rsanda och begr\u00e4nsar m\u00e4nniskors egen drivkraft och ansvarsk\u00e4nsla.<\/p>\n<p><em><strong>Det \u00e4r d\u00e4rf\u00f6r vi<\/strong> \u2022 vill ge st\u00f6rre frihet till familjer att sj\u00e4lva best\u00e4mma \u00f6ver vilken barnomsorg de vill ha. \u2022 k\u00e4mpar f\u00f6r en mer flexibel f\u00f6r\u00e4ldraf\u00f6rs\u00e4kring. \u2022 s\u00e4ger nej till a<\/em><em>ll typ av kvotering. \u2022 tycker att \u00e4ldre sj\u00e4lva ska f\u00e5 v\u00e4lja hemtj\u00e4nst. \u2022 k\u00e4mpar f\u00f6r l\u00e4gre skatt och mindre regelkr\u00e5ngel f\u00f6r f\u00f6retagare.<\/em><\/p>\n<h3>#\u00a0Sj\u00e4lv \u00e4r inte b\u00e4ste dr\u00e4ng<\/h3>\n<p>Vi har inte bara ansvar f\u00f6r oss sj\u00e4lva, utan ocks\u00e5 f\u00f6r v\u00e5ra medm\u00e4nniskor. Vi f\u00e5r aldrig bli likgiltiga inf\u00f6r andra m\u00e4nniskors behov, oavsett om det \u00e4r mat eller frihet. Det g\u00e4ller m\u00e4nniskor i v\u00e5r egen n\u00e4rhet och m\u00e4nniskor l\u00e5ngt bort. Vi beh\u00f6ver alla en hj\u00e4lpande hand ibland.<\/p>\n<p>Det solidariska ansvaret handlar ocks\u00e5 om v\u00e5rt gemensamma v\u00e4lf\u00e4rdssamh\u00e4lle. Den deprimerade ton\u00e5ringen, den cancersjuka kvinnan och gamle mannen ska aldrig tvivla p\u00e5 att de f\u00e5r hj\u00e4lp n\u00e4r de beh\u00f6ver.<\/p>\n<p>Hur vi lyckas skapa ett bra samh\u00e4lle \u00e4r upp till oss alla. M\u00e4nniskan har en f\u00f6rm\u00e5ga att skilja p\u00e5 r\u00e4tt och fel. Precis som likgiltighet och r\u00e4dsla kan sprida sig, sprider sig ocks\u00e5 mod och viljan att hj\u00e4lpa.<\/p>\n<p><em><strong>Det \u00e4r d\u00e4rf\u00f6r vi<\/strong> \u2022 tycker att vi m\u00e5ste hj\u00e4lpa m\u00e4nniskor som \u00e4r p\u00e5 flykt. Den hj\u00e4lpen ska ges h\u00e4r i Sverige, men ocks\u00e5 inom EU och i krigens och katastrofernas n\u00e4romr\u00e5den. \u2022 vill beh\u00e5lla g\u00e5voavdraget till hj\u00e4lporganisationer. \u2022 har \u00f6kat hj\u00e4lpen till de s\u00e4mst st\u00e4llda familjerna, de fattigaste pension\u00e4rerna och de mest utsatta barnen. \u2022 vill ha en civilkuragelag som tydligg\u00f6r att vi alltid m\u00e5ste hj\u00e4lpa den som beh\u00f6ver om vi kan.<\/em><\/p>\n<h3>#\u00a0En jord f\u00f6r n\u00e4sta generation<\/h3>\n<p>M\u00e4nniskan har ett ansvar att anv\u00e4nda naturens resurser med klokskap och f\u00f6rsiktighet. Vi som lever nu ska \u00f6verl\u00e4mna en jord som n\u00e4sta generation kan ha som hem. Det kr\u00e4ver r\u00e4ttvisa och m\u00e5ttfullhet, b\u00e5de f\u00f6r enskilda m\u00e4nniskor och nationer.<\/p>\n<p>Kristdemokraterna v\u00e4nder sig emot den attityd av slit- och sl\u00e4ngfilosofi som ofta f\u00e5r styra. Det pr\u00e4glar v\u00e5rt f\u00f6rh\u00e5llande till s\u00e5v\u00e4l saker som m\u00e4nniskor.<\/p>\n<p>F\u00f6rvaltarskapet g\u00e4ller inte bara naturens resurser. Det g\u00e4ller \u00e4ven v\u00e5ra egna och andras talanger. Alla har n\u00e5got att bidra med! Att inte ta tillvara p\u00e5 invandrarens erfarenhet eller den funktionsnedsattes f\u00f6rm\u00e5ga \u00e4r ett resurssl\u00f6seri som utarmar b\u00e5de enskilda och samh\u00e4llet i stort.<\/p>\n<p><em><strong>Det \u00e4r d\u00e4rf\u00f6r vi<\/strong> \u2022 tycker att Sverige ska vara f\u00f6reg\u00e5ngare n\u00e4r det g\u00e4ller att minska utsl\u00e4ppen. \u2022 vill f\u00f6rhindra spridningen av giftiga kemikalier i v\u00e5r milj\u00f6. \u2022 tycker att alla m\u00e5ste f\u00e5 en chans att delta i arbetslivet efter sin egen f\u00f6rm\u00e5ga.<\/em><\/p>\n<\/div>\n","protected":false},"excerpt":{"rendered":"<p>Det \u00e4r l\u00e4tt att tro att politik fr\u00e4mst handlar om kronor och \u00f6ren. Men bakom varje politiskt f\u00f6rslag finns en v\u00e4rdering. En vision om vilket samh\u00e4lle vi vill ha. Ett samh\u00e4lle d\u00e4r var och en fr\u00e4mst ser till sitt eget b\u00e4sta blir kallt. Ett samh\u00e4lle d\u00e4r det \u00e4r okej att st\u00e5 och filma en olycka <a class=\"read-more-link\" href=\"https:\/\/wp.kristdemokraterna.se\/huddinge\/varderingarnas-aterkomst\/\">L\u00e4s mer<\/a><\/p>\n","protected":false},"author":444,"featured_media":0,"parent":0,"menu_order":0,"comment_status":"closed","ping_status":"closed","template":"","meta":{"_acf_changed":false,"footnotes":""},"class_list":["post-2499","page","type-page","status-publish","hentry"],"acf":[],"yoast_head":"<!-- This site is optimized with the Yoast SEO plugin v27.6 - https:\/\/yoast.com\/product\/yoast-seo-wordpress\/ -->\n<title>En liten guide till kristdemokrati - Kristdemokraterna i Huddinge<\/title>\n<meta name=\"robots\" content=\"index, follow, max-snippet:-1, max-image-preview:large, max-video-preview:-1\" \/>\n<link rel=\"canonical\" href=\"https:\/\/wp.kristdemokraterna.se\/huddinge\/varderingarnas-aterkomst\/\" \/>\n<meta property=\"og:locale\" content=\"sv_SE\" \/>\n<meta property=\"og:type\" content=\"article\" \/>\n<meta property=\"og:title\" content=\"En liten guide till kristdemokrati - Kristdemokraterna i Huddinge\" \/>\n<meta property=\"og:description\" content=\"Det \u00e4r l\u00e4tt att tro att politik fr\u00e4mst handlar om kronor och \u00f6ren. Men bakom varje politiskt f\u00f6rslag finns en v\u00e4rdering. En vision om vilket samh\u00e4lle vi vill ha. Ett samh\u00e4lle d\u00e4r var och en fr\u00e4mst ser till sitt eget b\u00e4sta blir kallt. Ett samh\u00e4lle d\u00e4r det \u00e4r okej att st\u00e5 och filma en olycka L\u00e4s mer\" \/>\n<meta property=\"og:url\" content=\"https:\/\/wp.kristdemokraterna.se\/huddinge\/varderingarnas-aterkomst\/\" \/>\n<meta property=\"og:site_name\" content=\"Kristdemokraterna i Huddinge\" \/>\n<meta name=\"twitter:card\" content=\"summary_large_image\" \/>\n<meta name=\"twitter:label1\" content=\"Ber\u00e4knad l\u00e4stid\" \/>\n\t<meta name=\"twitter:data1\" content=\"5 minuter\" \/>\n<script type=\"application\/ld+json\" class=\"yoast-schema-graph\">{\"@context\":\"https:\\\/\\\/schema.org\",\"@graph\":[{\"@type\":\"WebPage\",\"@id\":\"https:\\\/\\\/wp.kristdemokraterna.se\\\/huddinge\\\/varderingarnas-aterkomst\\\/\",\"url\":\"https:\\\/\\\/wp.kristdemokraterna.se\\\/huddinge\\\/varderingarnas-aterkomst\\\/\",\"name\":\"En liten guide till kristdemokrati - Kristdemokraterna i Huddinge\",\"isPartOf\":{\"@id\":\"https:\\\/\\\/wp.kristdemokraterna.se\\\/huddinge\\\/#website\"},\"datePublished\":\"2015-11-19T08:53:06+00:00\",\"breadcrumb\":{\"@id\":\"https:\\\/\\\/wp.kristdemokraterna.se\\\/huddinge\\\/varderingarnas-aterkomst\\\/#breadcrumb\"},\"inLanguage\":\"sv-SE\",\"potentialAction\":[{\"@type\":\"ReadAction\",\"target\":[\"https:\\\/\\\/wp.kristdemokraterna.se\\\/huddinge\\\/varderingarnas-aterkomst\\\/\"]}]},{\"@type\":\"BreadcrumbList\",\"@id\":\"https:\\\/\\\/wp.kristdemokraterna.se\\\/huddinge\\\/varderingarnas-aterkomst\\\/#breadcrumb\",\"itemListElement\":[{\"@type\":\"ListItem\",\"position\":1,\"name\":\"Hem\",\"item\":\"https:\\\/\\\/wp.kristdemokraterna.se\\\/huddinge\\\/\"},{\"@type\":\"ListItem\",\"position\":2,\"name\":\"En liten guide till kristdemokrati\"}]},{\"@type\":\"WebSite\",\"@id\":\"https:\\\/\\\/wp.kristdemokraterna.se\\\/huddinge\\\/#website\",\"url\":\"https:\\\/\\\/wp.kristdemokraterna.se\\\/huddinge\\\/\",\"name\":\"Kristdemokraterna i Huddinge\",\"description\":\"F\u00f6r ett mer \u00e4ldre- och familjev\u00e4nligt Huddinge!\",\"inLanguage\":\"sv-SE\"}]}<\/script>\n<!-- \/ Yoast SEO plugin. -->","yoast_head_json":{"title":"En liten guide till kristdemokrati - Kristdemokraterna i Huddinge","robots":{"index":"index","follow":"follow","max-snippet":"max-snippet:-1","max-image-preview":"max-image-preview:large","max-video-preview":"max-video-preview:-1"},"canonical":"https:\/\/wp.kristdemokraterna.se\/huddinge\/varderingarnas-aterkomst\/","og_locale":"sv_SE","og_type":"article","og_title":"En liten guide till kristdemokrati - Kristdemokraterna i Huddinge","og_description":"Det \u00e4r l\u00e4tt att tro att politik fr\u00e4mst handlar om kronor och \u00f6ren. Men bakom varje politiskt f\u00f6rslag finns en v\u00e4rdering. En vision om vilket samh\u00e4lle vi vill ha. Ett samh\u00e4lle d\u00e4r var och en fr\u00e4mst ser till sitt eget b\u00e4sta blir kallt. Ett samh\u00e4lle d\u00e4r det \u00e4r okej att st\u00e5 och filma en olycka L\u00e4s mer","og_url":"https:\/\/wp.kristdemokraterna.se\/huddinge\/varderingarnas-aterkomst\/","og_site_name":"Kristdemokraterna i Huddinge","twitter_card":"summary_large_image","twitter_misc":{"Ber\u00e4knad l\u00e4stid":"5 minuter"},"schema":{"@context":"https:\/\/schema.org","@graph":[{"@type":"WebPage","@id":"https:\/\/wp.kristdemokraterna.se\/huddinge\/varderingarnas-aterkomst\/","url":"https:\/\/wp.kristdemokraterna.se\/huddinge\/varderingarnas-aterkomst\/","name":"En liten guide till kristdemokrati - Kristdemokraterna i Huddinge","isPartOf":{"@id":"https:\/\/wp.kristdemokraterna.se\/huddinge\/#website"},"datePublished":"2015-11-19T08:53:06+00:00","breadcrumb":{"@id":"https:\/\/wp.kristdemokraterna.se\/huddinge\/varderingarnas-aterkomst\/#breadcrumb"},"inLanguage":"sv-SE","potentialAction":[{"@type":"ReadAction","target":["https:\/\/wp.kristdemokraterna.se\/huddinge\/varderingarnas-aterkomst\/"]}]},{"@type":"BreadcrumbList","@id":"https:\/\/wp.kristdemokraterna.se\/huddinge\/varderingarnas-aterkomst\/#breadcrumb","itemListElement":[{"@type":"ListItem","position":1,"name":"Hem","item":"https:\/\/wp.kristdemokraterna.se\/huddinge\/"},{"@type":"ListItem","position":2,"name":"En liten guide till kristdemokrati"}]},{"@type":"WebSite","@id":"https:\/\/wp.kristdemokraterna.se\/huddinge\/#website","url":"https:\/\/wp.kristdemokraterna.se\/huddinge\/","name":"Kristdemokraterna i Huddinge","description":"F\u00f6r ett mer \u00e4ldre- och familjev\u00e4nligt Huddinge!","inLanguage":"sv-SE"}]}},"_links":{"self":[{"href":"https:\/\/wp.kristdemokraterna.se\/huddinge\/wp-json\/wp\/v2\/pages\/2499","targetHints":{"allow":["GET"]}}],"collection":[{"href":"https:\/\/wp.kristdemokraterna.se\/huddinge\/wp-json\/wp\/v2\/pages"}],"about":[{"href":"https:\/\/wp.kristdemokraterna.se\/huddinge\/wp-json\/wp\/v2\/types\/page"}],"author":[{"embeddable":true,"href":"https:\/\/wp.kristdemokraterna.se\/huddinge\/wp-json\/wp\/v2\/users\/444"}],"replies":[{"embeddable":true,"href":"https:\/\/wp.kristdemokraterna.se\/huddinge\/wp-json\/wp\/v2\/comments?post=2499"}],"version-history":[{"count":0,"href":"https:\/\/wp.kristdemokraterna.se\/huddinge\/wp-json\/wp\/v2\/pages\/2499\/revisions"}],"wp:attachment":[{"href":"https:\/\/wp.kristdemokraterna.se\/huddinge\/wp-json\/wp\/v2\/media?parent=2499"}],"curies":[{"name":"wp","href":"https:\/\/api.w.org\/{rel}","templated":true}]}}