{"id":4112,"date":"2025-08-14T15:07:19","date_gmt":"2025-08-14T13:07:19","guid":{"rendered":"https:\/\/wp.kristdemokraterna.se\/huddinge\/?page_id=4112"},"modified":"2025-11-10T19:58:20","modified_gmt":"2025-11-10T18:58:20","slug":"vad-vill-vi-huddinge-kommun","status":"publish","type":"page","link":"https:\/\/wp.kristdemokraterna.se\/huddinge\/startsida\/vad-vill-vi-huddinge-kommun\/","title":{"rendered":"Vad vill vi i Huddinge kommun"},"content":{"rendered":"<p>L\u00e4s g\u00e4rna v\u00e5rt budgetf\u00f6rslag f\u00f6r n\u00e4sta \u00e5r:<\/p>\n<blockquote class=\"wp-embedded-content\" data-secret=\"weDJl5XyDh\"><p><a href=\"https:\/\/wp.kristdemokraterna.se\/huddinge\/kd-huddinges-budget-for-2026-2028\/\">KD Huddinges budget f\u00f6r 2026\u20132028<\/a><\/p><\/blockquote>\n<p><iframe loading=\"lazy\" class=\"wp-embedded-content\" sandbox=\"allow-scripts\" security=\"restricted\" style=\"position: absolute; visibility: hidden;\" title=\"\u201dKD Huddinges budget f\u00f6r 2026\u20132028\u201d &ndash; Kristdemokraterna i Huddinge\" src=\"https:\/\/wp.kristdemokraterna.se\/huddinge\/kd-huddinges-budget-for-2026-2028\/embed\/#?secret=vBObF1agK6#?secret=weDJl5XyDh\" data-secret=\"weDJl5XyDh\" width=\"500\" height=\"282\" frameborder=\"0\" marginwidth=\"0\" marginheight=\"0\" scrolling=\"no\"><\/iframe><\/p>\n","protected":false},"excerpt":{"rendered":"<p>L\u00e4s g\u00e4rna v\u00e5rt budgetf\u00f6rslag f\u00f6r n\u00e4sta \u00e5r: KD Huddinges budget f\u00f6r 2026\u20132028<\/p>\n","protected":false},"author":12,"featured_media":0,"parent":265,"menu_order":0,"comment_status":"closed","ping_status":"closed","template":"","meta":{"_acf_changed":false,"footnotes":""},"class_list":["post-4112","page","type-page","status-publish","hentry"],"acf":[],"yoast_head":"<!-- This site is optimized with the Yoast SEO plugin v27.4 - https:\/\/yoast.com\/product\/yoast-seo-wordpress\/ -->\n<title>Vad vill vi i Huddinge kommun - Kristdemokraterna i Huddinge<\/title>\n<meta name=\"robots\" content=\"index, follow, max-snippet:-1, max-image-preview:large, max-video-preview:-1\" \/>\n<link rel=\"canonical\" href=\"https:\/\/wp.kristdemokraterna.se\/huddinge\/startsida\/vad-vill-vi-huddinge-kommun\/\" \/>\n<meta property=\"og:locale\" content=\"sv_SE\" \/>\n<meta property=\"og:type\" content=\"article\" \/>\n<meta property=\"og:title\" content=\"Vad vill vi i Huddinge kommun - Kristdemokraterna i Huddinge\" \/>\n<meta property=\"og:description\" content=\"L\u00e4s g\u00e4rna v\u00e5rt budgetf\u00f6rslag f\u00f6r n\u00e4sta \u00e5r: KD Huddinges budget f\u00f6r 2026\u20132028\" \/>\n<meta property=\"og:url\" content=\"https:\/\/wp.kristdemokraterna.se\/huddinge\/startsida\/vad-vill-vi-huddinge-kommun\/\" \/>\n<meta property=\"og:site_name\" content=\"Kristdemokraterna i Huddinge\" \/>\n<meta property=\"article:modified_time\" content=\"2025-11-10T18:58:20+00:00\" \/>\n<meta name=\"twitter:card\" content=\"summary_large_image\" \/>\n<meta name=\"twitter:label1\" content=\"Ber\u00e4knad l\u00e4stid\" \/>\n\t<meta name=\"twitter:data1\" content=\"1 minut\" \/>\n<script type=\"application\/ld+json\" class=\"yoast-schema-graph\">{\"@context\":\"https:\\\/\\\/schema.org\",\"@graph\":[{\"@type\":\"WebPage\",\"@id\":\"https:\\\/\\\/wp.kristdemokraterna.se\\\/huddinge\\\/startsida\\\/vad-vill-vi-huddinge-kommun\\\/\",\"url\":\"https:\\\/\\\/wp.kristdemokraterna.se\\\/huddinge\\\/startsida\\\/vad-vill-vi-huddinge-kommun\\\/\",\"name\":\"Vad vill vi i Huddinge kommun - Kristdemokraterna i Huddinge\",\"isPartOf\":{\"@id\":\"https:\\\/\\\/wp.kristdemokraterna.se\\\/huddinge\\\/#website\"},\"datePublished\":\"2025-08-14T13:07:19+00:00\",\"dateModified\":\"2025-11-10T18:58:20+00:00\",\"breadcrumb\":{\"@id\":\"https:\\\/\\\/wp.kristdemokraterna.se\\\/huddinge\\\/startsida\\\/vad-vill-vi-huddinge-kommun\\\/#breadcrumb\"},\"inLanguage\":\"sv-SE\",\"potentialAction\":[{\"@type\":\"ReadAction\",\"target\":[\"https:\\\/\\\/wp.kristdemokraterna.se\\\/huddinge\\\/startsida\\\/vad-vill-vi-huddinge-kommun\\\/\"]}]},{\"@type\":\"BreadcrumbList\",\"@id\":\"https:\\\/\\\/wp.kristdemokraterna.se\\\/huddinge\\\/startsida\\\/vad-vill-vi-huddinge-kommun\\\/#breadcrumb\",\"itemListElement\":[{\"@type\":\"ListItem\",\"position\":1,\"name\":\"Hem\",\"item\":\"https:\\\/\\\/wp.kristdemokraterna.se\\\/huddinge\\\/\"},{\"@type\":\"ListItem\",\"position\":2,\"name\":\"Startsida\",\"item\":\"https:\\\/\\\/wp.kristdemokraterna.se\\\/huddinge\\\/\"},{\"@type\":\"ListItem\",\"position\":3,\"name\":\"Vad vill vi i Huddinge kommun\"}]},{\"@type\":\"WebSite\",\"@id\":\"https:\\\/\\\/wp.kristdemokraterna.se\\\/huddinge\\\/#website\",\"url\":\"https:\\\/\\\/wp.kristdemokraterna.se\\\/huddinge\\\/\",\"name\":\"Kristdemokraterna i Huddinge\",\"description\":\"F\u00f6r ett mer \u00e4ldre- och familjev\u00e4nligt Huddinge!\",\"inLanguage\":\"sv-SE\"}]}<\/script>\n<!-- \/ Yoast SEO plugin. -->","yoast_head_json":{"title":"Vad vill vi i Huddinge kommun - Kristdemokraterna i Huddinge","robots":{"index":"index","follow":"follow","max-snippet":"max-snippet:-1","max-image-preview":"max-image-preview:large","max-video-preview":"max-video-preview:-1"},"canonical":"https:\/\/wp.kristdemokraterna.se\/huddinge\/startsida\/vad-vill-vi-huddinge-kommun\/","og_locale":"sv_SE","og_type":"article","og_title":"Vad vill vi i Huddinge kommun - Kristdemokraterna i Huddinge","og_description":"L\u00e4s g\u00e4rna v\u00e5rt budgetf\u00f6rslag f\u00f6r n\u00e4sta \u00e5r: KD Huddinges budget f\u00f6r 2026\u20132028","og_url":"https:\/\/wp.kristdemokraterna.se\/huddinge\/startsida\/vad-vill-vi-huddinge-kommun\/","og_site_name":"Kristdemokraterna i Huddinge","article_modified_time":"2025-11-10T18:58:20+00:00","twitter_card":"summary_large_image","twitter_misc":{"Ber\u00e4knad l\u00e4stid":"1 minut"},"schema":{"@context":"https:\/\/schema.org","@graph":[{"@type":"WebPage","@id":"https:\/\/wp.kristdemokraterna.se\/huddinge\/startsida\/vad-vill-vi-huddinge-kommun\/","url":"https:\/\/wp.kristdemokraterna.se\/huddinge\/startsida\/vad-vill-vi-huddinge-kommun\/","name":"Vad vill vi i Huddinge kommun - Kristdemokraterna i Huddinge","isPartOf":{"@id":"https:\/\/wp.kristdemokraterna.se\/huddinge\/#website"},"datePublished":"2025-08-14T13:07:19+00:00","dateModified":"2025-11-10T18:58:20+00:00","breadcrumb":{"@id":"https:\/\/wp.kristdemokraterna.se\/huddinge\/startsida\/vad-vill-vi-huddinge-kommun\/#breadcrumb"},"inLanguage":"sv-SE","potentialAction":[{"@type":"ReadAction","target":["https:\/\/wp.kristdemokraterna.se\/huddinge\/startsida\/vad-vill-vi-huddinge-kommun\/"]}]},{"@type":"BreadcrumbList","@id":"https:\/\/wp.kristdemokraterna.se\/huddinge\/startsida\/vad-vill-vi-huddinge-kommun\/#breadcrumb","itemListElement":[{"@type":"ListItem","position":1,"name":"Hem","item":"https:\/\/wp.kristdemokraterna.se\/huddinge\/"},{"@type":"ListItem","position":2,"name":"Startsida","item":"https:\/\/wp.kristdemokraterna.se\/huddinge\/"},{"@type":"ListItem","position":3,"name":"Vad vill vi i Huddinge kommun"}]},{"@type":"WebSite","@id":"https:\/\/wp.kristdemokraterna.se\/huddinge\/#website","url":"https:\/\/wp.kristdemokraterna.se\/huddinge\/","name":"Kristdemokraterna i Huddinge","description":"F\u00f6r ett mer \u00e4ldre- och familjev\u00e4nligt Huddinge!","inLanguage":"sv-SE"}]}},"_links":{"self":[{"href":"https:\/\/wp.kristdemokraterna.se\/huddinge\/wp-json\/wp\/v2\/pages\/4112","targetHints":{"allow":["GET"]}}],"collection":[{"href":"https:\/\/wp.kristdemokraterna.se\/huddinge\/wp-json\/wp\/v2\/pages"}],"about":[{"href":"https:\/\/wp.kristdemokraterna.se\/huddinge\/wp-json\/wp\/v2\/types\/page"}],"author":[{"embeddable":true,"href":"https:\/\/wp.kristdemokraterna.se\/huddinge\/wp-json\/wp\/v2\/users\/12"}],"replies":[{"embeddable":true,"href":"https:\/\/wp.kristdemokraterna.se\/huddinge\/wp-json\/wp\/v2\/comments?post=4112"}],"version-history":[{"count":8,"href":"https:\/\/wp.kristdemokraterna.se\/huddinge\/wp-json\/wp\/v2\/pages\/4112\/revisions"}],"predecessor-version":[{"id":4565,"href":"https:\/\/wp.kristdemokraterna.se\/huddinge\/wp-json\/wp\/v2\/pages\/4112\/revisions\/4565"}],"up":[{"embeddable":true,"href":"https:\/\/wp.kristdemokraterna.se\/huddinge\/wp-json\/wp\/v2\/pages\/265"}],"wp:attachment":[{"href":"https:\/\/wp.kristdemokraterna.se\/huddinge\/wp-json\/wp\/v2\/media?parent=4112"}],"curies":[{"name":"wp","href":"https:\/\/api.w.org\/{rel}","templated":true}]}}