{"id":74,"date":"2012-05-29T13:59:27","date_gmt":"2012-05-29T13:59:27","guid":{"rendered":"http:\/\/wp.kristdemokraterna.se\/huddinge\/?page_id=74"},"modified":"2026-03-24T14:29:52","modified_gmt":"2026-03-24T13:29:52","slug":"vara-politiker","status":"publish","type":"page","link":"https:\/\/wp.kristdemokraterna.se\/huddinge\/kontakta-oss-2\/vara-politiker\/","title":{"rendered":"V\u00e5ra f\u00f6rtroendevalda"},"content":{"rendered":"<p><strong>Oppositionsr\u00e5d<\/strong><\/p>\n<p>Karl Henriksson<\/p>\n<p>Epost: <a href=\"mailto:karl.henriksson@huddinge.se\">karl.henriksson@huddinge.se<\/a><span style=\"float: none;background-color: transparent;color: #333333;cursor: text;font-family: Georgia,'Times New Roman','Bitstream Charter',Times,serif;font-size: 16px;font-style: normal;font-variant: normal;font-weight: 400;letter-spacing: normal;text-align: left;text-decoration: none;text-indent: 0px;text-transform: none\">\u00a0<\/span><\/p>\n<p>&nbsp;<\/p>\n<p><strong>Kommunfullm\u00e4ktige<\/strong><\/p>\n<p>Karl Henriksson, ledamot och gruppledare<\/p>\n<p>Epost: <a href=\"mailto:karl.henriksson@huddinge.se\">karl.henriksson@huddinge.se<\/a><\/p>\n<p>&nbsp;<\/p>\n<p>Gorges Barkho, ledamot<\/p>\n<p>Epost: <a href=\"mailto:gorges.barkho@huddinge.se\"><u>gorges.barkho@huddinge.se<\/u><\/a><\/p>\n<p>&nbsp;<\/p>\n<p>Malak Guirguis, ers\u00e4ttare<\/p>\n<p>Epost: <a href=\"mailto:malak.guirguis@yahoo.com\"><u>malak.guirguis@yahoo.com<\/u><\/a><\/p>\n<p>&nbsp;<\/p>\n<p>Christer Berg, ers\u00e4ttare<\/p>\n<p>Epost: <a href=\"christer@plrmusic.se\"><u>christer@plrmusic.se<\/u><\/a><\/p>\n<p>&nbsp;<\/p>\n<p><strong>Kommunstyrelsen<\/strong><\/p>\n<p>Karl Henriksson, ledamot<\/p>\n<p>Epost: <a href=\"mailto:karl.henriksson@huddinge.se\">karl.henriksson@huddinge.se<\/a><span style=\"float: none;background-color: transparent;color: #333333;cursor: text;font-family: Georgia,'Times New Roman','Bitstream Charter',Times,serif;font-size: 16px;font-style: normal;font-variant: normal;font-weight: 400;letter-spacing: normal;text-align: left;text-decoration: none;text-indent: 0px;text-transform: none\">\u00a0<\/span><\/p>\n<p>&nbsp;<\/p>\n<p><strong>F\u00f6rskolen\u00e4mnden<\/strong><\/p>\n<p>Aram El Khoury, 2 vice ordf\u00f6rande<\/p>\n<p>Epost: <a href=\"mailto:aram_norsborg@msn.com\">aram_norsborg@msn.com<\/a><\/p>\n<p>&nbsp;<\/p>\n<p><strong>Grundskolen\u00e4mnden<\/strong><\/p>\n<p>Titus \u00d6berg, ledamot<\/p>\n<p>Epost: <a href=\"mailto:titus.o.l.oberg@gmail.com\">titus.o.l.oberg@gmail.com<\/a><\/p>\n<p>&nbsp;<\/p>\n<p><strong>Gymnasie- och arbetsmarknadsn\u00e4mnden<\/strong><\/p>\n<p>Gorges Barkho, ledamot<\/p>\n<p>Epost: <a href=\"mailto:gorges.barkho@huddinge.se\"><u>gorges.barkho@huddinge.se<\/u><\/a><\/p>\n<p>&nbsp;<\/p>\n<p><strong>Socialn\u00e4mnden<\/strong><\/p>\n<p>Malak Guirguis, ledamot<\/p>\n<p>Epost: <a href=\"mailto:malak.guirguis@yahoo.com\"><u>malak.guirguis@yahoo.com<\/u><\/a><\/p>\n<p>&nbsp;<\/p>\n<p>Turana Hasanova, ers\u00e4ttare<\/p>\n<p>Epost: <a href=\"turana_8@hotmail.com\">turana_8@hotmail.com<\/a><\/p>\n<p>&nbsp;<\/p>\n<p><strong>V\u00e5rd- och omsorgsn\u00e4mnden<\/strong><\/p>\n<p>Karl Henriksson, ledamot<\/p>\n<p>Epost: <a href=\"mailto:karl.henriksson@huddinge.se\">karl.henriksson@huddinge.se<\/a><\/p>\n<p>&nbsp;<\/p>\n<p><strong>Kultur- och fritidsn\u00e4mnden<\/strong><\/p>\n<p>Ann Lundgren, ledamot<\/p>\n<p>Epost: <a href=\"mailto:annlundgren2008@hotmail.com\">annlundgren2008@hotmail.com<\/a><\/p>\n<p>&nbsp;<\/p>\n<p><strong>Natur &#8211; och stadsmilj\u00f6n\u00e4mnden<\/strong><\/p>\n<p>Ragnar K\u00e5hre, ledamot<\/p>\n<p>Epost: <a href=\"mailto:ragnar@aqiro.se\">ragnar@aqiro.se<\/a><\/p>\n<p>&nbsp;<\/p>\n<p><strong>Bygglovs- och tillsynsn\u00e4mnden<\/strong><\/p>\n<p>Gorges Barkho, ledamot<\/p>\n<p>Epost: <a href=\"mailto:gorges.barkho@huddinge.se\"><u>gorges.barkho@huddinge.se<\/u><\/a><\/p>\n<p>&nbsp;<\/p>\n<p><strong>Valn\u00e4mnden<\/strong><\/p>\n<p>Anders Plogfledt ers\u00e4ttare<\/p>\n<p>Epost: <a href=\"mailto:stampe@plogfeldt.se\">stampe@plogfeldt.se<\/a><\/p>\n<p>&nbsp;<\/p>\n<p><strong>Trygghets- och delaktighetsberedningen<\/strong><\/p>\n<p>Jonas S\u00f6derstrand, ledamot<\/p>\n<p>Epost: <a href=\"mailto:jonas.soderstrand@avarnsecurity.com\">jonas.soderstrand@avarnsecurity.com<\/a><u><\/u><\/p>\n<p>&nbsp;<\/p>\n<p><strong>N\u00e4ringslivsberedningen<\/strong><\/p>\n<p>Ragnar K\u00e5hre, ers\u00e4ttare<\/p>\n<p>Epost: <a href=\"mailto:ragnar@aqiro.se\">ragnar@aqiro.se<\/a><\/p>\n<p>&nbsp;<\/p>\n<p><strong>Valberedningen<\/strong><\/p>\n<p>Gorges Barkho, ledamot<\/p>\n<p>Epost: <a href=\"mailto:gorges.barkho@huddinge.se\"><u>gorges.barkho@huddinge.se<\/u><\/a><\/p>\n<p>&nbsp;<\/p>\n<p>Karl Henriksson, ers\u00e4ttare<\/p>\n<p>Epost: <a href=\"mailto:karl.henriksson@huddinge.se\">karl.henriksson@huddinge.se<\/a><span style=\"float: none;background-color: transparent;color: #333333;cursor: text;font-family: Georgia,'Times New Roman','Bitstream Charter',Times,serif;font-size: 16px;font-style: normal;font-variant: normal;font-weight: 400;letter-spacing: normal;text-align: left;text-decoration: none;text-indent: 0px;text-transform: none\">\u00a0<\/span><\/p>\n<p>&nbsp;<\/p>\n<p><strong>Pension\u00e4rsr\u00e5det<\/strong><\/p>\n<p>Timo Pesonen, vice ordf\u00f6rande<\/p>\n<p>Epost: <a href=\"mailto:malin_aspo@hotmail.com\">timojpesonen@gmail.com<\/a><\/p>\n<p>&nbsp;<\/p>\n<p><strong>Funktionshinderr\u00e5det<\/strong><\/p>\n<p>Malak Guirguis, ledamot<\/p>\n<p>Epost: <a href=\"mailto:malak.guirguis@yahoo.com\"><u>malak.guirguis@yahoo.com<\/u><\/a><\/p>\n<p>&nbsp;<\/p>\n<p><strong>Arvodes- och partist\u00f6dskommitt\u00e9n\u00a0<\/strong><\/p>\n<p>Gorges Barkho, ledamot<\/p>\n<p>Epost: <a href=\"mailto:gorges.barkho@huddinge.se\"><u>gorges.barkho@huddinge.se<\/u><\/a><\/p>\n<p>&nbsp;<\/p>\n<p>Timo Pesonen, ers\u00e4ttare<\/p>\n<p>Epost: <a href=\"mailto:timojpesonen@gmail.com\">timojpesonen@gmail.com<\/a><\/p>\n<p>&nbsp;<\/p>\n<p><strong>Huge Bost\u00e4der AB<\/strong><\/p>\n<p>Jacob James Ellis, suppleant<\/p>\n<p>Epost: <a href=\"jacob.ellis@kristdemokraterna.se\"><u data-olk-copy-source=\"MailCompose\">jacob.ellis@kristdemokraterna.se<\/u><\/a><\/p>\n<p>&nbsp;<\/p>\n<p><strong>Huddinge Samh\u00e4llsfastigheter AB<\/strong><\/p>\n<p>Christer Berg, suppleant<\/p>\n<p>Epost: <a href=\"christer@plrmusic.se\"><u>christer@plrmusic.se<\/u><\/a><\/p>\n<p>&nbsp;<\/p>\n<p><strong>S\u00f6dert\u00f6rns Energi AB<\/strong><\/p>\n<p>Karl Henriksson, ers\u00e4ttare<\/p>\n<p>Epost: <a href=\"mailto:karl.henriksson@huddinge.se\">karl.henriksson@huddinge.se<\/a><\/p>\n<p>&nbsp;<\/p>\n<p><strong>Regionfullm\u00e4ktige<\/strong><\/p>\n<p>Karl Henriksson, ledamot<\/p>\n<p>Epost: <a href=\"mailto:karl.henriksson@huddinge.se\">karl.henriksson@huddinge.se<\/a><\/p>\n<p>&nbsp;<\/p>\n<p>Aram El Khoury, ledamot<\/p>\n<p>Epost: <a href=\"mailto:aram_norsborg@msn.com\">aram_norsborg@msn.com<\/a><\/p>\n","protected":false},"excerpt":{"rendered":"<p>Oppositionsr\u00e5d Karl Henriksson Epost: karl.henriksson@huddinge.se\u00a0 &nbsp; Kommunfullm\u00e4ktige Karl Henriksson, ledamot och gruppledare Epost: karl.henriksson@huddinge.se &nbsp; Gorges Barkho, ledamot Epost: gorges.barkho@huddinge.se &nbsp; Malak Guirguis, ers\u00e4ttare Epost: malak.guirguis@yahoo.com &nbsp; Christer Berg, ers\u00e4ttare Epost: christer@plrmusic.se &nbsp; Kommunstyrelsen Karl Henriksson, ledamot Epost: karl.henriksson@huddinge.se\u00a0 &nbsp; F\u00f6rskolen\u00e4mnden Aram El Khoury, 2 vice ordf\u00f6rande Epost: aram_norsborg@msn.com &nbsp; Grundskolen\u00e4mnden Titus \u00d6berg, ledamot Epost: <a class=\"read-more-link\" href=\"https:\/\/wp.kristdemokraterna.se\/huddinge\/kontakta-oss-2\/vara-politiker\/\">L\u00e4s mer<\/a><\/p>\n","protected":false},"author":444,"featured_media":0,"parent":18,"menu_order":1,"comment_status":"closed","ping_status":"closed","template":"","meta":{"_acf_changed":false,"footnotes":""},"class_list":["post-74","page","type-page","status-publish","hentry"],"acf":[],"yoast_head":"<!-- This site is optimized with the Yoast SEO plugin v27.3 - https:\/\/yoast.com\/product\/yoast-seo-wordpress\/ -->\n<title>V\u00e5ra f\u00f6rtroendevalda - Kristdemokraterna i Huddinge<\/title>\n<meta name=\"robots\" content=\"index, follow, max-snippet:-1, max-image-preview:large, max-video-preview:-1\" \/>\n<link rel=\"canonical\" href=\"https:\/\/wp.kristdemokraterna.se\/huddinge\/kontakta-oss-2\/vara-politiker\/\" \/>\n<meta property=\"og:locale\" content=\"sv_SE\" \/>\n<meta property=\"og:type\" content=\"article\" \/>\n<meta property=\"og:title\" content=\"V\u00e5ra f\u00f6rtroendevalda - Kristdemokraterna i Huddinge\" \/>\n<meta property=\"og:description\" content=\"Oppositionsr\u00e5d Karl Henriksson Epost: karl.henriksson@huddinge.se\u00a0 &nbsp; Kommunfullm\u00e4ktige Karl Henriksson, ledamot och gruppledare Epost: karl.henriksson@huddinge.se &nbsp; Gorges Barkho, ledamot Epost: gorges.barkho@huddinge.se &nbsp; Malak Guirguis, ers\u00e4ttare Epost: malak.guirguis@yahoo.com &nbsp; Christer Berg, ers\u00e4ttare Epost: christer@plrmusic.se &nbsp; Kommunstyrelsen Karl Henriksson, ledamot Epost: karl.henriksson@huddinge.se\u00a0 &nbsp; F\u00f6rskolen\u00e4mnden Aram El Khoury, 2 vice ordf\u00f6rande Epost: aram_norsborg@msn.com &nbsp; Grundskolen\u00e4mnden Titus \u00d6berg, ledamot Epost: L\u00e4s mer\" \/>\n<meta property=\"og:url\" content=\"https:\/\/wp.kristdemokraterna.se\/huddinge\/kontakta-oss-2\/vara-politiker\/\" \/>\n<meta property=\"og:site_name\" content=\"Kristdemokraterna i Huddinge\" \/>\n<meta property=\"article:modified_time\" content=\"2026-03-24T13:29:52+00:00\" \/>\n<meta name=\"twitter:card\" content=\"summary_large_image\" \/>\n<meta name=\"twitter:label1\" content=\"Ber\u00e4knad l\u00e4stid\" \/>\n\t<meta name=\"twitter:data1\" content=\"1 minut\" \/>\n<script type=\"application\/ld+json\" class=\"yoast-schema-graph\">{\"@context\":\"https:\\\/\\\/schema.org\",\"@graph\":[{\"@type\":\"WebPage\",\"@id\":\"https:\\\/\\\/wp.kristdemokraterna.se\\\/huddinge\\\/kontakta-oss-2\\\/vara-politiker\\\/\",\"url\":\"https:\\\/\\\/wp.kristdemokraterna.se\\\/huddinge\\\/kontakta-oss-2\\\/vara-politiker\\\/\",\"name\":\"V\u00e5ra f\u00f6rtroendevalda - Kristdemokraterna i Huddinge\",\"isPartOf\":{\"@id\":\"https:\\\/\\\/wp.kristdemokraterna.se\\\/huddinge\\\/#website\"},\"datePublished\":\"2012-05-29T13:59:27+00:00\",\"dateModified\":\"2026-03-24T13:29:52+00:00\",\"breadcrumb\":{\"@id\":\"https:\\\/\\\/wp.kristdemokraterna.se\\\/huddinge\\\/kontakta-oss-2\\\/vara-politiker\\\/#breadcrumb\"},\"inLanguage\":\"sv-SE\",\"potentialAction\":[{\"@type\":\"ReadAction\",\"target\":[\"https:\\\/\\\/wp.kristdemokraterna.se\\\/huddinge\\\/kontakta-oss-2\\\/vara-politiker\\\/\"]}]},{\"@type\":\"BreadcrumbList\",\"@id\":\"https:\\\/\\\/wp.kristdemokraterna.se\\\/huddinge\\\/kontakta-oss-2\\\/vara-politiker\\\/#breadcrumb\",\"itemListElement\":[{\"@type\":\"ListItem\",\"position\":1,\"name\":\"Hem\",\"item\":\"https:\\\/\\\/wp.kristdemokraterna.se\\\/huddinge\\\/\"},{\"@type\":\"ListItem\",\"position\":2,\"name\":\"Kontakta oss\",\"item\":\"https:\\\/\\\/wp.kristdemokraterna.se\\\/huddinge\\\/kontakta-oss-2\\\/\"},{\"@type\":\"ListItem\",\"position\":3,\"name\":\"V\u00e5ra f\u00f6rtroendevalda\"}]},{\"@type\":\"WebSite\",\"@id\":\"https:\\\/\\\/wp.kristdemokraterna.se\\\/huddinge\\\/#website\",\"url\":\"https:\\\/\\\/wp.kristdemokraterna.se\\\/huddinge\\\/\",\"name\":\"Kristdemokraterna i Huddinge\",\"description\":\"F\u00f6r ett mer \u00e4ldre- och familjev\u00e4nligt Huddinge!\",\"inLanguage\":\"sv-SE\"}]}<\/script>\n<!-- \/ Yoast SEO plugin. -->","yoast_head_json":{"title":"V\u00e5ra f\u00f6rtroendevalda - Kristdemokraterna i Huddinge","robots":{"index":"index","follow":"follow","max-snippet":"max-snippet:-1","max-image-preview":"max-image-preview:large","max-video-preview":"max-video-preview:-1"},"canonical":"https:\/\/wp.kristdemokraterna.se\/huddinge\/kontakta-oss-2\/vara-politiker\/","og_locale":"sv_SE","og_type":"article","og_title":"V\u00e5ra f\u00f6rtroendevalda - Kristdemokraterna i Huddinge","og_description":"Oppositionsr\u00e5d Karl Henriksson Epost: karl.henriksson@huddinge.se\u00a0 &nbsp; Kommunfullm\u00e4ktige Karl Henriksson, ledamot och gruppledare Epost: karl.henriksson@huddinge.se &nbsp; Gorges Barkho, ledamot Epost: gorges.barkho@huddinge.se &nbsp; Malak Guirguis, ers\u00e4ttare Epost: malak.guirguis@yahoo.com &nbsp; Christer Berg, ers\u00e4ttare Epost: christer@plrmusic.se &nbsp; Kommunstyrelsen Karl Henriksson, ledamot Epost: karl.henriksson@huddinge.se\u00a0 &nbsp; F\u00f6rskolen\u00e4mnden Aram El Khoury, 2 vice ordf\u00f6rande Epost: aram_norsborg@msn.com &nbsp; Grundskolen\u00e4mnden Titus \u00d6berg, ledamot Epost: L\u00e4s mer","og_url":"https:\/\/wp.kristdemokraterna.se\/huddinge\/kontakta-oss-2\/vara-politiker\/","og_site_name":"Kristdemokraterna i Huddinge","article_modified_time":"2026-03-24T13:29:52+00:00","twitter_card":"summary_large_image","twitter_misc":{"Ber\u00e4knad l\u00e4stid":"1 minut"},"schema":{"@context":"https:\/\/schema.org","@graph":[{"@type":"WebPage","@id":"https:\/\/wp.kristdemokraterna.se\/huddinge\/kontakta-oss-2\/vara-politiker\/","url":"https:\/\/wp.kristdemokraterna.se\/huddinge\/kontakta-oss-2\/vara-politiker\/","name":"V\u00e5ra f\u00f6rtroendevalda - Kristdemokraterna i Huddinge","isPartOf":{"@id":"https:\/\/wp.kristdemokraterna.se\/huddinge\/#website"},"datePublished":"2012-05-29T13:59:27+00:00","dateModified":"2026-03-24T13:29:52+00:00","breadcrumb":{"@id":"https:\/\/wp.kristdemokraterna.se\/huddinge\/kontakta-oss-2\/vara-politiker\/#breadcrumb"},"inLanguage":"sv-SE","potentialAction":[{"@type":"ReadAction","target":["https:\/\/wp.kristdemokraterna.se\/huddinge\/kontakta-oss-2\/vara-politiker\/"]}]},{"@type":"BreadcrumbList","@id":"https:\/\/wp.kristdemokraterna.se\/huddinge\/kontakta-oss-2\/vara-politiker\/#breadcrumb","itemListElement":[{"@type":"ListItem","position":1,"name":"Hem","item":"https:\/\/wp.kristdemokraterna.se\/huddinge\/"},{"@type":"ListItem","position":2,"name":"Kontakta oss","item":"https:\/\/wp.kristdemokraterna.se\/huddinge\/kontakta-oss-2\/"},{"@type":"ListItem","position":3,"name":"V\u00e5ra f\u00f6rtroendevalda"}]},{"@type":"WebSite","@id":"https:\/\/wp.kristdemokraterna.se\/huddinge\/#website","url":"https:\/\/wp.kristdemokraterna.se\/huddinge\/","name":"Kristdemokraterna i Huddinge","description":"F\u00f6r ett mer \u00e4ldre- och familjev\u00e4nligt Huddinge!","inLanguage":"sv-SE"}]}},"_links":{"self":[{"href":"https:\/\/wp.kristdemokraterna.se\/huddinge\/wp-json\/wp\/v2\/pages\/74","targetHints":{"allow":["GET"]}}],"collection":[{"href":"https:\/\/wp.kristdemokraterna.se\/huddinge\/wp-json\/wp\/v2\/pages"}],"about":[{"href":"https:\/\/wp.kristdemokraterna.se\/huddinge\/wp-json\/wp\/v2\/types\/page"}],"author":[{"embeddable":true,"href":"https:\/\/wp.kristdemokraterna.se\/huddinge\/wp-json\/wp\/v2\/users\/444"}],"replies":[{"embeddable":true,"href":"https:\/\/wp.kristdemokraterna.se\/huddinge\/wp-json\/wp\/v2\/comments?post=74"}],"version-history":[{"count":8,"href":"https:\/\/wp.kristdemokraterna.se\/huddinge\/wp-json\/wp\/v2\/pages\/74\/revisions"}],"predecessor-version":[{"id":4603,"href":"https:\/\/wp.kristdemokraterna.se\/huddinge\/wp-json\/wp\/v2\/pages\/74\/revisions\/4603"}],"up":[{"embeddable":true,"href":"https:\/\/wp.kristdemokraterna.se\/huddinge\/wp-json\/wp\/v2\/pages\/18"}],"wp:attachment":[{"href":"https:\/\/wp.kristdemokraterna.se\/huddinge\/wp-json\/wp\/v2\/media?parent=74"}],"curies":[{"name":"wp","href":"https:\/\/api.w.org\/{rel}","templated":true}]}}