{"id":83,"date":"2012-05-29T14:32:23","date_gmt":"2012-05-29T14:32:23","guid":{"rendered":"http:\/\/wp.kristdemokraterna.se\/huddinge\/?page_id=83"},"modified":"2022-07-01T19:15:59","modified_gmt":"2022-07-01T17:15:59","slug":"vitsippspriset","status":"publish","type":"page","link":"https:\/\/wp.kristdemokraterna.se\/huddinge\/vitsippspriset\/","title":{"rendered":"Vitsippspriset"},"content":{"rendered":"<p>Kristdemokraterna i Huddinge delar \u00e5rligen ut Vitsippspriset till en person eller organisation som i kristdemokratisk anda verkar f\u00f6r ett m\u00e4nskligare samh\u00e4lle. Vi vill p\u00e5 det s\u00e4ttet uppm\u00e4rksamma positiva krafter och initiativ i v\u00e5r kommun.<\/p>\n<p>De senaste \u00e5rens pristagare \u00e4r:<\/p>\n<ul>\n<li>2022 Oscar Hj\u00e4rre<\/li>\n<li>2021 Erol T\u00fcmen<\/li>\n<li>2020 Hela M\u00e4nniskan Huddinge-Botkyrka-Salem<\/li>\n<li>2017 Piotr Zettinger, Segeltorp<\/li>\n<li>2016 Huddinge FUB<\/li>\n<li>2015 Meliana Schrader, Flemingsberg<\/li>\n<li>2014 Thomas Oredsson, V\u00e5rby<\/li>\n<li>2012 Elise Lindqvist, Skog\u00e5s<\/li>\n<li>2010 Kvinnojouren i Huddinge<\/li>\n<li>2009 V\u00e4ntj\u00e4nsten<\/li>\n<li>2008 Introduktionsenheten p\u00e5 Huddinge kommun<\/li>\n<li>2007 Familjehuset i Skog\u00e5s<\/li>\n<\/ul>\n<p><img loading=\"lazy\" decoding=\"async\" class=\"alignleft size-medium wp-image-3477\" src=\"http:\/\/wp.kristdemokraterna.se\/huddinge\/files\/2018\/01\/tomas-och-piotr-blommor-300x227.jpg\" alt=\"\" width=\"300\" height=\"227\" \/><\/p>\n<p>&nbsp;<\/p>\n<p>&nbsp;<\/p>\n<p>&nbsp;<\/p>\n<p>&nbsp;<\/p>\n<p>&nbsp;<\/p>\n<p style=\"text-align: left\">Tomas Hansson (KD), ordf\u00f6rande KD Huddinge och Piotr Zettinger, Vitsippspriset 2017<\/p>\n","protected":false},"excerpt":{"rendered":"<p>Kristdemokraterna i Huddinge delar \u00e5rligen ut Vitsippspriset till en person eller organisation som i kristdemokratisk anda verkar f\u00f6r ett m\u00e4nskligare samh\u00e4lle. Vi vill p\u00e5 det s\u00e4ttet uppm\u00e4rksamma positiva krafter och initiativ i v\u00e5r kommun. De senaste \u00e5rens pristagare \u00e4r: 2022 Oscar Hj\u00e4rre 2021 Erol T\u00fcmen 2020 Hela M\u00e4nniskan Huddinge-Botkyrka-Salem 2017 Piotr Zettinger, Segeltorp 2016 Huddinge <a class=\"read-more-link\" href=\"https:\/\/wp.kristdemokraterna.se\/huddinge\/vitsippspriset\/\">L\u00e4s mer<\/a><\/p>\n","protected":false},"author":444,"featured_media":0,"parent":0,"menu_order":6,"comment_status":"closed","ping_status":"closed","template":"","meta":{"_acf_changed":false,"footnotes":""},"class_list":["post-83","page","type-page","status-publish","hentry"],"acf":[],"yoast_head":"<!-- This site is optimized with the Yoast SEO plugin v27.4 - https:\/\/yoast.com\/product\/yoast-seo-wordpress\/ -->\n<title>Vitsippspriset - Kristdemokraterna i Huddinge<\/title>\n<meta name=\"robots\" content=\"index, follow, max-snippet:-1, max-image-preview:large, max-video-preview:-1\" \/>\n<link rel=\"canonical\" href=\"https:\/\/wp.kristdemokraterna.se\/huddinge\/vitsippspriset\/\" \/>\n<meta property=\"og:locale\" content=\"sv_SE\" \/>\n<meta property=\"og:type\" content=\"article\" \/>\n<meta property=\"og:title\" content=\"Vitsippspriset - Kristdemokraterna i Huddinge\" \/>\n<meta property=\"og:description\" content=\"Kristdemokraterna i Huddinge delar \u00e5rligen ut Vitsippspriset till en person eller organisation som i kristdemokratisk anda verkar f\u00f6r ett m\u00e4nskligare samh\u00e4lle. Vi vill p\u00e5 det s\u00e4ttet uppm\u00e4rksamma positiva krafter och initiativ i v\u00e5r kommun. De senaste \u00e5rens pristagare \u00e4r: 2022 Oscar Hj\u00e4rre 2021 Erol T\u00fcmen 2020 Hela M\u00e4nniskan Huddinge-Botkyrka-Salem 2017 Piotr Zettinger, Segeltorp 2016 Huddinge L\u00e4s mer\" \/>\n<meta property=\"og:url\" content=\"https:\/\/wp.kristdemokraterna.se\/huddinge\/vitsippspriset\/\" \/>\n<meta property=\"og:site_name\" content=\"Kristdemokraterna i Huddinge\" \/>\n<meta property=\"article:modified_time\" content=\"2022-07-01T17:15:59+00:00\" \/>\n<meta property=\"og:image\" content=\"http:\/\/wp.kristdemokraterna.se\/huddinge\/files\/2018\/01\/tomas-och-piotr-blommor-300x227.jpg\" \/>\n<meta name=\"twitter:card\" content=\"summary_large_image\" \/>\n<meta name=\"twitter:label1\" content=\"Ber\u00e4knad l\u00e4stid\" \/>\n\t<meta name=\"twitter:data1\" content=\"1 minut\" \/>\n<script type=\"application\/ld+json\" class=\"yoast-schema-graph\">{\"@context\":\"https:\\\/\\\/schema.org\",\"@graph\":[{\"@type\":\"WebPage\",\"@id\":\"https:\\\/\\\/wp.kristdemokraterna.se\\\/huddinge\\\/vitsippspriset\\\/\",\"url\":\"https:\\\/\\\/wp.kristdemokraterna.se\\\/huddinge\\\/vitsippspriset\\\/\",\"name\":\"Vitsippspriset - Kristdemokraterna i Huddinge\",\"isPartOf\":{\"@id\":\"https:\\\/\\\/wp.kristdemokraterna.se\\\/huddinge\\\/#website\"},\"primaryImageOfPage\":{\"@id\":\"https:\\\/\\\/wp.kristdemokraterna.se\\\/huddinge\\\/vitsippspriset\\\/#primaryimage\"},\"image\":{\"@id\":\"https:\\\/\\\/wp.kristdemokraterna.se\\\/huddinge\\\/vitsippspriset\\\/#primaryimage\"},\"thumbnailUrl\":\"http:\\\/\\\/wp.kristdemokraterna.se\\\/huddinge\\\/files\\\/2018\\\/01\\\/tomas-och-piotr-blommor-300x227.jpg\",\"datePublished\":\"2012-05-29T14:32:23+00:00\",\"dateModified\":\"2022-07-01T17:15:59+00:00\",\"breadcrumb\":{\"@id\":\"https:\\\/\\\/wp.kristdemokraterna.se\\\/huddinge\\\/vitsippspriset\\\/#breadcrumb\"},\"inLanguage\":\"sv-SE\",\"potentialAction\":[{\"@type\":\"ReadAction\",\"target\":[\"https:\\\/\\\/wp.kristdemokraterna.se\\\/huddinge\\\/vitsippspriset\\\/\"]}]},{\"@type\":\"ImageObject\",\"inLanguage\":\"sv-SE\",\"@id\":\"https:\\\/\\\/wp.kristdemokraterna.se\\\/huddinge\\\/vitsippspriset\\\/#primaryimage\",\"url\":\"http:\\\/\\\/wp.kristdemokraterna.se\\\/huddinge\\\/files\\\/2018\\\/01\\\/tomas-och-piotr-blommor-300x227.jpg\",\"contentUrl\":\"http:\\\/\\\/wp.kristdemokraterna.se\\\/huddinge\\\/files\\\/2018\\\/01\\\/tomas-och-piotr-blommor-300x227.jpg\"},{\"@type\":\"BreadcrumbList\",\"@id\":\"https:\\\/\\\/wp.kristdemokraterna.se\\\/huddinge\\\/vitsippspriset\\\/#breadcrumb\",\"itemListElement\":[{\"@type\":\"ListItem\",\"position\":1,\"name\":\"Hem\",\"item\":\"https:\\\/\\\/wp.kristdemokraterna.se\\\/huddinge\\\/\"},{\"@type\":\"ListItem\",\"position\":2,\"name\":\"Vitsippspriset\"}]},{\"@type\":\"WebSite\",\"@id\":\"https:\\\/\\\/wp.kristdemokraterna.se\\\/huddinge\\\/#website\",\"url\":\"https:\\\/\\\/wp.kristdemokraterna.se\\\/huddinge\\\/\",\"name\":\"Kristdemokraterna i Huddinge\",\"description\":\"F\u00f6r ett mer \u00e4ldre- och familjev\u00e4nligt Huddinge!\",\"inLanguage\":\"sv-SE\"}]}<\/script>\n<!-- \/ Yoast SEO plugin. -->","yoast_head_json":{"title":"Vitsippspriset - Kristdemokraterna i Huddinge","robots":{"index":"index","follow":"follow","max-snippet":"max-snippet:-1","max-image-preview":"max-image-preview:large","max-video-preview":"max-video-preview:-1"},"canonical":"https:\/\/wp.kristdemokraterna.se\/huddinge\/vitsippspriset\/","og_locale":"sv_SE","og_type":"article","og_title":"Vitsippspriset - Kristdemokraterna i Huddinge","og_description":"Kristdemokraterna i Huddinge delar \u00e5rligen ut Vitsippspriset till en person eller organisation som i kristdemokratisk anda verkar f\u00f6r ett m\u00e4nskligare samh\u00e4lle. Vi vill p\u00e5 det s\u00e4ttet uppm\u00e4rksamma positiva krafter och initiativ i v\u00e5r kommun. De senaste \u00e5rens pristagare \u00e4r: 2022 Oscar Hj\u00e4rre 2021 Erol T\u00fcmen 2020 Hela M\u00e4nniskan Huddinge-Botkyrka-Salem 2017 Piotr Zettinger, Segeltorp 2016 Huddinge L\u00e4s mer","og_url":"https:\/\/wp.kristdemokraterna.se\/huddinge\/vitsippspriset\/","og_site_name":"Kristdemokraterna i Huddinge","article_modified_time":"2022-07-01T17:15:59+00:00","og_image":[{"url":"http:\/\/wp.kristdemokraterna.se\/huddinge\/files\/2018\/01\/tomas-och-piotr-blommor-300x227.jpg","type":"","width":"","height":""}],"twitter_card":"summary_large_image","twitter_misc":{"Ber\u00e4knad l\u00e4stid":"1 minut"},"schema":{"@context":"https:\/\/schema.org","@graph":[{"@type":"WebPage","@id":"https:\/\/wp.kristdemokraterna.se\/huddinge\/vitsippspriset\/","url":"https:\/\/wp.kristdemokraterna.se\/huddinge\/vitsippspriset\/","name":"Vitsippspriset - Kristdemokraterna i Huddinge","isPartOf":{"@id":"https:\/\/wp.kristdemokraterna.se\/huddinge\/#website"},"primaryImageOfPage":{"@id":"https:\/\/wp.kristdemokraterna.se\/huddinge\/vitsippspriset\/#primaryimage"},"image":{"@id":"https:\/\/wp.kristdemokraterna.se\/huddinge\/vitsippspriset\/#primaryimage"},"thumbnailUrl":"http:\/\/wp.kristdemokraterna.se\/huddinge\/files\/2018\/01\/tomas-och-piotr-blommor-300x227.jpg","datePublished":"2012-05-29T14:32:23+00:00","dateModified":"2022-07-01T17:15:59+00:00","breadcrumb":{"@id":"https:\/\/wp.kristdemokraterna.se\/huddinge\/vitsippspriset\/#breadcrumb"},"inLanguage":"sv-SE","potentialAction":[{"@type":"ReadAction","target":["https:\/\/wp.kristdemokraterna.se\/huddinge\/vitsippspriset\/"]}]},{"@type":"ImageObject","inLanguage":"sv-SE","@id":"https:\/\/wp.kristdemokraterna.se\/huddinge\/vitsippspriset\/#primaryimage","url":"http:\/\/wp.kristdemokraterna.se\/huddinge\/files\/2018\/01\/tomas-och-piotr-blommor-300x227.jpg","contentUrl":"http:\/\/wp.kristdemokraterna.se\/huddinge\/files\/2018\/01\/tomas-och-piotr-blommor-300x227.jpg"},{"@type":"BreadcrumbList","@id":"https:\/\/wp.kristdemokraterna.se\/huddinge\/vitsippspriset\/#breadcrumb","itemListElement":[{"@type":"ListItem","position":1,"name":"Hem","item":"https:\/\/wp.kristdemokraterna.se\/huddinge\/"},{"@type":"ListItem","position":2,"name":"Vitsippspriset"}]},{"@type":"WebSite","@id":"https:\/\/wp.kristdemokraterna.se\/huddinge\/#website","url":"https:\/\/wp.kristdemokraterna.se\/huddinge\/","name":"Kristdemokraterna i Huddinge","description":"F\u00f6r ett mer \u00e4ldre- och familjev\u00e4nligt Huddinge!","inLanguage":"sv-SE"}]}},"_links":{"self":[{"href":"https:\/\/wp.kristdemokraterna.se\/huddinge\/wp-json\/wp\/v2\/pages\/83","targetHints":{"allow":["GET"]}}],"collection":[{"href":"https:\/\/wp.kristdemokraterna.se\/huddinge\/wp-json\/wp\/v2\/pages"}],"about":[{"href":"https:\/\/wp.kristdemokraterna.se\/huddinge\/wp-json\/wp\/v2\/types\/page"}],"author":[{"embeddable":true,"href":"https:\/\/wp.kristdemokraterna.se\/huddinge\/wp-json\/wp\/v2\/users\/444"}],"replies":[{"embeddable":true,"href":"https:\/\/wp.kristdemokraterna.se\/huddinge\/wp-json\/wp\/v2\/comments?post=83"}],"version-history":[{"count":2,"href":"https:\/\/wp.kristdemokraterna.se\/huddinge\/wp-json\/wp\/v2\/pages\/83\/revisions"}],"predecessor-version":[{"id":3914,"href":"https:\/\/wp.kristdemokraterna.se\/huddinge\/wp-json\/wp\/v2\/pages\/83\/revisions\/3914"}],"wp:attachment":[{"href":"https:\/\/wp.kristdemokraterna.se\/huddinge\/wp-json\/wp\/v2\/media?parent=83"}],"curies":[{"name":"wp","href":"https:\/\/api.w.org\/{rel}","templated":true}]}}