{"id":960,"date":"2014-05-15T09:14:03","date_gmt":"2014-05-15T09:14:03","guid":{"rendered":"http:\/\/wp.kristdemokraterna.se\/huddinge\/?page_id=960"},"modified":"2026-03-24T14:29:50","modified_gmt":"2026-03-24T13:29:50","slug":"styrelsen","status":"publish","type":"page","link":"https:\/\/wp.kristdemokraterna.se\/huddinge\/kontakta-oss-2\/styrelsen\/","title":{"rendered":"Styrelsen"},"content":{"rendered":"<p>H\u00e4r finner du styrelseledam\u00f6terna f\u00f6r Kristdemokraterna i Huddinge verksamhets\u00e5ret 2026.<\/p>\n<p>&nbsp;<\/p>\n<p><strong>Ordf\u00f6rande<\/strong><\/p>\n<p class=\"sidebar-section__heading\">Titus \u00d6berg<br \/>\n<span style=\"float: none;background-color: transparent;color: #333333;cursor: text;font-family: Georgia,'Times New Roman','Bitstream Charter',Times,serif;font-size: 16px;font-style: normal;font-variant: normal;font-weight: 400;letter-spacing: normal;text-align: left;text-decoration: none;text-indent: 0px;text-transform: none\">Epost:<\/span>\u00a0<a href=\"mailto:titus.o.l.oberg@gmail.com\">titus.o.l.oberg@gmail.com<\/a><\/p>\n<p>&nbsp;<\/p>\n<p><strong>Vice ordf\u00f6rande<\/strong><\/p>\n<p>Karl Henriksson, gruppledare<\/p>\n<p><span style=\"float: none;background-color: transparent;color: #333333;cursor: text;font-family: Georgia,'Times New Roman','Bitstream Charter',Times,serif;font-size: 16px;font-style: normal;font-variant: normal;font-weight: 400;letter-spacing: normal;text-align: left;text-decoration: none;text-indent: 0px;text-transform: none\">Epost: <a href=\"karl.henriksson@kristdemokraterna.se\">karl.henriksson@kristdemokraterna.se<\/a><\/span><\/p>\n<p>&nbsp;<\/p>\n<p><strong>Ledam\u00f6ter<\/strong><\/p>\n<p>Gorges Barkho<\/p>\n<p>Epost: <a href=\"mailto:gorgesm@gmail.com\">gorgesm@gmail.com<\/a><\/p>\n<p>&nbsp;<\/p>\n<p>Malak Guirguis<\/p>\n<p>Epost: <a href=\"malak.guirguis@yahoo.com\">malak.guirguis@yahoo.com<\/a><\/p>\n<p>&nbsp;<\/p>\n<p>Ragnar K\u00e5hre, kass\u00f6r<\/p>\n<p>Epost: <a href=\"mailto:ragnar@aqiro.se\">ragnar@aqiro.se<\/a><\/p>\n<p>&nbsp;<\/p>\n<p><strong>Ers\u00e4ttare<\/strong><\/p>\n<p>Malin Asp\u00f6<\/p>\n<p>Epost: <a href=\"mailto:malin_aspo@hotmail.com\">malin_aspo@hotmail.com<\/a><\/p>\n<p>&nbsp;<\/p>\n<p>Turana Hasanova<\/p>\n<p>Epost: <a href=\"turana_8@hotmail.com\">turana_8@hotmail.com<\/a><\/p>\n<p>&nbsp;<\/p>\n<p>Ann Lundgren<\/p>\n<p>Epost: <a href=\"mailto:annlundgren2008@hotmail.com\">annlundgren2008@hotmail.com<\/a><\/p>\n<p>&nbsp;<\/p>\n<p><strong>Politisk sekreterare<\/strong><\/p>\n<p>Jacob James Ellis<\/p>\n<p>Epost: <a href=\"jacob.ellis@kristdemokraterna.se\"><u data-olk-copy-source=\"MailCompose\">jacob.ellis@kristdemokraterna.se<\/u><\/a><\/p>\n","protected":false},"excerpt":{"rendered":"<p>H\u00e4r finner du styrelseledam\u00f6terna f\u00f6r Kristdemokraterna i Huddinge verksamhets\u00e5ret 2026. &nbsp; Ordf\u00f6rande Titus \u00d6berg Epost:\u00a0titus.o.l.oberg@gmail.com &nbsp; Vice ordf\u00f6rande Karl Henriksson, gruppledare Epost: karl.henriksson@kristdemokraterna.se &nbsp; Ledam\u00f6ter Gorges Barkho Epost: gorgesm@gmail.com &nbsp; Malak Guirguis Epost: malak.guirguis@yahoo.com &nbsp; Ragnar K\u00e5hre, kass\u00f6r Epost: ragnar@aqiro.se &nbsp; Ers\u00e4ttare Malin Asp\u00f6 Epost: malin_aspo@hotmail.com &nbsp; Turana Hasanova Epost: turana_8@hotmail.com &nbsp; Ann Lundgren Epost: <a class=\"read-more-link\" href=\"https:\/\/wp.kristdemokraterna.se\/huddinge\/kontakta-oss-2\/styrelsen\/\">L\u00e4s mer<\/a><\/p>\n","protected":false},"author":444,"featured_media":0,"parent":18,"menu_order":2,"comment_status":"closed","ping_status":"closed","template":"","meta":{"_acf_changed":false,"footnotes":""},"class_list":["post-960","page","type-page","status-publish","hentry"],"acf":[],"yoast_head":"<!-- This site is optimized with the Yoast SEO plugin v27.4 - https:\/\/yoast.com\/product\/yoast-seo-wordpress\/ -->\n<title>Styrelsen - Kristdemokraterna i Huddinge<\/title>\n<meta name=\"description\" content=\"H\u00e4r finner du styrelseledam\u00f6terna f\u00f6r Kristdemokraterna i Huddinge verksamhets\u00e5ret 2025.\" \/>\n<meta name=\"robots\" content=\"index, follow, max-snippet:-1, max-image-preview:large, max-video-preview:-1\" \/>\n<link rel=\"canonical\" href=\"https:\/\/wp.kristdemokraterna.se\/huddinge\/kontakta-oss-2\/styrelsen\/\" \/>\n<meta property=\"og:locale\" content=\"sv_SE\" \/>\n<meta property=\"og:type\" content=\"article\" \/>\n<meta property=\"og:title\" content=\"Styrelsen - Kristdemokraterna i Huddinge\" \/>\n<meta property=\"og:description\" content=\"H\u00e4r finner du styrelseledam\u00f6terna f\u00f6r Kristdemokraterna i Huddinge verksamhets\u00e5ret 2025.\" \/>\n<meta property=\"og:url\" content=\"https:\/\/wp.kristdemokraterna.se\/huddinge\/kontakta-oss-2\/styrelsen\/\" \/>\n<meta property=\"og:site_name\" content=\"Kristdemokraterna i Huddinge\" \/>\n<meta property=\"article:modified_time\" content=\"2026-03-24T13:29:50+00:00\" \/>\n<meta name=\"twitter:card\" content=\"summary_large_image\" \/>\n<meta name=\"twitter:label1\" content=\"Ber\u00e4knad l\u00e4stid\" \/>\n\t<meta name=\"twitter:data1\" content=\"1 minut\" \/>\n<script type=\"application\/ld+json\" class=\"yoast-schema-graph\">{\"@context\":\"https:\\\/\\\/schema.org\",\"@graph\":[{\"@type\":\"WebPage\",\"@id\":\"https:\\\/\\\/wp.kristdemokraterna.se\\\/huddinge\\\/kontakta-oss-2\\\/styrelsen\\\/\",\"url\":\"https:\\\/\\\/wp.kristdemokraterna.se\\\/huddinge\\\/kontakta-oss-2\\\/styrelsen\\\/\",\"name\":\"Styrelsen - Kristdemokraterna i Huddinge\",\"isPartOf\":{\"@id\":\"https:\\\/\\\/wp.kristdemokraterna.se\\\/huddinge\\\/#website\"},\"datePublished\":\"2014-05-15T09:14:03+00:00\",\"dateModified\":\"2026-03-24T13:29:50+00:00\",\"description\":\"H\u00e4r finner du styrelseledam\u00f6terna f\u00f6r Kristdemokraterna i Huddinge verksamhets\u00e5ret 2025.\",\"breadcrumb\":{\"@id\":\"https:\\\/\\\/wp.kristdemokraterna.se\\\/huddinge\\\/kontakta-oss-2\\\/styrelsen\\\/#breadcrumb\"},\"inLanguage\":\"sv-SE\",\"potentialAction\":[{\"@type\":\"ReadAction\",\"target\":[\"https:\\\/\\\/wp.kristdemokraterna.se\\\/huddinge\\\/kontakta-oss-2\\\/styrelsen\\\/\"]}]},{\"@type\":\"BreadcrumbList\",\"@id\":\"https:\\\/\\\/wp.kristdemokraterna.se\\\/huddinge\\\/kontakta-oss-2\\\/styrelsen\\\/#breadcrumb\",\"itemListElement\":[{\"@type\":\"ListItem\",\"position\":1,\"name\":\"Hem\",\"item\":\"https:\\\/\\\/wp.kristdemokraterna.se\\\/huddinge\\\/\"},{\"@type\":\"ListItem\",\"position\":2,\"name\":\"Kontakta oss\",\"item\":\"https:\\\/\\\/wp.kristdemokraterna.se\\\/huddinge\\\/kontakta-oss-2\\\/\"},{\"@type\":\"ListItem\",\"position\":3,\"name\":\"Styrelsen\"}]},{\"@type\":\"WebSite\",\"@id\":\"https:\\\/\\\/wp.kristdemokraterna.se\\\/huddinge\\\/#website\",\"url\":\"https:\\\/\\\/wp.kristdemokraterna.se\\\/huddinge\\\/\",\"name\":\"Kristdemokraterna i Huddinge\",\"description\":\"F\u00f6r ett mer \u00e4ldre- och familjev\u00e4nligt Huddinge!\",\"inLanguage\":\"sv-SE\"}]}<\/script>\n<!-- \/ Yoast SEO plugin. -->","yoast_head_json":{"title":"Styrelsen - Kristdemokraterna i Huddinge","description":"H\u00e4r finner du styrelseledam\u00f6terna f\u00f6r Kristdemokraterna i Huddinge verksamhets\u00e5ret 2025.","robots":{"index":"index","follow":"follow","max-snippet":"max-snippet:-1","max-image-preview":"max-image-preview:large","max-video-preview":"max-video-preview:-1"},"canonical":"https:\/\/wp.kristdemokraterna.se\/huddinge\/kontakta-oss-2\/styrelsen\/","og_locale":"sv_SE","og_type":"article","og_title":"Styrelsen - Kristdemokraterna i Huddinge","og_description":"H\u00e4r finner du styrelseledam\u00f6terna f\u00f6r Kristdemokraterna i Huddinge verksamhets\u00e5ret 2025.","og_url":"https:\/\/wp.kristdemokraterna.se\/huddinge\/kontakta-oss-2\/styrelsen\/","og_site_name":"Kristdemokraterna i Huddinge","article_modified_time":"2026-03-24T13:29:50+00:00","twitter_card":"summary_large_image","twitter_misc":{"Ber\u00e4knad l\u00e4stid":"1 minut"},"schema":{"@context":"https:\/\/schema.org","@graph":[{"@type":"WebPage","@id":"https:\/\/wp.kristdemokraterna.se\/huddinge\/kontakta-oss-2\/styrelsen\/","url":"https:\/\/wp.kristdemokraterna.se\/huddinge\/kontakta-oss-2\/styrelsen\/","name":"Styrelsen - Kristdemokraterna i Huddinge","isPartOf":{"@id":"https:\/\/wp.kristdemokraterna.se\/huddinge\/#website"},"datePublished":"2014-05-15T09:14:03+00:00","dateModified":"2026-03-24T13:29:50+00:00","description":"H\u00e4r finner du styrelseledam\u00f6terna f\u00f6r Kristdemokraterna i Huddinge verksamhets\u00e5ret 2025.","breadcrumb":{"@id":"https:\/\/wp.kristdemokraterna.se\/huddinge\/kontakta-oss-2\/styrelsen\/#breadcrumb"},"inLanguage":"sv-SE","potentialAction":[{"@type":"ReadAction","target":["https:\/\/wp.kristdemokraterna.se\/huddinge\/kontakta-oss-2\/styrelsen\/"]}]},{"@type":"BreadcrumbList","@id":"https:\/\/wp.kristdemokraterna.se\/huddinge\/kontakta-oss-2\/styrelsen\/#breadcrumb","itemListElement":[{"@type":"ListItem","position":1,"name":"Hem","item":"https:\/\/wp.kristdemokraterna.se\/huddinge\/"},{"@type":"ListItem","position":2,"name":"Kontakta oss","item":"https:\/\/wp.kristdemokraterna.se\/huddinge\/kontakta-oss-2\/"},{"@type":"ListItem","position":3,"name":"Styrelsen"}]},{"@type":"WebSite","@id":"https:\/\/wp.kristdemokraterna.se\/huddinge\/#website","url":"https:\/\/wp.kristdemokraterna.se\/huddinge\/","name":"Kristdemokraterna i Huddinge","description":"F\u00f6r ett mer \u00e4ldre- och familjev\u00e4nligt Huddinge!","inLanguage":"sv-SE"}]}},"_links":{"self":[{"href":"https:\/\/wp.kristdemokraterna.se\/huddinge\/wp-json\/wp\/v2\/pages\/960","targetHints":{"allow":["GET"]}}],"collection":[{"href":"https:\/\/wp.kristdemokraterna.se\/huddinge\/wp-json\/wp\/v2\/pages"}],"about":[{"href":"https:\/\/wp.kristdemokraterna.se\/huddinge\/wp-json\/wp\/v2\/types\/page"}],"author":[{"embeddable":true,"href":"https:\/\/wp.kristdemokraterna.se\/huddinge\/wp-json\/wp\/v2\/users\/444"}],"replies":[{"embeddable":true,"href":"https:\/\/wp.kristdemokraterna.se\/huddinge\/wp-json\/wp\/v2\/comments?post=960"}],"version-history":[{"count":9,"href":"https:\/\/wp.kristdemokraterna.se\/huddinge\/wp-json\/wp\/v2\/pages\/960\/revisions"}],"predecessor-version":[{"id":4604,"href":"https:\/\/wp.kristdemokraterna.se\/huddinge\/wp-json\/wp\/v2\/pages\/960\/revisions\/4604"}],"up":[{"embeddable":true,"href":"https:\/\/wp.kristdemokraterna.se\/huddinge\/wp-json\/wp\/v2\/pages\/18"}],"wp:attachment":[{"href":"https:\/\/wp.kristdemokraterna.se\/huddinge\/wp-json\/wp\/v2\/media?parent=960"}],"curies":[{"name":"wp","href":"https:\/\/api.w.org\/{rel}","templated":true}]}}