{"id":670,"date":"2020-12-21T12:57:29","date_gmt":"2020-12-21T11:57:29","guid":{"rendered":"http:\/\/wp.kristdemokraterna.se\/hudiksvall\/?page_id=670"},"modified":"2022-02-11T15:57:42","modified_gmt":"2022-02-11T14:57:42","slug":"interpellation","status":"publish","type":"page","link":"https:\/\/wp.kristdemokraterna.se\/hudiksvall\/i-var-kommun\/interpellation\/","title":{"rendered":"Interpellationer"},"content":{"rendered":"<p>Vad en Interpellation \u00e4r.<\/p>\n<p>&nbsp;<\/p>\n<p>I <a title=\"Kommunfullm\u00e4ktige\" href=\"https:\/\/sv.wikipedia.org\/wiki\/Kommunfullm%C3%A4ktige\">kommunfullm\u00e4ktige<\/a> finns motsvarande begrepp, d\u00e5 st\u00e4lls fr\u00e5gan av ledamot till en f\u00f6rtroendevald med direkt politiskt ansvar f\u00f6r ett visst omr\u00e5de. Det kan vara ordf\u00f6randen i en n\u00e4mnd eller en <a title=\"Fullm\u00e4ktigeberedning\" href=\"https:\/\/sv.wikipedia.org\/wiki\/Fullm%C3%A4ktigeberedning\">fullm\u00e4ktigeberedning<\/a> eller de f\u00f6rtroendevalda i \u00f6vrigt som fullm\u00e4ktige best\u00e4mmer.<\/p>\n","protected":false},"excerpt":{"rendered":"<p>Vad en Interpellation \u00e4r. &nbsp; I kommunfullm\u00e4ktige finns motsvarande begrepp, d\u00e5 st\u00e4lls fr\u00e5gan av ledamot till en f\u00f6rtroendevald med direkt politiskt ansvar f\u00f6r ett visst omr\u00e5de. Det kan vara ordf\u00f6randen i en n\u00e4mnd eller en fullm\u00e4ktigeberedning eller de f\u00f6rtroendevalda i \u00f6vrigt som fullm\u00e4ktige best\u00e4mmer.<\/p>\n","protected":false},"author":906,"featured_media":0,"parent":342,"menu_order":0,"comment_status":"closed","ping_status":"closed","template":"","meta":{"_acf_changed":false,"footnotes":""},"class_list":["post-670","page","type-page","status-publish","hentry"],"acf":[],"yoast_head":"<!-- This site is optimized with the Yoast SEO plugin v27.4 - https:\/\/yoast.com\/product\/yoast-seo-wordpress\/ -->\n<title>Interpellationer - Kristdemokraterna i Hudiksvall<\/title>\n<meta name=\"robots\" content=\"index, follow, max-snippet:-1, max-image-preview:large, max-video-preview:-1\" \/>\n<link rel=\"canonical\" href=\"https:\/\/wp.kristdemokraterna.se\/hudiksvall\/i-var-kommun\/interpellation\/\" \/>\n<meta property=\"og:locale\" content=\"sv_SE\" \/>\n<meta property=\"og:type\" content=\"article\" \/>\n<meta property=\"og:title\" content=\"Interpellationer - Kristdemokraterna i Hudiksvall\" \/>\n<meta property=\"og:description\" content=\"Vad en Interpellation \u00e4r. &nbsp; I kommunfullm\u00e4ktige finns motsvarande begrepp, d\u00e5 st\u00e4lls fr\u00e5gan av ledamot till en f\u00f6rtroendevald med direkt politiskt ansvar f\u00f6r ett visst omr\u00e5de. Det kan vara ordf\u00f6randen i en n\u00e4mnd eller en fullm\u00e4ktigeberedning eller de f\u00f6rtroendevalda i \u00f6vrigt som fullm\u00e4ktige best\u00e4mmer.\" \/>\n<meta property=\"og:url\" content=\"https:\/\/wp.kristdemokraterna.se\/hudiksvall\/i-var-kommun\/interpellation\/\" \/>\n<meta property=\"og:site_name\" content=\"Kristdemokraterna i Hudiksvall\" \/>\n<meta property=\"article:modified_time\" content=\"2022-02-11T14:57:42+00:00\" \/>\n<meta name=\"twitter:card\" content=\"summary_large_image\" \/>\n<meta name=\"twitter:label1\" content=\"Ber\u00e4knad l\u00e4stid\" \/>\n\t<meta name=\"twitter:data1\" content=\"1 minut\" \/>\n<script type=\"application\/ld+json\" class=\"yoast-schema-graph\">{\"@context\":\"https:\\\/\\\/schema.org\",\"@graph\":[{\"@type\":\"WebPage\",\"@id\":\"https:\\\/\\\/wp.kristdemokraterna.se\\\/hudiksvall\\\/i-var-kommun\\\/interpellation\\\/\",\"url\":\"https:\\\/\\\/wp.kristdemokraterna.se\\\/hudiksvall\\\/i-var-kommun\\\/interpellation\\\/\",\"name\":\"Interpellationer - Kristdemokraterna i Hudiksvall\",\"isPartOf\":{\"@id\":\"https:\\\/\\\/wp.kristdemokraterna.se\\\/hudiksvall\\\/#website\"},\"datePublished\":\"2020-12-21T11:57:29+00:00\",\"dateModified\":\"2022-02-11T14:57:42+00:00\",\"breadcrumb\":{\"@id\":\"https:\\\/\\\/wp.kristdemokraterna.se\\\/hudiksvall\\\/i-var-kommun\\\/interpellation\\\/#breadcrumb\"},\"inLanguage\":\"sv-SE\",\"potentialAction\":[{\"@type\":\"ReadAction\",\"target\":[\"https:\\\/\\\/wp.kristdemokraterna.se\\\/hudiksvall\\\/i-var-kommun\\\/interpellation\\\/\"]}]},{\"@type\":\"BreadcrumbList\",\"@id\":\"https:\\\/\\\/wp.kristdemokraterna.se\\\/hudiksvall\\\/i-var-kommun\\\/interpellation\\\/#breadcrumb\",\"itemListElement\":[{\"@type\":\"ListItem\",\"position\":1,\"name\":\"Hem\",\"item\":\"https:\\\/\\\/wp.kristdemokraterna.se\\\/hudiksvall\\\/\"},{\"@type\":\"ListItem\",\"position\":2,\"name\":\"Vad vill vi i v\u00e5r kommun\",\"item\":\"https:\\\/\\\/wp.kristdemokraterna.se\\\/hudiksvall\\\/i-var-kommun\\\/\"},{\"@type\":\"ListItem\",\"position\":3,\"name\":\"Interpellationer\"}]},{\"@type\":\"WebSite\",\"@id\":\"https:\\\/\\\/wp.kristdemokraterna.se\\\/hudiksvall\\\/#website\",\"url\":\"https:\\\/\\\/wp.kristdemokraterna.se\\\/hudiksvall\\\/\",\"name\":\"Kristdemokraterna i Hudiksvall\",\"description\":\"En till Kristdemokraterna webbplats\",\"inLanguage\":\"sv-SE\"}]}<\/script>\n<!-- \/ Yoast SEO plugin. -->","yoast_head_json":{"title":"Interpellationer - Kristdemokraterna i Hudiksvall","robots":{"index":"index","follow":"follow","max-snippet":"max-snippet:-1","max-image-preview":"max-image-preview:large","max-video-preview":"max-video-preview:-1"},"canonical":"https:\/\/wp.kristdemokraterna.se\/hudiksvall\/i-var-kommun\/interpellation\/","og_locale":"sv_SE","og_type":"article","og_title":"Interpellationer - Kristdemokraterna i Hudiksvall","og_description":"Vad en Interpellation \u00e4r. &nbsp; I kommunfullm\u00e4ktige finns motsvarande begrepp, d\u00e5 st\u00e4lls fr\u00e5gan av ledamot till en f\u00f6rtroendevald med direkt politiskt ansvar f\u00f6r ett visst omr\u00e5de. Det kan vara ordf\u00f6randen i en n\u00e4mnd eller en fullm\u00e4ktigeberedning eller de f\u00f6rtroendevalda i \u00f6vrigt som fullm\u00e4ktige best\u00e4mmer.","og_url":"https:\/\/wp.kristdemokraterna.se\/hudiksvall\/i-var-kommun\/interpellation\/","og_site_name":"Kristdemokraterna i Hudiksvall","article_modified_time":"2022-02-11T14:57:42+00:00","twitter_card":"summary_large_image","twitter_misc":{"Ber\u00e4knad l\u00e4stid":"1 minut"},"schema":{"@context":"https:\/\/schema.org","@graph":[{"@type":"WebPage","@id":"https:\/\/wp.kristdemokraterna.se\/hudiksvall\/i-var-kommun\/interpellation\/","url":"https:\/\/wp.kristdemokraterna.se\/hudiksvall\/i-var-kommun\/interpellation\/","name":"Interpellationer - Kristdemokraterna i Hudiksvall","isPartOf":{"@id":"https:\/\/wp.kristdemokraterna.se\/hudiksvall\/#website"},"datePublished":"2020-12-21T11:57:29+00:00","dateModified":"2022-02-11T14:57:42+00:00","breadcrumb":{"@id":"https:\/\/wp.kristdemokraterna.se\/hudiksvall\/i-var-kommun\/interpellation\/#breadcrumb"},"inLanguage":"sv-SE","potentialAction":[{"@type":"ReadAction","target":["https:\/\/wp.kristdemokraterna.se\/hudiksvall\/i-var-kommun\/interpellation\/"]}]},{"@type":"BreadcrumbList","@id":"https:\/\/wp.kristdemokraterna.se\/hudiksvall\/i-var-kommun\/interpellation\/#breadcrumb","itemListElement":[{"@type":"ListItem","position":1,"name":"Hem","item":"https:\/\/wp.kristdemokraterna.se\/hudiksvall\/"},{"@type":"ListItem","position":2,"name":"Vad vill vi i v\u00e5r kommun","item":"https:\/\/wp.kristdemokraterna.se\/hudiksvall\/i-var-kommun\/"},{"@type":"ListItem","position":3,"name":"Interpellationer"}]},{"@type":"WebSite","@id":"https:\/\/wp.kristdemokraterna.se\/hudiksvall\/#website","url":"https:\/\/wp.kristdemokraterna.se\/hudiksvall\/","name":"Kristdemokraterna i Hudiksvall","description":"En till Kristdemokraterna webbplats","inLanguage":"sv-SE"}]}},"_links":{"self":[{"href":"https:\/\/wp.kristdemokraterna.se\/hudiksvall\/wp-json\/wp\/v2\/pages\/670","targetHints":{"allow":["GET"]}}],"collection":[{"href":"https:\/\/wp.kristdemokraterna.se\/hudiksvall\/wp-json\/wp\/v2\/pages"}],"about":[{"href":"https:\/\/wp.kristdemokraterna.se\/hudiksvall\/wp-json\/wp\/v2\/types\/page"}],"author":[{"embeddable":true,"href":"https:\/\/wp.kristdemokraterna.se\/hudiksvall\/wp-json\/wp\/v2\/users\/906"}],"replies":[{"embeddable":true,"href":"https:\/\/wp.kristdemokraterna.se\/hudiksvall\/wp-json\/wp\/v2\/comments?post=670"}],"version-history":[{"count":13,"href":"https:\/\/wp.kristdemokraterna.se\/hudiksvall\/wp-json\/wp\/v2\/pages\/670\/revisions"}],"predecessor-version":[{"id":913,"href":"https:\/\/wp.kristdemokraterna.se\/hudiksvall\/wp-json\/wp\/v2\/pages\/670\/revisions\/913"}],"up":[{"embeddable":true,"href":"https:\/\/wp.kristdemokraterna.se\/hudiksvall\/wp-json\/wp\/v2\/pages\/342"}],"wp:attachment":[{"href":"https:\/\/wp.kristdemokraterna.se\/hudiksvall\/wp-json\/wp\/v2\/media?parent=670"}],"curies":[{"name":"wp","href":"https:\/\/api.w.org\/{rel}","templated":true}]}}