{"id":772,"date":"2021-05-04T20:58:13","date_gmt":"2021-05-04T18:58:13","guid":{"rendered":"https:\/\/wp.kristdemokraterna.se\/hudiksvall\/?page_id=772"},"modified":"2024-02-28T10:18:28","modified_gmt":"2024-02-28T09:18:28","slug":"princip-program","status":"publish","type":"page","link":"https:\/\/wp.kristdemokraterna.se\/hudiksvall\/textsida-fullbredd\/om-kristdemokraterna\/princip-program\/","title":{"rendered":"Princip program"},"content":{"rendered":"<p>&nbsp;<\/p>\n<p>F\u00f6r att ta del av v\u00e5rat princip-program<\/p>\n<p><a href=\"https:\/\/www.kd.nu\/principprogram.pdf\">Klicka h\u00e4r<\/a><\/p>\n","protected":false},"excerpt":{"rendered":"<p>&nbsp; F\u00f6r att ta del av v\u00e5rat princip-program Klicka h\u00e4r<\/p>\n","protected":false},"author":906,"featured_media":0,"parent":368,"menu_order":0,"comment_status":"closed","ping_status":"closed","template":"","meta":{"_acf_changed":false,"footnotes":""},"class_list":["post-772","page","type-page","status-publish","hentry"],"acf":[],"yoast_head":"<!-- This site is optimized with the Yoast SEO plugin v27.4 - https:\/\/yoast.com\/product\/yoast-seo-wordpress\/ -->\n<title>Princip program - Kristdemokraterna i Hudiksvall<\/title>\n<meta name=\"robots\" content=\"index, follow, max-snippet:-1, max-image-preview:large, max-video-preview:-1\" \/>\n<link rel=\"canonical\" href=\"https:\/\/wp.kristdemokraterna.se\/hudiksvall\/textsida-fullbredd\/om-kristdemokraterna\/princip-program\/\" \/>\n<meta property=\"og:locale\" content=\"sv_SE\" \/>\n<meta property=\"og:type\" content=\"article\" \/>\n<meta property=\"og:title\" content=\"Princip program - Kristdemokraterna i Hudiksvall\" \/>\n<meta property=\"og:description\" content=\"&nbsp; F\u00f6r att ta del av v\u00e5rat princip-program Klicka h\u00e4r\" \/>\n<meta property=\"og:url\" content=\"https:\/\/wp.kristdemokraterna.se\/hudiksvall\/textsida-fullbredd\/om-kristdemokraterna\/princip-program\/\" \/>\n<meta property=\"og:site_name\" content=\"Kristdemokraterna i Hudiksvall\" \/>\n<meta property=\"article:modified_time\" content=\"2024-02-28T09:18:28+00:00\" \/>\n<meta name=\"twitter:card\" content=\"summary_large_image\" \/>\n<meta name=\"twitter:label1\" content=\"Ber\u00e4knad l\u00e4stid\" \/>\n\t<meta name=\"twitter:data1\" content=\"1 minut\" \/>\n<script type=\"application\/ld+json\" class=\"yoast-schema-graph\">{\"@context\":\"https:\\\/\\\/schema.org\",\"@graph\":[{\"@type\":\"WebPage\",\"@id\":\"https:\\\/\\\/wp.kristdemokraterna.se\\\/hudiksvall\\\/textsida-fullbredd\\\/om-kristdemokraterna\\\/princip-program\\\/\",\"url\":\"https:\\\/\\\/wp.kristdemokraterna.se\\\/hudiksvall\\\/textsida-fullbredd\\\/om-kristdemokraterna\\\/princip-program\\\/\",\"name\":\"Princip program - Kristdemokraterna i Hudiksvall\",\"isPartOf\":{\"@id\":\"https:\\\/\\\/wp.kristdemokraterna.se\\\/hudiksvall\\\/#website\"},\"datePublished\":\"2021-05-04T18:58:13+00:00\",\"dateModified\":\"2024-02-28T09:18:28+00:00\",\"breadcrumb\":{\"@id\":\"https:\\\/\\\/wp.kristdemokraterna.se\\\/hudiksvall\\\/textsida-fullbredd\\\/om-kristdemokraterna\\\/princip-program\\\/#breadcrumb\"},\"inLanguage\":\"sv-SE\",\"potentialAction\":[{\"@type\":\"ReadAction\",\"target\":[\"https:\\\/\\\/wp.kristdemokraterna.se\\\/hudiksvall\\\/textsida-fullbredd\\\/om-kristdemokraterna\\\/princip-program\\\/\"]}]},{\"@type\":\"BreadcrumbList\",\"@id\":\"https:\\\/\\\/wp.kristdemokraterna.se\\\/hudiksvall\\\/textsida-fullbredd\\\/om-kristdemokraterna\\\/princip-program\\\/#breadcrumb\",\"itemListElement\":[{\"@type\":\"ListItem\",\"position\":1,\"name\":\"Hem\",\"item\":\"https:\\\/\\\/wp.kristdemokraterna.se\\\/hudiksvall\\\/\"},{\"@type\":\"ListItem\",\"position\":2,\"name\":\"Vad vi st\u00e5r f\u00f6r!\",\"item\":\"https:\\\/\\\/wp.kristdemokraterna.se\\\/hudiksvall\\\/textsida-fullbredd\\\/\"},{\"@type\":\"ListItem\",\"position\":3,\"name\":\"Om Kristdemokraterna\",\"item\":\"https:\\\/\\\/wp.kristdemokraterna.se\\\/hudiksvall\\\/textsida-fullbredd\\\/om-kristdemokraterna\\\/\"},{\"@type\":\"ListItem\",\"position\":4,\"name\":\"Princip program\"}]},{\"@type\":\"WebSite\",\"@id\":\"https:\\\/\\\/wp.kristdemokraterna.se\\\/hudiksvall\\\/#website\",\"url\":\"https:\\\/\\\/wp.kristdemokraterna.se\\\/hudiksvall\\\/\",\"name\":\"Kristdemokraterna i Hudiksvall\",\"description\":\"En till Kristdemokraterna webbplats\",\"inLanguage\":\"sv-SE\"}]}<\/script>\n<!-- \/ Yoast SEO plugin. -->","yoast_head_json":{"title":"Princip program - Kristdemokraterna i Hudiksvall","robots":{"index":"index","follow":"follow","max-snippet":"max-snippet:-1","max-image-preview":"max-image-preview:large","max-video-preview":"max-video-preview:-1"},"canonical":"https:\/\/wp.kristdemokraterna.se\/hudiksvall\/textsida-fullbredd\/om-kristdemokraterna\/princip-program\/","og_locale":"sv_SE","og_type":"article","og_title":"Princip program - Kristdemokraterna i Hudiksvall","og_description":"&nbsp; F\u00f6r att ta del av v\u00e5rat princip-program Klicka h\u00e4r","og_url":"https:\/\/wp.kristdemokraterna.se\/hudiksvall\/textsida-fullbredd\/om-kristdemokraterna\/princip-program\/","og_site_name":"Kristdemokraterna i Hudiksvall","article_modified_time":"2024-02-28T09:18:28+00:00","twitter_card":"summary_large_image","twitter_misc":{"Ber\u00e4knad l\u00e4stid":"1 minut"},"schema":{"@context":"https:\/\/schema.org","@graph":[{"@type":"WebPage","@id":"https:\/\/wp.kristdemokraterna.se\/hudiksvall\/textsida-fullbredd\/om-kristdemokraterna\/princip-program\/","url":"https:\/\/wp.kristdemokraterna.se\/hudiksvall\/textsida-fullbredd\/om-kristdemokraterna\/princip-program\/","name":"Princip program - Kristdemokraterna i Hudiksvall","isPartOf":{"@id":"https:\/\/wp.kristdemokraterna.se\/hudiksvall\/#website"},"datePublished":"2021-05-04T18:58:13+00:00","dateModified":"2024-02-28T09:18:28+00:00","breadcrumb":{"@id":"https:\/\/wp.kristdemokraterna.se\/hudiksvall\/textsida-fullbredd\/om-kristdemokraterna\/princip-program\/#breadcrumb"},"inLanguage":"sv-SE","potentialAction":[{"@type":"ReadAction","target":["https:\/\/wp.kristdemokraterna.se\/hudiksvall\/textsida-fullbredd\/om-kristdemokraterna\/princip-program\/"]}]},{"@type":"BreadcrumbList","@id":"https:\/\/wp.kristdemokraterna.se\/hudiksvall\/textsida-fullbredd\/om-kristdemokraterna\/princip-program\/#breadcrumb","itemListElement":[{"@type":"ListItem","position":1,"name":"Hem","item":"https:\/\/wp.kristdemokraterna.se\/hudiksvall\/"},{"@type":"ListItem","position":2,"name":"Vad vi st\u00e5r f\u00f6r!","item":"https:\/\/wp.kristdemokraterna.se\/hudiksvall\/textsida-fullbredd\/"},{"@type":"ListItem","position":3,"name":"Om Kristdemokraterna","item":"https:\/\/wp.kristdemokraterna.se\/hudiksvall\/textsida-fullbredd\/om-kristdemokraterna\/"},{"@type":"ListItem","position":4,"name":"Princip program"}]},{"@type":"WebSite","@id":"https:\/\/wp.kristdemokraterna.se\/hudiksvall\/#website","url":"https:\/\/wp.kristdemokraterna.se\/hudiksvall\/","name":"Kristdemokraterna i Hudiksvall","description":"En till Kristdemokraterna webbplats","inLanguage":"sv-SE"}]}},"_links":{"self":[{"href":"https:\/\/wp.kristdemokraterna.se\/hudiksvall\/wp-json\/wp\/v2\/pages\/772","targetHints":{"allow":["GET"]}}],"collection":[{"href":"https:\/\/wp.kristdemokraterna.se\/hudiksvall\/wp-json\/wp\/v2\/pages"}],"about":[{"href":"https:\/\/wp.kristdemokraterna.se\/hudiksvall\/wp-json\/wp\/v2\/types\/page"}],"author":[{"embeddable":true,"href":"https:\/\/wp.kristdemokraterna.se\/hudiksvall\/wp-json\/wp\/v2\/users\/906"}],"replies":[{"embeddable":true,"href":"https:\/\/wp.kristdemokraterna.se\/hudiksvall\/wp-json\/wp\/v2\/comments?post=772"}],"version-history":[{"count":5,"href":"https:\/\/wp.kristdemokraterna.se\/hudiksvall\/wp-json\/wp\/v2\/pages\/772\/revisions"}],"predecessor-version":[{"id":1033,"href":"https:\/\/wp.kristdemokraterna.se\/hudiksvall\/wp-json\/wp\/v2\/pages\/772\/revisions\/1033"}],"up":[{"embeddable":true,"href":"https:\/\/wp.kristdemokraterna.se\/hudiksvall\/wp-json\/wp\/v2\/pages\/368"}],"wp:attachment":[{"href":"https:\/\/wp.kristdemokraterna.se\/hudiksvall\/wp-json\/wp\/v2\/media?parent=772"}],"curies":[{"name":"wp","href":"https:\/\/api.w.org\/{rel}","templated":true}]}}