{"id":1157,"date":"2022-08-16T13:45:34","date_gmt":"2022-08-16T11:45:34","guid":{"rendered":"https:\/\/wp.kristdemokraterna.se\/janstefanson\/?page_id=1157"},"modified":"2022-08-16T13:45:34","modified_gmt":"2022-08-16T11:45:34","slug":"vid-kommunfullmaktige-i-juni-beslutades","status":"publish","type":"page","link":"https:\/\/wp.kristdemokraterna.se\/janstefanson\/vid-kommunfullmaktige-i-juni-beslutades\/","title":{"rendered":"Vid kommunfullm\u00e4ktige i juni beslutades&#8230;"},"content":{"rendered":"<p>Vid kommunfullm\u00e4ktige i juni beslutades&#8230;om n\u00e5gra viktiga detaljplaner.<\/p>\n<p><strong>Norrboda<\/strong><\/p>\n<p>Vid Brunna handelsomr\u00e5de &#8221;Brunna Park&#8221; har tagits fram ett f\u00f6rslag med bost\u00e4der, skola och \u00e4ldreboende. En ny v\u00e4gdragning till omr\u00e5det bakom Coop s\u00e5 att trafik som ska till handelsomr\u00e5det inte tr\u00e5cklar sig igenom bostadsomr\u00e5dena p\u00e5 samma s\u00e4tt som idag. I avtalet med exploat\u00f6ren m\u00f6jligg\u00f6rs ocks\u00e5 en g\u00e5ng- och cykelbro \u00f6ver Granhammarsv\u00e4gen till idrottsplatsen. En s\u00e4kerhet inte minst f\u00f6r barn och ungdomar som ska passera den h\u00f6gt trafikerade v\u00e4gen<\/p>\n<p>Tyv\u00e4rr har nu L\u00e4nsstyrelsen \u00f6verklagat kommunfullm\u00e4ktiges beslut vilket g\u00f6r att ytterligare tid beh\u00f6ver l\u00e4ggas p\u00e5 planarbetet.<\/p>\n<p><strong>S\u00e4byholm<\/strong><\/p>\n<p>Naturbruksgymnasiet s\u00e5ldes till ABF som i sin tur s\u00e5lde det vidare till ett privat bolag som skapat ett attraktivt bostadsomr\u00e5de intill en vacker natur med mycket lantlighet. G\u00e5ngavst\u00e5nd till M\u00e4laren!<\/p>\n<p>I omr\u00e5det har nu en detaljplan tagits fram f\u00f6r nybyggnation av 140 villor och radhus samt iordningst\u00e4llande av bad och brygga i viken.<\/p>\n<p>Kommunfullm\u00e4ktiges beslut \u00e4r \u00f6verklagat vilket g\u00f6r att ytterligare tid beh\u00f6ver l\u00e4ggas p\u00e5 planarbetet.<\/p>\n<p>&nbsp;<\/p>\n<p><strong>Kockbacka g\u00e4rde<\/strong><\/p>\n<p>I inledningen av projektet &#8221;Omdaning Bro&#8221; f\u00f6ddes id\u00e9n att flytta Broskolan till ett l\u00e4mpligare omr\u00e5de f\u00f6r att f\u00e5nga upp elever fr\u00e5n s\u00e5v\u00e4l s\u00f6dra som norra sidan av j\u00e4rnv\u00e4gen som till viss del kan tyckas dela kommunen. Integrationsm\u00e5l kr\u00e4ver att skolor b\u00e5de \u00e4r attraktiva till inneh\u00e5ll, milj\u00f6 och placering. Kockbacka g\u00e4rde f\u00f6rv\u00e4rvades av kommunen och planarbetet tog vid. Nu \u00e4r detaljplanearbetet framme f\u00f6r avg\u00f6rande s\u00e5 att bygget kan ta vid.<\/p>\n<p>Vid fullm\u00e4ktige \u00e5terremitterade dock oppositionspartierna fr\u00e5gan med en tredjedels minoritet vilket kan g\u00f6ras en g\u00e5ng per \u00e4rende. Fr\u00e5gan avg\u00f6rs nu vid ett extra kommunfullm\u00e4ktige den 24 augusti. Allt pekar p\u00e5 ett positivt utfall. I vanlig ordning kan planen sedan \u00f6verklagas, men fullm\u00e4ktiges beslut st\u00e5r fast om \u00f6verklagan avsl\u00e5s. Det som h\u00e4nder i s\u00e5 fall \u00e4r att fr\u00e5gan under tiden f\u00f6r \u00f6verklagan f\u00f6rdr\u00f6js. S\u00e5 nu h\u00e5ller vi tummarna f\u00f6r en ny fin skola i b\u00e4sta l\u00e4ge!<\/p>\n<p>&nbsp;<\/p>\n<p><strong>Klockaren-H\u00e4rnevihage<\/strong><\/p>\n<p>Detaljplanen avslogs d\u00e5 SD och S med st\u00f6d av MP och V motsatte sig genomf\u00f6randet.<\/p>\n","protected":false},"excerpt":{"rendered":"<p>Vid kommunfullm\u00e4ktige i juni beslutades&#8230;om n\u00e5gra viktiga detaljplaner. Norrboda Vid Brunna handelsomr\u00e5de &#8221;Brunna Park&#8221; har tagits fram ett f\u00f6rslag med bost\u00e4der, skola och \u00e4ldreboende. En ny v\u00e4gdragning till omr\u00e5det bakom Coop s\u00e5 att trafik som ska till handelsomr\u00e5det inte tr\u00e5cklar sig igenom bostadsomr\u00e5dena p\u00e5 samma s\u00e4tt som idag. I avtalet med exploat\u00f6ren m\u00f6jligg\u00f6rs ocks\u00e5 en <a class=\"read-more-link\" href=\"https:\/\/wp.kristdemokraterna.se\/janstefanson\/vid-kommunfullmaktige-i-juni-beslutades\/\">Read More<\/a><\/p>\n","protected":false},"author":530,"featured_media":0,"parent":0,"menu_order":0,"comment_status":"closed","ping_status":"closed","template":"","meta":{"_acf_changed":false,"footnotes":""},"class_list":["post-1157","page","type-page","status-publish","hentry"],"acf":[],"yoast_head":"<!-- This site is optimized with the Yoast SEO plugin v27.4 - https:\/\/yoast.com\/product\/yoast-seo-wordpress\/ -->\n<title>Vid kommunfullm\u00e4ktige i juni beslutades... - Jan Stefanson<\/title>\n<meta name=\"robots\" content=\"index, follow, max-snippet:-1, max-image-preview:large, max-video-preview:-1\" \/>\n<link rel=\"canonical\" href=\"https:\/\/wp.kristdemokraterna.se\/janstefanson\/vid-kommunfullmaktige-i-juni-beslutades\/\" \/>\n<meta property=\"og:locale\" content=\"sv_SE\" \/>\n<meta property=\"og:type\" content=\"article\" \/>\n<meta property=\"og:title\" content=\"Vid kommunfullm\u00e4ktige i juni beslutades... - Jan Stefanson\" \/>\n<meta property=\"og:description\" content=\"Vid kommunfullm\u00e4ktige i juni beslutades&#8230;om n\u00e5gra viktiga detaljplaner. Norrboda Vid Brunna handelsomr\u00e5de &#8221;Brunna Park&#8221; har tagits fram ett f\u00f6rslag med bost\u00e4der, skola och \u00e4ldreboende. En ny v\u00e4gdragning till omr\u00e5det bakom Coop s\u00e5 att trafik som ska till handelsomr\u00e5det inte tr\u00e5cklar sig igenom bostadsomr\u00e5dena p\u00e5 samma s\u00e4tt som idag. I avtalet med exploat\u00f6ren m\u00f6jligg\u00f6rs ocks\u00e5 en Read More\" \/>\n<meta property=\"og:url\" content=\"https:\/\/wp.kristdemokraterna.se\/janstefanson\/vid-kommunfullmaktige-i-juni-beslutades\/\" \/>\n<meta property=\"og:site_name\" content=\"Jan Stefanson\" \/>\n<meta name=\"twitter:card\" content=\"summary_large_image\" \/>\n<meta name=\"twitter:label1\" content=\"Ber\u00e4knad l\u00e4stid\" \/>\n\t<meta name=\"twitter:data1\" content=\"2 minuter\" \/>\n<script type=\"application\/ld+json\" class=\"yoast-schema-graph\">{\"@context\":\"https:\\\/\\\/schema.org\",\"@graph\":[{\"@type\":\"WebPage\",\"@id\":\"https:\\\/\\\/wp.kristdemokraterna.se\\\/janstefanson\\\/vid-kommunfullmaktige-i-juni-beslutades\\\/\",\"url\":\"https:\\\/\\\/wp.kristdemokraterna.se\\\/janstefanson\\\/vid-kommunfullmaktige-i-juni-beslutades\\\/\",\"name\":\"Vid kommunfullm\u00e4ktige i juni beslutades... - Jan Stefanson\",\"isPartOf\":{\"@id\":\"https:\\\/\\\/wp.kristdemokraterna.se\\\/janstefanson\\\/#website\"},\"datePublished\":\"2022-08-16T11:45:34+00:00\",\"breadcrumb\":{\"@id\":\"https:\\\/\\\/wp.kristdemokraterna.se\\\/janstefanson\\\/vid-kommunfullmaktige-i-juni-beslutades\\\/#breadcrumb\"},\"inLanguage\":\"sv-SE\",\"potentialAction\":[{\"@type\":\"ReadAction\",\"target\":[\"https:\\\/\\\/wp.kristdemokraterna.se\\\/janstefanson\\\/vid-kommunfullmaktige-i-juni-beslutades\\\/\"]}]},{\"@type\":\"BreadcrumbList\",\"@id\":\"https:\\\/\\\/wp.kristdemokraterna.se\\\/janstefanson\\\/vid-kommunfullmaktige-i-juni-beslutades\\\/#breadcrumb\",\"itemListElement\":[{\"@type\":\"ListItem\",\"position\":1,\"name\":\"Hem\",\"item\":\"https:\\\/\\\/wp.kristdemokraterna.se\\\/janstefanson\\\/\"},{\"@type\":\"ListItem\",\"position\":2,\"name\":\"Vid kommunfullm\u00e4ktige i juni beslutades&#8230;\"}]},{\"@type\":\"WebSite\",\"@id\":\"https:\\\/\\\/wp.kristdemokraterna.se\\\/janstefanson\\\/#website\",\"url\":\"https:\\\/\\\/wp.kristdemokraterna.se\\\/janstefanson\\\/\",\"name\":\"Jan Stefanson\",\"description\":\"En till Kristdemokraterna webbplats\",\"inLanguage\":\"sv-SE\"}]}<\/script>\n<!-- \/ Yoast SEO plugin. -->","yoast_head_json":{"title":"Vid kommunfullm\u00e4ktige i juni beslutades... - Jan Stefanson","robots":{"index":"index","follow":"follow","max-snippet":"max-snippet:-1","max-image-preview":"max-image-preview:large","max-video-preview":"max-video-preview:-1"},"canonical":"https:\/\/wp.kristdemokraterna.se\/janstefanson\/vid-kommunfullmaktige-i-juni-beslutades\/","og_locale":"sv_SE","og_type":"article","og_title":"Vid kommunfullm\u00e4ktige i juni beslutades... - Jan Stefanson","og_description":"Vid kommunfullm\u00e4ktige i juni beslutades&#8230;om n\u00e5gra viktiga detaljplaner. Norrboda Vid Brunna handelsomr\u00e5de &#8221;Brunna Park&#8221; har tagits fram ett f\u00f6rslag med bost\u00e4der, skola och \u00e4ldreboende. En ny v\u00e4gdragning till omr\u00e5det bakom Coop s\u00e5 att trafik som ska till handelsomr\u00e5det inte tr\u00e5cklar sig igenom bostadsomr\u00e5dena p\u00e5 samma s\u00e4tt som idag. I avtalet med exploat\u00f6ren m\u00f6jligg\u00f6rs ocks\u00e5 en Read More","og_url":"https:\/\/wp.kristdemokraterna.se\/janstefanson\/vid-kommunfullmaktige-i-juni-beslutades\/","og_site_name":"Jan Stefanson","twitter_card":"summary_large_image","twitter_misc":{"Ber\u00e4knad l\u00e4stid":"2 minuter"},"schema":{"@context":"https:\/\/schema.org","@graph":[{"@type":"WebPage","@id":"https:\/\/wp.kristdemokraterna.se\/janstefanson\/vid-kommunfullmaktige-i-juni-beslutades\/","url":"https:\/\/wp.kristdemokraterna.se\/janstefanson\/vid-kommunfullmaktige-i-juni-beslutades\/","name":"Vid kommunfullm\u00e4ktige i juni beslutades... - Jan Stefanson","isPartOf":{"@id":"https:\/\/wp.kristdemokraterna.se\/janstefanson\/#website"},"datePublished":"2022-08-16T11:45:34+00:00","breadcrumb":{"@id":"https:\/\/wp.kristdemokraterna.se\/janstefanson\/vid-kommunfullmaktige-i-juni-beslutades\/#breadcrumb"},"inLanguage":"sv-SE","potentialAction":[{"@type":"ReadAction","target":["https:\/\/wp.kristdemokraterna.se\/janstefanson\/vid-kommunfullmaktige-i-juni-beslutades\/"]}]},{"@type":"BreadcrumbList","@id":"https:\/\/wp.kristdemokraterna.se\/janstefanson\/vid-kommunfullmaktige-i-juni-beslutades\/#breadcrumb","itemListElement":[{"@type":"ListItem","position":1,"name":"Hem","item":"https:\/\/wp.kristdemokraterna.se\/janstefanson\/"},{"@type":"ListItem","position":2,"name":"Vid kommunfullm\u00e4ktige i juni beslutades&#8230;"}]},{"@type":"WebSite","@id":"https:\/\/wp.kristdemokraterna.se\/janstefanson\/#website","url":"https:\/\/wp.kristdemokraterna.se\/janstefanson\/","name":"Jan Stefanson","description":"En till Kristdemokraterna webbplats","inLanguage":"sv-SE"}]}},"_links":{"self":[{"href":"https:\/\/wp.kristdemokraterna.se\/janstefanson\/wp-json\/wp\/v2\/pages\/1157","targetHints":{"allow":["GET"]}}],"collection":[{"href":"https:\/\/wp.kristdemokraterna.se\/janstefanson\/wp-json\/wp\/v2\/pages"}],"about":[{"href":"https:\/\/wp.kristdemokraterna.se\/janstefanson\/wp-json\/wp\/v2\/types\/page"}],"author":[{"embeddable":true,"href":"https:\/\/wp.kristdemokraterna.se\/janstefanson\/wp-json\/wp\/v2\/users\/530"}],"replies":[{"embeddable":true,"href":"https:\/\/wp.kristdemokraterna.se\/janstefanson\/wp-json\/wp\/v2\/comments?post=1157"}],"version-history":[{"count":1,"href":"https:\/\/wp.kristdemokraterna.se\/janstefanson\/wp-json\/wp\/v2\/pages\/1157\/revisions"}],"predecessor-version":[{"id":1158,"href":"https:\/\/wp.kristdemokraterna.se\/janstefanson\/wp-json\/wp\/v2\/pages\/1157\/revisions\/1158"}],"wp:attachment":[{"href":"https:\/\/wp.kristdemokraterna.se\/janstefanson\/wp-json\/wp\/v2\/media?parent=1157"}],"curies":[{"name":"wp","href":"https:\/\/api.w.org\/{rel}","templated":true}]}}