{"id":58,"date":"2014-08-13T10:50:47","date_gmt":"2014-08-13T08:50:47","guid":{"rendered":"http:\/\/wp.kristdemokraterna.se\/janstefanson\/?page_id=58"},"modified":"2022-08-16T15:06:07","modified_gmt":"2022-08-16T13:06:07","slug":"vem-ar-jag","status":"publish","type":"page","link":"https:\/\/wp.kristdemokraterna.se\/janstefanson\/vem-ar-jag\/","title":{"rendered":"Vem \u00e4r jag?"},"content":{"rendered":"<p>Hej!<br \/>\nJag heter Janne Stefanson och har fyllt sextio\u00e5tta \u00e5r. Min familj best\u00e5r av \u00c5sa och fem barn samt elva barnbarn och en massa sl\u00e4kt.<\/p>\n<p>En stor del av min tid \u00e4gnar jag \u00e5t politik. Har varit VD\/Publisher p\u00e5 tidningen Kristdemokraten och Samh\u00e4llsgemenskaps F\u00f6rlag AB. Under \u00e5rens lopp har jag \u00e4gnat flera dagar i m\u00e5naden \u00e5t\u00a0 Upplands-Bro som gruppledare och nu som\u00a0 kommunalr\u00e5d med s\u00e4rskilt ansvar f\u00f6r samh\u00e4llsbyggnadsfr\u00e5gor.<\/p>\n<p><strong>Mitt huvudsakliga politiska ansvar under innevarande mandatperiod \u00e4r f\u00f6rutom helhetsansvar som ledamot i ledningen f\u00f6r kommunstyrelsen ocks\u00e5 ordf\u00f6rande i Samh\u00e4llsbyggnadsutskottet.<\/strong><\/p>\n<p>Jag har under perioden 1998-2012 varit ledamot i landstingsfullm\u00e4ktige med uppdrag b\u00e5de i trafikfr\u00e5gor (SL), regional planering (RTN) och sjukv\u00e5rdsfr\u00e5gor (HSN).<\/p>\n<p>Som ledamot i kommunfullm\u00e4ktige \u00e4r jag numera \u00e5lderspresident d\u00e5 jag b\u00f6rjade i fullm\u00e4ktige januari 1987 och med det varit l\u00e4ngst i fullm\u00e4ktige av alla utan avbrott. Merparten av tiden har det varit v\u00e4nsterlett och jag har opponerat. Vid de mandatperioder KD varit ledande har mina uppdrag varit ordf\u00f6rande i Barn och Ungdomsn\u00e4mnden, ordf\u00f6rande i Kultur och Fritidsn\u00e4mnden, ordf\u00f6rande i Upplands-Bro Kommunf\u00f6retag AB, vice ordf\u00f6rande i Kommunstyrelsen och nu ordf\u00f6rande i Samh\u00e4llsbyggnadsutskottet.<\/p>\n<p>&nbsp;<\/p>\n","protected":false},"excerpt":{"rendered":"<p>Hej! Jag heter Janne Stefanson och har fyllt sextio\u00e5tta \u00e5r. Min familj best\u00e5r av \u00c5sa och fem barn samt elva barnbarn och en massa sl\u00e4kt. En stor del av min tid \u00e4gnar jag \u00e5t politik. Har varit VD\/Publisher p\u00e5 tidningen Kristdemokraten och Samh\u00e4llsgemenskaps F\u00f6rlag AB. Under \u00e5rens lopp har jag \u00e4gnat flera dagar i m\u00e5naden <a class=\"read-more-link\" href=\"https:\/\/wp.kristdemokraterna.se\/janstefanson\/vem-ar-jag\/\">Read More<\/a><\/p>\n","protected":false},"author":530,"featured_media":0,"parent":0,"menu_order":0,"comment_status":"closed","ping_status":"closed","template":"","meta":{"_acf_changed":false,"footnotes":""},"class_list":["post-58","page","type-page","status-publish","hentry"],"acf":[],"yoast_head":"<!-- This site is optimized with the Yoast SEO plugin v27.3 - https:\/\/yoast.com\/product\/yoast-seo-wordpress\/ -->\n<title>Vem \u00e4r jag? - Jan Stefanson<\/title>\n<meta name=\"robots\" content=\"index, follow, max-snippet:-1, max-image-preview:large, max-video-preview:-1\" \/>\n<link rel=\"canonical\" href=\"https:\/\/wp.kristdemokraterna.se\/janstefanson\/vem-ar-jag\/\" \/>\n<meta property=\"og:locale\" content=\"sv_SE\" \/>\n<meta property=\"og:type\" content=\"article\" \/>\n<meta property=\"og:title\" content=\"Vem \u00e4r jag? - Jan Stefanson\" \/>\n<meta property=\"og:description\" content=\"Hej! Jag heter Janne Stefanson och har fyllt sextio\u00e5tta \u00e5r. Min familj best\u00e5r av \u00c5sa och fem barn samt elva barnbarn och en massa sl\u00e4kt. En stor del av min tid \u00e4gnar jag \u00e5t politik. Har varit VD\/Publisher p\u00e5 tidningen Kristdemokraten och Samh\u00e4llsgemenskaps F\u00f6rlag AB. Under \u00e5rens lopp har jag \u00e4gnat flera dagar i m\u00e5naden Read More\" \/>\n<meta property=\"og:url\" content=\"https:\/\/wp.kristdemokraterna.se\/janstefanson\/vem-ar-jag\/\" \/>\n<meta property=\"og:site_name\" content=\"Jan Stefanson\" \/>\n<meta property=\"article:modified_time\" content=\"2022-08-16T13:06:07+00:00\" \/>\n<meta name=\"twitter:card\" content=\"summary_large_image\" \/>\n<meta name=\"twitter:label1\" content=\"Ber\u00e4knad l\u00e4stid\" \/>\n\t<meta name=\"twitter:data1\" content=\"1 minut\" \/>\n<script type=\"application\/ld+json\" class=\"yoast-schema-graph\">{\"@context\":\"https:\\\/\\\/schema.org\",\"@graph\":[{\"@type\":\"WebPage\",\"@id\":\"https:\\\/\\\/wp.kristdemokraterna.se\\\/janstefanson\\\/vem-ar-jag\\\/\",\"url\":\"https:\\\/\\\/wp.kristdemokraterna.se\\\/janstefanson\\\/vem-ar-jag\\\/\",\"name\":\"Vem \u00e4r jag? - Jan Stefanson\",\"isPartOf\":{\"@id\":\"https:\\\/\\\/wp.kristdemokraterna.se\\\/janstefanson\\\/#website\"},\"datePublished\":\"2014-08-13T08:50:47+00:00\",\"dateModified\":\"2022-08-16T13:06:07+00:00\",\"breadcrumb\":{\"@id\":\"https:\\\/\\\/wp.kristdemokraterna.se\\\/janstefanson\\\/vem-ar-jag\\\/#breadcrumb\"},\"inLanguage\":\"sv-SE\",\"potentialAction\":[{\"@type\":\"ReadAction\",\"target\":[\"https:\\\/\\\/wp.kristdemokraterna.se\\\/janstefanson\\\/vem-ar-jag\\\/\"]}]},{\"@type\":\"BreadcrumbList\",\"@id\":\"https:\\\/\\\/wp.kristdemokraterna.se\\\/janstefanson\\\/vem-ar-jag\\\/#breadcrumb\",\"itemListElement\":[{\"@type\":\"ListItem\",\"position\":1,\"name\":\"Hem\",\"item\":\"https:\\\/\\\/wp.kristdemokraterna.se\\\/janstefanson\\\/\"},{\"@type\":\"ListItem\",\"position\":2,\"name\":\"Vem \u00e4r jag?\"}]},{\"@type\":\"WebSite\",\"@id\":\"https:\\\/\\\/wp.kristdemokraterna.se\\\/janstefanson\\\/#website\",\"url\":\"https:\\\/\\\/wp.kristdemokraterna.se\\\/janstefanson\\\/\",\"name\":\"Jan Stefanson\",\"description\":\"En till Kristdemokraterna webbplats\",\"inLanguage\":\"sv-SE\"}]}<\/script>\n<!-- \/ Yoast SEO plugin. -->","yoast_head_json":{"title":"Vem \u00e4r jag? - Jan Stefanson","robots":{"index":"index","follow":"follow","max-snippet":"max-snippet:-1","max-image-preview":"max-image-preview:large","max-video-preview":"max-video-preview:-1"},"canonical":"https:\/\/wp.kristdemokraterna.se\/janstefanson\/vem-ar-jag\/","og_locale":"sv_SE","og_type":"article","og_title":"Vem \u00e4r jag? - Jan Stefanson","og_description":"Hej! Jag heter Janne Stefanson och har fyllt sextio\u00e5tta \u00e5r. Min familj best\u00e5r av \u00c5sa och fem barn samt elva barnbarn och en massa sl\u00e4kt. En stor del av min tid \u00e4gnar jag \u00e5t politik. Har varit VD\/Publisher p\u00e5 tidningen Kristdemokraten och Samh\u00e4llsgemenskaps F\u00f6rlag AB. Under \u00e5rens lopp har jag \u00e4gnat flera dagar i m\u00e5naden Read More","og_url":"https:\/\/wp.kristdemokraterna.se\/janstefanson\/vem-ar-jag\/","og_site_name":"Jan Stefanson","article_modified_time":"2022-08-16T13:06:07+00:00","twitter_card":"summary_large_image","twitter_misc":{"Ber\u00e4knad l\u00e4stid":"1 minut"},"schema":{"@context":"https:\/\/schema.org","@graph":[{"@type":"WebPage","@id":"https:\/\/wp.kristdemokraterna.se\/janstefanson\/vem-ar-jag\/","url":"https:\/\/wp.kristdemokraterna.se\/janstefanson\/vem-ar-jag\/","name":"Vem \u00e4r jag? - Jan Stefanson","isPartOf":{"@id":"https:\/\/wp.kristdemokraterna.se\/janstefanson\/#website"},"datePublished":"2014-08-13T08:50:47+00:00","dateModified":"2022-08-16T13:06:07+00:00","breadcrumb":{"@id":"https:\/\/wp.kristdemokraterna.se\/janstefanson\/vem-ar-jag\/#breadcrumb"},"inLanguage":"sv-SE","potentialAction":[{"@type":"ReadAction","target":["https:\/\/wp.kristdemokraterna.se\/janstefanson\/vem-ar-jag\/"]}]},{"@type":"BreadcrumbList","@id":"https:\/\/wp.kristdemokraterna.se\/janstefanson\/vem-ar-jag\/#breadcrumb","itemListElement":[{"@type":"ListItem","position":1,"name":"Hem","item":"https:\/\/wp.kristdemokraterna.se\/janstefanson\/"},{"@type":"ListItem","position":2,"name":"Vem \u00e4r jag?"}]},{"@type":"WebSite","@id":"https:\/\/wp.kristdemokraterna.se\/janstefanson\/#website","url":"https:\/\/wp.kristdemokraterna.se\/janstefanson\/","name":"Jan Stefanson","description":"En till Kristdemokraterna webbplats","inLanguage":"sv-SE"}]}},"_links":{"self":[{"href":"https:\/\/wp.kristdemokraterna.se\/janstefanson\/wp-json\/wp\/v2\/pages\/58","targetHints":{"allow":["GET"]}}],"collection":[{"href":"https:\/\/wp.kristdemokraterna.se\/janstefanson\/wp-json\/wp\/v2\/pages"}],"about":[{"href":"https:\/\/wp.kristdemokraterna.se\/janstefanson\/wp-json\/wp\/v2\/types\/page"}],"author":[{"embeddable":true,"href":"https:\/\/wp.kristdemokraterna.se\/janstefanson\/wp-json\/wp\/v2\/users\/530"}],"replies":[{"embeddable":true,"href":"https:\/\/wp.kristdemokraterna.se\/janstefanson\/wp-json\/wp\/v2\/comments?post=58"}],"version-history":[{"count":7,"href":"https:\/\/wp.kristdemokraterna.se\/janstefanson\/wp-json\/wp\/v2\/pages\/58\/revisions"}],"predecessor-version":[{"id":1161,"href":"https:\/\/wp.kristdemokraterna.se\/janstefanson\/wp-json\/wp\/v2\/pages\/58\/revisions\/1161"}],"wp:attachment":[{"href":"https:\/\/wp.kristdemokraterna.se\/janstefanson\/wp-json\/wp\/v2\/media?parent=58"}],"curies":[{"name":"wp","href":"https:\/\/api.w.org\/{rel}","templated":true}]}}