{"id":467,"date":"2018-10-18T10:43:34","date_gmt":"2018-10-18T08:43:34","guid":{"rendered":"http:\/\/wp.kristdemokraterna.se\/jarfalla\/startsida\/"},"modified":"2026-03-10T22:15:16","modified_gmt":"2026-03-10T21:15:16","slug":"startsida","status":"publish","type":"page","link":"https:\/\/wp.kristdemokraterna.se\/jarfalla\/","title":{"rendered":"&#8211; Startsida"},"content":{"rendered":"<p>Vi finns p\u00e5 Facebook, Instagram och TikTok. D\u00e4r hittar ni aktuella h\u00e4ndelser som ber\u00f6r J\u00e4rf\u00e4lla och KD i Sverige.<\/p>\n<p>G\u00e5 in och f\u00f6lj oss genom l\u00e4nken nedan f\u00f6r att h\u00e5lla dig uppdaterad!<\/p>\n<p><a href=\"https:\/\/linktr.ee\/Kristdemokraternajarfalla\">https:\/\/linktr.ee\/Kristdemokraternajarfalla<\/a><\/p>\n","protected":false},"excerpt":{"rendered":"<p>Vi finns p\u00e5 Facebook, Instagram och TikTok. D\u00e4r hittar ni aktuella h\u00e4ndelser som ber\u00f6r J\u00e4rf\u00e4lla och KD i Sverige. G\u00e5 in och f\u00f6lj oss genom l\u00e4nken nedan f\u00f6r att h\u00e5lla dig uppdaterad! https:\/\/linktr.ee\/Kristdemokraternajarfalla<\/p>\n","protected":false},"author":444,"featured_media":0,"parent":0,"menu_order":0,"comment_status":"closed","ping_status":"closed","template":"index.php","meta":{"_acf_changed":false,"footnotes":""},"class_list":["post-467","page","type-page","status-publish","hentry"],"acf":[],"yoast_head":"<!-- This site is optimized with the Yoast SEO plugin v27.4 - https:\/\/yoast.com\/product\/yoast-seo-wordpress\/ -->\n<title>- Startsida - Kristdemokraterna i J\u00e4rf\u00e4lla<\/title>\n<meta name=\"robots\" content=\"index, follow, max-snippet:-1, max-image-preview:large, max-video-preview:-1\" \/>\n<link rel=\"canonical\" href=\"https:\/\/wp.kristdemokraterna.se\/jarfalla\/\" \/>\n<meta property=\"og:locale\" content=\"sv_SE\" \/>\n<meta property=\"og:type\" content=\"article\" \/>\n<meta property=\"og:title\" content=\"- Startsida - Kristdemokraterna i J\u00e4rf\u00e4lla\" \/>\n<meta property=\"og:description\" content=\"Vi finns p\u00e5 Facebook, Instagram och TikTok. D\u00e4r hittar ni aktuella h\u00e4ndelser som ber\u00f6r J\u00e4rf\u00e4lla och KD i Sverige. G\u00e5 in och f\u00f6lj oss genom l\u00e4nken nedan f\u00f6r att h\u00e5lla dig uppdaterad! https:\/\/linktr.ee\/Kristdemokraternajarfalla\" \/>\n<meta property=\"og:url\" content=\"https:\/\/wp.kristdemokraterna.se\/jarfalla\/\" \/>\n<meta property=\"og:site_name\" content=\"Kristdemokraterna i J\u00e4rf\u00e4lla\" \/>\n<meta property=\"article:publisher\" content=\"https:\/\/www.facebook.com\/kdjarfalla\" \/>\n<meta property=\"article:modified_time\" content=\"2026-03-10T21:15:16+00:00\" \/>\n<meta name=\"twitter:card\" content=\"summary_large_image\" \/>\n<meta name=\"twitter:label1\" content=\"Ber\u00e4knad l\u00e4stid\" \/>\n\t<meta name=\"twitter:data1\" content=\"1 minut\" \/>\n<script type=\"application\/ld+json\" class=\"yoast-schema-graph\">{\"@context\":\"https:\\\/\\\/schema.org\",\"@graph\":[{\"@type\":\"WebPage\",\"@id\":\"https:\\\/\\\/wp.kristdemokraterna.se\\\/jarfalla\\\/\",\"url\":\"https:\\\/\\\/wp.kristdemokraterna.se\\\/jarfalla\\\/\",\"name\":\"- Startsida - Kristdemokraterna i J\u00e4rf\u00e4lla\",\"isPartOf\":{\"@id\":\"https:\\\/\\\/wp.kristdemokraterna.se\\\/jarfalla\\\/#website\"},\"datePublished\":\"2018-10-18T08:43:34+00:00\",\"dateModified\":\"2026-03-10T21:15:16+00:00\",\"breadcrumb\":{\"@id\":\"https:\\\/\\\/wp.kristdemokraterna.se\\\/jarfalla\\\/#breadcrumb\"},\"inLanguage\":\"sv-SE\",\"potentialAction\":[{\"@type\":\"ReadAction\",\"target\":[\"https:\\\/\\\/wp.kristdemokraterna.se\\\/jarfalla\\\/\"]}]},{\"@type\":\"BreadcrumbList\",\"@id\":\"https:\\\/\\\/wp.kristdemokraterna.se\\\/jarfalla\\\/#breadcrumb\",\"itemListElement\":[{\"@type\":\"ListItem\",\"position\":1,\"name\":\"Hem\",\"item\":\"https:\\\/\\\/wp.kristdemokraterna.se\\\/jarfalla\\\/\"},{\"@type\":\"ListItem\",\"position\":2,\"name\":\"&#8211; Startsida\"}]},{\"@type\":\"WebSite\",\"@id\":\"https:\\\/\\\/wp.kristdemokraterna.se\\\/jarfalla\\\/#website\",\"url\":\"https:\\\/\\\/wp.kristdemokraterna.se\\\/jarfalla\\\/\",\"name\":\"Kristdemokraterna i J\u00e4rf\u00e4lla\",\"description\":\"Kristdemokraterna i J\u00e4rf\u00e4lla\",\"publisher\":{\"@id\":\"https:\\\/\\\/wp.kristdemokraterna.se\\\/jarfalla\\\/#organization\"},\"inLanguage\":\"sv-SE\"},{\"@type\":\"Organization\",\"@id\":\"https:\\\/\\\/wp.kristdemokraterna.se\\\/jarfalla\\\/#organization\",\"name\":\"Kristdemokraterna i J\u00e4rf\u00e4lla\",\"url\":\"https:\\\/\\\/wp.kristdemokraterna.se\\\/jarfalla\\\/\",\"logo\":{\"@type\":\"ImageObject\",\"inLanguage\":\"sv-SE\",\"@id\":\"https:\\\/\\\/wp.kristdemokraterna.se\\\/jarfalla\\\/#\\\/schema\\\/logo\\\/image\\\/\",\"url\":\"https:\\\/\\\/wp.kristdemokraterna.se\\\/jarfalla\\\/files\\\/2026\\\/03\\\/christian_democrats_sweden_logo_2017.svg\",\"contentUrl\":\"https:\\\/\\\/wp.kristdemokraterna.se\\\/jarfalla\\\/files\\\/2026\\\/03\\\/christian_democrats_sweden_logo_2017.svg\",\"width\":487,\"height\":487,\"caption\":\"Kristdemokraterna i J\u00e4rf\u00e4lla\"},\"image\":{\"@id\":\"https:\\\/\\\/wp.kristdemokraterna.se\\\/jarfalla\\\/#\\\/schema\\\/logo\\\/image\\\/\"},\"sameAs\":[\"https:\\\/\\\/www.facebook.com\\\/kdjarfalla\",\"https:\\\/\\\/www.instagram.com\\\/kd_jarfalla\\\/\"]}]}<\/script>\n<!-- \/ Yoast SEO plugin. -->","yoast_head_json":{"title":"- Startsida - Kristdemokraterna i J\u00e4rf\u00e4lla","robots":{"index":"index","follow":"follow","max-snippet":"max-snippet:-1","max-image-preview":"max-image-preview:large","max-video-preview":"max-video-preview:-1"},"canonical":"https:\/\/wp.kristdemokraterna.se\/jarfalla\/","og_locale":"sv_SE","og_type":"article","og_title":"- Startsida - Kristdemokraterna i J\u00e4rf\u00e4lla","og_description":"Vi finns p\u00e5 Facebook, Instagram och TikTok. D\u00e4r hittar ni aktuella h\u00e4ndelser som ber\u00f6r J\u00e4rf\u00e4lla och KD i Sverige. G\u00e5 in och f\u00f6lj oss genom l\u00e4nken nedan f\u00f6r att h\u00e5lla dig uppdaterad! https:\/\/linktr.ee\/Kristdemokraternajarfalla","og_url":"https:\/\/wp.kristdemokraterna.se\/jarfalla\/","og_site_name":"Kristdemokraterna i J\u00e4rf\u00e4lla","article_publisher":"https:\/\/www.facebook.com\/kdjarfalla","article_modified_time":"2026-03-10T21:15:16+00:00","twitter_card":"summary_large_image","twitter_misc":{"Ber\u00e4knad l\u00e4stid":"1 minut"},"schema":{"@context":"https:\/\/schema.org","@graph":[{"@type":"WebPage","@id":"https:\/\/wp.kristdemokraterna.se\/jarfalla\/","url":"https:\/\/wp.kristdemokraterna.se\/jarfalla\/","name":"- Startsida - Kristdemokraterna i J\u00e4rf\u00e4lla","isPartOf":{"@id":"https:\/\/wp.kristdemokraterna.se\/jarfalla\/#website"},"datePublished":"2018-10-18T08:43:34+00:00","dateModified":"2026-03-10T21:15:16+00:00","breadcrumb":{"@id":"https:\/\/wp.kristdemokraterna.se\/jarfalla\/#breadcrumb"},"inLanguage":"sv-SE","potentialAction":[{"@type":"ReadAction","target":["https:\/\/wp.kristdemokraterna.se\/jarfalla\/"]}]},{"@type":"BreadcrumbList","@id":"https:\/\/wp.kristdemokraterna.se\/jarfalla\/#breadcrumb","itemListElement":[{"@type":"ListItem","position":1,"name":"Hem","item":"https:\/\/wp.kristdemokraterna.se\/jarfalla\/"},{"@type":"ListItem","position":2,"name":"&#8211; Startsida"}]},{"@type":"WebSite","@id":"https:\/\/wp.kristdemokraterna.se\/jarfalla\/#website","url":"https:\/\/wp.kristdemokraterna.se\/jarfalla\/","name":"Kristdemokraterna i J\u00e4rf\u00e4lla","description":"Kristdemokraterna i J\u00e4rf\u00e4lla","publisher":{"@id":"https:\/\/wp.kristdemokraterna.se\/jarfalla\/#organization"},"inLanguage":"sv-SE"},{"@type":"Organization","@id":"https:\/\/wp.kristdemokraterna.se\/jarfalla\/#organization","name":"Kristdemokraterna i J\u00e4rf\u00e4lla","url":"https:\/\/wp.kristdemokraterna.se\/jarfalla\/","logo":{"@type":"ImageObject","inLanguage":"sv-SE","@id":"https:\/\/wp.kristdemokraterna.se\/jarfalla\/#\/schema\/logo\/image\/","url":"https:\/\/wp.kristdemokraterna.se\/jarfalla\/files\/2026\/03\/christian_democrats_sweden_logo_2017.svg","contentUrl":"https:\/\/wp.kristdemokraterna.se\/jarfalla\/files\/2026\/03\/christian_democrats_sweden_logo_2017.svg","width":487,"height":487,"caption":"Kristdemokraterna i J\u00e4rf\u00e4lla"},"image":{"@id":"https:\/\/wp.kristdemokraterna.se\/jarfalla\/#\/schema\/logo\/image\/"},"sameAs":["https:\/\/www.facebook.com\/kdjarfalla","https:\/\/www.instagram.com\/kd_jarfalla\/"]}]}},"_links":{"self":[{"href":"https:\/\/wp.kristdemokraterna.se\/jarfalla\/wp-json\/wp\/v2\/pages\/467","targetHints":{"allow":["GET"]}}],"collection":[{"href":"https:\/\/wp.kristdemokraterna.se\/jarfalla\/wp-json\/wp\/v2\/pages"}],"about":[{"href":"https:\/\/wp.kristdemokraterna.se\/jarfalla\/wp-json\/wp\/v2\/types\/page"}],"author":[{"embeddable":true,"href":"https:\/\/wp.kristdemokraterna.se\/jarfalla\/wp-json\/wp\/v2\/users\/444"}],"replies":[{"embeddable":true,"href":"https:\/\/wp.kristdemokraterna.se\/jarfalla\/wp-json\/wp\/v2\/comments?post=467"}],"version-history":[{"count":17,"href":"https:\/\/wp.kristdemokraterna.se\/jarfalla\/wp-json\/wp\/v2\/pages\/467\/revisions"}],"predecessor-version":[{"id":880,"href":"https:\/\/wp.kristdemokraterna.se\/jarfalla\/wp-json\/wp\/v2\/pages\/467\/revisions\/880"}],"wp:attachment":[{"href":"https:\/\/wp.kristdemokraterna.se\/jarfalla\/wp-json\/wp\/v2\/media?parent=467"}],"curies":[{"name":"wp","href":"https:\/\/api.w.org\/{rel}","templated":true}]}}