{"id":481,"date":"2018-10-18T11:05:51","date_gmt":"2018-10-18T09:05:51","guid":{"rendered":"http:\/\/wp.kristdemokraterna.se\/jarfalla\/?page_id=481"},"modified":"2024-12-12T11:29:50","modified_gmt":"2024-12-12T10:29:50","slug":"vara-politiker-2","status":"publish","type":"page","link":"https:\/\/wp.kristdemokraterna.se\/jarfalla\/vara-politiker-2\/","title":{"rendered":"V\u00e5ra politiker"},"content":{"rendered":"<h2><strong>F\u00f6rtroendevalda<\/strong><\/h2>\n<p><strong><img loading=\"lazy\" decoding=\"async\" class=\"size-thumbnail wp-image-666 alignleft\" src=\"http:\/\/wp.kristdemokraterna.se\/jarfalla\/files\/2019\/08\/annhedbergbalka2019-150x150.jpg\" alt=\"Ann Hedberg Balk\u00e5\" width=\"150\" height=\"150\" srcset=\"https:\/\/wp.kristdemokraterna.se\/jarfalla\/files\/2019\/08\/annhedbergbalka2019-150x150.jpg 150w, https:\/\/wp.kristdemokraterna.se\/jarfalla\/files\/2019\/08\/annhedbergbalka2019-90x90.jpg 90w\" sizes=\"auto, (max-width: 150px) 100vw, 150px\" \/><\/strong><\/p>\n<p><strong>Ann Hedberg Balk\u00e5<br \/>\n<\/strong>Kommunalr\u00e5d<\/p>\n<p>Ers\u00e4ttare i Kommunstyrelsen.<\/p>\n<p>Mobil: 070-3411173<br \/>\nE-post: <span style=\"color: navy;font-family: Arial;font-size: small\"><a href=\"mailto:ann.hedberg.balka@telia.com\" target=\"_blank\" rel=\"noopener noreferrer\">ann.hedberg.balka@kristdemokraterna.se<\/a><\/span><\/p>\n<p>&nbsp;<\/p>\n<h2><strong><img loading=\"lazy\" decoding=\"async\" class=\"alignleft wp-image-801 size-thumbnail\" src=\"http:\/\/wp.kristdemokraterna.se\/jarfalla\/files\/2022\/10\/ylvabjelle3beskuren-150x150.jpg\" alt=\"Ylva Bjelle i svart kavaj och leende\" width=\"150\" height=\"150\" srcset=\"https:\/\/wp.kristdemokraterna.se\/jarfalla\/files\/2022\/10\/ylvabjelle3beskuren-150x150.jpg 150w, https:\/\/wp.kristdemokraterna.se\/jarfalla\/files\/2022\/10\/ylvabjelle3beskuren-90x90.jpg 90w\" sizes=\"auto, (max-width: 150px) 100vw, 150px\" \/><\/strong><\/h2>\n<p><strong>Ylva Bjelle<\/strong><\/p>\n<p>Gruppledare<br \/>\nLedamot i Kommunfullm\u00e4ktige och Kultur-, demokrati- och fritidsn\u00e4mnden<\/p>\n<p>E-post: ylva.bjelle@kristdemokraterna.se<\/p>\n<p>&nbsp;<\/p>\n<p><img loading=\"lazy\" decoding=\"async\" class=\"alignleft wp-image-740 size-thumbnail\" src=\"http:\/\/wp.kristdemokraterna.se\/jarfalla\/files\/2022\/08\/magnus-150x150.jpeg\" alt=\"Magnus Koljs\u00f6\" width=\"150\" height=\"150\" srcset=\"https:\/\/wp.kristdemokraterna.se\/jarfalla\/files\/2022\/08\/magnus-150x150.jpeg 150w, https:\/\/wp.kristdemokraterna.se\/jarfalla\/files\/2022\/08\/magnus-90x90.jpeg 90w\" sizes=\"auto, (max-width: 150px) 100vw, 150px\" \/><\/p>\n<p><strong><br \/>\nMagnus Kolsj\u00f6<br \/>\n<\/strong>ers\u00e4ttare\u00a0 Kommunfullm\u00e4ktige,<br \/>\nAndre vice ordf\u00f6rande i Tekniska n\u00e4mnden<\/p>\n<p>E-post: magnus.kolsjo@kristdemokraterna.se<\/p>\n<div align=\"left\">\n<p>&nbsp;<\/p>\n<\/div>\n<p><strong>Jakob L\u00f6fgren<\/strong><br \/>\nMilj\u00f6- och bygglovsn\u00e4mnden<\/p>\n<p>&nbsp;<\/p>\n<p><img loading=\"lazy\" decoding=\"async\" class=\"wp-image-743 size-thumbnail alignnone\" src=\"http:\/\/wp.kristdemokraterna.se\/jarfalla\/files\/2022\/08\/annikaw-150x150.jpg\" alt=\"Annika Wallin\" width=\"150\" height=\"150\" srcset=\"https:\/\/wp.kristdemokraterna.se\/jarfalla\/files\/2022\/08\/annikaw-150x150.jpg 150w, https:\/\/wp.kristdemokraterna.se\/jarfalla\/files\/2022\/08\/annikaw-90x90.jpg 90w\" sizes=\"auto, (max-width: 150px) 100vw, 150px\" \/><br \/>\n<strong>Annika Wallin<\/strong><br \/>\nLedamot i Utbildningsn\u00e4mnden<br \/>\nE-post: Annika.Wallin@jarfalla.se<\/p>\n<p><strong>Waiel Yousef<\/strong><br \/>\nErs\u00e4ttare i Utbildningsn\u00e4mnden<br \/>\nE-post: Annika.Wallin@jarfalla.se<\/p>\n<p><strong>Goggi Garis<\/strong><br \/>\nLedamot i F\u00f6rskolen\u00e4mnden<\/p>\n<p><img loading=\"lazy\" decoding=\"async\" class=\"alignleft size-thumbnail wp-image-659\" src=\"http:\/\/wp.kristdemokraterna.se\/jarfalla\/files\/2019\/08\/ulfjohansson-150x150.jpg\" alt=\"Ulf Johansson\" width=\"150\" height=\"150\" srcset=\"https:\/\/wp.kristdemokraterna.se\/jarfalla\/files\/2019\/08\/ulfjohansson-150x150.jpg 150w, https:\/\/wp.kristdemokraterna.se\/jarfalla\/files\/2019\/08\/ulfjohansson-90x90.jpg 90w\" sizes=\"auto, (max-width: 150px) 100vw, 150px\" \/><\/p>\n<p>&nbsp;<\/p>\n<p><strong>Ulf Johansson<\/strong><br \/>\nkommunens revision<br \/>\nE-post:ulf.johansson@jarfalla.se<\/p>\n<p>&nbsp;<\/p>\n<p><img loading=\"lazy\" decoding=\"async\" class=\"alignleft size-thumbnail wp-image-656\" src=\"http:\/\/wp.kristdemokraterna.se\/jarfalla\/files\/2019\/08\/ingersundqvist-150x150.jpg\" alt=\"\" width=\"150\" height=\"150\" srcset=\"https:\/\/wp.kristdemokraterna.se\/jarfalla\/files\/2019\/08\/ingersundqvist-150x150.jpg 150w, https:\/\/wp.kristdemokraterna.se\/jarfalla\/files\/2019\/08\/ingersundqvist-90x90.jpg 90w\" sizes=\"auto, (max-width: 150px) 100vw, 150px\" \/><\/p>\n<p>&nbsp;<\/p>\n<p><strong>Inger Sundqvist<br \/>\n<\/strong>Ledamot i Socialn\u00e4mnden<br \/>\nErs\u00e4ttare i Kommunfullm\u00e4ktige<br \/>\nE-post: inger.m.sundqvist@hotmail.com<\/p>\n<p>&nbsp;<\/p>\n<p><strong>Manuella Tok<\/strong><br \/>\nErs\u00e4ttare i Socialn\u00e4mnden<\/p>\n","protected":false},"excerpt":{"rendered":"<p>F\u00f6rtroendevalda Ann Hedberg Balk\u00e5 Kommunalr\u00e5d Ers\u00e4ttare i Kommunstyrelsen. Mobil: 070-3411173 E-post: ann.hedberg.balka@kristdemokraterna.se &nbsp; Ylva Bjelle Gruppledare Ledamot i Kommunfullm\u00e4ktige och Kultur-, demokrati- och fritidsn\u00e4mnden E-post: ylva.bjelle@kristdemokraterna.se &nbsp; Magnus Kolsj\u00f6 ers\u00e4ttare\u00a0 Kommunfullm\u00e4ktige, Andre vice ordf\u00f6rande i Tekniska n\u00e4mnden E-post: magnus.kolsjo@kristdemokraterna.se &nbsp; Jakob L\u00f6fgren Milj\u00f6- och bygglovsn\u00e4mnden &nbsp; Annika Wallin Ledamot i Utbildningsn\u00e4mnden E-post: Annika.Wallin@jarfalla.se Waiel Yousef <a class=\"read-more-link\" href=\"https:\/\/wp.kristdemokraterna.se\/jarfalla\/vara-politiker-2\/\">Read More<\/a><\/p>\n","protected":false},"author":444,"featured_media":0,"parent":0,"menu_order":0,"comment_status":"closed","ping_status":"closed","template":"page.php","meta":{"_acf_changed":false,"footnotes":""},"class_list":["post-481","page","type-page","status-publish","hentry"],"acf":[],"yoast_head":"<!-- This site is optimized with the Yoast SEO plugin v27.3 - https:\/\/yoast.com\/product\/yoast-seo-wordpress\/ -->\n<title>V\u00e5ra politiker - Kristdemokraterna i J\u00e4rf\u00e4lla<\/title>\n<meta name=\"robots\" content=\"index, follow, max-snippet:-1, max-image-preview:large, max-video-preview:-1\" \/>\n<link rel=\"canonical\" href=\"https:\/\/wp.kristdemokraterna.se\/jarfalla\/vara-politiker-2\/\" \/>\n<meta property=\"og:locale\" content=\"sv_SE\" \/>\n<meta property=\"og:type\" content=\"article\" \/>\n<meta property=\"og:title\" content=\"V\u00e5ra politiker - Kristdemokraterna i J\u00e4rf\u00e4lla\" \/>\n<meta property=\"og:description\" content=\"F\u00f6rtroendevalda Ann Hedberg Balk\u00e5 Kommunalr\u00e5d Ers\u00e4ttare i Kommunstyrelsen. Mobil: 070-3411173 E-post: ann.hedberg.balka@kristdemokraterna.se &nbsp; Ylva Bjelle Gruppledare Ledamot i Kommunfullm\u00e4ktige och Kultur-, demokrati- och fritidsn\u00e4mnden E-post: ylva.bjelle@kristdemokraterna.se &nbsp; Magnus Kolsj\u00f6 ers\u00e4ttare\u00a0 Kommunfullm\u00e4ktige, Andre vice ordf\u00f6rande i Tekniska n\u00e4mnden E-post: magnus.kolsjo@kristdemokraterna.se &nbsp; Jakob L\u00f6fgren Milj\u00f6- och bygglovsn\u00e4mnden &nbsp; Annika Wallin Ledamot i Utbildningsn\u00e4mnden E-post: Annika.Wallin@jarfalla.se Waiel Yousef Read More\" \/>\n<meta property=\"og:url\" content=\"https:\/\/wp.kristdemokraterna.se\/jarfalla\/vara-politiker-2\/\" \/>\n<meta property=\"og:site_name\" content=\"Kristdemokraterna i J\u00e4rf\u00e4lla\" \/>\n<meta property=\"article:publisher\" content=\"https:\/\/www.facebook.com\/kdjarfalla\" \/>\n<meta property=\"article:modified_time\" content=\"2024-12-12T10:29:50+00:00\" \/>\n<meta property=\"og:image\" content=\"https:\/\/wp.kristdemokraterna.se\/jarfalla\/files\/2019\/08\/annhedbergbalka2019.jpg\" \/>\n\t<meta property=\"og:image:width\" content=\"853\" \/>\n\t<meta property=\"og:image:height\" content=\"1280\" \/>\n\t<meta property=\"og:image:type\" content=\"image\/jpeg\" \/>\n<meta name=\"twitter:card\" content=\"summary_large_image\" \/>\n<meta name=\"twitter:label1\" content=\"Ber\u00e4knad l\u00e4stid\" \/>\n\t<meta name=\"twitter:data1\" content=\"2 minuter\" \/>\n<script type=\"application\/ld+json\" class=\"yoast-schema-graph\">{\"@context\":\"https:\\\/\\\/schema.org\",\"@graph\":[{\"@type\":\"WebPage\",\"@id\":\"https:\\\/\\\/wp.kristdemokraterna.se\\\/jarfalla\\\/vara-politiker-2\\\/\",\"url\":\"https:\\\/\\\/wp.kristdemokraterna.se\\\/jarfalla\\\/vara-politiker-2\\\/\",\"name\":\"V\u00e5ra politiker - Kristdemokraterna i J\u00e4rf\u00e4lla\",\"isPartOf\":{\"@id\":\"https:\\\/\\\/wp.kristdemokraterna.se\\\/jarfalla\\\/#website\"},\"primaryImageOfPage\":{\"@id\":\"https:\\\/\\\/wp.kristdemokraterna.se\\\/jarfalla\\\/vara-politiker-2\\\/#primaryimage\"},\"image\":{\"@id\":\"https:\\\/\\\/wp.kristdemokraterna.se\\\/jarfalla\\\/vara-politiker-2\\\/#primaryimage\"},\"thumbnailUrl\":\"http:\\\/\\\/wp.kristdemokraterna.se\\\/jarfalla\\\/files\\\/2019\\\/08\\\/annhedbergbalka2019-150x150.jpg\",\"datePublished\":\"2018-10-18T09:05:51+00:00\",\"dateModified\":\"2024-12-12T10:29:50+00:00\",\"breadcrumb\":{\"@id\":\"https:\\\/\\\/wp.kristdemokraterna.se\\\/jarfalla\\\/vara-politiker-2\\\/#breadcrumb\"},\"inLanguage\":\"sv-SE\",\"potentialAction\":[{\"@type\":\"ReadAction\",\"target\":[\"https:\\\/\\\/wp.kristdemokraterna.se\\\/jarfalla\\\/vara-politiker-2\\\/\"]}]},{\"@type\":\"ImageObject\",\"inLanguage\":\"sv-SE\",\"@id\":\"https:\\\/\\\/wp.kristdemokraterna.se\\\/jarfalla\\\/vara-politiker-2\\\/#primaryimage\",\"url\":\"http:\\\/\\\/wp.kristdemokraterna.se\\\/jarfalla\\\/files\\\/2019\\\/08\\\/annhedbergbalka2019-150x150.jpg\",\"contentUrl\":\"http:\\\/\\\/wp.kristdemokraterna.se\\\/jarfalla\\\/files\\\/2019\\\/08\\\/annhedbergbalka2019-150x150.jpg\"},{\"@type\":\"BreadcrumbList\",\"@id\":\"https:\\\/\\\/wp.kristdemokraterna.se\\\/jarfalla\\\/vara-politiker-2\\\/#breadcrumb\",\"itemListElement\":[{\"@type\":\"ListItem\",\"position\":1,\"name\":\"Hem\",\"item\":\"https:\\\/\\\/wp.kristdemokraterna.se\\\/jarfalla\\\/\"},{\"@type\":\"ListItem\",\"position\":2,\"name\":\"V\u00e5ra politiker\"}]},{\"@type\":\"WebSite\",\"@id\":\"https:\\\/\\\/wp.kristdemokraterna.se\\\/jarfalla\\\/#website\",\"url\":\"https:\\\/\\\/wp.kristdemokraterna.se\\\/jarfalla\\\/\",\"name\":\"Kristdemokraterna i J\u00e4rf\u00e4lla\",\"description\":\"Kristdemokraterna i J\u00e4rf\u00e4lla\",\"publisher\":{\"@id\":\"https:\\\/\\\/wp.kristdemokraterna.se\\\/jarfalla\\\/#organization\"},\"inLanguage\":\"sv-SE\"},{\"@type\":\"Organization\",\"@id\":\"https:\\\/\\\/wp.kristdemokraterna.se\\\/jarfalla\\\/#organization\",\"name\":\"Kristdemokraterna i J\u00e4rf\u00e4lla\",\"url\":\"https:\\\/\\\/wp.kristdemokraterna.se\\\/jarfalla\\\/\",\"logo\":{\"@type\":\"ImageObject\",\"inLanguage\":\"sv-SE\",\"@id\":\"https:\\\/\\\/wp.kristdemokraterna.se\\\/jarfalla\\\/#\\\/schema\\\/logo\\\/image\\\/\",\"url\":\"https:\\\/\\\/wp.kristdemokraterna.se\\\/jarfalla\\\/files\\\/2026\\\/03\\\/christian_democrats_sweden_logo_2017.svg\",\"contentUrl\":\"https:\\\/\\\/wp.kristdemokraterna.se\\\/jarfalla\\\/files\\\/2026\\\/03\\\/christian_democrats_sweden_logo_2017.svg\",\"width\":487,\"height\":487,\"caption\":\"Kristdemokraterna i J\u00e4rf\u00e4lla\"},\"image\":{\"@id\":\"https:\\\/\\\/wp.kristdemokraterna.se\\\/jarfalla\\\/#\\\/schema\\\/logo\\\/image\\\/\"},\"sameAs\":[\"https:\\\/\\\/www.facebook.com\\\/kdjarfalla\",\"https:\\\/\\\/www.instagram.com\\\/kd_jarfalla\\\/\"]}]}<\/script>\n<!-- \/ Yoast SEO plugin. -->","yoast_head_json":{"title":"V\u00e5ra politiker - Kristdemokraterna i J\u00e4rf\u00e4lla","robots":{"index":"index","follow":"follow","max-snippet":"max-snippet:-1","max-image-preview":"max-image-preview:large","max-video-preview":"max-video-preview:-1"},"canonical":"https:\/\/wp.kristdemokraterna.se\/jarfalla\/vara-politiker-2\/","og_locale":"sv_SE","og_type":"article","og_title":"V\u00e5ra politiker - Kristdemokraterna i J\u00e4rf\u00e4lla","og_description":"F\u00f6rtroendevalda Ann Hedberg Balk\u00e5 Kommunalr\u00e5d Ers\u00e4ttare i Kommunstyrelsen. Mobil: 070-3411173 E-post: ann.hedberg.balka@kristdemokraterna.se &nbsp; Ylva Bjelle Gruppledare Ledamot i Kommunfullm\u00e4ktige och Kultur-, demokrati- och fritidsn\u00e4mnden E-post: ylva.bjelle@kristdemokraterna.se &nbsp; Magnus Kolsj\u00f6 ers\u00e4ttare\u00a0 Kommunfullm\u00e4ktige, Andre vice ordf\u00f6rande i Tekniska n\u00e4mnden E-post: magnus.kolsjo@kristdemokraterna.se &nbsp; Jakob L\u00f6fgren Milj\u00f6- och bygglovsn\u00e4mnden &nbsp; Annika Wallin Ledamot i Utbildningsn\u00e4mnden E-post: Annika.Wallin@jarfalla.se Waiel Yousef Read More","og_url":"https:\/\/wp.kristdemokraterna.se\/jarfalla\/vara-politiker-2\/","og_site_name":"Kristdemokraterna i J\u00e4rf\u00e4lla","article_publisher":"https:\/\/www.facebook.com\/kdjarfalla","article_modified_time":"2024-12-12T10:29:50+00:00","og_image":[{"width":853,"height":1280,"url":"https:\/\/wp.kristdemokraterna.se\/jarfalla\/files\/2019\/08\/annhedbergbalka2019.jpg","type":"image\/jpeg"}],"twitter_card":"summary_large_image","twitter_misc":{"Ber\u00e4knad l\u00e4stid":"2 minuter"},"schema":{"@context":"https:\/\/schema.org","@graph":[{"@type":"WebPage","@id":"https:\/\/wp.kristdemokraterna.se\/jarfalla\/vara-politiker-2\/","url":"https:\/\/wp.kristdemokraterna.se\/jarfalla\/vara-politiker-2\/","name":"V\u00e5ra politiker - Kristdemokraterna i J\u00e4rf\u00e4lla","isPartOf":{"@id":"https:\/\/wp.kristdemokraterna.se\/jarfalla\/#website"},"primaryImageOfPage":{"@id":"https:\/\/wp.kristdemokraterna.se\/jarfalla\/vara-politiker-2\/#primaryimage"},"image":{"@id":"https:\/\/wp.kristdemokraterna.se\/jarfalla\/vara-politiker-2\/#primaryimage"},"thumbnailUrl":"http:\/\/wp.kristdemokraterna.se\/jarfalla\/files\/2019\/08\/annhedbergbalka2019-150x150.jpg","datePublished":"2018-10-18T09:05:51+00:00","dateModified":"2024-12-12T10:29:50+00:00","breadcrumb":{"@id":"https:\/\/wp.kristdemokraterna.se\/jarfalla\/vara-politiker-2\/#breadcrumb"},"inLanguage":"sv-SE","potentialAction":[{"@type":"ReadAction","target":["https:\/\/wp.kristdemokraterna.se\/jarfalla\/vara-politiker-2\/"]}]},{"@type":"ImageObject","inLanguage":"sv-SE","@id":"https:\/\/wp.kristdemokraterna.se\/jarfalla\/vara-politiker-2\/#primaryimage","url":"http:\/\/wp.kristdemokraterna.se\/jarfalla\/files\/2019\/08\/annhedbergbalka2019-150x150.jpg","contentUrl":"http:\/\/wp.kristdemokraterna.se\/jarfalla\/files\/2019\/08\/annhedbergbalka2019-150x150.jpg"},{"@type":"BreadcrumbList","@id":"https:\/\/wp.kristdemokraterna.se\/jarfalla\/vara-politiker-2\/#breadcrumb","itemListElement":[{"@type":"ListItem","position":1,"name":"Hem","item":"https:\/\/wp.kristdemokraterna.se\/jarfalla\/"},{"@type":"ListItem","position":2,"name":"V\u00e5ra politiker"}]},{"@type":"WebSite","@id":"https:\/\/wp.kristdemokraterna.se\/jarfalla\/#website","url":"https:\/\/wp.kristdemokraterna.se\/jarfalla\/","name":"Kristdemokraterna i J\u00e4rf\u00e4lla","description":"Kristdemokraterna i J\u00e4rf\u00e4lla","publisher":{"@id":"https:\/\/wp.kristdemokraterna.se\/jarfalla\/#organization"},"inLanguage":"sv-SE"},{"@type":"Organization","@id":"https:\/\/wp.kristdemokraterna.se\/jarfalla\/#organization","name":"Kristdemokraterna i J\u00e4rf\u00e4lla","url":"https:\/\/wp.kristdemokraterna.se\/jarfalla\/","logo":{"@type":"ImageObject","inLanguage":"sv-SE","@id":"https:\/\/wp.kristdemokraterna.se\/jarfalla\/#\/schema\/logo\/image\/","url":"https:\/\/wp.kristdemokraterna.se\/jarfalla\/files\/2026\/03\/christian_democrats_sweden_logo_2017.svg","contentUrl":"https:\/\/wp.kristdemokraterna.se\/jarfalla\/files\/2026\/03\/christian_democrats_sweden_logo_2017.svg","width":487,"height":487,"caption":"Kristdemokraterna i J\u00e4rf\u00e4lla"},"image":{"@id":"https:\/\/wp.kristdemokraterna.se\/jarfalla\/#\/schema\/logo\/image\/"},"sameAs":["https:\/\/www.facebook.com\/kdjarfalla","https:\/\/www.instagram.com\/kd_jarfalla\/"]}]}},"_links":{"self":[{"href":"https:\/\/wp.kristdemokraterna.se\/jarfalla\/wp-json\/wp\/v2\/pages\/481","targetHints":{"allow":["GET"]}}],"collection":[{"href":"https:\/\/wp.kristdemokraterna.se\/jarfalla\/wp-json\/wp\/v2\/pages"}],"about":[{"href":"https:\/\/wp.kristdemokraterna.se\/jarfalla\/wp-json\/wp\/v2\/types\/page"}],"author":[{"embeddable":true,"href":"https:\/\/wp.kristdemokraterna.se\/jarfalla\/wp-json\/wp\/v2\/users\/444"}],"replies":[{"embeddable":true,"href":"https:\/\/wp.kristdemokraterna.se\/jarfalla\/wp-json\/wp\/v2\/comments?post=481"}],"version-history":[{"count":52,"href":"https:\/\/wp.kristdemokraterna.se\/jarfalla\/wp-json\/wp\/v2\/pages\/481\/revisions"}],"predecessor-version":[{"id":864,"href":"https:\/\/wp.kristdemokraterna.se\/jarfalla\/wp-json\/wp\/v2\/pages\/481\/revisions\/864"}],"wp:attachment":[{"href":"https:\/\/wp.kristdemokraterna.se\/jarfalla\/wp-json\/wp\/v2\/media?parent=481"}],"curies":[{"name":"wp","href":"https:\/\/api.w.org\/{rel}","templated":true}]}}