{"id":492,"date":"2018-10-18T11:13:05","date_gmt":"2018-10-18T09:13:05","guid":{"rendered":"http:\/\/wp.kristdemokraterna.se\/jarfalla\/?page_id=492"},"modified":"2026-02-19T13:11:35","modified_gmt":"2026-02-19T12:11:35","slug":"var-politik","status":"publish","type":"page","link":"https:\/\/wp.kristdemokraterna.se\/jarfalla\/var-politik\/","title":{"rendered":"V\u00e5r politik"},"content":{"rendered":"<p>Vi jobbar just nu med ett nytt lokalt valprogram f\u00f6r J\u00e4rf\u00e4lla.<\/p>\n<p>Tills det dyker upp g\u00e5r det att l\u00e4sa om Kristdemokraternas nationella politik p\u00e5 l\u00e4nken nedan<\/p>\n<p><a href=\"https:\/\/kristdemokraterna.se\/var-politik\">https:\/\/kristdemokraterna.se\/var-politik<\/a><\/p>\n","protected":false},"excerpt":{"rendered":"<p>Vi jobbar just nu med ett nytt lokalt valprogram f\u00f6r J\u00e4rf\u00e4lla. Tills det dyker upp g\u00e5r det att l\u00e4sa om Kristdemokraternas nationella politik p\u00e5 l\u00e4nken nedan https:\/\/kristdemokraterna.se\/var-politik<\/p>\n","protected":false},"author":444,"featured_media":0,"parent":0,"menu_order":0,"comment_status":"closed","ping_status":"closed","template":"","meta":{"_acf_changed":false,"footnotes":""},"class_list":["post-492","page","type-page","status-publish","hentry"],"acf":[],"yoast_head":"<!-- This site is optimized with the Yoast SEO plugin v27.4 - https:\/\/yoast.com\/product\/yoast-seo-wordpress\/ -->\n<title>V\u00e5r politik - Kristdemokraterna i J\u00e4rf\u00e4lla<\/title>\n<meta name=\"robots\" content=\"index, follow, max-snippet:-1, max-image-preview:large, max-video-preview:-1\" \/>\n<link rel=\"canonical\" href=\"https:\/\/wp.kristdemokraterna.se\/jarfalla\/var-politik\/\" \/>\n<meta property=\"og:locale\" content=\"sv_SE\" \/>\n<meta property=\"og:type\" content=\"article\" \/>\n<meta property=\"og:title\" content=\"V\u00e5r politik - Kristdemokraterna i J\u00e4rf\u00e4lla\" \/>\n<meta property=\"og:description\" content=\"Vi jobbar just nu med ett nytt lokalt valprogram f\u00f6r J\u00e4rf\u00e4lla. Tills det dyker upp g\u00e5r det att l\u00e4sa om Kristdemokraternas nationella politik p\u00e5 l\u00e4nken nedan https:\/\/kristdemokraterna.se\/var-politik\" \/>\n<meta property=\"og:url\" content=\"https:\/\/wp.kristdemokraterna.se\/jarfalla\/var-politik\/\" \/>\n<meta property=\"og:site_name\" content=\"Kristdemokraterna i J\u00e4rf\u00e4lla\" \/>\n<meta property=\"article:publisher\" content=\"https:\/\/www.facebook.com\/kdjarfalla\" \/>\n<meta property=\"article:modified_time\" content=\"2026-02-19T12:11:35+00:00\" \/>\n<meta name=\"twitter:card\" content=\"summary_large_image\" \/>\n<meta name=\"twitter:label1\" content=\"Ber\u00e4knad l\u00e4stid\" \/>\n\t<meta name=\"twitter:data1\" content=\"1 minut\" \/>\n<script type=\"application\/ld+json\" class=\"yoast-schema-graph\">{\"@context\":\"https:\\\/\\\/schema.org\",\"@graph\":[{\"@type\":\"WebPage\",\"@id\":\"https:\\\/\\\/wp.kristdemokraterna.se\\\/jarfalla\\\/var-politik\\\/\",\"url\":\"https:\\\/\\\/wp.kristdemokraterna.se\\\/jarfalla\\\/var-politik\\\/\",\"name\":\"V\u00e5r politik - Kristdemokraterna i J\u00e4rf\u00e4lla\",\"isPartOf\":{\"@id\":\"https:\\\/\\\/wp.kristdemokraterna.se\\\/jarfalla\\\/#website\"},\"datePublished\":\"2018-10-18T09:13:05+00:00\",\"dateModified\":\"2026-02-19T12:11:35+00:00\",\"breadcrumb\":{\"@id\":\"https:\\\/\\\/wp.kristdemokraterna.se\\\/jarfalla\\\/var-politik\\\/#breadcrumb\"},\"inLanguage\":\"sv-SE\",\"potentialAction\":[{\"@type\":\"ReadAction\",\"target\":[\"https:\\\/\\\/wp.kristdemokraterna.se\\\/jarfalla\\\/var-politik\\\/\"]}]},{\"@type\":\"BreadcrumbList\",\"@id\":\"https:\\\/\\\/wp.kristdemokraterna.se\\\/jarfalla\\\/var-politik\\\/#breadcrumb\",\"itemListElement\":[{\"@type\":\"ListItem\",\"position\":1,\"name\":\"Hem\",\"item\":\"https:\\\/\\\/wp.kristdemokraterna.se\\\/jarfalla\\\/\"},{\"@type\":\"ListItem\",\"position\":2,\"name\":\"V\u00e5r politik\"}]},{\"@type\":\"WebSite\",\"@id\":\"https:\\\/\\\/wp.kristdemokraterna.se\\\/jarfalla\\\/#website\",\"url\":\"https:\\\/\\\/wp.kristdemokraterna.se\\\/jarfalla\\\/\",\"name\":\"Kristdemokraterna i J\u00e4rf\u00e4lla\",\"description\":\"Kristdemokraterna i J\u00e4rf\u00e4lla\",\"publisher\":{\"@id\":\"https:\\\/\\\/wp.kristdemokraterna.se\\\/jarfalla\\\/#organization\"},\"inLanguage\":\"sv-SE\"},{\"@type\":\"Organization\",\"@id\":\"https:\\\/\\\/wp.kristdemokraterna.se\\\/jarfalla\\\/#organization\",\"name\":\"Kristdemokraterna i J\u00e4rf\u00e4lla\",\"url\":\"https:\\\/\\\/wp.kristdemokraterna.se\\\/jarfalla\\\/\",\"logo\":{\"@type\":\"ImageObject\",\"inLanguage\":\"sv-SE\",\"@id\":\"https:\\\/\\\/wp.kristdemokraterna.se\\\/jarfalla\\\/#\\\/schema\\\/logo\\\/image\\\/\",\"url\":\"https:\\\/\\\/wp.kristdemokraterna.se\\\/jarfalla\\\/files\\\/2026\\\/03\\\/christian_democrats_sweden_logo_2017.svg\",\"contentUrl\":\"https:\\\/\\\/wp.kristdemokraterna.se\\\/jarfalla\\\/files\\\/2026\\\/03\\\/christian_democrats_sweden_logo_2017.svg\",\"width\":487,\"height\":487,\"caption\":\"Kristdemokraterna i J\u00e4rf\u00e4lla\"},\"image\":{\"@id\":\"https:\\\/\\\/wp.kristdemokraterna.se\\\/jarfalla\\\/#\\\/schema\\\/logo\\\/image\\\/\"},\"sameAs\":[\"https:\\\/\\\/www.facebook.com\\\/kdjarfalla\",\"https:\\\/\\\/www.instagram.com\\\/kd_jarfalla\\\/\"]}]}<\/script>\n<!-- \/ Yoast SEO plugin. -->","yoast_head_json":{"title":"V\u00e5r politik - Kristdemokraterna i J\u00e4rf\u00e4lla","robots":{"index":"index","follow":"follow","max-snippet":"max-snippet:-1","max-image-preview":"max-image-preview:large","max-video-preview":"max-video-preview:-1"},"canonical":"https:\/\/wp.kristdemokraterna.se\/jarfalla\/var-politik\/","og_locale":"sv_SE","og_type":"article","og_title":"V\u00e5r politik - Kristdemokraterna i J\u00e4rf\u00e4lla","og_description":"Vi jobbar just nu med ett nytt lokalt valprogram f\u00f6r J\u00e4rf\u00e4lla. Tills det dyker upp g\u00e5r det att l\u00e4sa om Kristdemokraternas nationella politik p\u00e5 l\u00e4nken nedan https:\/\/kristdemokraterna.se\/var-politik","og_url":"https:\/\/wp.kristdemokraterna.se\/jarfalla\/var-politik\/","og_site_name":"Kristdemokraterna i J\u00e4rf\u00e4lla","article_publisher":"https:\/\/www.facebook.com\/kdjarfalla","article_modified_time":"2026-02-19T12:11:35+00:00","twitter_card":"summary_large_image","twitter_misc":{"Ber\u00e4knad l\u00e4stid":"1 minut"},"schema":{"@context":"https:\/\/schema.org","@graph":[{"@type":"WebPage","@id":"https:\/\/wp.kristdemokraterna.se\/jarfalla\/var-politik\/","url":"https:\/\/wp.kristdemokraterna.se\/jarfalla\/var-politik\/","name":"V\u00e5r politik - Kristdemokraterna i J\u00e4rf\u00e4lla","isPartOf":{"@id":"https:\/\/wp.kristdemokraterna.se\/jarfalla\/#website"},"datePublished":"2018-10-18T09:13:05+00:00","dateModified":"2026-02-19T12:11:35+00:00","breadcrumb":{"@id":"https:\/\/wp.kristdemokraterna.se\/jarfalla\/var-politik\/#breadcrumb"},"inLanguage":"sv-SE","potentialAction":[{"@type":"ReadAction","target":["https:\/\/wp.kristdemokraterna.se\/jarfalla\/var-politik\/"]}]},{"@type":"BreadcrumbList","@id":"https:\/\/wp.kristdemokraterna.se\/jarfalla\/var-politik\/#breadcrumb","itemListElement":[{"@type":"ListItem","position":1,"name":"Hem","item":"https:\/\/wp.kristdemokraterna.se\/jarfalla\/"},{"@type":"ListItem","position":2,"name":"V\u00e5r politik"}]},{"@type":"WebSite","@id":"https:\/\/wp.kristdemokraterna.se\/jarfalla\/#website","url":"https:\/\/wp.kristdemokraterna.se\/jarfalla\/","name":"Kristdemokraterna i J\u00e4rf\u00e4lla","description":"Kristdemokraterna i J\u00e4rf\u00e4lla","publisher":{"@id":"https:\/\/wp.kristdemokraterna.se\/jarfalla\/#organization"},"inLanguage":"sv-SE"},{"@type":"Organization","@id":"https:\/\/wp.kristdemokraterna.se\/jarfalla\/#organization","name":"Kristdemokraterna i J\u00e4rf\u00e4lla","url":"https:\/\/wp.kristdemokraterna.se\/jarfalla\/","logo":{"@type":"ImageObject","inLanguage":"sv-SE","@id":"https:\/\/wp.kristdemokraterna.se\/jarfalla\/#\/schema\/logo\/image\/","url":"https:\/\/wp.kristdemokraterna.se\/jarfalla\/files\/2026\/03\/christian_democrats_sweden_logo_2017.svg","contentUrl":"https:\/\/wp.kristdemokraterna.se\/jarfalla\/files\/2026\/03\/christian_democrats_sweden_logo_2017.svg","width":487,"height":487,"caption":"Kristdemokraterna i J\u00e4rf\u00e4lla"},"image":{"@id":"https:\/\/wp.kristdemokraterna.se\/jarfalla\/#\/schema\/logo\/image\/"},"sameAs":["https:\/\/www.facebook.com\/kdjarfalla","https:\/\/www.instagram.com\/kd_jarfalla\/"]}]}},"_links":{"self":[{"href":"https:\/\/wp.kristdemokraterna.se\/jarfalla\/wp-json\/wp\/v2\/pages\/492","targetHints":{"allow":["GET"]}}],"collection":[{"href":"https:\/\/wp.kristdemokraterna.se\/jarfalla\/wp-json\/wp\/v2\/pages"}],"about":[{"href":"https:\/\/wp.kristdemokraterna.se\/jarfalla\/wp-json\/wp\/v2\/types\/page"}],"author":[{"embeddable":true,"href":"https:\/\/wp.kristdemokraterna.se\/jarfalla\/wp-json\/wp\/v2\/users\/444"}],"replies":[{"embeddable":true,"href":"https:\/\/wp.kristdemokraterna.se\/jarfalla\/wp-json\/wp\/v2\/comments?post=492"}],"version-history":[{"count":17,"href":"https:\/\/wp.kristdemokraterna.se\/jarfalla\/wp-json\/wp\/v2\/pages\/492\/revisions"}],"predecessor-version":[{"id":875,"href":"https:\/\/wp.kristdemokraterna.se\/jarfalla\/wp-json\/wp\/v2\/pages\/492\/revisions\/875"}],"wp:attachment":[{"href":"https:\/\/wp.kristdemokraterna.se\/jarfalla\/wp-json\/wp\/v2\/media?parent=492"}],"curies":[{"name":"wp","href":"https:\/\/api.w.org\/{rel}","templated":true}]}}