{"id":1143,"date":"2022-03-02T10:24:15","date_gmt":"2022-03-02T09:24:15","guid":{"rendered":"https:\/\/wp.kristdemokraterna.se\/jkpg\/?page_id=1143"},"modified":"2022-04-09T12:04:35","modified_gmt":"2022-04-09T10:04:35","slug":"handlingar-arsmote","status":"publish","type":"page","link":"https:\/\/wp.kristdemokraterna.se\/jkpg\/handlingar-arsmote\/","title":{"rendered":"Handlingar \u00e5rsm\u00f6te"},"content":{"rendered":"<h2>V\u00e4lkommen till KD J\u00f6nk\u00f6pings extra \u00e5rsm\u00f6te 2022!<\/h2>\n<h3>\u00c5rsm\u00f6tet startar kl. 18:00<\/h3>\n<p><a href=\"https:\/\/wp.kristdemokraterna.se\/jkpg\/handlingar-arsmote\/jonkoping-sida-bla-300dpi\/\" rel=\"attachment wp-att-1195\"><img loading=\"lazy\" decoding=\"async\" class=\"alignnone size-medium wp-image-1195\" src=\"http:\/\/wp.kristdemokraterna.se\/jkpg\/files\/2022\/03\/jonkoping-sida-bla-300dpi-300x125.png\" alt=\"\" width=\"300\" height=\"125\" srcset=\"https:\/\/wp.kristdemokraterna.se\/jkpg\/files\/2022\/03\/jonkoping-sida-bla-300dpi-300x125.png 300w, https:\/\/wp.kristdemokraterna.se\/jkpg\/files\/2022\/03\/jonkoping-sida-bla-300dpi-1024x428.png 1024w, https:\/\/wp.kristdemokraterna.se\/jkpg\/files\/2022\/03\/jonkoping-sida-bla-300dpi-768x321.png 768w, https:\/\/wp.kristdemokraterna.se\/jkpg\/files\/2022\/03\/jonkoping-sida-bla-300dpi-1536x643.png 1536w, https:\/\/wp.kristdemokraterna.se\/jkpg\/files\/2022\/03\/jonkoping-sida-bla-300dpi-370x155.png 370w, https:\/\/wp.kristdemokraterna.se\/jkpg\/files\/2022\/03\/jonkoping-sida-bla-300dpi-770x322.png 770w, https:\/\/wp.kristdemokraterna.se\/jkpg\/files\/2022\/03\/jonkoping-sida-bla-300dpi-450x188.png 450w, https:\/\/wp.kristdemokraterna.se\/jkpg\/files\/2022\/03\/jonkoping-sida-bla-300dpi-280x117.png 280w, https:\/\/wp.kristdemokraterna.se\/jkpg\/files\/2022\/03\/jonkoping-sida-bla-300dpi-340x142.png 340w, https:\/\/wp.kristdemokraterna.se\/jkpg\/files\/2022\/03\/jonkoping-sida-bla-300dpi-200x84.png 200w, https:\/\/wp.kristdemokraterna.se\/jkpg\/files\/2022\/03\/jonkoping-sida-bla-300dpi-134x56.png 134w, https:\/\/wp.kristdemokraterna.se\/jkpg\/files\/2022\/03\/jonkoping-sida-bla-300dpi.png 1628w\" sizes=\"auto, (max-width: 300px) 100vw, 300px\" \/><\/a><\/p>\n<p>Bilagor:<\/p>\n<p>Bilaga 1<\/p>\n<p><a href=\"https:\/\/wp.kristdemokraterna.se\/jkpg\/handlingar-arsmote\/foredragningslista-extra-arsmote\/\" rel=\"attachment wp-att-1201\">F\u00f6redragningslista extra \u00e5rsm\u00f6te<\/a><\/p>\n<p>Bilaga 2<\/p>\n<p><a href=\"https:\/\/wp.kristdemokraterna.se\/jkpg\/handlingar-arsmote\/valfragor-alla-namnder\/\" rel=\"attachment wp-att-1202\">Valfr\u00e5gor alla n\u00e4mnder<\/a><\/p>\n<p>Bilaga 3<\/p>\n<p><a href=\"https:\/\/wp.kristdemokraterna.se\/jkpg\/handlingar-arsmote\/valplan-2022\/\" rel=\"attachment wp-att-1204\">Valplan 2022<\/a><\/p>\n","protected":false},"excerpt":{"rendered":"<p>V\u00e4lkommen till KD J\u00f6nk\u00f6pings extra \u00e5rsm\u00f6te 2022! \u00c5rsm\u00f6tet startar kl. 18:00 Bilagor: Bilaga 1 F\u00f6redragningslista extra \u00e5rsm\u00f6te Bilaga 2 Valfr\u00e5gor alla n\u00e4mnder Bilaga 3 Valplan 2022<\/p>\n","protected":false},"author":895,"featured_media":0,"parent":0,"menu_order":0,"comment_status":"closed","ping_status":"closed","template":"","meta":{"_acf_changed":false,"footnotes":""},"class_list":["post-1143","page","type-page","status-publish","hentry"],"acf":[],"yoast_head":"<!-- This site is optimized with the Yoast SEO plugin v27.4 - https:\/\/yoast.com\/product\/yoast-seo-wordpress\/ -->\n<title>Handlingar \u00e5rsm\u00f6te - J\u00f6nk\u00f6pings kommun<\/title>\n<meta name=\"robots\" content=\"index, follow, max-snippet:-1, max-image-preview:large, max-video-preview:-1\" \/>\n<link rel=\"canonical\" href=\"https:\/\/wp.kristdemokraterna.se\/jkpg\/handlingar-arsmote\/\" \/>\n<meta property=\"og:locale\" content=\"sv_SE\" \/>\n<meta property=\"og:type\" content=\"article\" \/>\n<meta property=\"og:title\" content=\"Handlingar \u00e5rsm\u00f6te - J\u00f6nk\u00f6pings kommun\" \/>\n<meta property=\"og:description\" content=\"V\u00e4lkommen till KD J\u00f6nk\u00f6pings extra \u00e5rsm\u00f6te 2022! \u00c5rsm\u00f6tet startar kl. 18:00 Bilagor: Bilaga 1 F\u00f6redragningslista extra \u00e5rsm\u00f6te Bilaga 2 Valfr\u00e5gor alla n\u00e4mnder Bilaga 3 Valplan 2022\" \/>\n<meta property=\"og:url\" content=\"https:\/\/wp.kristdemokraterna.se\/jkpg\/handlingar-arsmote\/\" \/>\n<meta property=\"og:site_name\" content=\"J\u00f6nk\u00f6pings kommun\" \/>\n<meta property=\"article:modified_time\" content=\"2022-04-09T10:04:35+00:00\" \/>\n<meta property=\"og:image\" content=\"http:\/\/wp.kristdemokraterna.se\/jkpg\/files\/2022\/03\/jonkoping-sida-bla-300dpi-300x125.png\" \/>\n<meta name=\"twitter:card\" content=\"summary_large_image\" \/>\n<meta name=\"twitter:label1\" content=\"Ber\u00e4knad l\u00e4stid\" \/>\n\t<meta name=\"twitter:data1\" content=\"1 minut\" \/>\n<script type=\"application\/ld+json\" class=\"yoast-schema-graph\">{\"@context\":\"https:\\\/\\\/schema.org\",\"@graph\":[{\"@type\":\"WebPage\",\"@id\":\"https:\\\/\\\/wp.kristdemokraterna.se\\\/jkpg\\\/handlingar-arsmote\\\/\",\"url\":\"https:\\\/\\\/wp.kristdemokraterna.se\\\/jkpg\\\/handlingar-arsmote\\\/\",\"name\":\"Handlingar \u00e5rsm\u00f6te - J\u00f6nk\u00f6pings kommun\",\"isPartOf\":{\"@id\":\"https:\\\/\\\/wp.kristdemokraterna.se\\\/jkpg\\\/#website\"},\"primaryImageOfPage\":{\"@id\":\"https:\\\/\\\/wp.kristdemokraterna.se\\\/jkpg\\\/handlingar-arsmote\\\/#primaryimage\"},\"image\":{\"@id\":\"https:\\\/\\\/wp.kristdemokraterna.se\\\/jkpg\\\/handlingar-arsmote\\\/#primaryimage\"},\"thumbnailUrl\":\"http:\\\/\\\/wp.kristdemokraterna.se\\\/jkpg\\\/files\\\/2022\\\/03\\\/jonkoping-sida-bla-300dpi-300x125.png\",\"datePublished\":\"2022-03-02T09:24:15+00:00\",\"dateModified\":\"2022-04-09T10:04:35+00:00\",\"breadcrumb\":{\"@id\":\"https:\\\/\\\/wp.kristdemokraterna.se\\\/jkpg\\\/handlingar-arsmote\\\/#breadcrumb\"},\"inLanguage\":\"sv-SE\",\"potentialAction\":[{\"@type\":\"ReadAction\",\"target\":[\"https:\\\/\\\/wp.kristdemokraterna.se\\\/jkpg\\\/handlingar-arsmote\\\/\"]}]},{\"@type\":\"ImageObject\",\"inLanguage\":\"sv-SE\",\"@id\":\"https:\\\/\\\/wp.kristdemokraterna.se\\\/jkpg\\\/handlingar-arsmote\\\/#primaryimage\",\"url\":\"https:\\\/\\\/wp.kristdemokraterna.se\\\/jkpg\\\/files\\\/2022\\\/03\\\/jonkoping-sida-bla-300dpi.png\",\"contentUrl\":\"https:\\\/\\\/wp.kristdemokraterna.se\\\/jkpg\\\/files\\\/2022\\\/03\\\/jonkoping-sida-bla-300dpi.png\",\"width\":1628,\"height\":681},{\"@type\":\"BreadcrumbList\",\"@id\":\"https:\\\/\\\/wp.kristdemokraterna.se\\\/jkpg\\\/handlingar-arsmote\\\/#breadcrumb\",\"itemListElement\":[{\"@type\":\"ListItem\",\"position\":1,\"name\":\"Hem\",\"item\":\"https:\\\/\\\/wp.kristdemokraterna.se\\\/jkpg\\\/\"},{\"@type\":\"ListItem\",\"position\":2,\"name\":\"Handlingar \u00e5rsm\u00f6te\"}]},{\"@type\":\"WebSite\",\"@id\":\"https:\\\/\\\/wp.kristdemokraterna.se\\\/jkpg\\\/#website\",\"url\":\"https:\\\/\\\/wp.kristdemokraterna.se\\\/jkpg\\\/\",\"name\":\"J\u00f6nk\u00f6pings kommun\",\"description\":\"F\u00f6r familjen och f\u00f6retagsamheten!\",\"inLanguage\":\"sv-SE\"}]}<\/script>\n<!-- \/ Yoast SEO plugin. -->","yoast_head_json":{"title":"Handlingar \u00e5rsm\u00f6te - J\u00f6nk\u00f6pings kommun","robots":{"index":"index","follow":"follow","max-snippet":"max-snippet:-1","max-image-preview":"max-image-preview:large","max-video-preview":"max-video-preview:-1"},"canonical":"https:\/\/wp.kristdemokraterna.se\/jkpg\/handlingar-arsmote\/","og_locale":"sv_SE","og_type":"article","og_title":"Handlingar \u00e5rsm\u00f6te - J\u00f6nk\u00f6pings kommun","og_description":"V\u00e4lkommen till KD J\u00f6nk\u00f6pings extra \u00e5rsm\u00f6te 2022! \u00c5rsm\u00f6tet startar kl. 18:00 Bilagor: Bilaga 1 F\u00f6redragningslista extra \u00e5rsm\u00f6te Bilaga 2 Valfr\u00e5gor alla n\u00e4mnder Bilaga 3 Valplan 2022","og_url":"https:\/\/wp.kristdemokraterna.se\/jkpg\/handlingar-arsmote\/","og_site_name":"J\u00f6nk\u00f6pings kommun","article_modified_time":"2022-04-09T10:04:35+00:00","og_image":[{"url":"http:\/\/wp.kristdemokraterna.se\/jkpg\/files\/2022\/03\/jonkoping-sida-bla-300dpi-300x125.png","type":"","width":"","height":""}],"twitter_card":"summary_large_image","twitter_misc":{"Ber\u00e4knad l\u00e4stid":"1 minut"},"schema":{"@context":"https:\/\/schema.org","@graph":[{"@type":"WebPage","@id":"https:\/\/wp.kristdemokraterna.se\/jkpg\/handlingar-arsmote\/","url":"https:\/\/wp.kristdemokraterna.se\/jkpg\/handlingar-arsmote\/","name":"Handlingar \u00e5rsm\u00f6te - J\u00f6nk\u00f6pings kommun","isPartOf":{"@id":"https:\/\/wp.kristdemokraterna.se\/jkpg\/#website"},"primaryImageOfPage":{"@id":"https:\/\/wp.kristdemokraterna.se\/jkpg\/handlingar-arsmote\/#primaryimage"},"image":{"@id":"https:\/\/wp.kristdemokraterna.se\/jkpg\/handlingar-arsmote\/#primaryimage"},"thumbnailUrl":"http:\/\/wp.kristdemokraterna.se\/jkpg\/files\/2022\/03\/jonkoping-sida-bla-300dpi-300x125.png","datePublished":"2022-03-02T09:24:15+00:00","dateModified":"2022-04-09T10:04:35+00:00","breadcrumb":{"@id":"https:\/\/wp.kristdemokraterna.se\/jkpg\/handlingar-arsmote\/#breadcrumb"},"inLanguage":"sv-SE","potentialAction":[{"@type":"ReadAction","target":["https:\/\/wp.kristdemokraterna.se\/jkpg\/handlingar-arsmote\/"]}]},{"@type":"ImageObject","inLanguage":"sv-SE","@id":"https:\/\/wp.kristdemokraterna.se\/jkpg\/handlingar-arsmote\/#primaryimage","url":"https:\/\/wp.kristdemokraterna.se\/jkpg\/files\/2022\/03\/jonkoping-sida-bla-300dpi.png","contentUrl":"https:\/\/wp.kristdemokraterna.se\/jkpg\/files\/2022\/03\/jonkoping-sida-bla-300dpi.png","width":1628,"height":681},{"@type":"BreadcrumbList","@id":"https:\/\/wp.kristdemokraterna.se\/jkpg\/handlingar-arsmote\/#breadcrumb","itemListElement":[{"@type":"ListItem","position":1,"name":"Hem","item":"https:\/\/wp.kristdemokraterna.se\/jkpg\/"},{"@type":"ListItem","position":2,"name":"Handlingar \u00e5rsm\u00f6te"}]},{"@type":"WebSite","@id":"https:\/\/wp.kristdemokraterna.se\/jkpg\/#website","url":"https:\/\/wp.kristdemokraterna.se\/jkpg\/","name":"J\u00f6nk\u00f6pings kommun","description":"F\u00f6r familjen och f\u00f6retagsamheten!","inLanguage":"sv-SE"}]}},"_links":{"self":[{"href":"https:\/\/wp.kristdemokraterna.se\/jkpg\/wp-json\/wp\/v2\/pages\/1143","targetHints":{"allow":["GET"]}}],"collection":[{"href":"https:\/\/wp.kristdemokraterna.se\/jkpg\/wp-json\/wp\/v2\/pages"}],"about":[{"href":"https:\/\/wp.kristdemokraterna.se\/jkpg\/wp-json\/wp\/v2\/types\/page"}],"author":[{"embeddable":true,"href":"https:\/\/wp.kristdemokraterna.se\/jkpg\/wp-json\/wp\/v2\/users\/895"}],"replies":[{"embeddable":true,"href":"https:\/\/wp.kristdemokraterna.se\/jkpg\/wp-json\/wp\/v2\/comments?post=1143"}],"version-history":[{"count":17,"href":"https:\/\/wp.kristdemokraterna.se\/jkpg\/wp-json\/wp\/v2\/pages\/1143\/revisions"}],"predecessor-version":[{"id":1205,"href":"https:\/\/wp.kristdemokraterna.se\/jkpg\/wp-json\/wp\/v2\/pages\/1143\/revisions\/1205"}],"wp:attachment":[{"href":"https:\/\/wp.kristdemokraterna.se\/jkpg\/wp-json\/wp\/v2\/media?parent=1143"}],"curies":[{"name":"wp","href":"https:\/\/api.w.org\/{rel}","templated":true}]}}