{"id":178,"date":"2016-11-16T08:52:49","date_gmt":"2016-11-16T07:52:49","guid":{"rendered":"http:\/\/wp.kristdemokraterna.se\/jkpg\/?page_id=178"},"modified":"2020-11-11T11:14:12","modified_gmt":"2020-11-11T10:14:12","slug":"jonkopings-kommundelsforening","status":"publish","type":"page","link":"https:\/\/wp.kristdemokraterna.se\/jkpg\/kommundelsforeningar\/jonkopings-kommundelsforening\/","title":{"rendered":"J\u00f6nk\u00f6pings Kommundelsf\u00f6rening"},"content":{"rendered":"<p>F\u00f6lj oss p\u00e5 <a href=\"https:\/\/www.facebook.com\/kristdemokraternajonkopingskommundelsforening\/\" target=\"_blank\" rel=\"noopener noreferrer\">Facebook<\/a>!<\/p>\n<p>&nbsp;<\/p>\n<p>Lokala foldrar f\u00f6r de olika delarna i staden.<\/p>\n<p><a href=\"http:\/\/wp.kristdemokraterna.se\/jkpg\/files\/2018\/08\/jkpg_folder_c.pdf\" target=\"_blank\" rel=\"noopener noreferrer\">JKPG_FOLDER_C<\/a><\/p>\n<p><a href=\"http:\/\/wp.kristdemokraterna.se\/jkpg\/files\/2018\/08\/jkpg_folder_syd.pdf\" target=\"_blank\" rel=\"noopener noreferrer\">JKPG_FOLDER_syd<\/a><\/p>\n<p><a href=\"http:\/\/wp.kristdemokraterna.se\/jkpg\/files\/2018\/08\/jkpg_folder_v\u00e4st.pdf\" target=\"_blank\" rel=\"noopener noreferrer\">JKPG_FOLDER_v\u00e4st<\/a><\/p>\n<p><a href=\"http:\/\/wp.kristdemokraterna.se\/jkpg\/files\/2018\/08\/jkpg_folder_\u00f6st.pdf\" target=\"_blank\" rel=\"noopener noreferrer\">JKPG_FOLDER_\u00f6st<\/a><\/p>\n<p>&nbsp;<\/p>\n<p>&nbsp;<\/p>\n<p>&nbsp;<\/p>\n<p><strong>Vid fr\u00e5gor om kommun, landstings eller rikspolitik kontakta g\u00e4rna v\u00e5rt kansli<br \/>\n<\/strong><strong>p\u00e5:\u00a0<\/strong><strong><a href=\"mailto:jonkoping@kristdemokraterna.se\">jonkoping@kristdemokraterna.se<\/a>\u00a0 eller 036-346430\u00a0f\u00f6r att f\u00e5 snabba svar.<br \/>\n<\/strong><strong>Bra information till skolarbeten finns p\u00e5: http:\/\/kristdemokraterna.se\/Skolarbete<\/strong><\/p>\n<div><strong>Postadress: <\/strong><a href=\"https:\/\/goo.gl\/maps\/RdG32WArCPBxMwzR6\" target=\"_blank\" rel=\"noopener noreferrer\">Kyrkogatan 14 553 16 J\u00f6nk\u00f6ping<\/a><\/div>\n<div>Hemsida:\u00a0<a href=\"http:\/\/wp.kristdemokraterna.se\/jonkoping\/\">kristdemokraterna.se\/jonkoping\/<\/a><\/div>\n<div><\/div>\n<p><b class=\"name\">Eva Str\u00e5th <\/b><span class=\"name\">&#8211;<\/span><b class=\"name\">\u00a0<\/b><i class=\"title\">Ordf\u00f6rande J\u00f6nk\u00f6pings kommundelsf\u00f6rening<\/i><\/p>\n<p><b class=\"name\">Nils-Erik Emme <\/b><span class=\"name\">&#8211;<\/span><b class=\"name\">\u00a0<\/b><i class=\"title\">Vice ordf\u00f6rande J\u00f6nk\u00f6pings kommundelsf\u00f6rening<\/i><\/p>\n<p><strong>Anton Vahlstr\u00f6m<\/strong> &#8211; Ledamot<\/p>\n<p><strong>Hannes M\u00e5rtensson\u00a0<\/strong>&#8211; Ledamot<\/p>\n<p><strong>Pernilla Freij<\/strong> &#8211; Ledamot<\/p>\n<p><b class=\"name\">Eva Berntsson<\/b>\u00a0&#8211; Ledamot<\/p>\n<p><b class=\"name\">Marcus Stoltz <\/b>&#8211; Ledamot<\/p>\n<p><b class=\"name\">Haykanush Vardanyan <\/b>&#8211; Ledamot<\/p>\n<p><b class=\"name\">Johan Bokinge <\/b>&#8211; Ledamot<\/p>\n<p><b class=\"name\">Klas Brengesj\u00f6 <\/b>&#8211; Ledamot<\/p>\n","protected":false},"excerpt":{"rendered":"<p>F\u00f6lj oss p\u00e5 Facebook! &nbsp; Lokala foldrar f\u00f6r de olika delarna i staden. JKPG_FOLDER_C JKPG_FOLDER_syd JKPG_FOLDER_v\u00e4st JKPG_FOLDER_\u00f6st &nbsp; &nbsp; &nbsp; Vid fr\u00e5gor om kommun, landstings eller rikspolitik kontakta g\u00e4rna v\u00e5rt kansli p\u00e5:\u00a0jonkoping@kristdemokraterna.se\u00a0 eller 036-346430\u00a0f\u00f6r att f\u00e5 snabba svar. Bra information till skolarbeten finns p\u00e5: http:\/\/kristdemokraterna.se\/Skolarbete Postadress: Kyrkogatan 14 553 16 J\u00f6nk\u00f6ping Hemsida:\u00a0kristdemokraterna.se\/jonkoping\/ Eva Str\u00e5th &#8211;\u00a0Ordf\u00f6rande <a class=\"read-more-link\" href=\"https:\/\/wp.kristdemokraterna.se\/jkpg\/kommundelsforeningar\/jonkopings-kommundelsforening\/\">Read More<\/a><\/p>\n","protected":false},"author":745,"featured_media":0,"parent":175,"menu_order":0,"comment_status":"closed","ping_status":"closed","template":"","meta":{"_acf_changed":false,"footnotes":""},"class_list":["post-178","page","type-page","status-publish","hentry"],"acf":[],"yoast_head":"<!-- This site is optimized with the Yoast SEO plugin v27.3 - https:\/\/yoast.com\/product\/yoast-seo-wordpress\/ -->\n<title>J\u00f6nk\u00f6pings Kommundelsf\u00f6rening - J\u00f6nk\u00f6pings kommun<\/title>\n<meta name=\"robots\" content=\"index, follow, max-snippet:-1, max-image-preview:large, max-video-preview:-1\" \/>\n<link rel=\"canonical\" href=\"https:\/\/wp.kristdemokraterna.se\/jkpg\/kommundelsforeningar\/jonkopings-kommundelsforening\/\" \/>\n<meta property=\"og:locale\" content=\"sv_SE\" \/>\n<meta property=\"og:type\" content=\"article\" \/>\n<meta property=\"og:title\" content=\"J\u00f6nk\u00f6pings Kommundelsf\u00f6rening - J\u00f6nk\u00f6pings kommun\" \/>\n<meta property=\"og:description\" content=\"F\u00f6lj oss p\u00e5 Facebook! &nbsp; Lokala foldrar f\u00f6r de olika delarna i staden. JKPG_FOLDER_C JKPG_FOLDER_syd JKPG_FOLDER_v\u00e4st JKPG_FOLDER_\u00f6st &nbsp; &nbsp; &nbsp; Vid fr\u00e5gor om kommun, landstings eller rikspolitik kontakta g\u00e4rna v\u00e5rt kansli p\u00e5:\u00a0jonkoping@kristdemokraterna.se\u00a0 eller 036-346430\u00a0f\u00f6r att f\u00e5 snabba svar. Bra information till skolarbeten finns p\u00e5: http:\/\/kristdemokraterna.se\/Skolarbete Postadress: Kyrkogatan 14 553 16 J\u00f6nk\u00f6ping Hemsida:\u00a0kristdemokraterna.se\/jonkoping\/ Eva Str\u00e5th &#8211;\u00a0Ordf\u00f6rande Read More\" \/>\n<meta property=\"og:url\" content=\"https:\/\/wp.kristdemokraterna.se\/jkpg\/kommundelsforeningar\/jonkopings-kommundelsforening\/\" \/>\n<meta property=\"og:site_name\" content=\"J\u00f6nk\u00f6pings kommun\" \/>\n<meta property=\"article:modified_time\" content=\"2020-11-11T10:14:12+00:00\" \/>\n<meta name=\"twitter:card\" content=\"summary_large_image\" \/>\n<meta name=\"twitter:label1\" content=\"Ber\u00e4knad l\u00e4stid\" \/>\n\t<meta name=\"twitter:data1\" content=\"1 minut\" \/>\n<script type=\"application\/ld+json\" class=\"yoast-schema-graph\">{\"@context\":\"https:\\\/\\\/schema.org\",\"@graph\":[{\"@type\":\"WebPage\",\"@id\":\"https:\\\/\\\/wp.kristdemokraterna.se\\\/jkpg\\\/kommundelsforeningar\\\/jonkopings-kommundelsforening\\\/\",\"url\":\"https:\\\/\\\/wp.kristdemokraterna.se\\\/jkpg\\\/kommundelsforeningar\\\/jonkopings-kommundelsforening\\\/\",\"name\":\"J\u00f6nk\u00f6pings Kommundelsf\u00f6rening - J\u00f6nk\u00f6pings kommun\",\"isPartOf\":{\"@id\":\"https:\\\/\\\/wp.kristdemokraterna.se\\\/jkpg\\\/#website\"},\"datePublished\":\"2016-11-16T07:52:49+00:00\",\"dateModified\":\"2020-11-11T10:14:12+00:00\",\"breadcrumb\":{\"@id\":\"https:\\\/\\\/wp.kristdemokraterna.se\\\/jkpg\\\/kommundelsforeningar\\\/jonkopings-kommundelsforening\\\/#breadcrumb\"},\"inLanguage\":\"sv-SE\",\"potentialAction\":[{\"@type\":\"ReadAction\",\"target\":[\"https:\\\/\\\/wp.kristdemokraterna.se\\\/jkpg\\\/kommundelsforeningar\\\/jonkopings-kommundelsforening\\\/\"]}]},{\"@type\":\"BreadcrumbList\",\"@id\":\"https:\\\/\\\/wp.kristdemokraterna.se\\\/jkpg\\\/kommundelsforeningar\\\/jonkopings-kommundelsforening\\\/#breadcrumb\",\"itemListElement\":[{\"@type\":\"ListItem\",\"position\":1,\"name\":\"Hem\",\"item\":\"https:\\\/\\\/wp.kristdemokraterna.se\\\/jkpg\\\/\"},{\"@type\":\"ListItem\",\"position\":2,\"name\":\"Kommundelsf\u00f6reningar\",\"item\":\"https:\\\/\\\/wp.kristdemokraterna.se\\\/jkpg\\\/kommundelsforeningar\\\/\"},{\"@type\":\"ListItem\",\"position\":3,\"name\":\"J\u00f6nk\u00f6pings Kommundelsf\u00f6rening\"}]},{\"@type\":\"WebSite\",\"@id\":\"https:\\\/\\\/wp.kristdemokraterna.se\\\/jkpg\\\/#website\",\"url\":\"https:\\\/\\\/wp.kristdemokraterna.se\\\/jkpg\\\/\",\"name\":\"J\u00f6nk\u00f6pings kommun\",\"description\":\"F\u00f6r familjen och f\u00f6retagsamheten!\",\"inLanguage\":\"sv-SE\"}]}<\/script>\n<!-- \/ Yoast SEO plugin. -->","yoast_head_json":{"title":"J\u00f6nk\u00f6pings Kommundelsf\u00f6rening - J\u00f6nk\u00f6pings kommun","robots":{"index":"index","follow":"follow","max-snippet":"max-snippet:-1","max-image-preview":"max-image-preview:large","max-video-preview":"max-video-preview:-1"},"canonical":"https:\/\/wp.kristdemokraterna.se\/jkpg\/kommundelsforeningar\/jonkopings-kommundelsforening\/","og_locale":"sv_SE","og_type":"article","og_title":"J\u00f6nk\u00f6pings Kommundelsf\u00f6rening - J\u00f6nk\u00f6pings kommun","og_description":"F\u00f6lj oss p\u00e5 Facebook! &nbsp; Lokala foldrar f\u00f6r de olika delarna i staden. JKPG_FOLDER_C JKPG_FOLDER_syd JKPG_FOLDER_v\u00e4st JKPG_FOLDER_\u00f6st &nbsp; &nbsp; &nbsp; Vid fr\u00e5gor om kommun, landstings eller rikspolitik kontakta g\u00e4rna v\u00e5rt kansli p\u00e5:\u00a0jonkoping@kristdemokraterna.se\u00a0 eller 036-346430\u00a0f\u00f6r att f\u00e5 snabba svar. Bra information till skolarbeten finns p\u00e5: http:\/\/kristdemokraterna.se\/Skolarbete Postadress: Kyrkogatan 14 553 16 J\u00f6nk\u00f6ping Hemsida:\u00a0kristdemokraterna.se\/jonkoping\/ Eva Str\u00e5th &#8211;\u00a0Ordf\u00f6rande Read More","og_url":"https:\/\/wp.kristdemokraterna.se\/jkpg\/kommundelsforeningar\/jonkopings-kommundelsforening\/","og_site_name":"J\u00f6nk\u00f6pings kommun","article_modified_time":"2020-11-11T10:14:12+00:00","twitter_card":"summary_large_image","twitter_misc":{"Ber\u00e4knad l\u00e4stid":"1 minut"},"schema":{"@context":"https:\/\/schema.org","@graph":[{"@type":"WebPage","@id":"https:\/\/wp.kristdemokraterna.se\/jkpg\/kommundelsforeningar\/jonkopings-kommundelsforening\/","url":"https:\/\/wp.kristdemokraterna.se\/jkpg\/kommundelsforeningar\/jonkopings-kommundelsforening\/","name":"J\u00f6nk\u00f6pings Kommundelsf\u00f6rening - J\u00f6nk\u00f6pings kommun","isPartOf":{"@id":"https:\/\/wp.kristdemokraterna.se\/jkpg\/#website"},"datePublished":"2016-11-16T07:52:49+00:00","dateModified":"2020-11-11T10:14:12+00:00","breadcrumb":{"@id":"https:\/\/wp.kristdemokraterna.se\/jkpg\/kommundelsforeningar\/jonkopings-kommundelsforening\/#breadcrumb"},"inLanguage":"sv-SE","potentialAction":[{"@type":"ReadAction","target":["https:\/\/wp.kristdemokraterna.se\/jkpg\/kommundelsforeningar\/jonkopings-kommundelsforening\/"]}]},{"@type":"BreadcrumbList","@id":"https:\/\/wp.kristdemokraterna.se\/jkpg\/kommundelsforeningar\/jonkopings-kommundelsforening\/#breadcrumb","itemListElement":[{"@type":"ListItem","position":1,"name":"Hem","item":"https:\/\/wp.kristdemokraterna.se\/jkpg\/"},{"@type":"ListItem","position":2,"name":"Kommundelsf\u00f6reningar","item":"https:\/\/wp.kristdemokraterna.se\/jkpg\/kommundelsforeningar\/"},{"@type":"ListItem","position":3,"name":"J\u00f6nk\u00f6pings Kommundelsf\u00f6rening"}]},{"@type":"WebSite","@id":"https:\/\/wp.kristdemokraterna.se\/jkpg\/#website","url":"https:\/\/wp.kristdemokraterna.se\/jkpg\/","name":"J\u00f6nk\u00f6pings kommun","description":"F\u00f6r familjen och f\u00f6retagsamheten!","inLanguage":"sv-SE"}]}},"_links":{"self":[{"href":"https:\/\/wp.kristdemokraterna.se\/jkpg\/wp-json\/wp\/v2\/pages\/178","targetHints":{"allow":["GET"]}}],"collection":[{"href":"https:\/\/wp.kristdemokraterna.se\/jkpg\/wp-json\/wp\/v2\/pages"}],"about":[{"href":"https:\/\/wp.kristdemokraterna.se\/jkpg\/wp-json\/wp\/v2\/types\/page"}],"author":[{"embeddable":true,"href":"https:\/\/wp.kristdemokraterna.se\/jkpg\/wp-json\/wp\/v2\/users\/745"}],"replies":[{"embeddable":true,"href":"https:\/\/wp.kristdemokraterna.se\/jkpg\/wp-json\/wp\/v2\/comments?post=178"}],"version-history":[{"count":20,"href":"https:\/\/wp.kristdemokraterna.se\/jkpg\/wp-json\/wp\/v2\/pages\/178\/revisions"}],"predecessor-version":[{"id":1071,"href":"https:\/\/wp.kristdemokraterna.se\/jkpg\/wp-json\/wp\/v2\/pages\/178\/revisions\/1071"}],"up":[{"embeddable":true,"href":"https:\/\/wp.kristdemokraterna.se\/jkpg\/wp-json\/wp\/v2\/pages\/175"}],"wp:attachment":[{"href":"https:\/\/wp.kristdemokraterna.se\/jkpg\/wp-json\/wp\/v2\/media?parent=178"}],"curies":[{"name":"wp","href":"https:\/\/api.w.org\/{rel}","templated":true}]}}