{"id":187,"date":"2016-11-16T09:02:43","date_gmt":"2016-11-16T08:02:43","guid":{"rendered":"http:\/\/wp.kristdemokraterna.se\/jkpg\/?page_id=187"},"modified":"2018-07-30T10:14:25","modified_gmt":"2018-07-30T08:14:25","slug":"huskvarnas-kommundelsforening","status":"publish","type":"page","link":"https:\/\/wp.kristdemokraterna.se\/jkpg\/kommundelsforeningar\/huskvarnas-kommundelsforening\/","title":{"rendered":"Huskvarnas Kommundelsf\u00f6rening"},"content":{"rendered":"<div class=\"contant-information-local\">\n<h4>Kd Huskvarna<\/h4>\n<div><strong>Ordf\u00f6randens hemadress:<\/strong> <a class=\"externalLink\" href=\"http:\/\/maps.google.com\/?q=Stensholmsv%c3%a4gen+4+F%2c+56139+Huskvarna\" target=\"_blank\">Stensholmsv\u00e4gen 4 F, 56139 Huskvarna<\/a><\/div>\n<div><strong>Telefon:<\/strong> 036-13 83 47<\/div>\n<div><strong>E-post:<\/strong> <a class=\"externalLink\" href=\"mailto:darelid48@gmail.com\">darelid48@gmail.com<\/a><\/div>\n<\/div>\n<div class=\"persons-block\">\n<p>Styrelsen<\/p>\n<p><b class=\"name\"><\/b><b class=\"name\">Olof Darelid &#8211;\u00a0<\/b><i class=\"title\">Partiavdelningsordf\u00f6rande<\/i><\/p>\n<p><b class=\"name\">Annicka Ekstrand &#8211;\u00a0<\/b><i class=\"title\">1:e vice partiavdelningsordf\u00f6rande<\/i><\/p>\n<p><b class=\"name\">Roland Edlund &#8211;\u00a0<\/b><i class=\"title\">Partiavdelningsstyrelseledamot<\/i><\/p>\n<p><b class=\"name\">Kjell Olsson &#8211;\u00a0<\/b><i class=\"title\">Partiavdelningsstyrelseledamot<\/i><\/p>\n<p><b class=\"name\">Eivor L\u00f6fdahl &#8211;\u00a0<\/b><i class=\"title\">Partiavdelningsstyrelseledamot<\/i><\/p>\n<p><b class=\"name\">Ir\u00e9ne Eskilsson &#8211;\u00a0<\/b><i class=\"title\">Partiavdelningsstyrelseledamot<\/i><\/p>\n<p><b class=\"name\">Monica Gustafson &#8211;\u00a0<\/b><i class=\"title\">Partiavdelningsstyrelseledamot<\/i><\/p>\n<p><b class=\"name\">Christer Lindholm &#8211;\u00a0<\/b><i class=\"title\">Partiavdelningsstyrelseledamot<\/i><\/p>\n<p><b class=\"name\">Kenneth Skogward &#8211;\u00a0<\/b><i class=\"title\">Partiavdelningsstyrelseers\u00e4ttare<\/i><\/p>\n<p><b class=\"name\">Marianne Nordell &#8211;\u00a0<\/b><i class=\"title\">Partiavdelningsstyrelseers\u00e4ttare<\/i><\/p>\n<p><b class=\"name\">Henrik Titusson &#8211;\u00a0<\/b><i class=\"title\">Partiavdelningsstyrelseers\u00e4ttare<\/i><\/p>\n<\/div>\n","protected":false},"excerpt":{"rendered":"<p>Kd Huskvarna Ordf\u00f6randens hemadress: Stensholmsv\u00e4gen 4 F, 56139 Huskvarna Telefon: 036-13 83 47 E-post: darelid48@gmail.com Styrelsen Olof Darelid &#8211;\u00a0Partiavdelningsordf\u00f6rande Annicka Ekstrand &#8211;\u00a01:e vice partiavdelningsordf\u00f6rande Roland Edlund &#8211;\u00a0Partiavdelningsstyrelseledamot Kjell Olsson &#8211;\u00a0Partiavdelningsstyrelseledamot Eivor L\u00f6fdahl &#8211;\u00a0Partiavdelningsstyrelseledamot Ir\u00e9ne Eskilsson &#8211;\u00a0Partiavdelningsstyrelseledamot Monica Gustafson &#8211;\u00a0Partiavdelningsstyrelseledamot Christer Lindholm &#8211;\u00a0Partiavdelningsstyrelseledamot Kenneth Skogward &#8211;\u00a0Partiavdelningsstyrelseers\u00e4ttare Marianne Nordell &#8211;\u00a0Partiavdelningsstyrelseers\u00e4ttare Henrik Titusson &#8211;\u00a0Partiavdelningsstyrelseers\u00e4ttare<\/p>\n","protected":false},"author":745,"featured_media":0,"parent":175,"menu_order":0,"comment_status":"closed","ping_status":"closed","template":"","meta":{"_acf_changed":false,"footnotes":""},"class_list":["post-187","page","type-page","status-publish","hentry"],"acf":[],"yoast_head":"<!-- This site is optimized with the Yoast SEO plugin v27.3 - https:\/\/yoast.com\/product\/yoast-seo-wordpress\/ -->\n<title>Huskvarnas Kommundelsf\u00f6rening - J\u00f6nk\u00f6pings kommun<\/title>\n<meta name=\"robots\" content=\"index, follow, max-snippet:-1, max-image-preview:large, max-video-preview:-1\" \/>\n<link rel=\"canonical\" href=\"https:\/\/wp.kristdemokraterna.se\/jkpg\/kommundelsforeningar\/huskvarnas-kommundelsforening\/\" \/>\n<meta property=\"og:locale\" content=\"sv_SE\" \/>\n<meta property=\"og:type\" content=\"article\" \/>\n<meta property=\"og:title\" content=\"Huskvarnas Kommundelsf\u00f6rening - J\u00f6nk\u00f6pings kommun\" \/>\n<meta property=\"og:description\" content=\"Kd Huskvarna Ordf\u00f6randens hemadress: Stensholmsv\u00e4gen 4 F, 56139 Huskvarna Telefon: 036-13 83 47 E-post: darelid48@gmail.com Styrelsen Olof Darelid &#8211;\u00a0Partiavdelningsordf\u00f6rande Annicka Ekstrand &#8211;\u00a01:e vice partiavdelningsordf\u00f6rande Roland Edlund &#8211;\u00a0Partiavdelningsstyrelseledamot Kjell Olsson &#8211;\u00a0Partiavdelningsstyrelseledamot Eivor L\u00f6fdahl &#8211;\u00a0Partiavdelningsstyrelseledamot Ir\u00e9ne Eskilsson &#8211;\u00a0Partiavdelningsstyrelseledamot Monica Gustafson &#8211;\u00a0Partiavdelningsstyrelseledamot Christer Lindholm &#8211;\u00a0Partiavdelningsstyrelseledamot Kenneth Skogward &#8211;\u00a0Partiavdelningsstyrelseers\u00e4ttare Marianne Nordell &#8211;\u00a0Partiavdelningsstyrelseers\u00e4ttare Henrik Titusson &#8211;\u00a0Partiavdelningsstyrelseers\u00e4ttare\" \/>\n<meta property=\"og:url\" content=\"https:\/\/wp.kristdemokraterna.se\/jkpg\/kommundelsforeningar\/huskvarnas-kommundelsforening\/\" \/>\n<meta property=\"og:site_name\" content=\"J\u00f6nk\u00f6pings kommun\" \/>\n<meta property=\"article:modified_time\" content=\"2018-07-30T08:14:25+00:00\" \/>\n<meta name=\"twitter:card\" content=\"summary_large_image\" \/>\n<script type=\"application\/ld+json\" class=\"yoast-schema-graph\">{\"@context\":\"https:\\\/\\\/schema.org\",\"@graph\":[{\"@type\":\"WebPage\",\"@id\":\"https:\\\/\\\/wp.kristdemokraterna.se\\\/jkpg\\\/kommundelsforeningar\\\/huskvarnas-kommundelsforening\\\/\",\"url\":\"https:\\\/\\\/wp.kristdemokraterna.se\\\/jkpg\\\/kommundelsforeningar\\\/huskvarnas-kommundelsforening\\\/\",\"name\":\"Huskvarnas Kommundelsf\u00f6rening - J\u00f6nk\u00f6pings kommun\",\"isPartOf\":{\"@id\":\"https:\\\/\\\/wp.kristdemokraterna.se\\\/jkpg\\\/#website\"},\"datePublished\":\"2016-11-16T08:02:43+00:00\",\"dateModified\":\"2018-07-30T08:14:25+00:00\",\"breadcrumb\":{\"@id\":\"https:\\\/\\\/wp.kristdemokraterna.se\\\/jkpg\\\/kommundelsforeningar\\\/huskvarnas-kommundelsforening\\\/#breadcrumb\"},\"inLanguage\":\"sv-SE\",\"potentialAction\":[{\"@type\":\"ReadAction\",\"target\":[\"https:\\\/\\\/wp.kristdemokraterna.se\\\/jkpg\\\/kommundelsforeningar\\\/huskvarnas-kommundelsforening\\\/\"]}]},{\"@type\":\"BreadcrumbList\",\"@id\":\"https:\\\/\\\/wp.kristdemokraterna.se\\\/jkpg\\\/kommundelsforeningar\\\/huskvarnas-kommundelsforening\\\/#breadcrumb\",\"itemListElement\":[{\"@type\":\"ListItem\",\"position\":1,\"name\":\"Hem\",\"item\":\"https:\\\/\\\/wp.kristdemokraterna.se\\\/jkpg\\\/\"},{\"@type\":\"ListItem\",\"position\":2,\"name\":\"Kommundelsf\u00f6reningar\",\"item\":\"https:\\\/\\\/wp.kristdemokraterna.se\\\/jkpg\\\/kommundelsforeningar\\\/\"},{\"@type\":\"ListItem\",\"position\":3,\"name\":\"Huskvarnas Kommundelsf\u00f6rening\"}]},{\"@type\":\"WebSite\",\"@id\":\"https:\\\/\\\/wp.kristdemokraterna.se\\\/jkpg\\\/#website\",\"url\":\"https:\\\/\\\/wp.kristdemokraterna.se\\\/jkpg\\\/\",\"name\":\"J\u00f6nk\u00f6pings kommun\",\"description\":\"F\u00f6r familjen och f\u00f6retagsamheten!\",\"inLanguage\":\"sv-SE\"}]}<\/script>\n<!-- \/ Yoast SEO plugin. -->","yoast_head_json":{"title":"Huskvarnas Kommundelsf\u00f6rening - J\u00f6nk\u00f6pings kommun","robots":{"index":"index","follow":"follow","max-snippet":"max-snippet:-1","max-image-preview":"max-image-preview:large","max-video-preview":"max-video-preview:-1"},"canonical":"https:\/\/wp.kristdemokraterna.se\/jkpg\/kommundelsforeningar\/huskvarnas-kommundelsforening\/","og_locale":"sv_SE","og_type":"article","og_title":"Huskvarnas Kommundelsf\u00f6rening - J\u00f6nk\u00f6pings kommun","og_description":"Kd Huskvarna Ordf\u00f6randens hemadress: Stensholmsv\u00e4gen 4 F, 56139 Huskvarna Telefon: 036-13 83 47 E-post: darelid48@gmail.com Styrelsen Olof Darelid &#8211;\u00a0Partiavdelningsordf\u00f6rande Annicka Ekstrand &#8211;\u00a01:e vice partiavdelningsordf\u00f6rande Roland Edlund &#8211;\u00a0Partiavdelningsstyrelseledamot Kjell Olsson &#8211;\u00a0Partiavdelningsstyrelseledamot Eivor L\u00f6fdahl &#8211;\u00a0Partiavdelningsstyrelseledamot Ir\u00e9ne Eskilsson &#8211;\u00a0Partiavdelningsstyrelseledamot Monica Gustafson &#8211;\u00a0Partiavdelningsstyrelseledamot Christer Lindholm &#8211;\u00a0Partiavdelningsstyrelseledamot Kenneth Skogward &#8211;\u00a0Partiavdelningsstyrelseers\u00e4ttare Marianne Nordell &#8211;\u00a0Partiavdelningsstyrelseers\u00e4ttare Henrik Titusson &#8211;\u00a0Partiavdelningsstyrelseers\u00e4ttare","og_url":"https:\/\/wp.kristdemokraterna.se\/jkpg\/kommundelsforeningar\/huskvarnas-kommundelsforening\/","og_site_name":"J\u00f6nk\u00f6pings kommun","article_modified_time":"2018-07-30T08:14:25+00:00","twitter_card":"summary_large_image","schema":{"@context":"https:\/\/schema.org","@graph":[{"@type":"WebPage","@id":"https:\/\/wp.kristdemokraterna.se\/jkpg\/kommundelsforeningar\/huskvarnas-kommundelsforening\/","url":"https:\/\/wp.kristdemokraterna.se\/jkpg\/kommundelsforeningar\/huskvarnas-kommundelsforening\/","name":"Huskvarnas Kommundelsf\u00f6rening - J\u00f6nk\u00f6pings kommun","isPartOf":{"@id":"https:\/\/wp.kristdemokraterna.se\/jkpg\/#website"},"datePublished":"2016-11-16T08:02:43+00:00","dateModified":"2018-07-30T08:14:25+00:00","breadcrumb":{"@id":"https:\/\/wp.kristdemokraterna.se\/jkpg\/kommundelsforeningar\/huskvarnas-kommundelsforening\/#breadcrumb"},"inLanguage":"sv-SE","potentialAction":[{"@type":"ReadAction","target":["https:\/\/wp.kristdemokraterna.se\/jkpg\/kommundelsforeningar\/huskvarnas-kommundelsforening\/"]}]},{"@type":"BreadcrumbList","@id":"https:\/\/wp.kristdemokraterna.se\/jkpg\/kommundelsforeningar\/huskvarnas-kommundelsforening\/#breadcrumb","itemListElement":[{"@type":"ListItem","position":1,"name":"Hem","item":"https:\/\/wp.kristdemokraterna.se\/jkpg\/"},{"@type":"ListItem","position":2,"name":"Kommundelsf\u00f6reningar","item":"https:\/\/wp.kristdemokraterna.se\/jkpg\/kommundelsforeningar\/"},{"@type":"ListItem","position":3,"name":"Huskvarnas Kommundelsf\u00f6rening"}]},{"@type":"WebSite","@id":"https:\/\/wp.kristdemokraterna.se\/jkpg\/#website","url":"https:\/\/wp.kristdemokraterna.se\/jkpg\/","name":"J\u00f6nk\u00f6pings kommun","description":"F\u00f6r familjen och f\u00f6retagsamheten!","inLanguage":"sv-SE"}]}},"_links":{"self":[{"href":"https:\/\/wp.kristdemokraterna.se\/jkpg\/wp-json\/wp\/v2\/pages\/187","targetHints":{"allow":["GET"]}}],"collection":[{"href":"https:\/\/wp.kristdemokraterna.se\/jkpg\/wp-json\/wp\/v2\/pages"}],"about":[{"href":"https:\/\/wp.kristdemokraterna.se\/jkpg\/wp-json\/wp\/v2\/types\/page"}],"author":[{"embeddable":true,"href":"https:\/\/wp.kristdemokraterna.se\/jkpg\/wp-json\/wp\/v2\/users\/745"}],"replies":[{"embeddable":true,"href":"https:\/\/wp.kristdemokraterna.se\/jkpg\/wp-json\/wp\/v2\/comments?post=187"}],"version-history":[{"count":3,"href":"https:\/\/wp.kristdemokraterna.se\/jkpg\/wp-json\/wp\/v2\/pages\/187\/revisions"}],"predecessor-version":[{"id":818,"href":"https:\/\/wp.kristdemokraterna.se\/jkpg\/wp-json\/wp\/v2\/pages\/187\/revisions\/818"}],"up":[{"embeddable":true,"href":"https:\/\/wp.kristdemokraterna.se\/jkpg\/wp-json\/wp\/v2\/pages\/175"}],"wp:attachment":[{"href":"https:\/\/wp.kristdemokraterna.se\/jkpg\/wp-json\/wp\/v2\/media?parent=187"}],"curies":[{"name":"wp","href":"https:\/\/api.w.org\/{rel}","templated":true}]}}