{"id":191,"date":"2016-11-16T09:05:56","date_gmt":"2016-11-16T08:05:56","guid":{"rendered":"http:\/\/wp.kristdemokraterna.se\/jkpg\/?page_id=191"},"modified":"2018-07-30T10:15:01","modified_gmt":"2018-07-30T08:15:01","slug":"tenhults-kommundelsforening","status":"publish","type":"page","link":"https:\/\/wp.kristdemokraterna.se\/jkpg\/kommundelsforeningar\/tenhults-kommundelsforening\/","title":{"rendered":"Tenhults Kommundelsf\u00f6rening"},"content":{"rendered":"<div class=\"contant-information-local\">\n<h4>Kd Tenhult<\/h4>\n<div><strong>Ordf\u00f6randens hemadress:<\/strong> <a class=\"externalLink\" href=\"http:\/\/maps.google.com\/?q=V%c3%a4straby+0%2c+56031+Tenhult\" target=\"_blank\">V\u00e4straby 0, 56031 Tenhult<\/a><\/div>\n<div><strong>Telefon:<\/strong> 036-960 59<\/div>\n<div><strong>E-post:<\/strong> <a class=\"externalLink\" href=\"mailto:erik.lagarde@kristdemokraterna.se\">erik.lagarde@kristdemokraterna.se<\/a><\/div>\n<\/div>\n<div class=\"persons-block\">\n<h3>Styrelsen<\/h3>\n<p><b class=\"name\">Erik Lag\u00e4rde &#8211;\u00a0<\/b><i class=\"title\">Partiavdelningsordf\u00f6rande<\/i><\/p>\n<p><b class=\"name\">G\u00f6ran Enell &#8211;\u00a0<\/b><i class=\"title\">Partiavdelningsstyrelseledamot<\/i><\/p>\n<p><b class=\"name\">Mia Frisk &#8211;\u00a0<\/b><i class=\"title\">Partiavdelningsstyrelseledamot<\/i><\/p>\n<\/div>\n","protected":false},"excerpt":{"rendered":"<p>Kd Tenhult Ordf\u00f6randens hemadress: V\u00e4straby 0, 56031 Tenhult Telefon: 036-960 59 E-post: erik.lagarde@kristdemokraterna.se Styrelsen Erik Lag\u00e4rde &#8211;\u00a0Partiavdelningsordf\u00f6rande G\u00f6ran Enell &#8211;\u00a0Partiavdelningsstyrelseledamot Mia Frisk &#8211;\u00a0Partiavdelningsstyrelseledamot<\/p>\n","protected":false},"author":745,"featured_media":0,"parent":175,"menu_order":0,"comment_status":"closed","ping_status":"closed","template":"","meta":{"_acf_changed":false,"footnotes":""},"class_list":["post-191","page","type-page","status-publish","hentry"],"acf":[],"yoast_head":"<!-- This site is optimized with the Yoast SEO plugin v27.4 - https:\/\/yoast.com\/product\/yoast-seo-wordpress\/ -->\n<title>Tenhults Kommundelsf\u00f6rening - J\u00f6nk\u00f6pings kommun<\/title>\n<meta name=\"robots\" content=\"index, follow, max-snippet:-1, max-image-preview:large, max-video-preview:-1\" \/>\n<link rel=\"canonical\" href=\"https:\/\/wp.kristdemokraterna.se\/jkpg\/kommundelsforeningar\/tenhults-kommundelsforening\/\" \/>\n<meta property=\"og:locale\" content=\"sv_SE\" \/>\n<meta property=\"og:type\" content=\"article\" \/>\n<meta property=\"og:title\" content=\"Tenhults Kommundelsf\u00f6rening - J\u00f6nk\u00f6pings kommun\" \/>\n<meta property=\"og:description\" content=\"Kd Tenhult Ordf\u00f6randens hemadress: V\u00e4straby 0, 56031 Tenhult Telefon: 036-960 59 E-post: erik.lagarde@kristdemokraterna.se Styrelsen Erik Lag\u00e4rde &#8211;\u00a0Partiavdelningsordf\u00f6rande G\u00f6ran Enell &#8211;\u00a0Partiavdelningsstyrelseledamot Mia Frisk &#8211;\u00a0Partiavdelningsstyrelseledamot\" \/>\n<meta property=\"og:url\" content=\"https:\/\/wp.kristdemokraterna.se\/jkpg\/kommundelsforeningar\/tenhults-kommundelsforening\/\" \/>\n<meta property=\"og:site_name\" content=\"J\u00f6nk\u00f6pings kommun\" \/>\n<meta property=\"article:modified_time\" content=\"2018-07-30T08:15:01+00:00\" \/>\n<meta name=\"twitter:card\" content=\"summary_large_image\" \/>\n<script type=\"application\/ld+json\" class=\"yoast-schema-graph\">{\"@context\":\"https:\\\/\\\/schema.org\",\"@graph\":[{\"@type\":\"WebPage\",\"@id\":\"https:\\\/\\\/wp.kristdemokraterna.se\\\/jkpg\\\/kommundelsforeningar\\\/tenhults-kommundelsforening\\\/\",\"url\":\"https:\\\/\\\/wp.kristdemokraterna.se\\\/jkpg\\\/kommundelsforeningar\\\/tenhults-kommundelsforening\\\/\",\"name\":\"Tenhults Kommundelsf\u00f6rening - J\u00f6nk\u00f6pings kommun\",\"isPartOf\":{\"@id\":\"https:\\\/\\\/wp.kristdemokraterna.se\\\/jkpg\\\/#website\"},\"datePublished\":\"2016-11-16T08:05:56+00:00\",\"dateModified\":\"2018-07-30T08:15:01+00:00\",\"breadcrumb\":{\"@id\":\"https:\\\/\\\/wp.kristdemokraterna.se\\\/jkpg\\\/kommundelsforeningar\\\/tenhults-kommundelsforening\\\/#breadcrumb\"},\"inLanguage\":\"sv-SE\",\"potentialAction\":[{\"@type\":\"ReadAction\",\"target\":[\"https:\\\/\\\/wp.kristdemokraterna.se\\\/jkpg\\\/kommundelsforeningar\\\/tenhults-kommundelsforening\\\/\"]}]},{\"@type\":\"BreadcrumbList\",\"@id\":\"https:\\\/\\\/wp.kristdemokraterna.se\\\/jkpg\\\/kommundelsforeningar\\\/tenhults-kommundelsforening\\\/#breadcrumb\",\"itemListElement\":[{\"@type\":\"ListItem\",\"position\":1,\"name\":\"Hem\",\"item\":\"https:\\\/\\\/wp.kristdemokraterna.se\\\/jkpg\\\/\"},{\"@type\":\"ListItem\",\"position\":2,\"name\":\"Kommundelsf\u00f6reningar\",\"item\":\"https:\\\/\\\/wp.kristdemokraterna.se\\\/jkpg\\\/kommundelsforeningar\\\/\"},{\"@type\":\"ListItem\",\"position\":3,\"name\":\"Tenhults Kommundelsf\u00f6rening\"}]},{\"@type\":\"WebSite\",\"@id\":\"https:\\\/\\\/wp.kristdemokraterna.se\\\/jkpg\\\/#website\",\"url\":\"https:\\\/\\\/wp.kristdemokraterna.se\\\/jkpg\\\/\",\"name\":\"J\u00f6nk\u00f6pings kommun\",\"description\":\"F\u00f6r familjen och f\u00f6retagsamheten!\",\"inLanguage\":\"sv-SE\"}]}<\/script>\n<!-- \/ Yoast SEO plugin. -->","yoast_head_json":{"title":"Tenhults Kommundelsf\u00f6rening - J\u00f6nk\u00f6pings kommun","robots":{"index":"index","follow":"follow","max-snippet":"max-snippet:-1","max-image-preview":"max-image-preview:large","max-video-preview":"max-video-preview:-1"},"canonical":"https:\/\/wp.kristdemokraterna.se\/jkpg\/kommundelsforeningar\/tenhults-kommundelsforening\/","og_locale":"sv_SE","og_type":"article","og_title":"Tenhults Kommundelsf\u00f6rening - J\u00f6nk\u00f6pings kommun","og_description":"Kd Tenhult Ordf\u00f6randens hemadress: V\u00e4straby 0, 56031 Tenhult Telefon: 036-960 59 E-post: erik.lagarde@kristdemokraterna.se Styrelsen Erik Lag\u00e4rde &#8211;\u00a0Partiavdelningsordf\u00f6rande G\u00f6ran Enell &#8211;\u00a0Partiavdelningsstyrelseledamot Mia Frisk &#8211;\u00a0Partiavdelningsstyrelseledamot","og_url":"https:\/\/wp.kristdemokraterna.se\/jkpg\/kommundelsforeningar\/tenhults-kommundelsforening\/","og_site_name":"J\u00f6nk\u00f6pings kommun","article_modified_time":"2018-07-30T08:15:01+00:00","twitter_card":"summary_large_image","schema":{"@context":"https:\/\/schema.org","@graph":[{"@type":"WebPage","@id":"https:\/\/wp.kristdemokraterna.se\/jkpg\/kommundelsforeningar\/tenhults-kommundelsforening\/","url":"https:\/\/wp.kristdemokraterna.se\/jkpg\/kommundelsforeningar\/tenhults-kommundelsforening\/","name":"Tenhults Kommundelsf\u00f6rening - J\u00f6nk\u00f6pings kommun","isPartOf":{"@id":"https:\/\/wp.kristdemokraterna.se\/jkpg\/#website"},"datePublished":"2016-11-16T08:05:56+00:00","dateModified":"2018-07-30T08:15:01+00:00","breadcrumb":{"@id":"https:\/\/wp.kristdemokraterna.se\/jkpg\/kommundelsforeningar\/tenhults-kommundelsforening\/#breadcrumb"},"inLanguage":"sv-SE","potentialAction":[{"@type":"ReadAction","target":["https:\/\/wp.kristdemokraterna.se\/jkpg\/kommundelsforeningar\/tenhults-kommundelsforening\/"]}]},{"@type":"BreadcrumbList","@id":"https:\/\/wp.kristdemokraterna.se\/jkpg\/kommundelsforeningar\/tenhults-kommundelsforening\/#breadcrumb","itemListElement":[{"@type":"ListItem","position":1,"name":"Hem","item":"https:\/\/wp.kristdemokraterna.se\/jkpg\/"},{"@type":"ListItem","position":2,"name":"Kommundelsf\u00f6reningar","item":"https:\/\/wp.kristdemokraterna.se\/jkpg\/kommundelsforeningar\/"},{"@type":"ListItem","position":3,"name":"Tenhults Kommundelsf\u00f6rening"}]},{"@type":"WebSite","@id":"https:\/\/wp.kristdemokraterna.se\/jkpg\/#website","url":"https:\/\/wp.kristdemokraterna.se\/jkpg\/","name":"J\u00f6nk\u00f6pings kommun","description":"F\u00f6r familjen och f\u00f6retagsamheten!","inLanguage":"sv-SE"}]}},"_links":{"self":[{"href":"https:\/\/wp.kristdemokraterna.se\/jkpg\/wp-json\/wp\/v2\/pages\/191","targetHints":{"allow":["GET"]}}],"collection":[{"href":"https:\/\/wp.kristdemokraterna.se\/jkpg\/wp-json\/wp\/v2\/pages"}],"about":[{"href":"https:\/\/wp.kristdemokraterna.se\/jkpg\/wp-json\/wp\/v2\/types\/page"}],"author":[{"embeddable":true,"href":"https:\/\/wp.kristdemokraterna.se\/jkpg\/wp-json\/wp\/v2\/users\/745"}],"replies":[{"embeddable":true,"href":"https:\/\/wp.kristdemokraterna.se\/jkpg\/wp-json\/wp\/v2\/comments?post=191"}],"version-history":[{"count":3,"href":"https:\/\/wp.kristdemokraterna.se\/jkpg\/wp-json\/wp\/v2\/pages\/191\/revisions"}],"predecessor-version":[{"id":821,"href":"https:\/\/wp.kristdemokraterna.se\/jkpg\/wp-json\/wp\/v2\/pages\/191\/revisions\/821"}],"up":[{"embeddable":true,"href":"https:\/\/wp.kristdemokraterna.se\/jkpg\/wp-json\/wp\/v2\/pages\/175"}],"wp:attachment":[{"href":"https:\/\/wp.kristdemokraterna.se\/jkpg\/wp-json\/wp\/v2\/media?parent=191"}],"curies":[{"name":"wp","href":"https:\/\/api.w.org\/{rel}","templated":true}]}}