{"id":194,"date":"2016-11-16T09:11:10","date_gmt":"2016-11-16T08:11:10","guid":{"rendered":"http:\/\/wp.kristdemokraterna.se\/jkpg\/?page_id=194"},"modified":"2018-07-30T10:14:48","modified_gmt":"2018-07-30T08:14:48","slug":"tabergsdalens-kommundelsforing","status":"publish","type":"page","link":"https:\/\/wp.kristdemokraterna.se\/jkpg\/kommundelsforeningar\/tabergsdalens-kommundelsforing\/","title":{"rendered":"Tabergsdalens Kommundelsf\u00f6rening"},"content":{"rendered":"<div class=\"contant-information-local\">\n<h4>Kd Tabergsdalen<\/h4>\n<p>V\u00e5r kommundelsf\u00f6rening vill vara en tydlig kristdemokratisk r\u00f6st i Dalen d\u00e4r v\u00e5ra v\u00e4rderingar &amp; principer f\u00e5r ett tydligt genomslag i m\u00e4nniskors vardag.<\/p>\n<\/div>\n<p>F\u00f6lj oss p\u00e5 <a href=\"https:\/\/www.facebook.com\/pg\/KDTabergsdalen\" target=\"_blank\" rel=\"noopener\">Facebook<\/a>!<\/p>\n<p><strong>Postadress:<\/strong><a class=\"externalLink\" href=\"http:\/\/maps.google.com\/?q=G%c3%b6kstigen+6+%2c+56232+Norrahammar\" target=\"_blank\" rel=\"noopener\">G\u00f6kstigen 6 , 56232 Norrahammar<\/a><\/p>\n<div class=\"contant-information-local\">\n<div><strong>Telefon:<\/strong> 036-600 68<\/div>\n<\/div>\n<div class=\"persons-block\">\n<h2>Styrelsen<\/h2>\n<p><b class=\"name\">Ulf Georgsson &#8211;\u00a0<\/b><i class=\"title\">Partiavdelningsstyrelseledamot<\/i><\/p>\n<p><b class=\"name\">Berne Lorefors &#8211;\u00a0<\/b><i class=\"title\">Partiavdelningsstyrelseledamot<\/i><\/p>\n<p><b class=\"name\">Wallis Lann &#8211;\u00a0<\/b><i class=\"title\">Partiavdelningsstyrelseledamot<\/i><\/p>\n<p><b class=\"name\">Josef Hillerstr\u00f6m &#8211;\u00a0<\/b><i class=\"title\">Partiavdelningsstyrelseledamot<\/i><\/p>\n<p><b class=\"name\">G\u00f6ran Undevall &#8211;\u00a0<\/b><i class=\"title\">Partiavdelningsstyrelseledamot<\/i><\/p>\n<p><b class=\"name\">Kjell Dahlstr\u00f6m &#8211;\u00a0<\/b><i class=\"title\">Partiavdelningsstyrelseledamot<\/i><\/p>\n<p><b class=\"name\"><\/b><b class=\"name\">Carl Cunningham &#8211;\u00a0<\/b><i class=\"title\">Partiavdelningsstyrelseers\u00e4ttare<\/i><\/p>\n<p><b class=\"name\">Kerstin Linder &#8211;\u00a0<\/b><i class=\"title\">Partiavdelningsstyrelseers\u00e4ttare<\/i><\/p>\n<\/div>\n","protected":false},"excerpt":{"rendered":"<p>Kd Tabergsdalen V\u00e5r kommundelsf\u00f6rening vill vara en tydlig kristdemokratisk r\u00f6st i Dalen d\u00e4r v\u00e5ra v\u00e4rderingar &amp; principer f\u00e5r ett tydligt genomslag i m\u00e4nniskors vardag. F\u00f6lj oss p\u00e5 Facebook! Postadress:G\u00f6kstigen 6 , 56232 Norrahammar Telefon: 036-600 68 Styrelsen Ulf Georgsson &#8211;\u00a0Partiavdelningsstyrelseledamot Berne Lorefors &#8211;\u00a0Partiavdelningsstyrelseledamot Wallis Lann &#8211;\u00a0Partiavdelningsstyrelseledamot Josef Hillerstr\u00f6m &#8211;\u00a0Partiavdelningsstyrelseledamot G\u00f6ran Undevall &#8211;\u00a0Partiavdelningsstyrelseledamot Kjell Dahlstr\u00f6m &#8211;\u00a0Partiavdelningsstyrelseledamot <a class=\"read-more-link\" href=\"https:\/\/wp.kristdemokraterna.se\/jkpg\/kommundelsforeningar\/tabergsdalens-kommundelsforing\/\">Read More<\/a><\/p>\n","protected":false},"author":745,"featured_media":0,"parent":175,"menu_order":0,"comment_status":"closed","ping_status":"closed","template":"","meta":{"_acf_changed":false,"footnotes":""},"class_list":["post-194","page","type-page","status-publish","hentry"],"acf":[],"yoast_head":"<!-- This site is optimized with the Yoast SEO plugin v27.3 - https:\/\/yoast.com\/product\/yoast-seo-wordpress\/ -->\n<title>Tabergsdalens Kommundelsf\u00f6rening - J\u00f6nk\u00f6pings kommun<\/title>\n<meta name=\"robots\" content=\"index, follow, max-snippet:-1, max-image-preview:large, max-video-preview:-1\" \/>\n<link rel=\"canonical\" href=\"https:\/\/wp.kristdemokraterna.se\/jkpg\/kommundelsforeningar\/tabergsdalens-kommundelsforing\/\" \/>\n<meta property=\"og:locale\" content=\"sv_SE\" \/>\n<meta property=\"og:type\" content=\"article\" \/>\n<meta property=\"og:title\" content=\"Tabergsdalens Kommundelsf\u00f6rening - J\u00f6nk\u00f6pings kommun\" \/>\n<meta property=\"og:description\" content=\"Kd Tabergsdalen V\u00e5r kommundelsf\u00f6rening vill vara en tydlig kristdemokratisk r\u00f6st i Dalen d\u00e4r v\u00e5ra v\u00e4rderingar &amp; principer f\u00e5r ett tydligt genomslag i m\u00e4nniskors vardag. F\u00f6lj oss p\u00e5 Facebook! Postadress:G\u00f6kstigen 6 , 56232 Norrahammar Telefon: 036-600 68 Styrelsen Ulf Georgsson &#8211;\u00a0Partiavdelningsstyrelseledamot Berne Lorefors &#8211;\u00a0Partiavdelningsstyrelseledamot Wallis Lann &#8211;\u00a0Partiavdelningsstyrelseledamot Josef Hillerstr\u00f6m &#8211;\u00a0Partiavdelningsstyrelseledamot G\u00f6ran Undevall &#8211;\u00a0Partiavdelningsstyrelseledamot Kjell Dahlstr\u00f6m &#8211;\u00a0Partiavdelningsstyrelseledamot Read More\" \/>\n<meta property=\"og:url\" content=\"https:\/\/wp.kristdemokraterna.se\/jkpg\/kommundelsforeningar\/tabergsdalens-kommundelsforing\/\" \/>\n<meta property=\"og:site_name\" content=\"J\u00f6nk\u00f6pings kommun\" \/>\n<meta property=\"article:modified_time\" content=\"2018-07-30T08:14:48+00:00\" \/>\n<meta name=\"twitter:card\" content=\"summary_large_image\" \/>\n<script type=\"application\/ld+json\" class=\"yoast-schema-graph\">{\"@context\":\"https:\\\/\\\/schema.org\",\"@graph\":[{\"@type\":\"WebPage\",\"@id\":\"https:\\\/\\\/wp.kristdemokraterna.se\\\/jkpg\\\/kommundelsforeningar\\\/tabergsdalens-kommundelsforing\\\/\",\"url\":\"https:\\\/\\\/wp.kristdemokraterna.se\\\/jkpg\\\/kommundelsforeningar\\\/tabergsdalens-kommundelsforing\\\/\",\"name\":\"Tabergsdalens Kommundelsf\u00f6rening - J\u00f6nk\u00f6pings kommun\",\"isPartOf\":{\"@id\":\"https:\\\/\\\/wp.kristdemokraterna.se\\\/jkpg\\\/#website\"},\"datePublished\":\"2016-11-16T08:11:10+00:00\",\"dateModified\":\"2018-07-30T08:14:48+00:00\",\"breadcrumb\":{\"@id\":\"https:\\\/\\\/wp.kristdemokraterna.se\\\/jkpg\\\/kommundelsforeningar\\\/tabergsdalens-kommundelsforing\\\/#breadcrumb\"},\"inLanguage\":\"sv-SE\",\"potentialAction\":[{\"@type\":\"ReadAction\",\"target\":[\"https:\\\/\\\/wp.kristdemokraterna.se\\\/jkpg\\\/kommundelsforeningar\\\/tabergsdalens-kommundelsforing\\\/\"]}]},{\"@type\":\"BreadcrumbList\",\"@id\":\"https:\\\/\\\/wp.kristdemokraterna.se\\\/jkpg\\\/kommundelsforeningar\\\/tabergsdalens-kommundelsforing\\\/#breadcrumb\",\"itemListElement\":[{\"@type\":\"ListItem\",\"position\":1,\"name\":\"Hem\",\"item\":\"https:\\\/\\\/wp.kristdemokraterna.se\\\/jkpg\\\/\"},{\"@type\":\"ListItem\",\"position\":2,\"name\":\"Kommundelsf\u00f6reningar\",\"item\":\"https:\\\/\\\/wp.kristdemokraterna.se\\\/jkpg\\\/kommundelsforeningar\\\/\"},{\"@type\":\"ListItem\",\"position\":3,\"name\":\"Tabergsdalens Kommundelsf\u00f6rening\"}]},{\"@type\":\"WebSite\",\"@id\":\"https:\\\/\\\/wp.kristdemokraterna.se\\\/jkpg\\\/#website\",\"url\":\"https:\\\/\\\/wp.kristdemokraterna.se\\\/jkpg\\\/\",\"name\":\"J\u00f6nk\u00f6pings kommun\",\"description\":\"F\u00f6r familjen och f\u00f6retagsamheten!\",\"inLanguage\":\"sv-SE\"}]}<\/script>\n<!-- \/ Yoast SEO plugin. -->","yoast_head_json":{"title":"Tabergsdalens Kommundelsf\u00f6rening - J\u00f6nk\u00f6pings kommun","robots":{"index":"index","follow":"follow","max-snippet":"max-snippet:-1","max-image-preview":"max-image-preview:large","max-video-preview":"max-video-preview:-1"},"canonical":"https:\/\/wp.kristdemokraterna.se\/jkpg\/kommundelsforeningar\/tabergsdalens-kommundelsforing\/","og_locale":"sv_SE","og_type":"article","og_title":"Tabergsdalens Kommundelsf\u00f6rening - J\u00f6nk\u00f6pings kommun","og_description":"Kd Tabergsdalen V\u00e5r kommundelsf\u00f6rening vill vara en tydlig kristdemokratisk r\u00f6st i Dalen d\u00e4r v\u00e5ra v\u00e4rderingar &amp; principer f\u00e5r ett tydligt genomslag i m\u00e4nniskors vardag. F\u00f6lj oss p\u00e5 Facebook! Postadress:G\u00f6kstigen 6 , 56232 Norrahammar Telefon: 036-600 68 Styrelsen Ulf Georgsson &#8211;\u00a0Partiavdelningsstyrelseledamot Berne Lorefors &#8211;\u00a0Partiavdelningsstyrelseledamot Wallis Lann &#8211;\u00a0Partiavdelningsstyrelseledamot Josef Hillerstr\u00f6m &#8211;\u00a0Partiavdelningsstyrelseledamot G\u00f6ran Undevall &#8211;\u00a0Partiavdelningsstyrelseledamot Kjell Dahlstr\u00f6m &#8211;\u00a0Partiavdelningsstyrelseledamot Read More","og_url":"https:\/\/wp.kristdemokraterna.se\/jkpg\/kommundelsforeningar\/tabergsdalens-kommundelsforing\/","og_site_name":"J\u00f6nk\u00f6pings kommun","article_modified_time":"2018-07-30T08:14:48+00:00","twitter_card":"summary_large_image","schema":{"@context":"https:\/\/schema.org","@graph":[{"@type":"WebPage","@id":"https:\/\/wp.kristdemokraterna.se\/jkpg\/kommundelsforeningar\/tabergsdalens-kommundelsforing\/","url":"https:\/\/wp.kristdemokraterna.se\/jkpg\/kommundelsforeningar\/tabergsdalens-kommundelsforing\/","name":"Tabergsdalens Kommundelsf\u00f6rening - J\u00f6nk\u00f6pings kommun","isPartOf":{"@id":"https:\/\/wp.kristdemokraterna.se\/jkpg\/#website"},"datePublished":"2016-11-16T08:11:10+00:00","dateModified":"2018-07-30T08:14:48+00:00","breadcrumb":{"@id":"https:\/\/wp.kristdemokraterna.se\/jkpg\/kommundelsforeningar\/tabergsdalens-kommundelsforing\/#breadcrumb"},"inLanguage":"sv-SE","potentialAction":[{"@type":"ReadAction","target":["https:\/\/wp.kristdemokraterna.se\/jkpg\/kommundelsforeningar\/tabergsdalens-kommundelsforing\/"]}]},{"@type":"BreadcrumbList","@id":"https:\/\/wp.kristdemokraterna.se\/jkpg\/kommundelsforeningar\/tabergsdalens-kommundelsforing\/#breadcrumb","itemListElement":[{"@type":"ListItem","position":1,"name":"Hem","item":"https:\/\/wp.kristdemokraterna.se\/jkpg\/"},{"@type":"ListItem","position":2,"name":"Kommundelsf\u00f6reningar","item":"https:\/\/wp.kristdemokraterna.se\/jkpg\/kommundelsforeningar\/"},{"@type":"ListItem","position":3,"name":"Tabergsdalens Kommundelsf\u00f6rening"}]},{"@type":"WebSite","@id":"https:\/\/wp.kristdemokraterna.se\/jkpg\/#website","url":"https:\/\/wp.kristdemokraterna.se\/jkpg\/","name":"J\u00f6nk\u00f6pings kommun","description":"F\u00f6r familjen och f\u00f6retagsamheten!","inLanguage":"sv-SE"}]}},"_links":{"self":[{"href":"https:\/\/wp.kristdemokraterna.se\/jkpg\/wp-json\/wp\/v2\/pages\/194","targetHints":{"allow":["GET"]}}],"collection":[{"href":"https:\/\/wp.kristdemokraterna.se\/jkpg\/wp-json\/wp\/v2\/pages"}],"about":[{"href":"https:\/\/wp.kristdemokraterna.se\/jkpg\/wp-json\/wp\/v2\/types\/page"}],"author":[{"embeddable":true,"href":"https:\/\/wp.kristdemokraterna.se\/jkpg\/wp-json\/wp\/v2\/users\/745"}],"replies":[{"embeddable":true,"href":"https:\/\/wp.kristdemokraterna.se\/jkpg\/wp-json\/wp\/v2\/comments?post=194"}],"version-history":[{"count":7,"href":"https:\/\/wp.kristdemokraterna.se\/jkpg\/wp-json\/wp\/v2\/pages\/194\/revisions"}],"predecessor-version":[{"id":820,"href":"https:\/\/wp.kristdemokraterna.se\/jkpg\/wp-json\/wp\/v2\/pages\/194\/revisions\/820"}],"up":[{"embeddable":true,"href":"https:\/\/wp.kristdemokraterna.se\/jkpg\/wp-json\/wp\/v2\/pages\/175"}],"wp:attachment":[{"href":"https:\/\/wp.kristdemokraterna.se\/jkpg\/wp-json\/wp\/v2\/media?parent=194"}],"curies":[{"name":"wp","href":"https:\/\/api.w.org\/{rel}","templated":true}]}}