{"id":202,"date":"2016-11-16T09:24:22","date_gmt":"2016-11-16T08:24:22","guid":{"rendered":"http:\/\/wp.kristdemokraterna.se\/jkpg\/?page_id=202"},"modified":"2018-03-22T09:18:27","modified_gmt":"2018-03-22T08:18:27","slug":"bankeryds-kommundelsforening","status":"publish","type":"page","link":"https:\/\/wp.kristdemokraterna.se\/jkpg\/kommundelsforeningar\/bankeryds-kommundelsforening\/","title":{"rendered":"Bankeryds Kommundelsf\u00f6rening"},"content":{"rendered":"<p>F\u00f6lj oss p\u00e5 <a href=\"https:\/\/www.facebook.com\/kdbankeryd\/\" target=\"_blank\" rel=\"noopener\">Facebook<\/a>!<\/p>\n<p>R\u00f6star du p\u00e5 KD och bor i Bankeryd? D\u00e5 \u00e4r du inte ensam; det gjorde 22,6% av Bryds-borna i senaste valet! H\u00e4r pratar vi om arrangemang och fr\u00e5gor vi driver<\/p>\n<h2>Styrelsen<\/h2>\n<p><b class=\"name\">Tomas Tyngel &#8211;\u00a0<\/b><i class=\"title\">Partiavdelningsordf\u00f6rande<\/i><\/p>\n<p><b class=\"name\">Ola Nilsson &#8211;\u00a0<\/b><i class=\"title\">1:e vice partiavdelningsordf\u00f6rande<\/i><\/p>\n<p><b class=\"name\">Liv Hajas &#8211;\u00a0<\/b><i class=\"title\">Partiavdelningsstyrelseledamot<\/i><\/p>\n<p><b class=\"name\">Yvonne Bjurenstedt &#8211;\u00a0<\/b><i class=\"title\">Partiavdelningsstyrelseledamot<\/i><\/p>\n<p><b class=\"name\">Micael Forsmyr &#8211;\u00a0<\/b><i class=\"title\">Partiavdelningsstyrelseledamot<\/i><\/p>\n<p><b class=\"name\">Mattias Oscarsson &#8211;\u00a0<\/b><i class=\"title\">Partiavdelningsstyrelseledamot<\/i><\/p>\n<p><b class=\"name\">Martina Axene &#8211;\u00a0<\/b><i class=\"title\">Partiavdelningsstyrelseledamot<\/i><\/p>\n<p><b class=\"name\">Tommy Bernev\u00e5ng-Forsberg &#8211;\u00a0<\/b><i class=\"title\">Partiavdelningsstyrelseledamot<\/i><\/p>\n","protected":false},"excerpt":{"rendered":"<p>F\u00f6lj oss p\u00e5 Facebook! R\u00f6star du p\u00e5 KD och bor i Bankeryd? D\u00e5 \u00e4r du inte ensam; det gjorde 22,6% av Bryds-borna i senaste valet! H\u00e4r pratar vi om arrangemang och fr\u00e5gor vi driver Styrelsen Tomas Tyngel &#8211;\u00a0Partiavdelningsordf\u00f6rande Ola Nilsson &#8211;\u00a01:e vice partiavdelningsordf\u00f6rande Liv Hajas &#8211;\u00a0Partiavdelningsstyrelseledamot Yvonne Bjurenstedt &#8211;\u00a0Partiavdelningsstyrelseledamot Micael Forsmyr &#8211;\u00a0Partiavdelningsstyrelseledamot Mattias Oscarsson &#8211;\u00a0Partiavdelningsstyrelseledamot <a class=\"read-more-link\" href=\"https:\/\/wp.kristdemokraterna.se\/jkpg\/kommundelsforeningar\/bankeryds-kommundelsforening\/\">Read More<\/a><\/p>\n","protected":false},"author":745,"featured_media":0,"parent":175,"menu_order":0,"comment_status":"closed","ping_status":"closed","template":"page.php","meta":{"_acf_changed":false,"footnotes":""},"class_list":["post-202","page","type-page","status-publish","hentry"],"acf":[],"yoast_head":"<!-- This site is optimized with the Yoast SEO plugin v27.3 - https:\/\/yoast.com\/product\/yoast-seo-wordpress\/ -->\n<title>Bankeryds Kommundelsf\u00f6rening - J\u00f6nk\u00f6pings kommun<\/title>\n<meta name=\"robots\" content=\"index, follow, max-snippet:-1, max-image-preview:large, max-video-preview:-1\" \/>\n<link rel=\"canonical\" href=\"https:\/\/wp.kristdemokraterna.se\/jkpg\/kommundelsforeningar\/bankeryds-kommundelsforening\/\" \/>\n<meta property=\"og:locale\" content=\"sv_SE\" \/>\n<meta property=\"og:type\" content=\"article\" \/>\n<meta property=\"og:title\" content=\"Bankeryds Kommundelsf\u00f6rening - J\u00f6nk\u00f6pings kommun\" \/>\n<meta property=\"og:description\" content=\"F\u00f6lj oss p\u00e5 Facebook! R\u00f6star du p\u00e5 KD och bor i Bankeryd? D\u00e5 \u00e4r du inte ensam; det gjorde 22,6% av Bryds-borna i senaste valet! H\u00e4r pratar vi om arrangemang och fr\u00e5gor vi driver Styrelsen Tomas Tyngel &#8211;\u00a0Partiavdelningsordf\u00f6rande Ola Nilsson &#8211;\u00a01:e vice partiavdelningsordf\u00f6rande Liv Hajas &#8211;\u00a0Partiavdelningsstyrelseledamot Yvonne Bjurenstedt &#8211;\u00a0Partiavdelningsstyrelseledamot Micael Forsmyr &#8211;\u00a0Partiavdelningsstyrelseledamot Mattias Oscarsson &#8211;\u00a0Partiavdelningsstyrelseledamot Read More\" \/>\n<meta property=\"og:url\" content=\"https:\/\/wp.kristdemokraterna.se\/jkpg\/kommundelsforeningar\/bankeryds-kommundelsforening\/\" \/>\n<meta property=\"og:site_name\" content=\"J\u00f6nk\u00f6pings kommun\" \/>\n<meta property=\"article:modified_time\" content=\"2018-03-22T08:18:27+00:00\" \/>\n<meta name=\"twitter:card\" content=\"summary_large_image\" \/>\n<script type=\"application\/ld+json\" class=\"yoast-schema-graph\">{\"@context\":\"https:\\\/\\\/schema.org\",\"@graph\":[{\"@type\":\"WebPage\",\"@id\":\"https:\\\/\\\/wp.kristdemokraterna.se\\\/jkpg\\\/kommundelsforeningar\\\/bankeryds-kommundelsforening\\\/\",\"url\":\"https:\\\/\\\/wp.kristdemokraterna.se\\\/jkpg\\\/kommundelsforeningar\\\/bankeryds-kommundelsforening\\\/\",\"name\":\"Bankeryds Kommundelsf\u00f6rening - J\u00f6nk\u00f6pings kommun\",\"isPartOf\":{\"@id\":\"https:\\\/\\\/wp.kristdemokraterna.se\\\/jkpg\\\/#website\"},\"datePublished\":\"2016-11-16T08:24:22+00:00\",\"dateModified\":\"2018-03-22T08:18:27+00:00\",\"breadcrumb\":{\"@id\":\"https:\\\/\\\/wp.kristdemokraterna.se\\\/jkpg\\\/kommundelsforeningar\\\/bankeryds-kommundelsforening\\\/#breadcrumb\"},\"inLanguage\":\"sv-SE\",\"potentialAction\":[{\"@type\":\"ReadAction\",\"target\":[\"https:\\\/\\\/wp.kristdemokraterna.se\\\/jkpg\\\/kommundelsforeningar\\\/bankeryds-kommundelsforening\\\/\"]}]},{\"@type\":\"BreadcrumbList\",\"@id\":\"https:\\\/\\\/wp.kristdemokraterna.se\\\/jkpg\\\/kommundelsforeningar\\\/bankeryds-kommundelsforening\\\/#breadcrumb\",\"itemListElement\":[{\"@type\":\"ListItem\",\"position\":1,\"name\":\"Hem\",\"item\":\"https:\\\/\\\/wp.kristdemokraterna.se\\\/jkpg\\\/\"},{\"@type\":\"ListItem\",\"position\":2,\"name\":\"Kommundelsf\u00f6reningar\",\"item\":\"https:\\\/\\\/wp.kristdemokraterna.se\\\/jkpg\\\/kommundelsforeningar\\\/\"},{\"@type\":\"ListItem\",\"position\":3,\"name\":\"Bankeryds Kommundelsf\u00f6rening\"}]},{\"@type\":\"WebSite\",\"@id\":\"https:\\\/\\\/wp.kristdemokraterna.se\\\/jkpg\\\/#website\",\"url\":\"https:\\\/\\\/wp.kristdemokraterna.se\\\/jkpg\\\/\",\"name\":\"J\u00f6nk\u00f6pings kommun\",\"description\":\"F\u00f6r familjen och f\u00f6retagsamheten!\",\"inLanguage\":\"sv-SE\"}]}<\/script>\n<!-- \/ Yoast SEO plugin. -->","yoast_head_json":{"title":"Bankeryds Kommundelsf\u00f6rening - J\u00f6nk\u00f6pings kommun","robots":{"index":"index","follow":"follow","max-snippet":"max-snippet:-1","max-image-preview":"max-image-preview:large","max-video-preview":"max-video-preview:-1"},"canonical":"https:\/\/wp.kristdemokraterna.se\/jkpg\/kommundelsforeningar\/bankeryds-kommundelsforening\/","og_locale":"sv_SE","og_type":"article","og_title":"Bankeryds Kommundelsf\u00f6rening - J\u00f6nk\u00f6pings kommun","og_description":"F\u00f6lj oss p\u00e5 Facebook! R\u00f6star du p\u00e5 KD och bor i Bankeryd? D\u00e5 \u00e4r du inte ensam; det gjorde 22,6% av Bryds-borna i senaste valet! H\u00e4r pratar vi om arrangemang och fr\u00e5gor vi driver Styrelsen Tomas Tyngel &#8211;\u00a0Partiavdelningsordf\u00f6rande Ola Nilsson &#8211;\u00a01:e vice partiavdelningsordf\u00f6rande Liv Hajas &#8211;\u00a0Partiavdelningsstyrelseledamot Yvonne Bjurenstedt &#8211;\u00a0Partiavdelningsstyrelseledamot Micael Forsmyr &#8211;\u00a0Partiavdelningsstyrelseledamot Mattias Oscarsson &#8211;\u00a0Partiavdelningsstyrelseledamot Read More","og_url":"https:\/\/wp.kristdemokraterna.se\/jkpg\/kommundelsforeningar\/bankeryds-kommundelsforening\/","og_site_name":"J\u00f6nk\u00f6pings kommun","article_modified_time":"2018-03-22T08:18:27+00:00","twitter_card":"summary_large_image","schema":{"@context":"https:\/\/schema.org","@graph":[{"@type":"WebPage","@id":"https:\/\/wp.kristdemokraterna.se\/jkpg\/kommundelsforeningar\/bankeryds-kommundelsforening\/","url":"https:\/\/wp.kristdemokraterna.se\/jkpg\/kommundelsforeningar\/bankeryds-kommundelsforening\/","name":"Bankeryds Kommundelsf\u00f6rening - J\u00f6nk\u00f6pings kommun","isPartOf":{"@id":"https:\/\/wp.kristdemokraterna.se\/jkpg\/#website"},"datePublished":"2016-11-16T08:24:22+00:00","dateModified":"2018-03-22T08:18:27+00:00","breadcrumb":{"@id":"https:\/\/wp.kristdemokraterna.se\/jkpg\/kommundelsforeningar\/bankeryds-kommundelsforening\/#breadcrumb"},"inLanguage":"sv-SE","potentialAction":[{"@type":"ReadAction","target":["https:\/\/wp.kristdemokraterna.se\/jkpg\/kommundelsforeningar\/bankeryds-kommundelsforening\/"]}]},{"@type":"BreadcrumbList","@id":"https:\/\/wp.kristdemokraterna.se\/jkpg\/kommundelsforeningar\/bankeryds-kommundelsforening\/#breadcrumb","itemListElement":[{"@type":"ListItem","position":1,"name":"Hem","item":"https:\/\/wp.kristdemokraterna.se\/jkpg\/"},{"@type":"ListItem","position":2,"name":"Kommundelsf\u00f6reningar","item":"https:\/\/wp.kristdemokraterna.se\/jkpg\/kommundelsforeningar\/"},{"@type":"ListItem","position":3,"name":"Bankeryds Kommundelsf\u00f6rening"}]},{"@type":"WebSite","@id":"https:\/\/wp.kristdemokraterna.se\/jkpg\/#website","url":"https:\/\/wp.kristdemokraterna.se\/jkpg\/","name":"J\u00f6nk\u00f6pings kommun","description":"F\u00f6r familjen och f\u00f6retagsamheten!","inLanguage":"sv-SE"}]}},"_links":{"self":[{"href":"https:\/\/wp.kristdemokraterna.se\/jkpg\/wp-json\/wp\/v2\/pages\/202","targetHints":{"allow":["GET"]}}],"collection":[{"href":"https:\/\/wp.kristdemokraterna.se\/jkpg\/wp-json\/wp\/v2\/pages"}],"about":[{"href":"https:\/\/wp.kristdemokraterna.se\/jkpg\/wp-json\/wp\/v2\/types\/page"}],"author":[{"embeddable":true,"href":"https:\/\/wp.kristdemokraterna.se\/jkpg\/wp-json\/wp\/v2\/users\/745"}],"replies":[{"embeddable":true,"href":"https:\/\/wp.kristdemokraterna.se\/jkpg\/wp-json\/wp\/v2\/comments?post=202"}],"version-history":[{"count":6,"href":"https:\/\/wp.kristdemokraterna.se\/jkpg\/wp-json\/wp\/v2\/pages\/202\/revisions"}],"predecessor-version":[{"id":687,"href":"https:\/\/wp.kristdemokraterna.se\/jkpg\/wp-json\/wp\/v2\/pages\/202\/revisions\/687"}],"up":[{"embeddable":true,"href":"https:\/\/wp.kristdemokraterna.se\/jkpg\/wp-json\/wp\/v2\/pages\/175"}],"wp:attachment":[{"href":"https:\/\/wp.kristdemokraterna.se\/jkpg\/wp-json\/wp\/v2\/media?parent=202"}],"curies":[{"name":"wp","href":"https:\/\/api.w.org\/{rel}","templated":true}]}}