{"id":89,"date":"2016-05-24T10:43:11","date_gmt":"2016-05-24T08:43:11","guid":{"rendered":"http:\/\/wp.kristdemokraterna.se\/jkpg\/?page_id=89"},"modified":"2020-08-31T14:43:58","modified_gmt":"2020-08-31T12:43:58","slug":"om-kristdemokraterna","status":"publish","type":"page","link":"https:\/\/wp.kristdemokraterna.se\/jkpg\/om-kristdemokraterna\/","title":{"rendered":"Om Kristdemokraterna"},"content":{"rendered":"<p><strong>\u00a0Kristdemokraterna i J\u00f6nk\u00f6pings kommun:<\/strong><\/p>\n<p>&#8211; Ca 750\u00a0medlemmar<\/p>\n<p><strong>Ytterligare statistik och information:<\/strong><\/p>\n<p>&#8211; Ca 21 000 medlemmar (Hela landet)<br \/>\n&#8211; 26 distrikt. Ett distrikt omfattar oftast ett l\u00e4n.<br \/>\n&#8211; 16 riksdagsledam\u00f6ter. Riksdagen best\u00e5r totalt av 349 ledam\u00f6ter.<br \/>\n&#8211; I partiet finns ocks\u00e5 ett kvinnof\u00f6rbund, ett ungdomsf\u00f6rbund, ett studentf\u00f6rbund och ett\u00a0seniorf\u00f6rbund.<\/p>\n<p>&#8211; Kristdemokraterna i Sverige bildades 1964.<br \/>\n&#8211; Alf Svensson var partiledare mellan \u00e5ren 1973-2004.<br \/>\n&#8211; G\u00f6ran H\u00e4gglund valdes till partiledare 3 april 2004.I januari 2015 meddelade han sin avg\u00e5ng.<br \/>\n&#8211; Ebba Busch Thor valdes till partiledare den 25 april 2015.<\/p>\n<p>Kristdemokraterna kom in i Riksdagen f\u00f6r f\u00f6rsta g\u00e5ngen 1985. D\u00e5 var partiledaren Alf Svensson ensam riksdagsledamot f\u00f6r Kristdemokraterna.\u00a01991 &#8211; 1994 satt Kristdemokraterna i regeringen tillsammans med Moderaterna, Liberalerna och Centern.<\/p>\n","protected":false},"excerpt":{"rendered":"<p>\u00a0Kristdemokraterna i J\u00f6nk\u00f6pings kommun: &#8211; Ca 750\u00a0medlemmar Ytterligare statistik och information: &#8211; Ca 21 000 medlemmar (Hela landet) &#8211; 26 distrikt. Ett distrikt omfattar oftast ett l\u00e4n. &#8211; 16 riksdagsledam\u00f6ter. Riksdagen best\u00e5r totalt av 349 ledam\u00f6ter. &#8211; I partiet finns ocks\u00e5 ett kvinnof\u00f6rbund, ett ungdomsf\u00f6rbund, ett studentf\u00f6rbund och ett\u00a0seniorf\u00f6rbund. &#8211; Kristdemokraterna i Sverige bildades 1964. <a class=\"read-more-link\" href=\"https:\/\/wp.kristdemokraterna.se\/jkpg\/om-kristdemokraterna\/\">Read More<\/a><\/p>\n","protected":false},"author":745,"featured_media":0,"parent":0,"menu_order":0,"comment_status":"closed","ping_status":"closed","template":"","meta":{"_acf_changed":false,"footnotes":""},"class_list":["post-89","page","type-page","status-publish","hentry"],"acf":[],"yoast_head":"<!-- This site is optimized with the Yoast SEO plugin v27.4 - https:\/\/yoast.com\/product\/yoast-seo-wordpress\/ -->\n<title>Om Kristdemokraterna - J\u00f6nk\u00f6pings kommun<\/title>\n<meta name=\"robots\" content=\"index, follow, max-snippet:-1, max-image-preview:large, max-video-preview:-1\" \/>\n<link rel=\"canonical\" href=\"https:\/\/wp.kristdemokraterna.se\/jkpg\/om-kristdemokraterna\/\" \/>\n<meta property=\"og:locale\" content=\"sv_SE\" \/>\n<meta property=\"og:type\" content=\"article\" \/>\n<meta property=\"og:title\" content=\"Om Kristdemokraterna - J\u00f6nk\u00f6pings kommun\" \/>\n<meta property=\"og:description\" content=\"\u00a0Kristdemokraterna i J\u00f6nk\u00f6pings kommun: &#8211; Ca 750\u00a0medlemmar Ytterligare statistik och information: &#8211; Ca 21 000 medlemmar (Hela landet) &#8211; 26 distrikt. Ett distrikt omfattar oftast ett l\u00e4n. &#8211; 16 riksdagsledam\u00f6ter. Riksdagen best\u00e5r totalt av 349 ledam\u00f6ter. &#8211; I partiet finns ocks\u00e5 ett kvinnof\u00f6rbund, ett ungdomsf\u00f6rbund, ett studentf\u00f6rbund och ett\u00a0seniorf\u00f6rbund. &#8211; Kristdemokraterna i Sverige bildades 1964. Read More\" \/>\n<meta property=\"og:url\" content=\"https:\/\/wp.kristdemokraterna.se\/jkpg\/om-kristdemokraterna\/\" \/>\n<meta property=\"og:site_name\" content=\"J\u00f6nk\u00f6pings kommun\" \/>\n<meta property=\"article:modified_time\" content=\"2020-08-31T12:43:58+00:00\" \/>\n<meta name=\"twitter:card\" content=\"summary_large_image\" \/>\n<meta name=\"twitter:label1\" content=\"Ber\u00e4knad l\u00e4stid\" \/>\n\t<meta name=\"twitter:data1\" content=\"1 minut\" \/>\n<script type=\"application\/ld+json\" class=\"yoast-schema-graph\">{\"@context\":\"https:\\\/\\\/schema.org\",\"@graph\":[{\"@type\":\"WebPage\",\"@id\":\"https:\\\/\\\/wp.kristdemokraterna.se\\\/jkpg\\\/om-kristdemokraterna\\\/\",\"url\":\"https:\\\/\\\/wp.kristdemokraterna.se\\\/jkpg\\\/om-kristdemokraterna\\\/\",\"name\":\"Om Kristdemokraterna - J\u00f6nk\u00f6pings kommun\",\"isPartOf\":{\"@id\":\"https:\\\/\\\/wp.kristdemokraterna.se\\\/jkpg\\\/#website\"},\"datePublished\":\"2016-05-24T08:43:11+00:00\",\"dateModified\":\"2020-08-31T12:43:58+00:00\",\"breadcrumb\":{\"@id\":\"https:\\\/\\\/wp.kristdemokraterna.se\\\/jkpg\\\/om-kristdemokraterna\\\/#breadcrumb\"},\"inLanguage\":\"sv-SE\",\"potentialAction\":[{\"@type\":\"ReadAction\",\"target\":[\"https:\\\/\\\/wp.kristdemokraterna.se\\\/jkpg\\\/om-kristdemokraterna\\\/\"]}]},{\"@type\":\"BreadcrumbList\",\"@id\":\"https:\\\/\\\/wp.kristdemokraterna.se\\\/jkpg\\\/om-kristdemokraterna\\\/#breadcrumb\",\"itemListElement\":[{\"@type\":\"ListItem\",\"position\":1,\"name\":\"Hem\",\"item\":\"https:\\\/\\\/wp.kristdemokraterna.se\\\/jkpg\\\/\"},{\"@type\":\"ListItem\",\"position\":2,\"name\":\"Om Kristdemokraterna\"}]},{\"@type\":\"WebSite\",\"@id\":\"https:\\\/\\\/wp.kristdemokraterna.se\\\/jkpg\\\/#website\",\"url\":\"https:\\\/\\\/wp.kristdemokraterna.se\\\/jkpg\\\/\",\"name\":\"J\u00f6nk\u00f6pings kommun\",\"description\":\"F\u00f6r familjen och f\u00f6retagsamheten!\",\"inLanguage\":\"sv-SE\"}]}<\/script>\n<!-- \/ Yoast SEO plugin. -->","yoast_head_json":{"title":"Om Kristdemokraterna - J\u00f6nk\u00f6pings kommun","robots":{"index":"index","follow":"follow","max-snippet":"max-snippet:-1","max-image-preview":"max-image-preview:large","max-video-preview":"max-video-preview:-1"},"canonical":"https:\/\/wp.kristdemokraterna.se\/jkpg\/om-kristdemokraterna\/","og_locale":"sv_SE","og_type":"article","og_title":"Om Kristdemokraterna - J\u00f6nk\u00f6pings kommun","og_description":"\u00a0Kristdemokraterna i J\u00f6nk\u00f6pings kommun: &#8211; Ca 750\u00a0medlemmar Ytterligare statistik och information: &#8211; Ca 21 000 medlemmar (Hela landet) &#8211; 26 distrikt. Ett distrikt omfattar oftast ett l\u00e4n. &#8211; 16 riksdagsledam\u00f6ter. Riksdagen best\u00e5r totalt av 349 ledam\u00f6ter. &#8211; I partiet finns ocks\u00e5 ett kvinnof\u00f6rbund, ett ungdomsf\u00f6rbund, ett studentf\u00f6rbund och ett\u00a0seniorf\u00f6rbund. &#8211; Kristdemokraterna i Sverige bildades 1964. Read More","og_url":"https:\/\/wp.kristdemokraterna.se\/jkpg\/om-kristdemokraterna\/","og_site_name":"J\u00f6nk\u00f6pings kommun","article_modified_time":"2020-08-31T12:43:58+00:00","twitter_card":"summary_large_image","twitter_misc":{"Ber\u00e4knad l\u00e4stid":"1 minut"},"schema":{"@context":"https:\/\/schema.org","@graph":[{"@type":"WebPage","@id":"https:\/\/wp.kristdemokraterna.se\/jkpg\/om-kristdemokraterna\/","url":"https:\/\/wp.kristdemokraterna.se\/jkpg\/om-kristdemokraterna\/","name":"Om Kristdemokraterna - J\u00f6nk\u00f6pings kommun","isPartOf":{"@id":"https:\/\/wp.kristdemokraterna.se\/jkpg\/#website"},"datePublished":"2016-05-24T08:43:11+00:00","dateModified":"2020-08-31T12:43:58+00:00","breadcrumb":{"@id":"https:\/\/wp.kristdemokraterna.se\/jkpg\/om-kristdemokraterna\/#breadcrumb"},"inLanguage":"sv-SE","potentialAction":[{"@type":"ReadAction","target":["https:\/\/wp.kristdemokraterna.se\/jkpg\/om-kristdemokraterna\/"]}]},{"@type":"BreadcrumbList","@id":"https:\/\/wp.kristdemokraterna.se\/jkpg\/om-kristdemokraterna\/#breadcrumb","itemListElement":[{"@type":"ListItem","position":1,"name":"Hem","item":"https:\/\/wp.kristdemokraterna.se\/jkpg\/"},{"@type":"ListItem","position":2,"name":"Om Kristdemokraterna"}]},{"@type":"WebSite","@id":"https:\/\/wp.kristdemokraterna.se\/jkpg\/#website","url":"https:\/\/wp.kristdemokraterna.se\/jkpg\/","name":"J\u00f6nk\u00f6pings kommun","description":"F\u00f6r familjen och f\u00f6retagsamheten!","inLanguage":"sv-SE"}]}},"_links":{"self":[{"href":"https:\/\/wp.kristdemokraterna.se\/jkpg\/wp-json\/wp\/v2\/pages\/89","targetHints":{"allow":["GET"]}}],"collection":[{"href":"https:\/\/wp.kristdemokraterna.se\/jkpg\/wp-json\/wp\/v2\/pages"}],"about":[{"href":"https:\/\/wp.kristdemokraterna.se\/jkpg\/wp-json\/wp\/v2\/types\/page"}],"author":[{"embeddable":true,"href":"https:\/\/wp.kristdemokraterna.se\/jkpg\/wp-json\/wp\/v2\/users\/745"}],"replies":[{"embeddable":true,"href":"https:\/\/wp.kristdemokraterna.se\/jkpg\/wp-json\/wp\/v2\/comments?post=89"}],"version-history":[{"count":11,"href":"https:\/\/wp.kristdemokraterna.se\/jkpg\/wp-json\/wp\/v2\/pages\/89\/revisions"}],"predecessor-version":[{"id":971,"href":"https:\/\/wp.kristdemokraterna.se\/jkpg\/wp-json\/wp\/v2\/pages\/89\/revisions\/971"}],"wp:attachment":[{"href":"https:\/\/wp.kristdemokraterna.se\/jkpg\/wp-json\/wp\/v2\/media?parent=89"}],"curies":[{"name":"wp","href":"https:\/\/api.w.org\/{rel}","templated":true}]}}