{"id":923,"date":"2020-08-26T15:28:19","date_gmt":"2020-08-26T13:28:19","guid":{"rendered":"http:\/\/wp.kristdemokraterna.se\/jkpg\/?page_id=923"},"modified":"2020-08-26T15:50:36","modified_gmt":"2020-08-26T13:50:36","slug":"lankar","status":"publish","type":"page","link":"https:\/\/wp.kristdemokraterna.se\/jkpg\/lankar\/","title":{"rendered":"L\u00e4nkar"},"content":{"rendered":"<h3 style=\"text-align: left\"><strong>L\u00e4nkar som kan vara till anv\u00e4ndning.<\/strong><\/h3>\n<p style=\"text-align: left\"><a href=\"https:\/\/www.facebook.com\/sturesson.KD\">Kommunalr\u00e5d Andreas Sturesson<\/a><\/p>\n<p style=\"text-align: left\"><a href=\"https:\/\/www.facebook.com\/miafrisk.KD\">Regionr\u00e5d Mia Frisk<\/a><\/p>\n<p style=\"text-align: left\"><a href=\"https:\/\/wp.kristdemokraterna.se\/jonkopingslan\/\">Kristdemokraterna i region J\u00f6nk\u00f6ping<\/a><\/p>\n<p style=\"text-align: left\"><a href=\"https:\/\/kristdemokraterna.se\">Kristdemokraternas riksorganisation<\/a><\/p>\n<p style=\"text-align: left\"><a href=\"https:\/\/kristdemokraterna.se\/om-oss\/foretradare\/europaparlamentet\/\">Kristdemokraterna i Europaparlamentet<\/a><\/p>\n<p style=\"text-align: left\"><a href=\"https:\/\/www.kdu.se\">Kristdemokratiska ungdomsf\u00f6rbundet<\/a><\/p>\n<p style=\"text-align: left\"><a href=\"http:\/\/kd-k.se\">Kristdemokratiska kvinnof\u00f6rbundet<\/a><\/p>\n<p style=\"text-align: left\"><a href=\"https:\/\/wp.kristdemokraterna.se\/kdsenior\/\">Kristdemokratiska seniorf\u00f6rbundet<\/a><\/p>\n<p style=\"text-align: left\">\n<p style=\"text-align: left\">\n","protected":false},"excerpt":{"rendered":"<p>L\u00e4nkar som kan vara till anv\u00e4ndning. Kommunalr\u00e5d Andreas Sturesson Regionr\u00e5d Mia Frisk Kristdemokraterna i region J\u00f6nk\u00f6ping Kristdemokraternas riksorganisation Kristdemokraterna i Europaparlamentet Kristdemokratiska ungdomsf\u00f6rbundet Kristdemokratiska kvinnof\u00f6rbundet Kristdemokratiska seniorf\u00f6rbundet<\/p>\n","protected":false},"author":895,"featured_media":0,"parent":0,"menu_order":0,"comment_status":"closed","ping_status":"closed","template":"page-full.php","meta":{"_acf_changed":false,"footnotes":""},"class_list":["post-923","page","type-page","status-publish","hentry"],"acf":[],"yoast_head":"<!-- This site is optimized with the Yoast SEO plugin v27.3 - https:\/\/yoast.com\/product\/yoast-seo-wordpress\/ -->\n<title>L\u00e4nkar - J\u00f6nk\u00f6pings kommun<\/title>\n<meta name=\"robots\" content=\"index, follow, max-snippet:-1, max-image-preview:large, max-video-preview:-1\" \/>\n<link rel=\"canonical\" href=\"https:\/\/wp.kristdemokraterna.se\/jkpg\/lankar\/\" \/>\n<meta property=\"og:locale\" content=\"sv_SE\" \/>\n<meta property=\"og:type\" content=\"article\" \/>\n<meta property=\"og:title\" content=\"L\u00e4nkar - J\u00f6nk\u00f6pings kommun\" \/>\n<meta property=\"og:description\" content=\"L\u00e4nkar som kan vara till anv\u00e4ndning. Kommunalr\u00e5d Andreas Sturesson Regionr\u00e5d Mia Frisk Kristdemokraterna i region J\u00f6nk\u00f6ping Kristdemokraternas riksorganisation Kristdemokraterna i Europaparlamentet Kristdemokratiska ungdomsf\u00f6rbundet Kristdemokratiska kvinnof\u00f6rbundet Kristdemokratiska seniorf\u00f6rbundet\" \/>\n<meta property=\"og:url\" content=\"https:\/\/wp.kristdemokraterna.se\/jkpg\/lankar\/\" \/>\n<meta property=\"og:site_name\" content=\"J\u00f6nk\u00f6pings kommun\" \/>\n<meta property=\"article:modified_time\" content=\"2020-08-26T13:50:36+00:00\" \/>\n<meta name=\"twitter:card\" content=\"summary_large_image\" \/>\n<script type=\"application\/ld+json\" class=\"yoast-schema-graph\">{\"@context\":\"https:\\\/\\\/schema.org\",\"@graph\":[{\"@type\":\"WebPage\",\"@id\":\"https:\\\/\\\/wp.kristdemokraterna.se\\\/jkpg\\\/lankar\\\/\",\"url\":\"https:\\\/\\\/wp.kristdemokraterna.se\\\/jkpg\\\/lankar\\\/\",\"name\":\"L\u00e4nkar - J\u00f6nk\u00f6pings kommun\",\"isPartOf\":{\"@id\":\"https:\\\/\\\/wp.kristdemokraterna.se\\\/jkpg\\\/#website\"},\"datePublished\":\"2020-08-26T13:28:19+00:00\",\"dateModified\":\"2020-08-26T13:50:36+00:00\",\"breadcrumb\":{\"@id\":\"https:\\\/\\\/wp.kristdemokraterna.se\\\/jkpg\\\/lankar\\\/#breadcrumb\"},\"inLanguage\":\"sv-SE\",\"potentialAction\":[{\"@type\":\"ReadAction\",\"target\":[\"https:\\\/\\\/wp.kristdemokraterna.se\\\/jkpg\\\/lankar\\\/\"]}]},{\"@type\":\"BreadcrumbList\",\"@id\":\"https:\\\/\\\/wp.kristdemokraterna.se\\\/jkpg\\\/lankar\\\/#breadcrumb\",\"itemListElement\":[{\"@type\":\"ListItem\",\"position\":1,\"name\":\"Hem\",\"item\":\"https:\\\/\\\/wp.kristdemokraterna.se\\\/jkpg\\\/\"},{\"@type\":\"ListItem\",\"position\":2,\"name\":\"L\u00e4nkar\"}]},{\"@type\":\"WebSite\",\"@id\":\"https:\\\/\\\/wp.kristdemokraterna.se\\\/jkpg\\\/#website\",\"url\":\"https:\\\/\\\/wp.kristdemokraterna.se\\\/jkpg\\\/\",\"name\":\"J\u00f6nk\u00f6pings kommun\",\"description\":\"F\u00f6r familjen och f\u00f6retagsamheten!\",\"inLanguage\":\"sv-SE\"}]}<\/script>\n<!-- \/ Yoast SEO plugin. -->","yoast_head_json":{"title":"L\u00e4nkar - J\u00f6nk\u00f6pings kommun","robots":{"index":"index","follow":"follow","max-snippet":"max-snippet:-1","max-image-preview":"max-image-preview:large","max-video-preview":"max-video-preview:-1"},"canonical":"https:\/\/wp.kristdemokraterna.se\/jkpg\/lankar\/","og_locale":"sv_SE","og_type":"article","og_title":"L\u00e4nkar - J\u00f6nk\u00f6pings kommun","og_description":"L\u00e4nkar som kan vara till anv\u00e4ndning. Kommunalr\u00e5d Andreas Sturesson Regionr\u00e5d Mia Frisk Kristdemokraterna i region J\u00f6nk\u00f6ping Kristdemokraternas riksorganisation Kristdemokraterna i Europaparlamentet Kristdemokratiska ungdomsf\u00f6rbundet Kristdemokratiska kvinnof\u00f6rbundet Kristdemokratiska seniorf\u00f6rbundet","og_url":"https:\/\/wp.kristdemokraterna.se\/jkpg\/lankar\/","og_site_name":"J\u00f6nk\u00f6pings kommun","article_modified_time":"2020-08-26T13:50:36+00:00","twitter_card":"summary_large_image","schema":{"@context":"https:\/\/schema.org","@graph":[{"@type":"WebPage","@id":"https:\/\/wp.kristdemokraterna.se\/jkpg\/lankar\/","url":"https:\/\/wp.kristdemokraterna.se\/jkpg\/lankar\/","name":"L\u00e4nkar - J\u00f6nk\u00f6pings kommun","isPartOf":{"@id":"https:\/\/wp.kristdemokraterna.se\/jkpg\/#website"},"datePublished":"2020-08-26T13:28:19+00:00","dateModified":"2020-08-26T13:50:36+00:00","breadcrumb":{"@id":"https:\/\/wp.kristdemokraterna.se\/jkpg\/lankar\/#breadcrumb"},"inLanguage":"sv-SE","potentialAction":[{"@type":"ReadAction","target":["https:\/\/wp.kristdemokraterna.se\/jkpg\/lankar\/"]}]},{"@type":"BreadcrumbList","@id":"https:\/\/wp.kristdemokraterna.se\/jkpg\/lankar\/#breadcrumb","itemListElement":[{"@type":"ListItem","position":1,"name":"Hem","item":"https:\/\/wp.kristdemokraterna.se\/jkpg\/"},{"@type":"ListItem","position":2,"name":"L\u00e4nkar"}]},{"@type":"WebSite","@id":"https:\/\/wp.kristdemokraterna.se\/jkpg\/#website","url":"https:\/\/wp.kristdemokraterna.se\/jkpg\/","name":"J\u00f6nk\u00f6pings kommun","description":"F\u00f6r familjen och f\u00f6retagsamheten!","inLanguage":"sv-SE"}]}},"_links":{"self":[{"href":"https:\/\/wp.kristdemokraterna.se\/jkpg\/wp-json\/wp\/v2\/pages\/923","targetHints":{"allow":["GET"]}}],"collection":[{"href":"https:\/\/wp.kristdemokraterna.se\/jkpg\/wp-json\/wp\/v2\/pages"}],"about":[{"href":"https:\/\/wp.kristdemokraterna.se\/jkpg\/wp-json\/wp\/v2\/types\/page"}],"author":[{"embeddable":true,"href":"https:\/\/wp.kristdemokraterna.se\/jkpg\/wp-json\/wp\/v2\/users\/895"}],"replies":[{"embeddable":true,"href":"https:\/\/wp.kristdemokraterna.se\/jkpg\/wp-json\/wp\/v2\/comments?post=923"}],"version-history":[{"count":7,"href":"https:\/\/wp.kristdemokraterna.se\/jkpg\/wp-json\/wp\/v2\/pages\/923\/revisions"}],"predecessor-version":[{"id":927,"href":"https:\/\/wp.kristdemokraterna.se\/jkpg\/wp-json\/wp\/v2\/pages\/923\/revisions\/927"}],"wp:attachment":[{"href":"https:\/\/wp.kristdemokraterna.se\/jkpg\/wp-json\/wp\/v2\/media?parent=923"}],"curies":[{"name":"wp","href":"https:\/\/api.w.org\/{rel}","templated":true}]}}