{"id":966,"date":"2020-08-31T14:15:54","date_gmt":"2020-08-31T12:15:54","guid":{"rendered":"http:\/\/wp.kristdemokraterna.se\/jkpg\/?page_id=966"},"modified":"2020-08-31T14:17:00","modified_gmt":"2020-08-31T12:17:00","slug":"i-kommunen-2","status":"publish","type":"page","link":"https:\/\/wp.kristdemokraterna.se\/jkpg\/om-kristdemokraterna\/i-kommunen-2\/","title":{"rendered":"I kommunen"},"content":{"rendered":"<h3>Hela programmet hittar du i l\u00e4nken nedan<\/h3>\n<p><a href=\"https:\/\/kd.nu\/jkpg\/Kommunprogram-KD-M-2019-2022.pdf\">Plattform f\u00f6r ett v\u00e4xande J\u00f6nk\u00f6ping<\/a><\/p>\n<h3>Tio perspektiv<\/h3>\n<p>Politik ber\u00f6r v\u00e5ra liv. P\u00e5 allvar. \u00c5ret runt, vecka efter vecka, fattas beslut som p\u00e5 olika s\u00e4tt p\u00e5verkar enskilda medborgare och v\u00e5r kommun. Det vardagliga, lokala, demokratiska arbetet kr\u00e4ver engagemang, uth\u00e5llighet \u2013 och kunskap. Dessutom beh\u00f6ver politiken vila p\u00e5 en tydlig v\u00e4rdegrund, p\u00e5 en syn p\u00e5 samh\u00e4llet och m\u00e4nniskan som f\u00e5r utg\u00f6ra kompass n\u00e4r st\u00e4ndigt nya sakfr\u00e5gor och fr\u00e5gest\u00e4llningar hamnar p\u00e5 politikens bord.<\/p>\n<p>V\u00e5r ambition \u00e4r att dessa 10 perspektiv ska genomsyra v\u00e5rt arbete i J\u00f6nk\u00f6pings kommun:<\/p>\n<p>1. M\u00c4NNISKAN \u2013 UNIK och OKR\u00c4NKBAR Varje enskild m\u00e4nniska \u00e4r en unik person och det \u00e4r samh\u00e4llets uppgift att ge henne f\u00f6ruts\u00e4ttningar att f\u00e5 vara det \u2013 hela livet. Som personer, och sj\u00e4lvklara delar av olika gemenskaper, har vi olika behov och olika dr\u00f6mmar. I m\u00f6tet med det offentliga, alltifr\u00e5n barnomsorg till \u00e4ldreomsorg, ska vi alla ges m\u00f6jligheter att f\u00e5 utvecklas, v\u00e4xa och finna mening. M\u00e4nniskan \u00e4r alltid viktigare \u00e4n systemen.<\/p>\n<p>M\u00e4nniskov\u00e4rdet \u00e4r absolut och okr\u00e4nkbart \u2013 och oberoende av v\u00e5ra prestationer. Det goda samh\u00e4llet rymmer b\u00e5de r\u00e4tten att misslyckas och m\u00f6jligheten att resa sig igen. Vi har en stark tilltro till m\u00e4nniskans inneboende kraft och f\u00f6rm\u00e5ga till personligt ansvarstagande. Med r\u00e4ttigheter f\u00f6ljer ocks\u00e5 skyldigheter.<\/p>\n<p>2. FRIHET Vi vill se en kommun d\u00e4r frihet r\u00e5der. Frihet att v\u00e4lja och v\u00e4lja bort, frihet att skapa sitt eget liv. Frihet att t\u00e4nka, tro och uttrycka sig. Vi vill se utrymme f\u00f6r olikheter, en social r\u00f6rlighet och kreativitet som till\u00e5ter individer och familjer att forma sin egen vardag. Min frihet f\u00e5r dock inte inkr\u00e4kta p\u00e5 din frihet, inte f\u00f6rtrycka eller skada. Frihet \u00e4r inte egoism utan en m\u00f6jlighet till egenmakt.<\/p>\n<p>3. HOPP Vi b\u00e4rs av en vision om att det \u00e4r m\u00f6jligt att bygga ett samh\u00e4lle som h\u00e5ller ihop. J\u00f6nk\u00f6ping \u00e4r p\u00e5 m\u00e5nga s\u00e4tt en fantastisk kommun med mycket goda f\u00f6ruts\u00e4ttningar. Hopp och framtidstro \u00e4r krafter som styr ett samh\u00e4lle bort fr\u00e5n misstr\u00f6stan och polarisering. Hopp ger energi till det fortsatta samh\u00e4llsbygget. Vi har l\u00f6st problem f\u00f6rut och kommer att g\u00f6ra det igen.<\/p>\n<p>Hopp \u00e4r ocks\u00e5 kopplat till en vision om h\u00e5llbarhet. Genom kloka val och kloka beslut \u00e4r det m\u00f6jligt att ta f\u00f6rvaltarskap f\u00f6r v\u00e5r milj\u00f6 p\u00e5 allvar. Vi ska agera med en l\u00e5ngsiktig helhetssyn med respekt f\u00f6r v\u00e5r samtida omgivning och kommande generationer. Milj\u00f6h\u00e4nsyn beh\u00f6ver genomsyra alla politikomr\u00e5den. H\u00e5llbar utveckling f\u00f6ruts\u00e4tter att ekologi, ekonomi och<\/p>\n<p>4 sociala h\u00e4nsyn integreras. En livsstil som inneb\u00e4r ett sl\u00f6seri med resurser \u00e4r inte l\u00e5ngsiktigt h\u00e5llbar. D\u00e4rf\u00f6r m\u00e5ste vi bli mycket mer effektiva i v\u00e5rt resursutnyttjande.<\/p>\n<p>4. RESPEKT V\u00e5r plattform bygger p\u00e5 en respekt f\u00f6r det offentliga \u2013 och fr\u00e5n det offentliga. Vi vill se en tydlig respekt f\u00f6r skattebetalarnas pengar, en f\u00f6rsiktighet med v\u00e5ra gemensamma resurser och en effektiv f\u00f6rvaltning. Varje krona r\u00e4knas. Men vi vill ocks\u00e5 se att det offentliga i sina system och sitt maktut\u00f6vande visar respekt f\u00f6r sina medborgare, f\u00f6r familjers och enskildas olika val och behov, och f\u00f6r civilsamh\u00e4llets s\u00e4rart. Det beh\u00f6ver finnas en gr\u00e4ns f\u00f6r det offentligas r\u00e4ckvidd. Kommunen kan inte, och b\u00f6r inte, g\u00f6ra allt.<\/p>\n<p>5. F\u00d6RETAGSAMHET Varje ny generation ska ges chanserna att sj\u00e4lva kunna forma sitt liv och sitt arbete. Vi tror p\u00e5 kraften i det personliga initiativet. F\u00f6retagsamhet ska uppmuntras och kommunen har ett ansvar att skapa ett gott klimat d\u00e4r enskilda m\u00e4nniskors id\u00e9er och entrepren\u00f6rskap f\u00e5r m\u00f6jlighet att blomma ut. Ett starkt n\u00e4ringsliv \u00e4r en f\u00f6ruts\u00e4ttning f\u00f6r en god v\u00e4lf\u00e4rd.<\/p>\n<p>6. TILLG\u00c4NGLIGHET Vi vill bygga ett samh\u00e4lle f\u00f6r alla; ett inkluderande samh\u00e4lle som tar fr\u00e5gor om fysisk tillg\u00e4nglighet p\u00e5 allvar i all samh\u00e4llsplanering, men som ocks\u00e5 reflekterar kring enskilda individers behov och f\u00f6ruts\u00e4ttningar i relation till all kommunal service. Buller, st\u00f6rningar, spr\u00e5kbarri\u00e4rer, digitalt utanf\u00f6rskap mm kan p\u00e5 olika s\u00e4tt exkludera medborgare fr\u00e5n att fullt ut delta i aktiviteter i det offentliga rummet. Denna medvetenhet om psykiska och fysiska funktionshinder m\u00e5ste finnas inf\u00f6r alla politiska beslut.<\/p>\n<p>Tillg\u00e4nglighet handlar ocks\u00e5 om en kommun som s\u00e4kerst\u00e4ller smidiga kontaktv\u00e4gar. Medborgare ska enkelt hitta svar p\u00e5 sina fr\u00e5gor och m\u00f6tas av en god service.<\/p>\n<p>7. TRYGGHET<\/p>\n<p>\u00d6vergrepp och kr\u00e4nkningar av medm\u00e4nniskors integritet och egendom kan aldrig tolereras. Respekten f\u00f6r lagarna \u00e4r en grundl\u00e4ggande f\u00f6ruts\u00e4ttning f\u00f6r det goda samh\u00e4llet. Men trygghet byggs framf\u00f6rallt underifr\u00e5n. Trygga familjer, kloka vuxna, goda skolmilj\u00f6er och en sj\u00e4lvklar delaktighet i arbets- och f\u00f6reningsliv skapar f\u00f6ruts\u00e4ttningar f\u00f6r ett tryggt samh\u00e4lle som h\u00e5ller ihop. Men v\u00e5ld och brott \u00e4r en realitet som vi alla har att f\u00f6rh\u00e5lla oss till och den kommunala planeringen beh\u00f6ver d\u00e4rf\u00f6r bidra fullt ut till att skapa trygga milj\u00f6er: i hem, skolor och det offentliga rummet.<\/p>\n<p>8. J\u00c4MST\u00c4LLDHET Lika villkor och lika m\u00f6jligheter ska vara en sj\u00e4lvklarhet \u2013 oavsett k\u00f6n. J\u00e4mst\u00e4lldhetsperspektivet ska genomsyra alla politikomr\u00e5den. Likas\u00e5 beh\u00f6ver analysen av l\u00f6ner, sjuktal och arbetsmilj\u00f6 pr\u00e4glas av en medvetenhet om att det finns k\u00f6nsskillnader som beh\u00f6ver \u00e5tg\u00e4rdas. J\u00e4mst\u00e4lldhet handlar ocks\u00e5 om frihet, trygghet och oberoende. Men j\u00e4mst\u00e4lldhet beh\u00f6ver alltid f\u00f6rh\u00e5lla sig till r\u00e4tten att g\u00f6ra individuella val, egna<\/p>\n<p>5 prioriteringar. Ingen relation eller familj \u00e4r den andra lik.<\/p>\n<p>9. INTEGRATION All integration beh\u00f6ver bygga p\u00e5 \u00f6msesidighet, \u00f6ppenhet och nyfikenhet. Vi har skapat rum f\u00f6r nya svenskar, och vi kommer \u00e4ven fram\u00f6ver vara med och ta ansvar f\u00f6r det nationella flyktingmottagandet. Men nu beh\u00f6ver goda vardagsm\u00f6ten st\u00e5 i fokus. Jobb, utbildning, spr\u00e5kkunskaper och deltagande i f\u00f6reningslivet \u00e4r sj\u00e4lvklara v\u00e4gar in i det svenska samh\u00e4llet. Likas\u00e5 beh\u00f6ver vi tryggt f\u00f6rmedla en tilltro till att det finns grundl\u00e4ggande v\u00e4rderingar v\u00e4rda att f\u00f6rmedla; v\u00e4rderingar som inte \u00e4r valbara.<\/p>\n<p>10. GEMENSKAP Gemenskap och v\u00e4rme bygger samh\u00e4lle. Varje m\u00e4nniska \u00e4r unik, men beh\u00f6ver gemenskap med andra f\u00f6r att leva och utvecklas. Det offentligas roll \u00e4r inte att skapa gemenskap, men att ge f\u00f6ruts\u00e4ttningarna f\u00f6r att vi tillsammans ska kunna bryta ensamhet, isolering och utanf\u00f6rskap. Familjer och andra sm\u00e5 gemenskaper ska uppleva att kommunen ger ett sj\u00e4lvklart st\u00f6d.<\/p>\n<p>Ett starkt civilsamh\u00e4lle \u00e4r enorm tillg\u00e5ng f\u00f6r en kommun som J\u00f6nk\u00f6ping. I f\u00f6reningar, n\u00e4tverk och f\u00f6rsamlingar v\u00e4xer v\u00e4nskap och k\u00e4nslan av sammanhang. Vi blir frivilligt medspelare i n\u00e5got som \u00e4r st\u00f6rre \u00e4n oss sj\u00e4lva. Gemenskap f\u00f6der ocks\u00e5 ansvarstagande, solidaritet och en \u00f6nskan om att finnas f\u00f6r andra n\u00e4r livet \u00e4r sk\u00f6rt. Sann samh\u00e4llsgemenskap skapar ocks\u00e5 en l\u00e4ngtan efter en r\u00e4ttvis f\u00f6rdelning av livets goda.<\/p>\n","protected":false},"excerpt":{"rendered":"<p>Hela programmet hittar du i l\u00e4nken nedan Plattform f\u00f6r ett v\u00e4xande J\u00f6nk\u00f6ping Tio perspektiv Politik ber\u00f6r v\u00e5ra liv. P\u00e5 allvar. \u00c5ret runt, vecka efter vecka, fattas beslut som p\u00e5 olika s\u00e4tt p\u00e5verkar enskilda medborgare och v\u00e5r kommun. Det vardagliga, lokala, demokratiska arbetet kr\u00e4ver engagemang, uth\u00e5llighet \u2013 och kunskap. Dessutom beh\u00f6ver politiken vila p\u00e5 en tydlig <a class=\"read-more-link\" href=\"https:\/\/wp.kristdemokraterna.se\/jkpg\/om-kristdemokraterna\/i-kommunen-2\/\">Read More<\/a><\/p>\n","protected":false},"author":895,"featured_media":0,"parent":89,"menu_order":0,"comment_status":"closed","ping_status":"closed","template":"","meta":{"_acf_changed":false,"footnotes":""},"class_list":["post-966","page","type-page","status-publish","hentry"],"acf":[],"yoast_head":"<!-- This site is optimized with the Yoast SEO plugin v27.4 - https:\/\/yoast.com\/product\/yoast-seo-wordpress\/ -->\n<title>I kommunen - J\u00f6nk\u00f6pings kommun<\/title>\n<meta name=\"robots\" content=\"index, follow, max-snippet:-1, max-image-preview:large, max-video-preview:-1\" \/>\n<link rel=\"canonical\" href=\"https:\/\/wp.kristdemokraterna.se\/jkpg\/om-kristdemokraterna\/i-kommunen-2\/\" \/>\n<meta property=\"og:locale\" content=\"sv_SE\" \/>\n<meta property=\"og:type\" content=\"article\" \/>\n<meta property=\"og:title\" content=\"I kommunen - J\u00f6nk\u00f6pings kommun\" \/>\n<meta property=\"og:description\" content=\"Hela programmet hittar du i l\u00e4nken nedan Plattform f\u00f6r ett v\u00e4xande J\u00f6nk\u00f6ping Tio perspektiv Politik ber\u00f6r v\u00e5ra liv. P\u00e5 allvar. \u00c5ret runt, vecka efter vecka, fattas beslut som p\u00e5 olika s\u00e4tt p\u00e5verkar enskilda medborgare och v\u00e5r kommun. Det vardagliga, lokala, demokratiska arbetet kr\u00e4ver engagemang, uth\u00e5llighet \u2013 och kunskap. Dessutom beh\u00f6ver politiken vila p\u00e5 en tydlig Read More\" \/>\n<meta property=\"og:url\" content=\"https:\/\/wp.kristdemokraterna.se\/jkpg\/om-kristdemokraterna\/i-kommunen-2\/\" \/>\n<meta property=\"og:site_name\" content=\"J\u00f6nk\u00f6pings kommun\" \/>\n<meta property=\"article:modified_time\" content=\"2020-08-31T12:17:00+00:00\" \/>\n<meta name=\"twitter:card\" content=\"summary_large_image\" \/>\n<meta name=\"twitter:label1\" content=\"Ber\u00e4knad l\u00e4stid\" \/>\n\t<meta name=\"twitter:data1\" content=\"6 minuter\" \/>\n<script type=\"application\/ld+json\" class=\"yoast-schema-graph\">{\"@context\":\"https:\\\/\\\/schema.org\",\"@graph\":[{\"@type\":\"WebPage\",\"@id\":\"https:\\\/\\\/wp.kristdemokraterna.se\\\/jkpg\\\/om-kristdemokraterna\\\/i-kommunen-2\\\/\",\"url\":\"https:\\\/\\\/wp.kristdemokraterna.se\\\/jkpg\\\/om-kristdemokraterna\\\/i-kommunen-2\\\/\",\"name\":\"I kommunen - J\u00f6nk\u00f6pings kommun\",\"isPartOf\":{\"@id\":\"https:\\\/\\\/wp.kristdemokraterna.se\\\/jkpg\\\/#website\"},\"datePublished\":\"2020-08-31T12:15:54+00:00\",\"dateModified\":\"2020-08-31T12:17:00+00:00\",\"breadcrumb\":{\"@id\":\"https:\\\/\\\/wp.kristdemokraterna.se\\\/jkpg\\\/om-kristdemokraterna\\\/i-kommunen-2\\\/#breadcrumb\"},\"inLanguage\":\"sv-SE\",\"potentialAction\":[{\"@type\":\"ReadAction\",\"target\":[\"https:\\\/\\\/wp.kristdemokraterna.se\\\/jkpg\\\/om-kristdemokraterna\\\/i-kommunen-2\\\/\"]}]},{\"@type\":\"BreadcrumbList\",\"@id\":\"https:\\\/\\\/wp.kristdemokraterna.se\\\/jkpg\\\/om-kristdemokraterna\\\/i-kommunen-2\\\/#breadcrumb\",\"itemListElement\":[{\"@type\":\"ListItem\",\"position\":1,\"name\":\"Hem\",\"item\":\"https:\\\/\\\/wp.kristdemokraterna.se\\\/jkpg\\\/\"},{\"@type\":\"ListItem\",\"position\":2,\"name\":\"Om Kristdemokraterna\",\"item\":\"https:\\\/\\\/wp.kristdemokraterna.se\\\/jkpg\\\/om-kristdemokraterna\\\/\"},{\"@type\":\"ListItem\",\"position\":3,\"name\":\"I kommunen\"}]},{\"@type\":\"WebSite\",\"@id\":\"https:\\\/\\\/wp.kristdemokraterna.se\\\/jkpg\\\/#website\",\"url\":\"https:\\\/\\\/wp.kristdemokraterna.se\\\/jkpg\\\/\",\"name\":\"J\u00f6nk\u00f6pings kommun\",\"description\":\"F\u00f6r familjen och f\u00f6retagsamheten!\",\"inLanguage\":\"sv-SE\"}]}<\/script>\n<!-- \/ Yoast SEO plugin. -->","yoast_head_json":{"title":"I kommunen - J\u00f6nk\u00f6pings kommun","robots":{"index":"index","follow":"follow","max-snippet":"max-snippet:-1","max-image-preview":"max-image-preview:large","max-video-preview":"max-video-preview:-1"},"canonical":"https:\/\/wp.kristdemokraterna.se\/jkpg\/om-kristdemokraterna\/i-kommunen-2\/","og_locale":"sv_SE","og_type":"article","og_title":"I kommunen - J\u00f6nk\u00f6pings kommun","og_description":"Hela programmet hittar du i l\u00e4nken nedan Plattform f\u00f6r ett v\u00e4xande J\u00f6nk\u00f6ping Tio perspektiv Politik ber\u00f6r v\u00e5ra liv. P\u00e5 allvar. \u00c5ret runt, vecka efter vecka, fattas beslut som p\u00e5 olika s\u00e4tt p\u00e5verkar enskilda medborgare och v\u00e5r kommun. Det vardagliga, lokala, demokratiska arbetet kr\u00e4ver engagemang, uth\u00e5llighet \u2013 och kunskap. Dessutom beh\u00f6ver politiken vila p\u00e5 en tydlig Read More","og_url":"https:\/\/wp.kristdemokraterna.se\/jkpg\/om-kristdemokraterna\/i-kommunen-2\/","og_site_name":"J\u00f6nk\u00f6pings kommun","article_modified_time":"2020-08-31T12:17:00+00:00","twitter_card":"summary_large_image","twitter_misc":{"Ber\u00e4knad l\u00e4stid":"6 minuter"},"schema":{"@context":"https:\/\/schema.org","@graph":[{"@type":"WebPage","@id":"https:\/\/wp.kristdemokraterna.se\/jkpg\/om-kristdemokraterna\/i-kommunen-2\/","url":"https:\/\/wp.kristdemokraterna.se\/jkpg\/om-kristdemokraterna\/i-kommunen-2\/","name":"I kommunen - J\u00f6nk\u00f6pings kommun","isPartOf":{"@id":"https:\/\/wp.kristdemokraterna.se\/jkpg\/#website"},"datePublished":"2020-08-31T12:15:54+00:00","dateModified":"2020-08-31T12:17:00+00:00","breadcrumb":{"@id":"https:\/\/wp.kristdemokraterna.se\/jkpg\/om-kristdemokraterna\/i-kommunen-2\/#breadcrumb"},"inLanguage":"sv-SE","potentialAction":[{"@type":"ReadAction","target":["https:\/\/wp.kristdemokraterna.se\/jkpg\/om-kristdemokraterna\/i-kommunen-2\/"]}]},{"@type":"BreadcrumbList","@id":"https:\/\/wp.kristdemokraterna.se\/jkpg\/om-kristdemokraterna\/i-kommunen-2\/#breadcrumb","itemListElement":[{"@type":"ListItem","position":1,"name":"Hem","item":"https:\/\/wp.kristdemokraterna.se\/jkpg\/"},{"@type":"ListItem","position":2,"name":"Om Kristdemokraterna","item":"https:\/\/wp.kristdemokraterna.se\/jkpg\/om-kristdemokraterna\/"},{"@type":"ListItem","position":3,"name":"I kommunen"}]},{"@type":"WebSite","@id":"https:\/\/wp.kristdemokraterna.se\/jkpg\/#website","url":"https:\/\/wp.kristdemokraterna.se\/jkpg\/","name":"J\u00f6nk\u00f6pings kommun","description":"F\u00f6r familjen och f\u00f6retagsamheten!","inLanguage":"sv-SE"}]}},"_links":{"self":[{"href":"https:\/\/wp.kristdemokraterna.se\/jkpg\/wp-json\/wp\/v2\/pages\/966","targetHints":{"allow":["GET"]}}],"collection":[{"href":"https:\/\/wp.kristdemokraterna.se\/jkpg\/wp-json\/wp\/v2\/pages"}],"about":[{"href":"https:\/\/wp.kristdemokraterna.se\/jkpg\/wp-json\/wp\/v2\/types\/page"}],"author":[{"embeddable":true,"href":"https:\/\/wp.kristdemokraterna.se\/jkpg\/wp-json\/wp\/v2\/users\/895"}],"replies":[{"embeddable":true,"href":"https:\/\/wp.kristdemokraterna.se\/jkpg\/wp-json\/wp\/v2\/comments?post=966"}],"version-history":[{"count":1,"href":"https:\/\/wp.kristdemokraterna.se\/jkpg\/wp-json\/wp\/v2\/pages\/966\/revisions"}],"predecessor-version":[{"id":967,"href":"https:\/\/wp.kristdemokraterna.se\/jkpg\/wp-json\/wp\/v2\/pages\/966\/revisions\/967"}],"up":[{"embeddable":true,"href":"https:\/\/wp.kristdemokraterna.se\/jkpg\/wp-json\/wp\/v2\/pages\/89"}],"wp:attachment":[{"href":"https:\/\/wp.kristdemokraterna.se\/jkpg\/wp-json\/wp\/v2\/media?parent=966"}],"curies":[{"name":"wp","href":"https:\/\/api.w.org\/{rel}","templated":true}]}}