{"id":265,"date":"2017-11-07T16:47:40","date_gmt":"2017-11-07T15:47:40","guid":{"rendered":"http:\/\/wp.kristdemokraterna.se\/jonkoping\/?page_id=265"},"modified":"2023-03-23T13:53:47","modified_gmt":"2023-03-23T12:53:47","slug":"startsida","status":"publish","type":"page","link":"https:\/\/wp.kristdemokraterna.se\/jonkoping\/","title":{"rendered":"Startsida"},"content":{"rendered":"<div class=\"cff-wrapper\"><div class=\"cff-wrapper-ctn  cff-wrapper-fixed-height\"  style=\"height:300px;\" ><div id=\"cff\"  class=\"cff cff-list-container  cff-fixed-height  cff-default-styles  cff-mob-cols-1 cff-tab-cols-1\"   style=\"width:100%;\"   data-char=\"400\" ><div class=\"cff-error-msg\">\n\t<div>\n\t\t<i class=\"fa fa-lock\" aria-hidden=\"true\" style=\"margin-right: 5px;\"><\/i><b>This message is only visible to admins.<\/b><br\/>\n\t\tProblem displaying Facebook posts. Backup cache in use.\t\t\t\t\t<br\/><a href=\"javascript:void(0);\" id=\"cff-show-error\" onclick=\"cffShowError()\">Click to show error<\/a>\n\t\t\t<script type=\"text\/javascript\">function cffShowError() { document.getElementById(\"cff-error-reason\").style.display = \"block\"; document.getElementById(\"cff-show-error\").style.display = \"none\"; }<\/script>\n\t\t\t<\/div>\n\t\t\t<div id=\"cff-error-reason\">\n\t\t\t\t\t\t\t\t\t<b>Error:<\/b> (#200) Provide valid app ID\t\t\t\t\t\t\t\t\t\t\t\t\t<b>Type:<\/b> OAuthException\t\t\t\t\t\t\t\t\t\t\t\t\t\t\t\t\t\t\t\t\t\t\t\t\t\t\t\t\n\t\t\t<\/div>\n\t\t\t\t\n<\/div>\n<div class=\"cff-posts-wrap\"><\/div><input class=\"cff-pag-url\" type=\"hidden\" data-locatornonce=\"566d3b8e1f\" data-cff-shortcode=\"\" data-post-id=\"265\" data-feed-id=\"1697803810501502\"><\/div><\/div><div class=\"cff-clear\"><\/div><\/div>\n<p>&nbsp;<\/p>\n<p>&nbsp;<\/p>\n<p>&nbsp;<\/p>\n<p>&nbsp;<\/p>\n","protected":false},"excerpt":{"rendered":"<p>&nbsp; &nbsp; &nbsp; &nbsp;<\/p>\n","protected":false},"author":34,"featured_media":0,"parent":0,"menu_order":4,"comment_status":"closed","ping_status":"closed","template":"index.php","meta":{"_acf_changed":false,"footnotes":""},"class_list":["post-265","page","type-page","status-publish","hentry"],"acf":[],"yoast_head":"<!-- This site is optimized with the Yoast SEO plugin v27.3 - https:\/\/yoast.com\/product\/yoast-seo-wordpress\/ -->\n<title>Startsida - Kristdemokraterna J\u00f6nk\u00f6pings kommundelsf\u00f6rening<\/title>\n<meta name=\"robots\" content=\"index, follow, max-snippet:-1, max-image-preview:large, max-video-preview:-1\" \/>\n<link rel=\"canonical\" href=\"https:\/\/wp.kristdemokraterna.se\/jonkoping\/\" \/>\n<meta property=\"og:locale\" content=\"sv_SE\" \/>\n<meta property=\"og:type\" content=\"article\" \/>\n<meta property=\"og:title\" content=\"Startsida - Kristdemokraterna J\u00f6nk\u00f6pings kommundelsf\u00f6rening\" \/>\n<meta property=\"og:description\" content=\"&nbsp; &nbsp; &nbsp; &nbsp;\" \/>\n<meta property=\"og:url\" content=\"https:\/\/wp.kristdemokraterna.se\/jonkoping\/\" \/>\n<meta property=\"og:site_name\" content=\"Kristdemokraterna J\u00f6nk\u00f6pings kommundelsf\u00f6rening\" \/>\n<meta property=\"article:modified_time\" content=\"2023-03-23T12:53:47+00:00\" \/>\n<meta name=\"twitter:card\" content=\"summary_large_image\" \/>\n<meta name=\"twitter:label1\" content=\"Ber\u00e4knad l\u00e4stid\" \/>\n\t<meta name=\"twitter:data1\" content=\"1 minut\" \/>\n<script type=\"application\/ld+json\" class=\"yoast-schema-graph\">{\"@context\":\"https:\\\/\\\/schema.org\",\"@graph\":[{\"@type\":\"WebPage\",\"@id\":\"https:\\\/\\\/wp.kristdemokraterna.se\\\/jonkoping\\\/\",\"url\":\"https:\\\/\\\/wp.kristdemokraterna.se\\\/jonkoping\\\/\",\"name\":\"Startsida - Kristdemokraterna J\u00f6nk\u00f6pings kommundelsf\u00f6rening\",\"isPartOf\":{\"@id\":\"https:\\\/\\\/wp.kristdemokraterna.se\\\/jonkoping\\\/#website\"},\"datePublished\":\"2017-11-07T15:47:40+00:00\",\"dateModified\":\"2023-03-23T12:53:47+00:00\",\"breadcrumb\":{\"@id\":\"https:\\\/\\\/wp.kristdemokraterna.se\\\/jonkoping\\\/#breadcrumb\"},\"inLanguage\":\"sv-SE\",\"potentialAction\":[{\"@type\":\"ReadAction\",\"target\":[\"https:\\\/\\\/wp.kristdemokraterna.se\\\/jonkoping\\\/\"]}]},{\"@type\":\"BreadcrumbList\",\"@id\":\"https:\\\/\\\/wp.kristdemokraterna.se\\\/jonkoping\\\/#breadcrumb\",\"itemListElement\":[{\"@type\":\"ListItem\",\"position\":1,\"name\":\"Hem\",\"item\":\"https:\\\/\\\/wp.kristdemokraterna.se\\\/jonkoping\\\/\"},{\"@type\":\"ListItem\",\"position\":2,\"name\":\"Startsida\"}]},{\"@type\":\"WebSite\",\"@id\":\"https:\\\/\\\/wp.kristdemokraterna.se\\\/jonkoping\\\/#website\",\"url\":\"https:\\\/\\\/wp.kristdemokraterna.se\\\/jonkoping\\\/\",\"name\":\"Kristdemokraterna J\u00f6nk\u00f6pings kommundelsf\u00f6rening\",\"description\":\"Kristdemokraterna J\u00f6nk\u00f6pings kommundelsf\u00f6rening\",\"inLanguage\":\"sv-SE\"}]}<\/script>\n<!-- \/ Yoast SEO plugin. -->","yoast_head_json":{"title":"Startsida - Kristdemokraterna J\u00f6nk\u00f6pings kommundelsf\u00f6rening","robots":{"index":"index","follow":"follow","max-snippet":"max-snippet:-1","max-image-preview":"max-image-preview:large","max-video-preview":"max-video-preview:-1"},"canonical":"https:\/\/wp.kristdemokraterna.se\/jonkoping\/","og_locale":"sv_SE","og_type":"article","og_title":"Startsida - Kristdemokraterna J\u00f6nk\u00f6pings kommundelsf\u00f6rening","og_description":"&nbsp; &nbsp; &nbsp; &nbsp;","og_url":"https:\/\/wp.kristdemokraterna.se\/jonkoping\/","og_site_name":"Kristdemokraterna J\u00f6nk\u00f6pings kommundelsf\u00f6rening","article_modified_time":"2023-03-23T12:53:47+00:00","twitter_card":"summary_large_image","twitter_misc":{"Ber\u00e4knad l\u00e4stid":"1 minut"},"schema":{"@context":"https:\/\/schema.org","@graph":[{"@type":"WebPage","@id":"https:\/\/wp.kristdemokraterna.se\/jonkoping\/","url":"https:\/\/wp.kristdemokraterna.se\/jonkoping\/","name":"Startsida - Kristdemokraterna J\u00f6nk\u00f6pings kommundelsf\u00f6rening","isPartOf":{"@id":"https:\/\/wp.kristdemokraterna.se\/jonkoping\/#website"},"datePublished":"2017-11-07T15:47:40+00:00","dateModified":"2023-03-23T12:53:47+00:00","breadcrumb":{"@id":"https:\/\/wp.kristdemokraterna.se\/jonkoping\/#breadcrumb"},"inLanguage":"sv-SE","potentialAction":[{"@type":"ReadAction","target":["https:\/\/wp.kristdemokraterna.se\/jonkoping\/"]}]},{"@type":"BreadcrumbList","@id":"https:\/\/wp.kristdemokraterna.se\/jonkoping\/#breadcrumb","itemListElement":[{"@type":"ListItem","position":1,"name":"Hem","item":"https:\/\/wp.kristdemokraterna.se\/jonkoping\/"},{"@type":"ListItem","position":2,"name":"Startsida"}]},{"@type":"WebSite","@id":"https:\/\/wp.kristdemokraterna.se\/jonkoping\/#website","url":"https:\/\/wp.kristdemokraterna.se\/jonkoping\/","name":"Kristdemokraterna J\u00f6nk\u00f6pings kommundelsf\u00f6rening","description":"Kristdemokraterna J\u00f6nk\u00f6pings kommundelsf\u00f6rening","inLanguage":"sv-SE"}]}},"_links":{"self":[{"href":"https:\/\/wp.kristdemokraterna.se\/jonkoping\/wp-json\/wp\/v2\/pages\/265","targetHints":{"allow":["GET"]}}],"collection":[{"href":"https:\/\/wp.kristdemokraterna.se\/jonkoping\/wp-json\/wp\/v2\/pages"}],"about":[{"href":"https:\/\/wp.kristdemokraterna.se\/jonkoping\/wp-json\/wp\/v2\/types\/page"}],"author":[{"embeddable":true,"href":"https:\/\/wp.kristdemokraterna.se\/jonkoping\/wp-json\/wp\/v2\/users\/34"}],"replies":[{"embeddable":true,"href":"https:\/\/wp.kristdemokraterna.se\/jonkoping\/wp-json\/wp\/v2\/comments?post=265"}],"version-history":[{"count":395,"href":"https:\/\/wp.kristdemokraterna.se\/jonkoping\/wp-json\/wp\/v2\/pages\/265\/revisions"}],"predecessor-version":[{"id":2201,"href":"https:\/\/wp.kristdemokraterna.se\/jonkoping\/wp-json\/wp\/v2\/pages\/265\/revisions\/2201"}],"wp:attachment":[{"href":"https:\/\/wp.kristdemokraterna.se\/jonkoping\/wp-json\/wp\/v2\/media?parent=265"}],"curies":[{"name":"wp","href":"https:\/\/api.w.org\/{rel}","templated":true}]}}