{"id":269,"date":"2017-11-29T16:48:28","date_gmt":"2017-11-29T15:48:28","guid":{"rendered":"http:\/\/wp.kristdemokraterna.se\/jonkoping\/?page_id=269"},"modified":"2020-11-21T16:55:42","modified_gmt":"2020-11-21T15:55:42","slug":"textsida-med-vanster-sidebar","status":"publish","type":"page","link":"https:\/\/wp.kristdemokraterna.se\/jonkoping\/textsida-med-vanster-sidebar\/","title":{"rendered":"V\u00e5r kommundelsf\u00f6rening J\u00f6nk\u00f6ping city"},"content":{"rendered":"<p><strong>J\u00f6nk\u00f6pings kommundelsf\u00f6rening<\/strong> best\u00e5r av de medlemmar som har postadress J\u00f6nk\u00f6ping. Vi har idag 336 medlemmar, vilket inneb\u00e4r att vi \u00e4r en av landets st\u00f6rre f\u00f6reningar. F\u00f6rutom v\u00e5r avdelning finns sex kommundelsf\u00f6reningar, vilket tillsammans utg\u00f6r<strong> J\u00f6nk\u00f6pings partiavdelning.<\/strong><\/p>\n<p>Varmt v\u00e4lkommen f\u00f6r att h\u00e4vda:<\/p>\n<p>&#8211; <strong><span style=\"color: #808000\">Allas lika v\u00e4rde<\/span><\/strong><\/p>\n<p><span style=\"color: #808000\">&#8211; <strong>Allas ofullkomlighet<\/strong><\/span><\/p>\n<p><strong><span style=\"color: #808000\">&#8211; F\u00f6rvalta v\u00e5r jord<\/span><\/strong><\/p>\n<p>&nbsp;<\/p>\n<p>&nbsp;<\/p>\n<p>&nbsp;<\/p>\n<p>&nbsp;<\/p>\n","protected":false},"excerpt":{"rendered":"<p>J\u00f6nk\u00f6pings kommundelsf\u00f6rening best\u00e5r av de medlemmar som har postadress J\u00f6nk\u00f6ping. Vi har idag 336 medlemmar, vilket inneb\u00e4r att vi \u00e4r en av landets st\u00f6rre f\u00f6reningar. F\u00f6rutom v\u00e5r avdelning finns sex kommundelsf\u00f6reningar, vilket tillsammans utg\u00f6r J\u00f6nk\u00f6pings partiavdelning. Varmt v\u00e4lkommen f\u00f6r att h\u00e4vda: &#8211; Allas lika v\u00e4rde &#8211; Allas ofullkomlighet &#8211; F\u00f6rvalta v\u00e5r jord &nbsp; &nbsp; &nbsp; <a class=\"read-more-link\" href=\"https:\/\/wp.kristdemokraterna.se\/jonkoping\/textsida-med-vanster-sidebar\/\">L\u00e4s mer<\/a><\/p>\n","protected":false},"author":34,"featured_media":0,"parent":0,"menu_order":7,"comment_status":"closed","ping_status":"closed","template":"page.php","meta":{"_acf_changed":false,"footnotes":""},"class_list":["post-269","page","type-page","status-publish","hentry"],"acf":[],"yoast_head":"<!-- This site is optimized with the Yoast SEO plugin v27.4 - https:\/\/yoast.com\/product\/yoast-seo-wordpress\/ -->\n<title>V\u00e5r kommundelsf\u00f6rening J\u00f6nk\u00f6ping city - Kristdemokraterna J\u00f6nk\u00f6pings kommundelsf\u00f6rening<\/title>\n<meta name=\"robots\" content=\"index, follow, max-snippet:-1, max-image-preview:large, max-video-preview:-1\" \/>\n<link rel=\"canonical\" href=\"https:\/\/wp.kristdemokraterna.se\/jonkoping\/textsida-med-vanster-sidebar\/\" \/>\n<meta property=\"og:locale\" content=\"sv_SE\" \/>\n<meta property=\"og:type\" content=\"article\" \/>\n<meta property=\"og:title\" content=\"V\u00e5r kommundelsf\u00f6rening J\u00f6nk\u00f6ping city - Kristdemokraterna J\u00f6nk\u00f6pings kommundelsf\u00f6rening\" \/>\n<meta property=\"og:description\" content=\"J\u00f6nk\u00f6pings kommundelsf\u00f6rening best\u00e5r av de medlemmar som har postadress J\u00f6nk\u00f6ping. Vi har idag 336 medlemmar, vilket inneb\u00e4r att vi \u00e4r en av landets st\u00f6rre f\u00f6reningar. F\u00f6rutom v\u00e5r avdelning finns sex kommundelsf\u00f6reningar, vilket tillsammans utg\u00f6r J\u00f6nk\u00f6pings partiavdelning. Varmt v\u00e4lkommen f\u00f6r att h\u00e4vda: &#8211; Allas lika v\u00e4rde &#8211; Allas ofullkomlighet &#8211; F\u00f6rvalta v\u00e5r jord &nbsp; &nbsp; &nbsp; L\u00e4s mer\" \/>\n<meta property=\"og:url\" content=\"https:\/\/wp.kristdemokraterna.se\/jonkoping\/textsida-med-vanster-sidebar\/\" \/>\n<meta property=\"og:site_name\" content=\"Kristdemokraterna J\u00f6nk\u00f6pings kommundelsf\u00f6rening\" \/>\n<meta property=\"article:modified_time\" content=\"2020-11-21T15:55:42+00:00\" \/>\n<meta name=\"twitter:card\" content=\"summary_large_image\" \/>\n<script type=\"application\/ld+json\" class=\"yoast-schema-graph\">{\"@context\":\"https:\\\/\\\/schema.org\",\"@graph\":[{\"@type\":\"WebPage\",\"@id\":\"https:\\\/\\\/wp.kristdemokraterna.se\\\/jonkoping\\\/textsida-med-vanster-sidebar\\\/\",\"url\":\"https:\\\/\\\/wp.kristdemokraterna.se\\\/jonkoping\\\/textsida-med-vanster-sidebar\\\/\",\"name\":\"V\u00e5r kommundelsf\u00f6rening J\u00f6nk\u00f6ping city - Kristdemokraterna J\u00f6nk\u00f6pings kommundelsf\u00f6rening\",\"isPartOf\":{\"@id\":\"https:\\\/\\\/wp.kristdemokraterna.se\\\/jonkoping\\\/#website\"},\"datePublished\":\"2017-11-29T15:48:28+00:00\",\"dateModified\":\"2020-11-21T15:55:42+00:00\",\"breadcrumb\":{\"@id\":\"https:\\\/\\\/wp.kristdemokraterna.se\\\/jonkoping\\\/textsida-med-vanster-sidebar\\\/#breadcrumb\"},\"inLanguage\":\"sv-SE\",\"potentialAction\":[{\"@type\":\"ReadAction\",\"target\":[\"https:\\\/\\\/wp.kristdemokraterna.se\\\/jonkoping\\\/textsida-med-vanster-sidebar\\\/\"]}]},{\"@type\":\"BreadcrumbList\",\"@id\":\"https:\\\/\\\/wp.kristdemokraterna.se\\\/jonkoping\\\/textsida-med-vanster-sidebar\\\/#breadcrumb\",\"itemListElement\":[{\"@type\":\"ListItem\",\"position\":1,\"name\":\"Hem\",\"item\":\"https:\\\/\\\/wp.kristdemokraterna.se\\\/jonkoping\\\/\"},{\"@type\":\"ListItem\",\"position\":2,\"name\":\"V\u00e5r kommundelsf\u00f6rening J\u00f6nk\u00f6ping city\"}]},{\"@type\":\"WebSite\",\"@id\":\"https:\\\/\\\/wp.kristdemokraterna.se\\\/jonkoping\\\/#website\",\"url\":\"https:\\\/\\\/wp.kristdemokraterna.se\\\/jonkoping\\\/\",\"name\":\"Kristdemokraterna J\u00f6nk\u00f6pings kommundelsf\u00f6rening\",\"description\":\"Kristdemokraterna J\u00f6nk\u00f6pings kommundelsf\u00f6rening\",\"inLanguage\":\"sv-SE\"}]}<\/script>\n<!-- \/ Yoast SEO plugin. -->","yoast_head_json":{"title":"V\u00e5r kommundelsf\u00f6rening J\u00f6nk\u00f6ping city - Kristdemokraterna J\u00f6nk\u00f6pings kommundelsf\u00f6rening","robots":{"index":"index","follow":"follow","max-snippet":"max-snippet:-1","max-image-preview":"max-image-preview:large","max-video-preview":"max-video-preview:-1"},"canonical":"https:\/\/wp.kristdemokraterna.se\/jonkoping\/textsida-med-vanster-sidebar\/","og_locale":"sv_SE","og_type":"article","og_title":"V\u00e5r kommundelsf\u00f6rening J\u00f6nk\u00f6ping city - Kristdemokraterna J\u00f6nk\u00f6pings kommundelsf\u00f6rening","og_description":"J\u00f6nk\u00f6pings kommundelsf\u00f6rening best\u00e5r av de medlemmar som har postadress J\u00f6nk\u00f6ping. Vi har idag 336 medlemmar, vilket inneb\u00e4r att vi \u00e4r en av landets st\u00f6rre f\u00f6reningar. F\u00f6rutom v\u00e5r avdelning finns sex kommundelsf\u00f6reningar, vilket tillsammans utg\u00f6r J\u00f6nk\u00f6pings partiavdelning. Varmt v\u00e4lkommen f\u00f6r att h\u00e4vda: &#8211; Allas lika v\u00e4rde &#8211; Allas ofullkomlighet &#8211; F\u00f6rvalta v\u00e5r jord &nbsp; &nbsp; &nbsp; L\u00e4s mer","og_url":"https:\/\/wp.kristdemokraterna.se\/jonkoping\/textsida-med-vanster-sidebar\/","og_site_name":"Kristdemokraterna J\u00f6nk\u00f6pings kommundelsf\u00f6rening","article_modified_time":"2020-11-21T15:55:42+00:00","twitter_card":"summary_large_image","schema":{"@context":"https:\/\/schema.org","@graph":[{"@type":"WebPage","@id":"https:\/\/wp.kristdemokraterna.se\/jonkoping\/textsida-med-vanster-sidebar\/","url":"https:\/\/wp.kristdemokraterna.se\/jonkoping\/textsida-med-vanster-sidebar\/","name":"V\u00e5r kommundelsf\u00f6rening J\u00f6nk\u00f6ping city - Kristdemokraterna J\u00f6nk\u00f6pings kommundelsf\u00f6rening","isPartOf":{"@id":"https:\/\/wp.kristdemokraterna.se\/jonkoping\/#website"},"datePublished":"2017-11-29T15:48:28+00:00","dateModified":"2020-11-21T15:55:42+00:00","breadcrumb":{"@id":"https:\/\/wp.kristdemokraterna.se\/jonkoping\/textsida-med-vanster-sidebar\/#breadcrumb"},"inLanguage":"sv-SE","potentialAction":[{"@type":"ReadAction","target":["https:\/\/wp.kristdemokraterna.se\/jonkoping\/textsida-med-vanster-sidebar\/"]}]},{"@type":"BreadcrumbList","@id":"https:\/\/wp.kristdemokraterna.se\/jonkoping\/textsida-med-vanster-sidebar\/#breadcrumb","itemListElement":[{"@type":"ListItem","position":1,"name":"Hem","item":"https:\/\/wp.kristdemokraterna.se\/jonkoping\/"},{"@type":"ListItem","position":2,"name":"V\u00e5r kommundelsf\u00f6rening J\u00f6nk\u00f6ping city"}]},{"@type":"WebSite","@id":"https:\/\/wp.kristdemokraterna.se\/jonkoping\/#website","url":"https:\/\/wp.kristdemokraterna.se\/jonkoping\/","name":"Kristdemokraterna J\u00f6nk\u00f6pings kommundelsf\u00f6rening","description":"Kristdemokraterna J\u00f6nk\u00f6pings kommundelsf\u00f6rening","inLanguage":"sv-SE"}]}},"_links":{"self":[{"href":"https:\/\/wp.kristdemokraterna.se\/jonkoping\/wp-json\/wp\/v2\/pages\/269","targetHints":{"allow":["GET"]}}],"collection":[{"href":"https:\/\/wp.kristdemokraterna.se\/jonkoping\/wp-json\/wp\/v2\/pages"}],"about":[{"href":"https:\/\/wp.kristdemokraterna.se\/jonkoping\/wp-json\/wp\/v2\/types\/page"}],"author":[{"embeddable":true,"href":"https:\/\/wp.kristdemokraterna.se\/jonkoping\/wp-json\/wp\/v2\/users\/34"}],"replies":[{"embeddable":true,"href":"https:\/\/wp.kristdemokraterna.se\/jonkoping\/wp-json\/wp\/v2\/comments?post=269"}],"version-history":[{"count":48,"href":"https:\/\/wp.kristdemokraterna.se\/jonkoping\/wp-json\/wp\/v2\/pages\/269\/revisions"}],"predecessor-version":[{"id":1911,"href":"https:\/\/wp.kristdemokraterna.se\/jonkoping\/wp-json\/wp\/v2\/pages\/269\/revisions\/1911"}],"wp:attachment":[{"href":"https:\/\/wp.kristdemokraterna.se\/jonkoping\/wp-json\/wp\/v2\/media?parent=269"}],"curies":[{"name":"wp","href":"https:\/\/api.w.org\/{rel}","templated":true}]}}