{"id":361,"date":"2017-12-04T16:09:00","date_gmt":"2017-12-04T15:09:00","guid":{"rendered":"http:\/\/wp.kristdemokraterna.se\/jonkoping\/?page_id=361"},"modified":"2021-02-18T15:12:12","modified_gmt":"2021-02-18T14:12:12","slug":"kalendarium","status":"publish","type":"page","link":"https:\/\/wp.kristdemokraterna.se\/jonkoping\/textsida-med-vanster-sidebar\/kalendarium\/","title":{"rendered":"Kalendarium"},"content":{"rendered":"<p><img loading=\"lazy\" decoding=\"async\" class=\"wp-image-1210 aligncenter\" src=\"http:\/\/wp.kristdemokraterna.se\/jonkoping\/files\/2019\/01\/kalender1-300x201.jpg\" alt=\"\" width=\"583\" height=\"391\" srcset=\"https:\/\/wp.kristdemokraterna.se\/jonkoping\/files\/2019\/01\/kalender1-300x201.jpg 300w, https:\/\/wp.kristdemokraterna.se\/jonkoping\/files\/2019\/01\/kalender1-768x514.jpg 768w, https:\/\/wp.kristdemokraterna.se\/jonkoping\/files\/2019\/01\/kalender1-1024x685.jpg 1024w, https:\/\/wp.kristdemokraterna.se\/jonkoping\/files\/2019\/01\/kalender1-299x200.jpg 299w, https:\/\/wp.kristdemokraterna.se\/jonkoping\/files\/2019\/01\/kalender1-370x248.jpg 370w, https:\/\/wp.kristdemokraterna.se\/jonkoping\/files\/2019\/01\/kalender1-770x515.jpg 770w, https:\/\/wp.kristdemokraterna.se\/jonkoping\/files\/2019\/01\/kalender1-450x301.jpg 450w, https:\/\/wp.kristdemokraterna.se\/jonkoping\/files\/2019\/01\/kalender1-280x187.jpg 280w, https:\/\/wp.kristdemokraterna.se\/jonkoping\/files\/2019\/01\/kalender1-340x228.jpg 340w, https:\/\/wp.kristdemokraterna.se\/jonkoping\/files\/2019\/01\/kalender1-200x134.jpg 200w, https:\/\/wp.kristdemokraterna.se\/jonkoping\/files\/2019\/01\/kalender1-84x56.jpg 84w\" sizes=\"auto, (max-width: 583px) 100vw, 583px\" \/><\/p>\n<p>Foto: Eric Rothermel ,\u00a0Unsplash<\/p>\n<p><strong>Januari<\/strong><\/p>\n<p><strong>27 <\/strong>18-20.00 \u00a0Kostnadsfri utbildning via Zoom, med Stefan Attefall. Partiets grund: ideologi &amp; historia<\/p>\n<p><strong><br \/>\nFebruari<\/strong><\/p>\n<p><strong>11<\/strong> 18-20.00 Kostnadsfri utbildning via Zoom, med Jakob Hallman&amp; Anders Andersson. Partiets organisation; en modern folkr\u00f6relse.<br \/>\nS\u00e5 styrs Sverige; Kommun, Region och Nation<\/p>\n<p><strong>17<\/strong> 19.00 Digitalt \u00e5rsm\u00f6te J\u00f6nk\u00f6pings kommundelsf\u00f6rening via Zoom.<\/p>\n<p><strong>Mars\u00a0<\/strong><\/p>\n<p><strong>3 <\/strong>18-20.00 Kostnadsfri utbildning via Zoom, med Ronja Strid. Partiarbete; Arbete med politik och kampanj.<\/p>\n<p><strong>10\u00a0<\/strong>Styrelsesammantr\u00e4de. J\u00f6nk\u00f6pings kommundelsf\u00f6rening.<\/p>\n<p><strong>17<\/strong> 18.00- 20.00 Kostnadsfri utbildning via Zoom. Med Christina Landoff. Det politiska uppdraget &#8211; du som \u00e4r f\u00f6rtroendevald<br \/>\nPolitikens viktigaste redskap; Retorikens grunder.<\/p>\n<p><strong>29<\/strong> Kommunpolitiskt gruppm\u00f6te<\/p>\n<p>&nbsp;<\/p>\n<p><strong>April<\/strong><\/p>\n<p><strong>7\u00a0<\/strong> Styrelsesammantr\u00e4de J\u00f6nk\u00f6pings kommundelsf\u00f6rening<\/p>\n<p>&nbsp;<\/p>\n<p><strong>Maj<\/strong><\/p>\n<p><strong>3<\/strong> Kommunpolitiskt gruppm\u00f6te<\/p>\n<p><strong>8<\/strong> V\u00e5ffelvagn\/Husbil p\u00e5 V\u00e4stra Torget<\/p>\n<p><strong>11<\/strong> Styrelsem\u00f6te &#8211;\u00a0 J\u00f6nk\u00f6pings kommundelsf\u00f6rening<\/p>\n<p><strong>19<\/strong> V\u00e5rruset Rocksj\u00f6n- hur meddelas senare<\/p>\n<p>&nbsp;<\/p>\n<p><strong>Juni<\/strong><\/p>\n<p><strong>5 <\/strong>V\u00e5ffelvagn\/husbil p\u00e5 torget<\/p>\n<p><strong>7<\/strong> Gruppm\u00f6te &#8211; Sommarfest- J\u00f6nk\u00f6pings partiavdelning<\/p>\n<p><strong>9<\/strong> Styrelsesammantr\u00e4de J\u00f6nk\u00f6pings kommundelsf\u00f6rening<\/p>\n<p><strong>Juli<\/strong><\/p>\n<p><strong>3<\/strong> V\u00e5ffelvagn\/husbil p\u00e5 V\u00e4stra Torget<\/p>\n<p><strong>4<\/strong> Kristdemokraternas dag i Almedalen &#8211; Ebba Busch talar<\/p>\n<p><strong>Augusti<\/strong><\/p>\n<p><strong>4<\/strong> V\u00e5ffelvagn\/husbil p\u00e5 V\u00e4stra Torget<\/p>\n<p><strong>10 <\/strong>Styrelsesammantr\u00e4de. J\u00f6nk\u00f6pings kommundelsf\u00f6rening<\/p>\n<p><strong>September<\/strong><\/p>\n<p><strong>15<\/strong> Styrelsesammantr\u00e4de J\u00f6nk\u00f6pings kommundelsf\u00f6rening<\/p>\n<p><strong>20<\/strong> Kommunpolitiskt gruppm\u00f6te<\/p>\n<p><strong>Oktober<br \/>\n<\/strong><\/p>\n<p><strong>13<\/strong> Styrelsesammantr\u00e4de. J\u00f6nk\u00f6pings kommundelsf\u00f6rening<\/p>\n<p><strong>23<\/strong> Medlemsaktivitet- Oktoberfest<\/p>\n<p><strong>25<\/strong> Kommunpolitiskt gruppm\u00f6te<\/p>\n<p><strong>November<\/strong><\/p>\n<p><strong>10<\/strong> Styrelsem\u00f6te J\u00f6nk\u00f6pings kommundelsf\u00f6rening<\/p>\n<p><strong>22<\/strong> Kommunpolitiskt gruppm\u00f6te<\/p>\n<p><strong>December\u00a0<\/strong><\/p>\n<p><strong>1<\/strong> Styrelsesammantr\u00e4de. J\u00f6nk\u00f6pings kommundelsf\u00f6rening<\/p>\n<p><strong>6<\/strong> Kommunpolitiskt gruppm\u00f6te<\/p>\n<p>&nbsp;<\/p>\n","protected":false},"excerpt":{"rendered":"<p>Foto: Eric Rothermel ,\u00a0Unsplash Januari 27 18-20.00 \u00a0Kostnadsfri utbildning via Zoom, med Stefan Attefall. Partiets grund: ideologi &amp; historia Februari 11 18-20.00 Kostnadsfri utbildning via Zoom, med Jakob Hallman&amp; Anders Andersson. Partiets organisation; en modern folkr\u00f6relse. S\u00e5 styrs Sverige; Kommun, Region och Nation 17 19.00 Digitalt \u00e5rsm\u00f6te J\u00f6nk\u00f6pings kommundelsf\u00f6rening via Zoom. Mars\u00a0 3 18-20.00 Kostnadsfri <a class=\"read-more-link\" href=\"https:\/\/wp.kristdemokraterna.se\/jonkoping\/textsida-med-vanster-sidebar\/kalendarium\/\">L\u00e4s mer<\/a><\/p>\n","protected":false},"author":34,"featured_media":0,"parent":269,"menu_order":4,"comment_status":"closed","ping_status":"closed","template":"page.php","meta":{"_acf_changed":false,"footnotes":""},"class_list":["post-361","page","type-page","status-publish","hentry"],"acf":[],"yoast_head":"<!-- This site is optimized with the Yoast SEO plugin v27.3 - https:\/\/yoast.com\/product\/yoast-seo-wordpress\/ -->\n<title>Kalendarium - Kristdemokraterna J\u00f6nk\u00f6pings kommundelsf\u00f6rening<\/title>\n<meta name=\"robots\" content=\"index, follow, max-snippet:-1, max-image-preview:large, max-video-preview:-1\" \/>\n<link rel=\"canonical\" href=\"https:\/\/wp.kristdemokraterna.se\/jonkoping\/textsida-med-vanster-sidebar\/kalendarium\/\" \/>\n<meta property=\"og:locale\" content=\"sv_SE\" \/>\n<meta property=\"og:type\" content=\"article\" \/>\n<meta property=\"og:title\" content=\"Kalendarium - Kristdemokraterna J\u00f6nk\u00f6pings kommundelsf\u00f6rening\" \/>\n<meta property=\"og:description\" content=\"Foto: Eric Rothermel ,\u00a0Unsplash Januari 27 18-20.00 \u00a0Kostnadsfri utbildning via Zoom, med Stefan Attefall. Partiets grund: ideologi &amp; historia Februari 11 18-20.00 Kostnadsfri utbildning via Zoom, med Jakob Hallman&amp; Anders Andersson. Partiets organisation; en modern folkr\u00f6relse. S\u00e5 styrs Sverige; Kommun, Region och Nation 17 19.00 Digitalt \u00e5rsm\u00f6te J\u00f6nk\u00f6pings kommundelsf\u00f6rening via Zoom. Mars\u00a0 3 18-20.00 Kostnadsfri L\u00e4s mer\" \/>\n<meta property=\"og:url\" content=\"https:\/\/wp.kristdemokraterna.se\/jonkoping\/textsida-med-vanster-sidebar\/kalendarium\/\" \/>\n<meta property=\"og:site_name\" content=\"Kristdemokraterna J\u00f6nk\u00f6pings kommundelsf\u00f6rening\" \/>\n<meta property=\"article:modified_time\" content=\"2021-02-18T14:12:12+00:00\" \/>\n<meta property=\"og:image\" content=\"http:\/\/wp.kristdemokraterna.se\/jonkoping\/files\/2019\/01\/kalender1-300x201.jpg\" \/>\n<meta name=\"twitter:card\" content=\"summary_large_image\" \/>\n<meta name=\"twitter:label1\" content=\"Ber\u00e4knad l\u00e4stid\" \/>\n\t<meta name=\"twitter:data1\" content=\"2 minuter\" \/>\n<script type=\"application\/ld+json\" class=\"yoast-schema-graph\">{\"@context\":\"https:\\\/\\\/schema.org\",\"@graph\":[{\"@type\":\"WebPage\",\"@id\":\"https:\\\/\\\/wp.kristdemokraterna.se\\\/jonkoping\\\/textsida-med-vanster-sidebar\\\/kalendarium\\\/\",\"url\":\"https:\\\/\\\/wp.kristdemokraterna.se\\\/jonkoping\\\/textsida-med-vanster-sidebar\\\/kalendarium\\\/\",\"name\":\"Kalendarium - Kristdemokraterna J\u00f6nk\u00f6pings kommundelsf\u00f6rening\",\"isPartOf\":{\"@id\":\"https:\\\/\\\/wp.kristdemokraterna.se\\\/jonkoping\\\/#website\"},\"primaryImageOfPage\":{\"@id\":\"https:\\\/\\\/wp.kristdemokraterna.se\\\/jonkoping\\\/textsida-med-vanster-sidebar\\\/kalendarium\\\/#primaryimage\"},\"image\":{\"@id\":\"https:\\\/\\\/wp.kristdemokraterna.se\\\/jonkoping\\\/textsida-med-vanster-sidebar\\\/kalendarium\\\/#primaryimage\"},\"thumbnailUrl\":\"http:\\\/\\\/wp.kristdemokraterna.se\\\/jonkoping\\\/files\\\/2019\\\/01\\\/kalender1-300x201.jpg\",\"datePublished\":\"2017-12-04T15:09:00+00:00\",\"dateModified\":\"2021-02-18T14:12:12+00:00\",\"breadcrumb\":{\"@id\":\"https:\\\/\\\/wp.kristdemokraterna.se\\\/jonkoping\\\/textsida-med-vanster-sidebar\\\/kalendarium\\\/#breadcrumb\"},\"inLanguage\":\"sv-SE\",\"potentialAction\":[{\"@type\":\"ReadAction\",\"target\":[\"https:\\\/\\\/wp.kristdemokraterna.se\\\/jonkoping\\\/textsida-med-vanster-sidebar\\\/kalendarium\\\/\"]}]},{\"@type\":\"ImageObject\",\"inLanguage\":\"sv-SE\",\"@id\":\"https:\\\/\\\/wp.kristdemokraterna.se\\\/jonkoping\\\/textsida-med-vanster-sidebar\\\/kalendarium\\\/#primaryimage\",\"url\":\"http:\\\/\\\/wp.kristdemokraterna.se\\\/jonkoping\\\/files\\\/2019\\\/01\\\/kalender1-300x201.jpg\",\"contentUrl\":\"http:\\\/\\\/wp.kristdemokraterna.se\\\/jonkoping\\\/files\\\/2019\\\/01\\\/kalender1-300x201.jpg\"},{\"@type\":\"BreadcrumbList\",\"@id\":\"https:\\\/\\\/wp.kristdemokraterna.se\\\/jonkoping\\\/textsida-med-vanster-sidebar\\\/kalendarium\\\/#breadcrumb\",\"itemListElement\":[{\"@type\":\"ListItem\",\"position\":1,\"name\":\"Hem\",\"item\":\"https:\\\/\\\/wp.kristdemokraterna.se\\\/jonkoping\\\/\"},{\"@type\":\"ListItem\",\"position\":2,\"name\":\"V\u00e5r kommundelsf\u00f6rening J\u00f6nk\u00f6ping city\",\"item\":\"https:\\\/\\\/wp.kristdemokraterna.se\\\/jonkoping\\\/textsida-med-vanster-sidebar\\\/\"},{\"@type\":\"ListItem\",\"position\":3,\"name\":\"Kalendarium\"}]},{\"@type\":\"WebSite\",\"@id\":\"https:\\\/\\\/wp.kristdemokraterna.se\\\/jonkoping\\\/#website\",\"url\":\"https:\\\/\\\/wp.kristdemokraterna.se\\\/jonkoping\\\/\",\"name\":\"Kristdemokraterna J\u00f6nk\u00f6pings kommundelsf\u00f6rening\",\"description\":\"Kristdemokraterna J\u00f6nk\u00f6pings kommundelsf\u00f6rening\",\"inLanguage\":\"sv-SE\"}]}<\/script>\n<!-- \/ Yoast SEO plugin. -->","yoast_head_json":{"title":"Kalendarium - Kristdemokraterna J\u00f6nk\u00f6pings kommundelsf\u00f6rening","robots":{"index":"index","follow":"follow","max-snippet":"max-snippet:-1","max-image-preview":"max-image-preview:large","max-video-preview":"max-video-preview:-1"},"canonical":"https:\/\/wp.kristdemokraterna.se\/jonkoping\/textsida-med-vanster-sidebar\/kalendarium\/","og_locale":"sv_SE","og_type":"article","og_title":"Kalendarium - Kristdemokraterna J\u00f6nk\u00f6pings kommundelsf\u00f6rening","og_description":"Foto: Eric Rothermel ,\u00a0Unsplash Januari 27 18-20.00 \u00a0Kostnadsfri utbildning via Zoom, med Stefan Attefall. Partiets grund: ideologi &amp; historia Februari 11 18-20.00 Kostnadsfri utbildning via Zoom, med Jakob Hallman&amp; Anders Andersson. Partiets organisation; en modern folkr\u00f6relse. S\u00e5 styrs Sverige; Kommun, Region och Nation 17 19.00 Digitalt \u00e5rsm\u00f6te J\u00f6nk\u00f6pings kommundelsf\u00f6rening via Zoom. Mars\u00a0 3 18-20.00 Kostnadsfri L\u00e4s mer","og_url":"https:\/\/wp.kristdemokraterna.se\/jonkoping\/textsida-med-vanster-sidebar\/kalendarium\/","og_site_name":"Kristdemokraterna J\u00f6nk\u00f6pings kommundelsf\u00f6rening","article_modified_time":"2021-02-18T14:12:12+00:00","og_image":[{"url":"http:\/\/wp.kristdemokraterna.se\/jonkoping\/files\/2019\/01\/kalender1-300x201.jpg","type":"","width":"","height":""}],"twitter_card":"summary_large_image","twitter_misc":{"Ber\u00e4knad l\u00e4stid":"2 minuter"},"schema":{"@context":"https:\/\/schema.org","@graph":[{"@type":"WebPage","@id":"https:\/\/wp.kristdemokraterna.se\/jonkoping\/textsida-med-vanster-sidebar\/kalendarium\/","url":"https:\/\/wp.kristdemokraterna.se\/jonkoping\/textsida-med-vanster-sidebar\/kalendarium\/","name":"Kalendarium - Kristdemokraterna J\u00f6nk\u00f6pings kommundelsf\u00f6rening","isPartOf":{"@id":"https:\/\/wp.kristdemokraterna.se\/jonkoping\/#website"},"primaryImageOfPage":{"@id":"https:\/\/wp.kristdemokraterna.se\/jonkoping\/textsida-med-vanster-sidebar\/kalendarium\/#primaryimage"},"image":{"@id":"https:\/\/wp.kristdemokraterna.se\/jonkoping\/textsida-med-vanster-sidebar\/kalendarium\/#primaryimage"},"thumbnailUrl":"http:\/\/wp.kristdemokraterna.se\/jonkoping\/files\/2019\/01\/kalender1-300x201.jpg","datePublished":"2017-12-04T15:09:00+00:00","dateModified":"2021-02-18T14:12:12+00:00","breadcrumb":{"@id":"https:\/\/wp.kristdemokraterna.se\/jonkoping\/textsida-med-vanster-sidebar\/kalendarium\/#breadcrumb"},"inLanguage":"sv-SE","potentialAction":[{"@type":"ReadAction","target":["https:\/\/wp.kristdemokraterna.se\/jonkoping\/textsida-med-vanster-sidebar\/kalendarium\/"]}]},{"@type":"ImageObject","inLanguage":"sv-SE","@id":"https:\/\/wp.kristdemokraterna.se\/jonkoping\/textsida-med-vanster-sidebar\/kalendarium\/#primaryimage","url":"http:\/\/wp.kristdemokraterna.se\/jonkoping\/files\/2019\/01\/kalender1-300x201.jpg","contentUrl":"http:\/\/wp.kristdemokraterna.se\/jonkoping\/files\/2019\/01\/kalender1-300x201.jpg"},{"@type":"BreadcrumbList","@id":"https:\/\/wp.kristdemokraterna.se\/jonkoping\/textsida-med-vanster-sidebar\/kalendarium\/#breadcrumb","itemListElement":[{"@type":"ListItem","position":1,"name":"Hem","item":"https:\/\/wp.kristdemokraterna.se\/jonkoping\/"},{"@type":"ListItem","position":2,"name":"V\u00e5r kommundelsf\u00f6rening J\u00f6nk\u00f6ping city","item":"https:\/\/wp.kristdemokraterna.se\/jonkoping\/textsida-med-vanster-sidebar\/"},{"@type":"ListItem","position":3,"name":"Kalendarium"}]},{"@type":"WebSite","@id":"https:\/\/wp.kristdemokraterna.se\/jonkoping\/#website","url":"https:\/\/wp.kristdemokraterna.se\/jonkoping\/","name":"Kristdemokraterna J\u00f6nk\u00f6pings kommundelsf\u00f6rening","description":"Kristdemokraterna J\u00f6nk\u00f6pings kommundelsf\u00f6rening","inLanguage":"sv-SE"}]}},"_links":{"self":[{"href":"https:\/\/wp.kristdemokraterna.se\/jonkoping\/wp-json\/wp\/v2\/pages\/361","targetHints":{"allow":["GET"]}}],"collection":[{"href":"https:\/\/wp.kristdemokraterna.se\/jonkoping\/wp-json\/wp\/v2\/pages"}],"about":[{"href":"https:\/\/wp.kristdemokraterna.se\/jonkoping\/wp-json\/wp\/v2\/types\/page"}],"author":[{"embeddable":true,"href":"https:\/\/wp.kristdemokraterna.se\/jonkoping\/wp-json\/wp\/v2\/users\/34"}],"replies":[{"embeddable":true,"href":"https:\/\/wp.kristdemokraterna.se\/jonkoping\/wp-json\/wp\/v2\/comments?post=361"}],"version-history":[{"count":92,"href":"https:\/\/wp.kristdemokraterna.se\/jonkoping\/wp-json\/wp\/v2\/pages\/361\/revisions"}],"predecessor-version":[{"id":2145,"href":"https:\/\/wp.kristdemokraterna.se\/jonkoping\/wp-json\/wp\/v2\/pages\/361\/revisions\/2145"}],"up":[{"embeddable":true,"href":"https:\/\/wp.kristdemokraterna.se\/jonkoping\/wp-json\/wp\/v2\/pages\/269"}],"wp:attachment":[{"href":"https:\/\/wp.kristdemokraterna.se\/jonkoping\/wp-json\/wp\/v2\/media?parent=361"}],"curies":[{"name":"wp","href":"https:\/\/api.w.org\/{rel}","templated":true}]}}