{"id":363,"date":"2017-12-04T16:11:27","date_gmt":"2017-12-04T15:11:27","guid":{"rendered":"http:\/\/wp.kristdemokraterna.se\/jonkoping\/?page_id=363"},"modified":"2020-02-13T16:43:48","modified_gmt":"2020-02-13T15:43:48","slug":"kontakta-oss-2","status":"publish","type":"page","link":"https:\/\/wp.kristdemokraterna.se\/jonkoping\/textsida-med-vanster-sidebar\/kontakta-oss-2\/","title":{"rendered":"Kontakta oss"},"content":{"rendered":"<p><a href=\"http:\/\/wp.kristdemokraterna.se\/jonkoping\/files\/2014\/04\/fallback2.png\"><img loading=\"lazy\" decoding=\"async\" class=\"alignnone size-thumbnail wp-image-284\" src=\"http:\/\/wp.kristdemokraterna.se\/jonkoping\/files\/2014\/04\/fallback2-150x150.png\" alt=\"\" width=\"150\" height=\"150\" srcset=\"https:\/\/wp.kristdemokraterna.se\/jonkoping\/files\/2014\/04\/fallback2-150x150.png 150w, https:\/\/wp.kristdemokraterna.se\/jonkoping\/files\/2014\/04\/fallback2-90x90.png 90w\" sizes=\"auto, (max-width: 150px) 100vw, 150px\" \/><\/a>Vill du komma i kontakt med oss h\u00e4nvisar vi i f\u00f6rsta hand till v\u00e5rt kansli. Vill du komma i kontakt med oss i J\u00f6nk\u00f6pings kommundelsf\u00f6rening hittar du kontaktv\u00e4gar under fliken &#8217;V\u00e5r kommundelsf\u00f6rening, J\u00f6nk\u00f6ping city&#8217;.<\/p>\n<p>&nbsp;<\/p>\n<p>Kyrkogatan 14,<br \/>\n553 16\u00a0J\u00f6nk\u00f6ping<\/p>\n<p>036-34 64 30 (Kristdemokraternas kansli, J\u00f6nk\u00f6ping)<\/p>\n<p><a href=\"mailto:jonkoping@kristdemokraterna.se\">jonkoping@kristdemokraterna.se<\/a><\/p>\n","protected":false},"excerpt":{"rendered":"<p>Vill du komma i kontakt med oss h\u00e4nvisar vi i f\u00f6rsta hand till v\u00e5rt kansli. Vill du komma i kontakt med oss i J\u00f6nk\u00f6pings kommundelsf\u00f6rening hittar du kontaktv\u00e4gar under fliken &#8217;V\u00e5r kommundelsf\u00f6rening, J\u00f6nk\u00f6ping city&#8217;. &nbsp; Kyrkogatan 14, 553 16\u00a0J\u00f6nk\u00f6ping 036-34 64 30 (Kristdemokraternas kansli, J\u00f6nk\u00f6ping) jonkoping@kristdemokraterna.se<\/p>\n","protected":false},"author":34,"featured_media":0,"parent":269,"menu_order":5,"comment_status":"closed","ping_status":"closed","template":"page.php","meta":{"_acf_changed":false,"footnotes":""},"class_list":["post-363","page","type-page","status-publish","hentry"],"acf":[],"yoast_head":"<!-- This site is optimized with the Yoast SEO plugin v27.3 - https:\/\/yoast.com\/product\/yoast-seo-wordpress\/ -->\n<title>Kontakta oss - Kristdemokraterna J\u00f6nk\u00f6pings kommundelsf\u00f6rening<\/title>\n<meta name=\"robots\" content=\"index, follow, max-snippet:-1, max-image-preview:large, max-video-preview:-1\" \/>\n<link rel=\"canonical\" href=\"https:\/\/wp.kristdemokraterna.se\/jonkoping\/textsida-med-vanster-sidebar\/kontakta-oss-2\/\" \/>\n<meta property=\"og:locale\" content=\"sv_SE\" \/>\n<meta property=\"og:type\" content=\"article\" \/>\n<meta property=\"og:title\" content=\"Kontakta oss - Kristdemokraterna J\u00f6nk\u00f6pings kommundelsf\u00f6rening\" \/>\n<meta property=\"og:description\" content=\"Vill du komma i kontakt med oss h\u00e4nvisar vi i f\u00f6rsta hand till v\u00e5rt kansli. Vill du komma i kontakt med oss i J\u00f6nk\u00f6pings kommundelsf\u00f6rening hittar du kontaktv\u00e4gar under fliken &#8217;V\u00e5r kommundelsf\u00f6rening, J\u00f6nk\u00f6ping city&#8217;. &nbsp; Kyrkogatan 14, 553 16\u00a0J\u00f6nk\u00f6ping 036-34 64 30 (Kristdemokraternas kansli, J\u00f6nk\u00f6ping) jonkoping@kristdemokraterna.se\" \/>\n<meta property=\"og:url\" content=\"https:\/\/wp.kristdemokraterna.se\/jonkoping\/textsida-med-vanster-sidebar\/kontakta-oss-2\/\" \/>\n<meta property=\"og:site_name\" content=\"Kristdemokraterna J\u00f6nk\u00f6pings kommundelsf\u00f6rening\" \/>\n<meta property=\"article:modified_time\" content=\"2020-02-13T15:43:48+00:00\" \/>\n<meta property=\"og:image\" content=\"http:\/\/wp.kristdemokraterna.se\/jonkoping\/files\/2014\/04\/fallback2-150x150.png\" \/>\n<meta name=\"twitter:card\" content=\"summary_large_image\" \/>\n<script type=\"application\/ld+json\" class=\"yoast-schema-graph\">{\"@context\":\"https:\\\/\\\/schema.org\",\"@graph\":[{\"@type\":\"WebPage\",\"@id\":\"https:\\\/\\\/wp.kristdemokraterna.se\\\/jonkoping\\\/textsida-med-vanster-sidebar\\\/kontakta-oss-2\\\/\",\"url\":\"https:\\\/\\\/wp.kristdemokraterna.se\\\/jonkoping\\\/textsida-med-vanster-sidebar\\\/kontakta-oss-2\\\/\",\"name\":\"Kontakta oss - Kristdemokraterna J\u00f6nk\u00f6pings kommundelsf\u00f6rening\",\"isPartOf\":{\"@id\":\"https:\\\/\\\/wp.kristdemokraterna.se\\\/jonkoping\\\/#website\"},\"primaryImageOfPage\":{\"@id\":\"https:\\\/\\\/wp.kristdemokraterna.se\\\/jonkoping\\\/textsida-med-vanster-sidebar\\\/kontakta-oss-2\\\/#primaryimage\"},\"image\":{\"@id\":\"https:\\\/\\\/wp.kristdemokraterna.se\\\/jonkoping\\\/textsida-med-vanster-sidebar\\\/kontakta-oss-2\\\/#primaryimage\"},\"thumbnailUrl\":\"http:\\\/\\\/wp.kristdemokraterna.se\\\/jonkoping\\\/files\\\/2014\\\/04\\\/fallback2-150x150.png\",\"datePublished\":\"2017-12-04T15:11:27+00:00\",\"dateModified\":\"2020-02-13T15:43:48+00:00\",\"breadcrumb\":{\"@id\":\"https:\\\/\\\/wp.kristdemokraterna.se\\\/jonkoping\\\/textsida-med-vanster-sidebar\\\/kontakta-oss-2\\\/#breadcrumb\"},\"inLanguage\":\"sv-SE\",\"potentialAction\":[{\"@type\":\"ReadAction\",\"target\":[\"https:\\\/\\\/wp.kristdemokraterna.se\\\/jonkoping\\\/textsida-med-vanster-sidebar\\\/kontakta-oss-2\\\/\"]}]},{\"@type\":\"ImageObject\",\"inLanguage\":\"sv-SE\",\"@id\":\"https:\\\/\\\/wp.kristdemokraterna.se\\\/jonkoping\\\/textsida-med-vanster-sidebar\\\/kontakta-oss-2\\\/#primaryimage\",\"url\":\"https:\\\/\\\/wp.kristdemokraterna.se\\\/jonkoping\\\/files\\\/2014\\\/04\\\/fallback2.png\",\"contentUrl\":\"https:\\\/\\\/wp.kristdemokraterna.se\\\/jonkoping\\\/files\\\/2014\\\/04\\\/fallback2.png\",\"width\":333,\"height\":212},{\"@type\":\"BreadcrumbList\",\"@id\":\"https:\\\/\\\/wp.kristdemokraterna.se\\\/jonkoping\\\/textsida-med-vanster-sidebar\\\/kontakta-oss-2\\\/#breadcrumb\",\"itemListElement\":[{\"@type\":\"ListItem\",\"position\":1,\"name\":\"Hem\",\"item\":\"https:\\\/\\\/wp.kristdemokraterna.se\\\/jonkoping\\\/\"},{\"@type\":\"ListItem\",\"position\":2,\"name\":\"V\u00e5r kommundelsf\u00f6rening J\u00f6nk\u00f6ping city\",\"item\":\"https:\\\/\\\/wp.kristdemokraterna.se\\\/jonkoping\\\/textsida-med-vanster-sidebar\\\/\"},{\"@type\":\"ListItem\",\"position\":3,\"name\":\"Kontakta oss\"}]},{\"@type\":\"WebSite\",\"@id\":\"https:\\\/\\\/wp.kristdemokraterna.se\\\/jonkoping\\\/#website\",\"url\":\"https:\\\/\\\/wp.kristdemokraterna.se\\\/jonkoping\\\/\",\"name\":\"Kristdemokraterna J\u00f6nk\u00f6pings kommundelsf\u00f6rening\",\"description\":\"Kristdemokraterna J\u00f6nk\u00f6pings kommundelsf\u00f6rening\",\"inLanguage\":\"sv-SE\"}]}<\/script>\n<!-- \/ Yoast SEO plugin. -->","yoast_head_json":{"title":"Kontakta oss - Kristdemokraterna J\u00f6nk\u00f6pings kommundelsf\u00f6rening","robots":{"index":"index","follow":"follow","max-snippet":"max-snippet:-1","max-image-preview":"max-image-preview:large","max-video-preview":"max-video-preview:-1"},"canonical":"https:\/\/wp.kristdemokraterna.se\/jonkoping\/textsida-med-vanster-sidebar\/kontakta-oss-2\/","og_locale":"sv_SE","og_type":"article","og_title":"Kontakta oss - Kristdemokraterna J\u00f6nk\u00f6pings kommundelsf\u00f6rening","og_description":"Vill du komma i kontakt med oss h\u00e4nvisar vi i f\u00f6rsta hand till v\u00e5rt kansli. Vill du komma i kontakt med oss i J\u00f6nk\u00f6pings kommundelsf\u00f6rening hittar du kontaktv\u00e4gar under fliken &#8217;V\u00e5r kommundelsf\u00f6rening, J\u00f6nk\u00f6ping city&#8217;. &nbsp; Kyrkogatan 14, 553 16\u00a0J\u00f6nk\u00f6ping 036-34 64 30 (Kristdemokraternas kansli, J\u00f6nk\u00f6ping) jonkoping@kristdemokraterna.se","og_url":"https:\/\/wp.kristdemokraterna.se\/jonkoping\/textsida-med-vanster-sidebar\/kontakta-oss-2\/","og_site_name":"Kristdemokraterna J\u00f6nk\u00f6pings kommundelsf\u00f6rening","article_modified_time":"2020-02-13T15:43:48+00:00","og_image":[{"url":"http:\/\/wp.kristdemokraterna.se\/jonkoping\/files\/2014\/04\/fallback2-150x150.png","type":"","width":"","height":""}],"twitter_card":"summary_large_image","schema":{"@context":"https:\/\/schema.org","@graph":[{"@type":"WebPage","@id":"https:\/\/wp.kristdemokraterna.se\/jonkoping\/textsida-med-vanster-sidebar\/kontakta-oss-2\/","url":"https:\/\/wp.kristdemokraterna.se\/jonkoping\/textsida-med-vanster-sidebar\/kontakta-oss-2\/","name":"Kontakta oss - Kristdemokraterna J\u00f6nk\u00f6pings kommundelsf\u00f6rening","isPartOf":{"@id":"https:\/\/wp.kristdemokraterna.se\/jonkoping\/#website"},"primaryImageOfPage":{"@id":"https:\/\/wp.kristdemokraterna.se\/jonkoping\/textsida-med-vanster-sidebar\/kontakta-oss-2\/#primaryimage"},"image":{"@id":"https:\/\/wp.kristdemokraterna.se\/jonkoping\/textsida-med-vanster-sidebar\/kontakta-oss-2\/#primaryimage"},"thumbnailUrl":"http:\/\/wp.kristdemokraterna.se\/jonkoping\/files\/2014\/04\/fallback2-150x150.png","datePublished":"2017-12-04T15:11:27+00:00","dateModified":"2020-02-13T15:43:48+00:00","breadcrumb":{"@id":"https:\/\/wp.kristdemokraterna.se\/jonkoping\/textsida-med-vanster-sidebar\/kontakta-oss-2\/#breadcrumb"},"inLanguage":"sv-SE","potentialAction":[{"@type":"ReadAction","target":["https:\/\/wp.kristdemokraterna.se\/jonkoping\/textsida-med-vanster-sidebar\/kontakta-oss-2\/"]}]},{"@type":"ImageObject","inLanguage":"sv-SE","@id":"https:\/\/wp.kristdemokraterna.se\/jonkoping\/textsida-med-vanster-sidebar\/kontakta-oss-2\/#primaryimage","url":"https:\/\/wp.kristdemokraterna.se\/jonkoping\/files\/2014\/04\/fallback2.png","contentUrl":"https:\/\/wp.kristdemokraterna.se\/jonkoping\/files\/2014\/04\/fallback2.png","width":333,"height":212},{"@type":"BreadcrumbList","@id":"https:\/\/wp.kristdemokraterna.se\/jonkoping\/textsida-med-vanster-sidebar\/kontakta-oss-2\/#breadcrumb","itemListElement":[{"@type":"ListItem","position":1,"name":"Hem","item":"https:\/\/wp.kristdemokraterna.se\/jonkoping\/"},{"@type":"ListItem","position":2,"name":"V\u00e5r kommundelsf\u00f6rening J\u00f6nk\u00f6ping city","item":"https:\/\/wp.kristdemokraterna.se\/jonkoping\/textsida-med-vanster-sidebar\/"},{"@type":"ListItem","position":3,"name":"Kontakta oss"}]},{"@type":"WebSite","@id":"https:\/\/wp.kristdemokraterna.se\/jonkoping\/#website","url":"https:\/\/wp.kristdemokraterna.se\/jonkoping\/","name":"Kristdemokraterna J\u00f6nk\u00f6pings kommundelsf\u00f6rening","description":"Kristdemokraterna J\u00f6nk\u00f6pings kommundelsf\u00f6rening","inLanguage":"sv-SE"}]}},"_links":{"self":[{"href":"https:\/\/wp.kristdemokraterna.se\/jonkoping\/wp-json\/wp\/v2\/pages\/363","targetHints":{"allow":["GET"]}}],"collection":[{"href":"https:\/\/wp.kristdemokraterna.se\/jonkoping\/wp-json\/wp\/v2\/pages"}],"about":[{"href":"https:\/\/wp.kristdemokraterna.se\/jonkoping\/wp-json\/wp\/v2\/types\/page"}],"author":[{"embeddable":true,"href":"https:\/\/wp.kristdemokraterna.se\/jonkoping\/wp-json\/wp\/v2\/users\/34"}],"replies":[{"embeddable":true,"href":"https:\/\/wp.kristdemokraterna.se\/jonkoping\/wp-json\/wp\/v2\/comments?post=363"}],"version-history":[{"count":7,"href":"https:\/\/wp.kristdemokraterna.se\/jonkoping\/wp-json\/wp\/v2\/pages\/363\/revisions"}],"predecessor-version":[{"id":541,"href":"https:\/\/wp.kristdemokraterna.se\/jonkoping\/wp-json\/wp\/v2\/pages\/363\/revisions\/541"}],"up":[{"embeddable":true,"href":"https:\/\/wp.kristdemokraterna.se\/jonkoping\/wp-json\/wp\/v2\/pages\/269"}],"wp:attachment":[{"href":"https:\/\/wp.kristdemokraterna.se\/jonkoping\/wp-json\/wp\/v2\/media?parent=363"}],"curies":[{"name":"wp","href":"https:\/\/api.w.org\/{rel}","templated":true}]}}