{"id":571,"date":"2018-06-17T17:41:21","date_gmt":"2018-06-17T15:41:21","guid":{"rendered":"http:\/\/wp.kristdemokraterna.se\/jonkoping\/?page_id=571"},"modified":"2021-06-03T16:43:23","modified_gmt":"2021-06-03T14:43:23","slug":"571-2","status":"publish","type":"page","link":"https:\/\/wp.kristdemokraterna.se\/jonkoping\/textsida-fullbredd\/571-2\/","title":{"rendered":"Debatt"},"content":{"rendered":"<p>&nbsp;<\/p>\n<p><a href=\"http:\/\/wp.kristdemokraterna.se\/jonkoping\/files\/2014\/04\/kreativitet_ej_logga.jpg\"><img loading=\"lazy\" decoding=\"async\" class=\"alignnone wp-image-199\" src=\"http:\/\/wp.kristdemokraterna.se\/jonkoping\/files\/2014\/04\/kreativitet_ej_logga-300x164.jpg\" alt=\"\" width=\"507\" height=\"277\" srcset=\"https:\/\/wp.kristdemokraterna.se\/jonkoping\/files\/2014\/04\/kreativitet_ej_logga-300x164.jpg 300w, https:\/\/wp.kristdemokraterna.se\/jonkoping\/files\/2014\/04\/kreativitet_ej_logga.jpg 478w\" sizes=\"auto, (max-width: 507px) 100vw, 507px\" \/><\/a><\/p>\n<p>Foto: Kristdemokraterna<\/p>\n<p>\u00c4r du intresserad av fr\u00e5gor som \u00e4r n\u00e4rmast v\u00e5rt hj\u00e4rta? Nedan samlar vi debattartiklar. \u00c5sikterna \u00e4r skribenternas egna och beh\u00f6ver inte n\u00f6dv\u00e4ndigtvis vara partiets h\u00e5llning:<\/p>\n<p><a href=\"http:\/\/wp.kristdemokraterna.se\/jonkoping\/files\/2021\/06\/21-05-31-ekhagens-gasthem-kraver-bade-hjarta-o-hjarna.pdf\">21-05-31 Ekhagens G\u00e4sthem, kr\u00e4ver b\u00e5de hj\u00e4rta o hj\u00e4rna<\/a><\/p>\n<p><a href=\"http:\/\/wp.kristdemokraterna.se\/jonkoping\/files\/2021\/06\/21-05-28-va\u0308nstern-missade-ekhagens-ga\u0308sthem.pdf\">21-05-28 Va\u0308nstern missade Ekhagens Ga\u0308sthem<\/a><\/p>\n<p>&nbsp;<\/p>\n<p>&nbsp;<\/p>\n<p><a href=\"http:\/\/wp.kristdemokraterna.se\/jonkoping\/files\/2020\/08\/flykting-vid-gransen.jpg\"><img loading=\"lazy\" decoding=\"async\" class=\"alignnone wp-image-1967\" src=\"http:\/\/wp.kristdemokraterna.se\/jonkoping\/files\/2020\/08\/flykting-vid-gransen.jpg\" alt=\"\" width=\"228\" height=\"154\" srcset=\"https:\/\/wp.kristdemokraterna.se\/jonkoping\/files\/2020\/08\/flykting-vid-gransen.jpg 626w, https:\/\/wp.kristdemokraterna.se\/jonkoping\/files\/2020\/08\/flykting-vid-gransen-300x203.jpg 300w, https:\/\/wp.kristdemokraterna.se\/jonkoping\/files\/2020\/08\/flykting-vid-gransen-296x200.jpg 296w, https:\/\/wp.kristdemokraterna.se\/jonkoping\/files\/2020\/08\/flykting-vid-gransen-370x250.jpg 370w, https:\/\/wp.kristdemokraterna.se\/jonkoping\/files\/2020\/08\/flykting-vid-gransen-450x304.jpg 450w, https:\/\/wp.kristdemokraterna.se\/jonkoping\/files\/2020\/08\/flykting-vid-gransen-280x189.jpg 280w, https:\/\/wp.kristdemokraterna.se\/jonkoping\/files\/2020\/08\/flykting-vid-gransen-340x230.jpg 340w, https:\/\/wp.kristdemokraterna.se\/jonkoping\/files\/2020\/08\/flykting-vid-gransen-200x135.jpg 200w, https:\/\/wp.kristdemokraterna.se\/jonkoping\/files\/2020\/08\/flykting-vid-gransen-83x56.jpg 83w\" sizes=\"auto, (max-width: 228px) 100vw, 228px\" \/><\/a><\/p>\n<p>Illustration till ins\u00e4ndare om att st\u00e4rka den svenska humaniteten<br \/>\nFoto: techcrunch.com<\/p>\n<p><a href=\"http:\/\/wp.kristdemokraterna.se\/jonkoping\/files\/2020\/08\/20-07-06-stark-svensk-humanitet.pdf\">20-07-06-stark-svensk-humanitet<\/a><\/p>\n<p><a href=\"http:\/\/wp.kristdemokraterna.se\/jonkoping\/files\/2020\/04\/20-03-30-0-tolerans-mot-illojalitet-1.pdf\">20-03-30 0-tolerans mot illojalitet!<\/a><\/p>\n<p><a href=\"http:\/\/wp.kristdemokraterna.se\/jonkoping\/files\/2020\/04\/insandare-200319.pdf\">Ins\u00e4ndare 200319<\/a><\/p>\n<p><a href=\"http:\/\/wp.kristdemokraterna.se\/jonkoping\/files\/2020\/03\/ill.debattartikel.jpg\"><img loading=\"lazy\" decoding=\"async\" class=\"alignnone wp-image-1869\" src=\"http:\/\/wp.kristdemokraterna.se\/jonkoping\/files\/2020\/03\/ill.debattartikel.jpg\" alt=\"\" width=\"329\" height=\"160\" srcset=\"https:\/\/wp.kristdemokraterna.se\/jonkoping\/files\/2020\/03\/ill.debattartikel.jpg 776w, https:\/\/wp.kristdemokraterna.se\/jonkoping\/files\/2020\/03\/ill.debattartikel-300x146.jpg 300w, https:\/\/wp.kristdemokraterna.se\/jonkoping\/files\/2020\/03\/ill.debattartikel-768x373.jpg 768w, https:\/\/wp.kristdemokraterna.se\/jonkoping\/files\/2020\/03\/ill.debattartikel-370x180.jpg 370w, https:\/\/wp.kristdemokraterna.se\/jonkoping\/files\/2020\/03\/ill.debattartikel-770x374.jpg 770w, https:\/\/wp.kristdemokraterna.se\/jonkoping\/files\/2020\/03\/ill.debattartikel-450x219.jpg 450w, https:\/\/wp.kristdemokraterna.se\/jonkoping\/files\/2020\/03\/ill.debattartikel-280x136.jpg 280w, https:\/\/wp.kristdemokraterna.se\/jonkoping\/files\/2020\/03\/ill.debattartikel-340x165.jpg 340w, https:\/\/wp.kristdemokraterna.se\/jonkoping\/files\/2020\/03\/ill.debattartikel-200x97.jpg 200w, https:\/\/wp.kristdemokraterna.se\/jonkoping\/files\/2020\/03\/ill.debattartikel-115x56.jpg 115w\" sizes=\"auto, (max-width: 329px) 100vw, 329px\" \/><\/a><\/p>\n<p>Illustration till debattartikel om Samr\u00e5dsm\u00f6te. Foto: stocksnap.io<\/p>\n<p><a href=\"http:\/\/wp.kristdemokraterna.se\/jonkoping\/files\/2020\/03\/20-03-04-samrad-for-utveckling-och-samhallsbyggnad.pdf\">Samr\u00e5d f\u00f6r utveckling och samh\u00e4llsbyggnad<\/a><\/p>\n<p>&nbsp;<\/p>\n<p>&nbsp;<\/p>\n<p>&nbsp;<\/p>\n<p>&nbsp;<\/p>\n<p>&nbsp;<\/p>\n","protected":false},"excerpt":{"rendered":"<p>&nbsp; Foto: Kristdemokraterna \u00c4r du intresserad av fr\u00e5gor som \u00e4r n\u00e4rmast v\u00e5rt hj\u00e4rta? Nedan samlar vi debattartiklar. \u00c5sikterna \u00e4r skribenternas egna och beh\u00f6ver inte n\u00f6dv\u00e4ndigtvis vara partiets h\u00e5llning: 21-05-31 Ekhagens G\u00e4sthem, kr\u00e4ver b\u00e5de hj\u00e4rta o hj\u00e4rna 21-05-28 Va\u0308nstern missade Ekhagens Ga\u0308sthem &nbsp; &nbsp; Illustration till ins\u00e4ndare om att st\u00e4rka den svenska humaniteten Foto: techcrunch.com 20-07-06-stark-svensk-humanitet <a class=\"read-more-link\" href=\"https:\/\/wp.kristdemokraterna.se\/jonkoping\/textsida-fullbredd\/571-2\/\">L\u00e4s mer<\/a><\/p>\n","protected":false},"author":34,"featured_media":0,"parent":272,"menu_order":1,"comment_status":"closed","ping_status":"closed","template":"","meta":{"_acf_changed":false,"footnotes":""},"class_list":["post-571","page","type-page","status-publish","hentry"],"acf":[],"yoast_head":"<!-- This site is optimized with the Yoast SEO plugin v27.4 - https:\/\/yoast.com\/product\/yoast-seo-wordpress\/ -->\n<title>Debatt - Kristdemokraterna J\u00f6nk\u00f6pings kommundelsf\u00f6rening<\/title>\n<meta name=\"robots\" content=\"index, follow, max-snippet:-1, max-image-preview:large, max-video-preview:-1\" \/>\n<link rel=\"canonical\" href=\"https:\/\/wp.kristdemokraterna.se\/jonkoping\/textsida-fullbredd\/571-2\/\" \/>\n<meta property=\"og:locale\" content=\"sv_SE\" \/>\n<meta property=\"og:type\" content=\"article\" \/>\n<meta property=\"og:title\" content=\"Debatt - Kristdemokraterna J\u00f6nk\u00f6pings kommundelsf\u00f6rening\" \/>\n<meta property=\"og:description\" content=\"&nbsp; Foto: Kristdemokraterna \u00c4r du intresserad av fr\u00e5gor som \u00e4r n\u00e4rmast v\u00e5rt hj\u00e4rta? Nedan samlar vi debattartiklar. \u00c5sikterna \u00e4r skribenternas egna och beh\u00f6ver inte n\u00f6dv\u00e4ndigtvis vara partiets h\u00e5llning: 21-05-31 Ekhagens G\u00e4sthem, kr\u00e4ver b\u00e5de hj\u00e4rta o hj\u00e4rna 21-05-28 Va\u0308nstern missade Ekhagens Ga\u0308sthem &nbsp; &nbsp; Illustration till ins\u00e4ndare om att st\u00e4rka den svenska humaniteten Foto: techcrunch.com 20-07-06-stark-svensk-humanitet L\u00e4s mer\" \/>\n<meta property=\"og:url\" content=\"https:\/\/wp.kristdemokraterna.se\/jonkoping\/textsida-fullbredd\/571-2\/\" \/>\n<meta property=\"og:site_name\" content=\"Kristdemokraterna J\u00f6nk\u00f6pings kommundelsf\u00f6rening\" \/>\n<meta property=\"article:modified_time\" content=\"2021-06-03T14:43:23+00:00\" \/>\n<meta property=\"og:image\" content=\"http:\/\/wp.kristdemokraterna.se\/jonkoping\/files\/2014\/04\/kreativitet_ej_logga-300x164.jpg\" \/>\n<meta name=\"twitter:card\" content=\"summary_large_image\" \/>\n<meta name=\"twitter:label1\" content=\"Ber\u00e4knad l\u00e4stid\" \/>\n\t<meta name=\"twitter:data1\" content=\"1 minut\" \/>\n<script type=\"application\/ld+json\" class=\"yoast-schema-graph\">{\"@context\":\"https:\\\/\\\/schema.org\",\"@graph\":[{\"@type\":\"WebPage\",\"@id\":\"https:\\\/\\\/wp.kristdemokraterna.se\\\/jonkoping\\\/textsida-fullbredd\\\/571-2\\\/\",\"url\":\"https:\\\/\\\/wp.kristdemokraterna.se\\\/jonkoping\\\/textsida-fullbredd\\\/571-2\\\/\",\"name\":\"Debatt - Kristdemokraterna J\u00f6nk\u00f6pings kommundelsf\u00f6rening\",\"isPartOf\":{\"@id\":\"https:\\\/\\\/wp.kristdemokraterna.se\\\/jonkoping\\\/#website\"},\"primaryImageOfPage\":{\"@id\":\"https:\\\/\\\/wp.kristdemokraterna.se\\\/jonkoping\\\/textsida-fullbredd\\\/571-2\\\/#primaryimage\"},\"image\":{\"@id\":\"https:\\\/\\\/wp.kristdemokraterna.se\\\/jonkoping\\\/textsida-fullbredd\\\/571-2\\\/#primaryimage\"},\"thumbnailUrl\":\"http:\\\/\\\/wp.kristdemokraterna.se\\\/jonkoping\\\/files\\\/2014\\\/04\\\/kreativitet_ej_logga-300x164.jpg\",\"datePublished\":\"2018-06-17T15:41:21+00:00\",\"dateModified\":\"2021-06-03T14:43:23+00:00\",\"breadcrumb\":{\"@id\":\"https:\\\/\\\/wp.kristdemokraterna.se\\\/jonkoping\\\/textsida-fullbredd\\\/571-2\\\/#breadcrumb\"},\"inLanguage\":\"sv-SE\",\"potentialAction\":[{\"@type\":\"ReadAction\",\"target\":[\"https:\\\/\\\/wp.kristdemokraterna.se\\\/jonkoping\\\/textsida-fullbredd\\\/571-2\\\/\"]}]},{\"@type\":\"ImageObject\",\"inLanguage\":\"sv-SE\",\"@id\":\"https:\\\/\\\/wp.kristdemokraterna.se\\\/jonkoping\\\/textsida-fullbredd\\\/571-2\\\/#primaryimage\",\"url\":\"http:\\\/\\\/wp.kristdemokraterna.se\\\/jonkoping\\\/files\\\/2014\\\/04\\\/kreativitet_ej_logga-300x164.jpg\",\"contentUrl\":\"http:\\\/\\\/wp.kristdemokraterna.se\\\/jonkoping\\\/files\\\/2014\\\/04\\\/kreativitet_ej_logga-300x164.jpg\"},{\"@type\":\"BreadcrumbList\",\"@id\":\"https:\\\/\\\/wp.kristdemokraterna.se\\\/jonkoping\\\/textsida-fullbredd\\\/571-2\\\/#breadcrumb\",\"itemListElement\":[{\"@type\":\"ListItem\",\"position\":1,\"name\":\"Hem\",\"item\":\"https:\\\/\\\/wp.kristdemokraterna.se\\\/jonkoping\\\/\"},{\"@type\":\"ListItem\",\"position\":2,\"name\":\"Vad vi st\u00e5r f\u00f6r!\",\"item\":\"https:\\\/\\\/wp.kristdemokraterna.se\\\/jonkoping\\\/textsida-fullbredd\\\/\"},{\"@type\":\"ListItem\",\"position\":3,\"name\":\"Debatt\"}]},{\"@type\":\"WebSite\",\"@id\":\"https:\\\/\\\/wp.kristdemokraterna.se\\\/jonkoping\\\/#website\",\"url\":\"https:\\\/\\\/wp.kristdemokraterna.se\\\/jonkoping\\\/\",\"name\":\"Kristdemokraterna J\u00f6nk\u00f6pings kommundelsf\u00f6rening\",\"description\":\"Kristdemokraterna J\u00f6nk\u00f6pings kommundelsf\u00f6rening\",\"inLanguage\":\"sv-SE\"}]}<\/script>\n<!-- \/ Yoast SEO plugin. -->","yoast_head_json":{"title":"Debatt - Kristdemokraterna J\u00f6nk\u00f6pings kommundelsf\u00f6rening","robots":{"index":"index","follow":"follow","max-snippet":"max-snippet:-1","max-image-preview":"max-image-preview:large","max-video-preview":"max-video-preview:-1"},"canonical":"https:\/\/wp.kristdemokraterna.se\/jonkoping\/textsida-fullbredd\/571-2\/","og_locale":"sv_SE","og_type":"article","og_title":"Debatt - Kristdemokraterna J\u00f6nk\u00f6pings kommundelsf\u00f6rening","og_description":"&nbsp; Foto: Kristdemokraterna \u00c4r du intresserad av fr\u00e5gor som \u00e4r n\u00e4rmast v\u00e5rt hj\u00e4rta? Nedan samlar vi debattartiklar. \u00c5sikterna \u00e4r skribenternas egna och beh\u00f6ver inte n\u00f6dv\u00e4ndigtvis vara partiets h\u00e5llning: 21-05-31 Ekhagens G\u00e4sthem, kr\u00e4ver b\u00e5de hj\u00e4rta o hj\u00e4rna 21-05-28 Va\u0308nstern missade Ekhagens Ga\u0308sthem &nbsp; &nbsp; Illustration till ins\u00e4ndare om att st\u00e4rka den svenska humaniteten Foto: techcrunch.com 20-07-06-stark-svensk-humanitet L\u00e4s mer","og_url":"https:\/\/wp.kristdemokraterna.se\/jonkoping\/textsida-fullbredd\/571-2\/","og_site_name":"Kristdemokraterna J\u00f6nk\u00f6pings kommundelsf\u00f6rening","article_modified_time":"2021-06-03T14:43:23+00:00","og_image":[{"url":"http:\/\/wp.kristdemokraterna.se\/jonkoping\/files\/2014\/04\/kreativitet_ej_logga-300x164.jpg","type":"","width":"","height":""}],"twitter_card":"summary_large_image","twitter_misc":{"Ber\u00e4knad l\u00e4stid":"1 minut"},"schema":{"@context":"https:\/\/schema.org","@graph":[{"@type":"WebPage","@id":"https:\/\/wp.kristdemokraterna.se\/jonkoping\/textsida-fullbredd\/571-2\/","url":"https:\/\/wp.kristdemokraterna.se\/jonkoping\/textsida-fullbredd\/571-2\/","name":"Debatt - Kristdemokraterna J\u00f6nk\u00f6pings kommundelsf\u00f6rening","isPartOf":{"@id":"https:\/\/wp.kristdemokraterna.se\/jonkoping\/#website"},"primaryImageOfPage":{"@id":"https:\/\/wp.kristdemokraterna.se\/jonkoping\/textsida-fullbredd\/571-2\/#primaryimage"},"image":{"@id":"https:\/\/wp.kristdemokraterna.se\/jonkoping\/textsida-fullbredd\/571-2\/#primaryimage"},"thumbnailUrl":"http:\/\/wp.kristdemokraterna.se\/jonkoping\/files\/2014\/04\/kreativitet_ej_logga-300x164.jpg","datePublished":"2018-06-17T15:41:21+00:00","dateModified":"2021-06-03T14:43:23+00:00","breadcrumb":{"@id":"https:\/\/wp.kristdemokraterna.se\/jonkoping\/textsida-fullbredd\/571-2\/#breadcrumb"},"inLanguage":"sv-SE","potentialAction":[{"@type":"ReadAction","target":["https:\/\/wp.kristdemokraterna.se\/jonkoping\/textsida-fullbredd\/571-2\/"]}]},{"@type":"ImageObject","inLanguage":"sv-SE","@id":"https:\/\/wp.kristdemokraterna.se\/jonkoping\/textsida-fullbredd\/571-2\/#primaryimage","url":"http:\/\/wp.kristdemokraterna.se\/jonkoping\/files\/2014\/04\/kreativitet_ej_logga-300x164.jpg","contentUrl":"http:\/\/wp.kristdemokraterna.se\/jonkoping\/files\/2014\/04\/kreativitet_ej_logga-300x164.jpg"},{"@type":"BreadcrumbList","@id":"https:\/\/wp.kristdemokraterna.se\/jonkoping\/textsida-fullbredd\/571-2\/#breadcrumb","itemListElement":[{"@type":"ListItem","position":1,"name":"Hem","item":"https:\/\/wp.kristdemokraterna.se\/jonkoping\/"},{"@type":"ListItem","position":2,"name":"Vad vi st\u00e5r f\u00f6r!","item":"https:\/\/wp.kristdemokraterna.se\/jonkoping\/textsida-fullbredd\/"},{"@type":"ListItem","position":3,"name":"Debatt"}]},{"@type":"WebSite","@id":"https:\/\/wp.kristdemokraterna.se\/jonkoping\/#website","url":"https:\/\/wp.kristdemokraterna.se\/jonkoping\/","name":"Kristdemokraterna J\u00f6nk\u00f6pings kommundelsf\u00f6rening","description":"Kristdemokraterna J\u00f6nk\u00f6pings kommundelsf\u00f6rening","inLanguage":"sv-SE"}]}},"_links":{"self":[{"href":"https:\/\/wp.kristdemokraterna.se\/jonkoping\/wp-json\/wp\/v2\/pages\/571","targetHints":{"allow":["GET"]}}],"collection":[{"href":"https:\/\/wp.kristdemokraterna.se\/jonkoping\/wp-json\/wp\/v2\/pages"}],"about":[{"href":"https:\/\/wp.kristdemokraterna.se\/jonkoping\/wp-json\/wp\/v2\/types\/page"}],"author":[{"embeddable":true,"href":"https:\/\/wp.kristdemokraterna.se\/jonkoping\/wp-json\/wp\/v2\/users\/34"}],"replies":[{"embeddable":true,"href":"https:\/\/wp.kristdemokraterna.se\/jonkoping\/wp-json\/wp\/v2\/comments?post=571"}],"version-history":[{"count":26,"href":"https:\/\/wp.kristdemokraterna.se\/jonkoping\/wp-json\/wp\/v2\/pages\/571\/revisions"}],"predecessor-version":[{"id":2164,"href":"https:\/\/wp.kristdemokraterna.se\/jonkoping\/wp-json\/wp\/v2\/pages\/571\/revisions\/2164"}],"up":[{"embeddable":true,"href":"https:\/\/wp.kristdemokraterna.se\/jonkoping\/wp-json\/wp\/v2\/pages\/272"}],"wp:attachment":[{"href":"https:\/\/wp.kristdemokraterna.se\/jonkoping\/wp-json\/wp\/v2\/media?parent=571"}],"curies":[{"name":"wp","href":"https:\/\/api.w.org\/{rel}","templated":true}]}}