{"id":634,"date":"2018-12-05T15:01:27","date_gmt":"2018-12-05T14:01:27","guid":{"rendered":"http:\/\/wp.kristdemokraterna.se\/jonkoping\/?page_id=634"},"modified":"2021-01-22T18:40:19","modified_gmt":"2021-01-22T17:40:19","slug":"vitsippan","status":"publish","type":"page","link":"https:\/\/wp.kristdemokraterna.se\/jonkoping\/vitsippan\/","title":{"rendered":"Vitsippan"},"content":{"rendered":"<p><a href=\"http:\/\/wp.kristdemokraterna.se\/jonkoping\/files\/2018\/10\/vitsippa1.jpg\"><img loading=\"lazy\" decoding=\"async\" class=\"aligncenter wp-image-926\" src=\"http:\/\/wp.kristdemokraterna.se\/jonkoping\/files\/2018\/10\/vitsippa1-300x69.jpg\" alt=\"\" width=\"769\" height=\"177\" srcset=\"https:\/\/wp.kristdemokraterna.se\/jonkoping\/files\/2018\/10\/vitsippa1-300x69.jpg 300w, https:\/\/wp.kristdemokraterna.se\/jonkoping\/files\/2018\/10\/vitsippa1-768x176.jpg 768w, https:\/\/wp.kristdemokraterna.se\/jonkoping\/files\/2018\/10\/vitsippa1-1024x234.jpg 1024w, https:\/\/wp.kristdemokraterna.se\/jonkoping\/files\/2018\/10\/vitsippa1-370x85.jpg 370w, https:\/\/wp.kristdemokraterna.se\/jonkoping\/files\/2018\/10\/vitsippa1-770x176.jpg 770w, https:\/\/wp.kristdemokraterna.se\/jonkoping\/files\/2018\/10\/vitsippa1-450x103.jpg 450w, https:\/\/wp.kristdemokraterna.se\/jonkoping\/files\/2018\/10\/vitsippa1-280x64.jpg 280w, https:\/\/wp.kristdemokraterna.se\/jonkoping\/files\/2018\/10\/vitsippa1-340x78.jpg 340w, https:\/\/wp.kristdemokraterna.se\/jonkoping\/files\/2018\/10\/vitsippa1-200x46.jpg 200w, https:\/\/wp.kristdemokraterna.se\/jonkoping\/files\/2018\/10\/vitsippa1-245x56.jpg 245w, https:\/\/wp.kristdemokraterna.se\/jonkoping\/files\/2018\/10\/vitsippa1.jpg 1050w\" sizes=\"auto, (max-width: 769px) 100vw, 769px\" \/><\/a><\/p>\n<p>&nbsp;<\/p>\n<p><strong>H\u00e4r finner du v\u00e5ra senaste medlemsutskick och Vitsippan:<\/strong><\/p>\n<p><a href=\"http:\/\/wp.kristdemokraterna.se\/jonkoping\/files\/2018\/12\/18-09-28-medlemsbrev-valresultat.pdf\">18-09-28 Medlemsbrev, valresultat<\/a><br \/>\n<a href=\"http:\/\/wp.kristdemokraterna.se\/jonkoping\/files\/2018\/12\/18-06-25-sommarhalsning.pdf\">18-06-25 Sommarh\u00e4lsning<\/a><\/p>\n<p><a href=\"http:\/\/wp.kristdemokraterna.se\/jonkoping\/files\/2019\/02\/19-02-01-valkomstbrev-nya-medlemmar.pdf\">19-02-01 V\u00e4lkomstbrev, nya medlemmar<\/a><\/p>\n<p><a href=\"http:\/\/wp.kristdemokraterna.se\/jonkoping\/files\/2019\/03\/vitsippan_mars_2019.pdf\">Vitsippan_mars_2019<\/a><\/p>\n<p><a href=\"http:\/\/wp.kristdemokraterna.se\/jonkoping\/files\/2019\/12\/vitsippan_nov_2019_slutversion.pdf\">Vitsippan_nov_2019<\/a><\/p>\n<p><a href=\"http:\/\/wp.kristdemokraterna.se\/jonkoping\/files\/2020\/06\/vitsippan_maj_2020_jkpgkdf.pdf\">Vitsippan_maj_2020<\/a><\/p>\n<p><a href=\"http:\/\/wp.kristdemokraterna.se\/jonkoping\/files\/2021\/01\/20-12-05-bokslut-jonkoping-kdf-2020.pdf\">20-12-05 Bokslut, J\u00f6nk\u00f6ping KDF 2020<\/a><\/p>\n<p><a href=\"http:\/\/wp.kristdemokraterna.se\/jonkoping\/files\/2021\/01\/vitsippan_distriktet_januari2021.pdf\">Vitsippan <\/a><a href=\"http:\/\/wp.kristdemokraterna.se\/jonkoping\/files\/2021\/01\/vitsippan_distriktet_januari2021.pdf\">januari2021<\/a><\/p>\n<p><a href=\"http:\/\/wp.kristdemokraterna.se\/jonkoping\/files\/2021\/01\/21-01-21-valkomstbrev-nya-medlemmar.pdf\">21-01-21 V\u00e4lkomstbrev, nya medlemmar<\/a><\/p>\n<p>&nbsp;<\/p>\n<p>&nbsp;<\/p>\n<p>&nbsp;<\/p>\n<p>&nbsp;<\/p>\n","protected":false},"excerpt":{"rendered":"<p>&nbsp; H\u00e4r finner du v\u00e5ra senaste medlemsutskick och Vitsippan: 18-09-28 Medlemsbrev, valresultat 18-06-25 Sommarh\u00e4lsning 19-02-01 V\u00e4lkomstbrev, nya medlemmar Vitsippan_mars_2019 Vitsippan_nov_2019 Vitsippan_maj_2020 20-12-05 Bokslut, J\u00f6nk\u00f6ping KDF 2020 Vitsippan januari2021 21-01-21 V\u00e4lkomstbrev, nya medlemmar &nbsp; &nbsp; &nbsp; &nbsp;<\/p>\n","protected":false},"author":34,"featured_media":0,"parent":0,"menu_order":9,"comment_status":"closed","ping_status":"closed","template":"","meta":{"_acf_changed":false,"footnotes":""},"class_list":["post-634","page","type-page","status-publish","hentry"],"acf":[],"yoast_head":"<!-- This site is optimized with the Yoast SEO plugin v27.4 - https:\/\/yoast.com\/product\/yoast-seo-wordpress\/ -->\n<title>Vitsippan - Kristdemokraterna J\u00f6nk\u00f6pings kommundelsf\u00f6rening<\/title>\n<meta name=\"robots\" content=\"index, follow, max-snippet:-1, max-image-preview:large, max-video-preview:-1\" \/>\n<link rel=\"canonical\" href=\"https:\/\/wp.kristdemokraterna.se\/jonkoping\/vitsippan\/\" \/>\n<meta property=\"og:locale\" content=\"sv_SE\" \/>\n<meta property=\"og:type\" content=\"article\" \/>\n<meta property=\"og:title\" content=\"Vitsippan - Kristdemokraterna J\u00f6nk\u00f6pings kommundelsf\u00f6rening\" \/>\n<meta property=\"og:description\" content=\"&nbsp; H\u00e4r finner du v\u00e5ra senaste medlemsutskick och Vitsippan: 18-09-28 Medlemsbrev, valresultat 18-06-25 Sommarh\u00e4lsning 19-02-01 V\u00e4lkomstbrev, nya medlemmar Vitsippan_mars_2019 Vitsippan_nov_2019 Vitsippan_maj_2020 20-12-05 Bokslut, J\u00f6nk\u00f6ping KDF 2020 Vitsippan januari2021 21-01-21 V\u00e4lkomstbrev, nya medlemmar &nbsp; &nbsp; &nbsp; &nbsp;\" \/>\n<meta property=\"og:url\" content=\"https:\/\/wp.kristdemokraterna.se\/jonkoping\/vitsippan\/\" \/>\n<meta property=\"og:site_name\" content=\"Kristdemokraterna J\u00f6nk\u00f6pings kommundelsf\u00f6rening\" \/>\n<meta property=\"article:modified_time\" content=\"2021-01-22T17:40:19+00:00\" \/>\n<meta property=\"og:image\" content=\"http:\/\/wp.kristdemokraterna.se\/jonkoping\/files\/2018\/10\/vitsippa1-300x69.jpg\" \/>\n<meta name=\"twitter:card\" content=\"summary_large_image\" \/>\n<meta name=\"twitter:label1\" content=\"Ber\u00e4knad l\u00e4stid\" \/>\n\t<meta name=\"twitter:data1\" content=\"1 minut\" \/>\n<script type=\"application\/ld+json\" class=\"yoast-schema-graph\">{\"@context\":\"https:\\\/\\\/schema.org\",\"@graph\":[{\"@type\":\"WebPage\",\"@id\":\"https:\\\/\\\/wp.kristdemokraterna.se\\\/jonkoping\\\/vitsippan\\\/\",\"url\":\"https:\\\/\\\/wp.kristdemokraterna.se\\\/jonkoping\\\/vitsippan\\\/\",\"name\":\"Vitsippan - Kristdemokraterna J\u00f6nk\u00f6pings kommundelsf\u00f6rening\",\"isPartOf\":{\"@id\":\"https:\\\/\\\/wp.kristdemokraterna.se\\\/jonkoping\\\/#website\"},\"primaryImageOfPage\":{\"@id\":\"https:\\\/\\\/wp.kristdemokraterna.se\\\/jonkoping\\\/vitsippan\\\/#primaryimage\"},\"image\":{\"@id\":\"https:\\\/\\\/wp.kristdemokraterna.se\\\/jonkoping\\\/vitsippan\\\/#primaryimage\"},\"thumbnailUrl\":\"http:\\\/\\\/wp.kristdemokraterna.se\\\/jonkoping\\\/files\\\/2018\\\/10\\\/vitsippa1-300x69.jpg\",\"datePublished\":\"2018-12-05T14:01:27+00:00\",\"dateModified\":\"2021-01-22T17:40:19+00:00\",\"breadcrumb\":{\"@id\":\"https:\\\/\\\/wp.kristdemokraterna.se\\\/jonkoping\\\/vitsippan\\\/#breadcrumb\"},\"inLanguage\":\"sv-SE\",\"potentialAction\":[{\"@type\":\"ReadAction\",\"target\":[\"https:\\\/\\\/wp.kristdemokraterna.se\\\/jonkoping\\\/vitsippan\\\/\"]}]},{\"@type\":\"ImageObject\",\"inLanguage\":\"sv-SE\",\"@id\":\"https:\\\/\\\/wp.kristdemokraterna.se\\\/jonkoping\\\/vitsippan\\\/#primaryimage\",\"url\":\"http:\\\/\\\/wp.kristdemokraterna.se\\\/jonkoping\\\/files\\\/2018\\\/10\\\/vitsippa1-300x69.jpg\",\"contentUrl\":\"http:\\\/\\\/wp.kristdemokraterna.se\\\/jonkoping\\\/files\\\/2018\\\/10\\\/vitsippa1-300x69.jpg\"},{\"@type\":\"BreadcrumbList\",\"@id\":\"https:\\\/\\\/wp.kristdemokraterna.se\\\/jonkoping\\\/vitsippan\\\/#breadcrumb\",\"itemListElement\":[{\"@type\":\"ListItem\",\"position\":1,\"name\":\"Hem\",\"item\":\"https:\\\/\\\/wp.kristdemokraterna.se\\\/jonkoping\\\/\"},{\"@type\":\"ListItem\",\"position\":2,\"name\":\"Vitsippan\"}]},{\"@type\":\"WebSite\",\"@id\":\"https:\\\/\\\/wp.kristdemokraterna.se\\\/jonkoping\\\/#website\",\"url\":\"https:\\\/\\\/wp.kristdemokraterna.se\\\/jonkoping\\\/\",\"name\":\"Kristdemokraterna J\u00f6nk\u00f6pings kommundelsf\u00f6rening\",\"description\":\"Kristdemokraterna J\u00f6nk\u00f6pings kommundelsf\u00f6rening\",\"inLanguage\":\"sv-SE\"}]}<\/script>\n<!-- \/ Yoast SEO plugin. -->","yoast_head_json":{"title":"Vitsippan - Kristdemokraterna J\u00f6nk\u00f6pings kommundelsf\u00f6rening","robots":{"index":"index","follow":"follow","max-snippet":"max-snippet:-1","max-image-preview":"max-image-preview:large","max-video-preview":"max-video-preview:-1"},"canonical":"https:\/\/wp.kristdemokraterna.se\/jonkoping\/vitsippan\/","og_locale":"sv_SE","og_type":"article","og_title":"Vitsippan - Kristdemokraterna J\u00f6nk\u00f6pings kommundelsf\u00f6rening","og_description":"&nbsp; H\u00e4r finner du v\u00e5ra senaste medlemsutskick och Vitsippan: 18-09-28 Medlemsbrev, valresultat 18-06-25 Sommarh\u00e4lsning 19-02-01 V\u00e4lkomstbrev, nya medlemmar Vitsippan_mars_2019 Vitsippan_nov_2019 Vitsippan_maj_2020 20-12-05 Bokslut, J\u00f6nk\u00f6ping KDF 2020 Vitsippan januari2021 21-01-21 V\u00e4lkomstbrev, nya medlemmar &nbsp; &nbsp; &nbsp; &nbsp;","og_url":"https:\/\/wp.kristdemokraterna.se\/jonkoping\/vitsippan\/","og_site_name":"Kristdemokraterna J\u00f6nk\u00f6pings kommundelsf\u00f6rening","article_modified_time":"2021-01-22T17:40:19+00:00","og_image":[{"url":"http:\/\/wp.kristdemokraterna.se\/jonkoping\/files\/2018\/10\/vitsippa1-300x69.jpg","type":"","width":"","height":""}],"twitter_card":"summary_large_image","twitter_misc":{"Ber\u00e4knad l\u00e4stid":"1 minut"},"schema":{"@context":"https:\/\/schema.org","@graph":[{"@type":"WebPage","@id":"https:\/\/wp.kristdemokraterna.se\/jonkoping\/vitsippan\/","url":"https:\/\/wp.kristdemokraterna.se\/jonkoping\/vitsippan\/","name":"Vitsippan - Kristdemokraterna J\u00f6nk\u00f6pings kommundelsf\u00f6rening","isPartOf":{"@id":"https:\/\/wp.kristdemokraterna.se\/jonkoping\/#website"},"primaryImageOfPage":{"@id":"https:\/\/wp.kristdemokraterna.se\/jonkoping\/vitsippan\/#primaryimage"},"image":{"@id":"https:\/\/wp.kristdemokraterna.se\/jonkoping\/vitsippan\/#primaryimage"},"thumbnailUrl":"http:\/\/wp.kristdemokraterna.se\/jonkoping\/files\/2018\/10\/vitsippa1-300x69.jpg","datePublished":"2018-12-05T14:01:27+00:00","dateModified":"2021-01-22T17:40:19+00:00","breadcrumb":{"@id":"https:\/\/wp.kristdemokraterna.se\/jonkoping\/vitsippan\/#breadcrumb"},"inLanguage":"sv-SE","potentialAction":[{"@type":"ReadAction","target":["https:\/\/wp.kristdemokraterna.se\/jonkoping\/vitsippan\/"]}]},{"@type":"ImageObject","inLanguage":"sv-SE","@id":"https:\/\/wp.kristdemokraterna.se\/jonkoping\/vitsippan\/#primaryimage","url":"http:\/\/wp.kristdemokraterna.se\/jonkoping\/files\/2018\/10\/vitsippa1-300x69.jpg","contentUrl":"http:\/\/wp.kristdemokraterna.se\/jonkoping\/files\/2018\/10\/vitsippa1-300x69.jpg"},{"@type":"BreadcrumbList","@id":"https:\/\/wp.kristdemokraterna.se\/jonkoping\/vitsippan\/#breadcrumb","itemListElement":[{"@type":"ListItem","position":1,"name":"Hem","item":"https:\/\/wp.kristdemokraterna.se\/jonkoping\/"},{"@type":"ListItem","position":2,"name":"Vitsippan"}]},{"@type":"WebSite","@id":"https:\/\/wp.kristdemokraterna.se\/jonkoping\/#website","url":"https:\/\/wp.kristdemokraterna.se\/jonkoping\/","name":"Kristdemokraterna J\u00f6nk\u00f6pings kommundelsf\u00f6rening","description":"Kristdemokraterna J\u00f6nk\u00f6pings kommundelsf\u00f6rening","inLanguage":"sv-SE"}]}},"_links":{"self":[{"href":"https:\/\/wp.kristdemokraterna.se\/jonkoping\/wp-json\/wp\/v2\/pages\/634","targetHints":{"allow":["GET"]}}],"collection":[{"href":"https:\/\/wp.kristdemokraterna.se\/jonkoping\/wp-json\/wp\/v2\/pages"}],"about":[{"href":"https:\/\/wp.kristdemokraterna.se\/jonkoping\/wp-json\/wp\/v2\/types\/page"}],"author":[{"embeddable":true,"href":"https:\/\/wp.kristdemokraterna.se\/jonkoping\/wp-json\/wp\/v2\/users\/34"}],"replies":[{"embeddable":true,"href":"https:\/\/wp.kristdemokraterna.se\/jonkoping\/wp-json\/wp\/v2\/comments?post=634"}],"version-history":[{"count":16,"href":"https:\/\/wp.kristdemokraterna.se\/jonkoping\/wp-json\/wp\/v2\/pages\/634\/revisions"}],"predecessor-version":[{"id":2128,"href":"https:\/\/wp.kristdemokraterna.se\/jonkoping\/wp-json\/wp\/v2\/pages\/634\/revisions\/2128"}],"wp:attachment":[{"href":"https:\/\/wp.kristdemokraterna.se\/jonkoping\/wp-json\/wp\/v2\/media?parent=634"}],"curies":[{"name":"wp","href":"https:\/\/api.w.org\/{rel}","templated":true}]}}