{"id":969,"date":"2018-12-13T17:11:58","date_gmt":"2018-12-13T16:11:58","guid":{"rendered":"http:\/\/wp.kristdemokraterna.se\/jonkoping\/?page_id=969"},"modified":"2025-01-07T15:06:32","modified_gmt":"2025-01-07T14:06:32","slug":"oss-i-jonkoping","status":"publish","type":"page","link":"https:\/\/wp.kristdemokraterna.se\/jonkoping\/textsida-med-vanster-sidebar\/oss-i-jonkoping\/","title":{"rendered":"Oss i J\u00f6nk\u00f6ping"},"content":{"rendered":"<p><strong>Eva Str\u00e5th<\/strong><\/p>\n<p><a href=\"http:\/\/wp.kristdemokraterna.se\/jonkoping\/files\/2019\/03\/f0cd5822-3b9aca00-1-img_9683.jpg\"><img loading=\"lazy\" decoding=\"async\" class=\"alignnone size-medium wp-image-1273\" src=\"http:\/\/wp.kristdemokraterna.se\/jonkoping\/files\/2019\/03\/f0cd5822-3b9aca00-1-img_9683-200x300.jpg\" alt=\"\" width=\"200\" height=\"300\" srcset=\"https:\/\/wp.kristdemokraterna.se\/jonkoping\/files\/2019\/03\/f0cd5822-3b9aca00-1-img_9683-200x300.jpg 200w, https:\/\/wp.kristdemokraterna.se\/jonkoping\/files\/2019\/03\/f0cd5822-3b9aca00-1-img_9683-768x1151.jpg 768w, https:\/\/wp.kristdemokraterna.se\/jonkoping\/files\/2019\/03\/f0cd5822-3b9aca00-1-img_9683-683x1024.jpg 683w, https:\/\/wp.kristdemokraterna.se\/jonkoping\/files\/2019\/03\/f0cd5822-3b9aca00-1-img_9683-133x200.jpg 133w, https:\/\/wp.kristdemokraterna.se\/jonkoping\/files\/2019\/03\/f0cd5822-3b9aca00-1-img_9683-370x555.jpg 370w, https:\/\/wp.kristdemokraterna.se\/jonkoping\/files\/2019\/03\/f0cd5822-3b9aca00-1-img_9683-770x1154.jpg 770w, https:\/\/wp.kristdemokraterna.se\/jonkoping\/files\/2019\/03\/f0cd5822-3b9aca00-1-img_9683-450x675.jpg 450w, https:\/\/wp.kristdemokraterna.se\/jonkoping\/files\/2019\/03\/f0cd5822-3b9aca00-1-img_9683-268x402.jpg 268w, https:\/\/wp.kristdemokraterna.se\/jonkoping\/files\/2019\/03\/f0cd5822-3b9aca00-1-img_9683-340x510.jpg 340w, https:\/\/wp.kristdemokraterna.se\/jonkoping\/files\/2019\/03\/f0cd5822-3b9aca00-1-img_9683-37x56.jpg 37w, https:\/\/wp.kristdemokraterna.se\/jonkoping\/files\/2019\/03\/f0cd5822-3b9aca00-1-img_9683.jpg 1014w\" sizes=\"auto, (max-width: 200px) 100vw, 200px\" \/><\/a><\/p>\n<p>Ordf\u00f6rande<\/p>\n<p>070 &#8211; 616 98 99<\/p>\n<p><a href=\"mailto:eva.strath@kristdemokraterna.se\">eva.strath@kristdemokraterna.se<\/a><\/p>\n<p><strong><br \/>\nPernilla Freij<\/strong><\/p>\n<p><a href=\"http:\/\/wp.kristdemokraterna.se\/jonkoping\/files\/2020\/02\/pernilla-freij.jpg\"><img loading=\"lazy\" decoding=\"async\" class=\"alignnone wp-image-1838\" src=\"http:\/\/wp.kristdemokraterna.se\/jonkoping\/files\/2020\/02\/pernilla-freij.jpg\" alt=\"\" width=\"146\" height=\"146\" srcset=\"https:\/\/wp.kristdemokraterna.se\/jonkoping\/files\/2020\/02\/pernilla-freij.jpg 296w, https:\/\/wp.kristdemokraterna.se\/jonkoping\/files\/2020\/02\/pernilla-freij-150x150.jpg 150w, https:\/\/wp.kristdemokraterna.se\/jonkoping\/files\/2020\/02\/pernilla-freij-200x200.jpg 200w, https:\/\/wp.kristdemokraterna.se\/jonkoping\/files\/2020\/02\/pernilla-freij-90x90.jpg 90w, https:\/\/wp.kristdemokraterna.se\/jonkoping\/files\/2020\/02\/pernilla-freij-280x280.jpg 280w, https:\/\/wp.kristdemokraterna.se\/jonkoping\/files\/2020\/02\/pernilla-freij-56x56.jpg 56w\" sizes=\"auto, (max-width: 146px) 100vw, 146px\" \/><\/a><\/p>\n<p>Vice ordf\u00f6rande<\/p>\n<div>\n<div><a href=\"tel:070-282%2086%2028\">070-282 86 28<\/a><\/div>\n<div>\n<div>\n<div><\/div>\n<div><\/div>\n<div><a href=\"mailto:pernilla.freij@jonkoping.se\">pernilla.freij@jonkoping.se<\/a><\/div>\n<div><\/div>\n<\/div>\n<\/div>\n<\/div>\n<p>&nbsp;<\/p>\n<p><strong>Nils-Erik Emme<\/strong><\/p>\n<p><a href=\"http:\/\/wp.kristdemokraterna.se\/jonkoping\/files\/2020\/04\/dsc03093-e1585993507140.jpg\"><img loading=\"lazy\" decoding=\"async\" class=\"alignnone wp-image-1889\" src=\"http:\/\/wp.kristdemokraterna.se\/jonkoping\/files\/2020\/04\/dsc03093-e1585993507140-1024x964.jpg\" alt=\"\" width=\"179\" height=\"169\" srcset=\"https:\/\/wp.kristdemokraterna.se\/jonkoping\/files\/2020\/04\/dsc03093-e1585993507140-1024x964.jpg 1024w, https:\/\/wp.kristdemokraterna.se\/jonkoping\/files\/2020\/04\/dsc03093-e1585993507140-300x282.jpg 300w, https:\/\/wp.kristdemokraterna.se\/jonkoping\/files\/2020\/04\/dsc03093-e1585993507140-768x723.jpg 768w, https:\/\/wp.kristdemokraterna.se\/jonkoping\/files\/2020\/04\/dsc03093-e1585993507140-212x200.jpg 212w, https:\/\/wp.kristdemokraterna.se\/jonkoping\/files\/2020\/04\/dsc03093-e1585993507140-370x348.jpg 370w, https:\/\/wp.kristdemokraterna.se\/jonkoping\/files\/2020\/04\/dsc03093-e1585993507140-770x725.jpg 770w, https:\/\/wp.kristdemokraterna.se\/jonkoping\/files\/2020\/04\/dsc03093-e1585993507140-450x424.jpg 450w, https:\/\/wp.kristdemokraterna.se\/jonkoping\/files\/2020\/04\/dsc03093-e1585993507140-280x264.jpg 280w, https:\/\/wp.kristdemokraterna.se\/jonkoping\/files\/2020\/04\/dsc03093-e1585993507140-340x320.jpg 340w, https:\/\/wp.kristdemokraterna.se\/jonkoping\/files\/2020\/04\/dsc03093-e1585993507140-200x188.jpg 200w, https:\/\/wp.kristdemokraterna.se\/jonkoping\/files\/2020\/04\/dsc03093-e1585993507140-59x56.jpg 59w, https:\/\/wp.kristdemokraterna.se\/jonkoping\/files\/2020\/04\/dsc03093-e1585993507140.jpg 1879w\" sizes=\"auto, (max-width: 179px) 100vw, 179px\" \/><\/a><\/p>\n<p>Organisationssekreterare<\/p>\n<p>070 &#8211; 591 00 16<\/p>\n<p><a href=\"mailto:nils-erik.emme@kristdemokraterna.se\">nils-erik.emme@kristdemokraterna.se<\/a><\/p>\n<p>&nbsp;<\/p>\n<p class=\"western\"><strong>Hannes M\u00e5rtensson<\/strong><\/p>\n<p>Ledamot<\/p>\n<p>070-0528018<\/p>\n<p><a href=\"mailto:hannes.martensson@outlook.com\">hannes.martensson@outlook.com<\/a><\/p>\n<p>&nbsp;<\/p>\n<p><strong>Eva Berntsson<\/strong><\/p>\n<p>Ledamot<\/p>\n<p>073-0317307<\/p>\n<p><a href=\"mailto:eva_berntsson@telia.com\">eva_berntsson@telia.com<\/a><\/p>\n<p>&nbsp;<\/p>\n<p class=\"western\"><strong>Haykanush Vardanyan<\/strong><\/p>\n<p>Ledamot<\/p>\n<p>070-0528018<\/p>\n<p><a href=\"mailto:haykanush.vardanyan@kristdemokraterna.se\">haykanush.vardanyan@kristdemokraterna.se<\/a><\/p>\n<p>&nbsp;<\/p>\n<p><strong>Johan Bokinge<\/strong><\/p>\n<p>Kass\u00f6r<\/p>\n<p>073 &#8211; 460 63 04<\/p>\n<p><a href=\"mailto:johan.bokinge@tele2.se\">johan.bokinge@tele2.se<\/a><\/p>\n<p>&nbsp;<\/p>\n<p><strong>Klas Brengesj\u00f6<\/strong><\/p>\n<p>Ledamot<\/p>\n<p>076-1355015<\/p>\n<p><a href=\"mailto:kbreng@live.com\">kbreng@live.com<\/a><\/p>\n<p>&nbsp;<\/p>\n","protected":false},"excerpt":{"rendered":"<p>Eva Str\u00e5th Ordf\u00f6rande 070 &#8211; 616 98 99 eva.strath@kristdemokraterna.se Pernilla Freij Vice ordf\u00f6rande 070-282 86 28 pernilla.freij@jonkoping.se &nbsp; Nils-Erik Emme Organisationssekreterare 070 &#8211; 591 00 16 nils-erik.emme@kristdemokraterna.se &nbsp; Hannes M\u00e5rtensson Ledamot 070-0528018 hannes.martensson@outlook.com &nbsp; Eva Berntsson Ledamot 073-0317307 eva_berntsson@telia.com &nbsp; Haykanush Vardanyan Ledamot 070-0528018 haykanush.vardanyan@kristdemokraterna.se &nbsp; Johan Bokinge Kass\u00f6r 073 &#8211; 460 63 04 johan.bokinge@tele2.se <a class=\"read-more-link\" href=\"https:\/\/wp.kristdemokraterna.se\/jonkoping\/textsida-med-vanster-sidebar\/oss-i-jonkoping\/\">L\u00e4s mer<\/a><\/p>\n","protected":false},"author":34,"featured_media":0,"parent":269,"menu_order":1,"comment_status":"closed","ping_status":"closed","template":"","meta":{"_acf_changed":false,"footnotes":""},"class_list":["post-969","page","type-page","status-publish","hentry"],"acf":[],"yoast_head":"<!-- This site is optimized with the Yoast SEO plugin v27.3 - https:\/\/yoast.com\/product\/yoast-seo-wordpress\/ -->\n<title>Oss i J\u00f6nk\u00f6ping - Kristdemokraterna J\u00f6nk\u00f6pings kommundelsf\u00f6rening<\/title>\n<meta name=\"robots\" content=\"index, follow, max-snippet:-1, max-image-preview:large, max-video-preview:-1\" \/>\n<link rel=\"canonical\" href=\"https:\/\/wp.kristdemokraterna.se\/jonkoping\/textsida-med-vanster-sidebar\/oss-i-jonkoping\/\" \/>\n<meta property=\"og:locale\" content=\"sv_SE\" \/>\n<meta property=\"og:type\" content=\"article\" \/>\n<meta property=\"og:title\" content=\"Oss i J\u00f6nk\u00f6ping - Kristdemokraterna J\u00f6nk\u00f6pings kommundelsf\u00f6rening\" \/>\n<meta property=\"og:description\" content=\"Eva Str\u00e5th Ordf\u00f6rande 070 &#8211; 616 98 99 eva.strath@kristdemokraterna.se Pernilla Freij Vice ordf\u00f6rande 070-282 86 28 pernilla.freij@jonkoping.se &nbsp; Nils-Erik Emme Organisationssekreterare 070 &#8211; 591 00 16 nils-erik.emme@kristdemokraterna.se &nbsp; Hannes M\u00e5rtensson Ledamot 070-0528018 hannes.martensson@outlook.com &nbsp; Eva Berntsson Ledamot 073-0317307 eva_berntsson@telia.com &nbsp; Haykanush Vardanyan Ledamot 070-0528018 haykanush.vardanyan@kristdemokraterna.se &nbsp; Johan Bokinge Kass\u00f6r 073 &#8211; 460 63 04 johan.bokinge@tele2.se L\u00e4s mer\" \/>\n<meta property=\"og:url\" content=\"https:\/\/wp.kristdemokraterna.se\/jonkoping\/textsida-med-vanster-sidebar\/oss-i-jonkoping\/\" \/>\n<meta property=\"og:site_name\" content=\"Kristdemokraterna J\u00f6nk\u00f6pings kommundelsf\u00f6rening\" \/>\n<meta property=\"article:modified_time\" content=\"2025-01-07T14:06:32+00:00\" \/>\n<meta property=\"og:image\" content=\"https:\/\/wp.kristdemokraterna.se\/jonkoping\/files\/2019\/03\/f0cd5822-3b9aca00-1-img_9683.jpg\" \/>\n\t<meta property=\"og:image:width\" content=\"1014\" \/>\n\t<meta property=\"og:image:height\" content=\"1520\" \/>\n\t<meta property=\"og:image:type\" content=\"image\/jpeg\" \/>\n<meta name=\"twitter:card\" content=\"summary_large_image\" \/>\n<meta name=\"twitter:label1\" content=\"Ber\u00e4knad l\u00e4stid\" \/>\n\t<meta name=\"twitter:data1\" content=\"1 minut\" \/>\n<script type=\"application\/ld+json\" class=\"yoast-schema-graph\">{\"@context\":\"https:\\\/\\\/schema.org\",\"@graph\":[{\"@type\":\"WebPage\",\"@id\":\"https:\\\/\\\/wp.kristdemokraterna.se\\\/jonkoping\\\/textsida-med-vanster-sidebar\\\/oss-i-jonkoping\\\/\",\"url\":\"https:\\\/\\\/wp.kristdemokraterna.se\\\/jonkoping\\\/textsida-med-vanster-sidebar\\\/oss-i-jonkoping\\\/\",\"name\":\"Oss i J\u00f6nk\u00f6ping - Kristdemokraterna J\u00f6nk\u00f6pings kommundelsf\u00f6rening\",\"isPartOf\":{\"@id\":\"https:\\\/\\\/wp.kristdemokraterna.se\\\/jonkoping\\\/#website\"},\"primaryImageOfPage\":{\"@id\":\"https:\\\/\\\/wp.kristdemokraterna.se\\\/jonkoping\\\/textsida-med-vanster-sidebar\\\/oss-i-jonkoping\\\/#primaryimage\"},\"image\":{\"@id\":\"https:\\\/\\\/wp.kristdemokraterna.se\\\/jonkoping\\\/textsida-med-vanster-sidebar\\\/oss-i-jonkoping\\\/#primaryimage\"},\"thumbnailUrl\":\"http:\\\/\\\/wp.kristdemokraterna.se\\\/jonkoping\\\/files\\\/2019\\\/03\\\/f0cd5822-3b9aca00-1-img_9683-200x300.jpg\",\"datePublished\":\"2018-12-13T16:11:58+00:00\",\"dateModified\":\"2025-01-07T14:06:32+00:00\",\"breadcrumb\":{\"@id\":\"https:\\\/\\\/wp.kristdemokraterna.se\\\/jonkoping\\\/textsida-med-vanster-sidebar\\\/oss-i-jonkoping\\\/#breadcrumb\"},\"inLanguage\":\"sv-SE\",\"potentialAction\":[{\"@type\":\"ReadAction\",\"target\":[\"https:\\\/\\\/wp.kristdemokraterna.se\\\/jonkoping\\\/textsida-med-vanster-sidebar\\\/oss-i-jonkoping\\\/\"]}]},{\"@type\":\"ImageObject\",\"inLanguage\":\"sv-SE\",\"@id\":\"https:\\\/\\\/wp.kristdemokraterna.se\\\/jonkoping\\\/textsida-med-vanster-sidebar\\\/oss-i-jonkoping\\\/#primaryimage\",\"url\":\"http:\\\/\\\/wp.kristdemokraterna.se\\\/jonkoping\\\/files\\\/2019\\\/03\\\/f0cd5822-3b9aca00-1-img_9683-200x300.jpg\",\"contentUrl\":\"http:\\\/\\\/wp.kristdemokraterna.se\\\/jonkoping\\\/files\\\/2019\\\/03\\\/f0cd5822-3b9aca00-1-img_9683-200x300.jpg\"},{\"@type\":\"BreadcrumbList\",\"@id\":\"https:\\\/\\\/wp.kristdemokraterna.se\\\/jonkoping\\\/textsida-med-vanster-sidebar\\\/oss-i-jonkoping\\\/#breadcrumb\",\"itemListElement\":[{\"@type\":\"ListItem\",\"position\":1,\"name\":\"Hem\",\"item\":\"https:\\\/\\\/wp.kristdemokraterna.se\\\/jonkoping\\\/\"},{\"@type\":\"ListItem\",\"position\":2,\"name\":\"V\u00e5r kommundelsf\u00f6rening J\u00f6nk\u00f6ping city\",\"item\":\"https:\\\/\\\/wp.kristdemokraterna.se\\\/jonkoping\\\/textsida-med-vanster-sidebar\\\/\"},{\"@type\":\"ListItem\",\"position\":3,\"name\":\"Oss i J\u00f6nk\u00f6ping\"}]},{\"@type\":\"WebSite\",\"@id\":\"https:\\\/\\\/wp.kristdemokraterna.se\\\/jonkoping\\\/#website\",\"url\":\"https:\\\/\\\/wp.kristdemokraterna.se\\\/jonkoping\\\/\",\"name\":\"Kristdemokraterna J\u00f6nk\u00f6pings kommundelsf\u00f6rening\",\"description\":\"Kristdemokraterna J\u00f6nk\u00f6pings kommundelsf\u00f6rening\",\"inLanguage\":\"sv-SE\"}]}<\/script>\n<!-- \/ Yoast SEO plugin. -->","yoast_head_json":{"title":"Oss i J\u00f6nk\u00f6ping - Kristdemokraterna J\u00f6nk\u00f6pings kommundelsf\u00f6rening","robots":{"index":"index","follow":"follow","max-snippet":"max-snippet:-1","max-image-preview":"max-image-preview:large","max-video-preview":"max-video-preview:-1"},"canonical":"https:\/\/wp.kristdemokraterna.se\/jonkoping\/textsida-med-vanster-sidebar\/oss-i-jonkoping\/","og_locale":"sv_SE","og_type":"article","og_title":"Oss i J\u00f6nk\u00f6ping - Kristdemokraterna J\u00f6nk\u00f6pings kommundelsf\u00f6rening","og_description":"Eva Str\u00e5th Ordf\u00f6rande 070 &#8211; 616 98 99 eva.strath@kristdemokraterna.se Pernilla Freij Vice ordf\u00f6rande 070-282 86 28 pernilla.freij@jonkoping.se &nbsp; Nils-Erik Emme Organisationssekreterare 070 &#8211; 591 00 16 nils-erik.emme@kristdemokraterna.se &nbsp; Hannes M\u00e5rtensson Ledamot 070-0528018 hannes.martensson@outlook.com &nbsp; Eva Berntsson Ledamot 073-0317307 eva_berntsson@telia.com &nbsp; Haykanush Vardanyan Ledamot 070-0528018 haykanush.vardanyan@kristdemokraterna.se &nbsp; Johan Bokinge Kass\u00f6r 073 &#8211; 460 63 04 johan.bokinge@tele2.se L\u00e4s mer","og_url":"https:\/\/wp.kristdemokraterna.se\/jonkoping\/textsida-med-vanster-sidebar\/oss-i-jonkoping\/","og_site_name":"Kristdemokraterna J\u00f6nk\u00f6pings kommundelsf\u00f6rening","article_modified_time":"2025-01-07T14:06:32+00:00","og_image":[{"width":1014,"height":1520,"url":"https:\/\/wp.kristdemokraterna.se\/jonkoping\/files\/2019\/03\/f0cd5822-3b9aca00-1-img_9683.jpg","type":"image\/jpeg"}],"twitter_card":"summary_large_image","twitter_misc":{"Ber\u00e4knad l\u00e4stid":"1 minut"},"schema":{"@context":"https:\/\/schema.org","@graph":[{"@type":"WebPage","@id":"https:\/\/wp.kristdemokraterna.se\/jonkoping\/textsida-med-vanster-sidebar\/oss-i-jonkoping\/","url":"https:\/\/wp.kristdemokraterna.se\/jonkoping\/textsida-med-vanster-sidebar\/oss-i-jonkoping\/","name":"Oss i J\u00f6nk\u00f6ping - Kristdemokraterna J\u00f6nk\u00f6pings kommundelsf\u00f6rening","isPartOf":{"@id":"https:\/\/wp.kristdemokraterna.se\/jonkoping\/#website"},"primaryImageOfPage":{"@id":"https:\/\/wp.kristdemokraterna.se\/jonkoping\/textsida-med-vanster-sidebar\/oss-i-jonkoping\/#primaryimage"},"image":{"@id":"https:\/\/wp.kristdemokraterna.se\/jonkoping\/textsida-med-vanster-sidebar\/oss-i-jonkoping\/#primaryimage"},"thumbnailUrl":"http:\/\/wp.kristdemokraterna.se\/jonkoping\/files\/2019\/03\/f0cd5822-3b9aca00-1-img_9683-200x300.jpg","datePublished":"2018-12-13T16:11:58+00:00","dateModified":"2025-01-07T14:06:32+00:00","breadcrumb":{"@id":"https:\/\/wp.kristdemokraterna.se\/jonkoping\/textsida-med-vanster-sidebar\/oss-i-jonkoping\/#breadcrumb"},"inLanguage":"sv-SE","potentialAction":[{"@type":"ReadAction","target":["https:\/\/wp.kristdemokraterna.se\/jonkoping\/textsida-med-vanster-sidebar\/oss-i-jonkoping\/"]}]},{"@type":"ImageObject","inLanguage":"sv-SE","@id":"https:\/\/wp.kristdemokraterna.se\/jonkoping\/textsida-med-vanster-sidebar\/oss-i-jonkoping\/#primaryimage","url":"http:\/\/wp.kristdemokraterna.se\/jonkoping\/files\/2019\/03\/f0cd5822-3b9aca00-1-img_9683-200x300.jpg","contentUrl":"http:\/\/wp.kristdemokraterna.se\/jonkoping\/files\/2019\/03\/f0cd5822-3b9aca00-1-img_9683-200x300.jpg"},{"@type":"BreadcrumbList","@id":"https:\/\/wp.kristdemokraterna.se\/jonkoping\/textsida-med-vanster-sidebar\/oss-i-jonkoping\/#breadcrumb","itemListElement":[{"@type":"ListItem","position":1,"name":"Hem","item":"https:\/\/wp.kristdemokraterna.se\/jonkoping\/"},{"@type":"ListItem","position":2,"name":"V\u00e5r kommundelsf\u00f6rening J\u00f6nk\u00f6ping city","item":"https:\/\/wp.kristdemokraterna.se\/jonkoping\/textsida-med-vanster-sidebar\/"},{"@type":"ListItem","position":3,"name":"Oss i J\u00f6nk\u00f6ping"}]},{"@type":"WebSite","@id":"https:\/\/wp.kristdemokraterna.se\/jonkoping\/#website","url":"https:\/\/wp.kristdemokraterna.se\/jonkoping\/","name":"Kristdemokraterna J\u00f6nk\u00f6pings kommundelsf\u00f6rening","description":"Kristdemokraterna J\u00f6nk\u00f6pings kommundelsf\u00f6rening","inLanguage":"sv-SE"}]}},"_links":{"self":[{"href":"https:\/\/wp.kristdemokraterna.se\/jonkoping\/wp-json\/wp\/v2\/pages\/969","targetHints":{"allow":["GET"]}}],"collection":[{"href":"https:\/\/wp.kristdemokraterna.se\/jonkoping\/wp-json\/wp\/v2\/pages"}],"about":[{"href":"https:\/\/wp.kristdemokraterna.se\/jonkoping\/wp-json\/wp\/v2\/types\/page"}],"author":[{"embeddable":true,"href":"https:\/\/wp.kristdemokraterna.se\/jonkoping\/wp-json\/wp\/v2\/users\/34"}],"replies":[{"embeddable":true,"href":"https:\/\/wp.kristdemokraterna.se\/jonkoping\/wp-json\/wp\/v2\/comments?post=969"}],"version-history":[{"count":47,"href":"https:\/\/wp.kristdemokraterna.se\/jonkoping\/wp-json\/wp\/v2\/pages\/969\/revisions"}],"predecessor-version":[{"id":2204,"href":"https:\/\/wp.kristdemokraterna.se\/jonkoping\/wp-json\/wp\/v2\/pages\/969\/revisions\/2204"}],"up":[{"embeddable":true,"href":"https:\/\/wp.kristdemokraterna.se\/jonkoping\/wp-json\/wp\/v2\/pages\/269"}],"wp:attachment":[{"href":"https:\/\/wp.kristdemokraterna.se\/jonkoping\/wp-json\/wp\/v2\/media?parent=969"}],"curies":[{"name":"wp","href":"https:\/\/api.w.org\/{rel}","templated":true}]}}