{"id":269,"date":"2017-11-29T16:48:28","date_gmt":"2017-11-29T15:48:28","guid":{"rendered":"http:\/\/wp.kristdemokraterna.se\/jonkopingslan\/?page_id=269"},"modified":"2025-12-08T20:51:28","modified_gmt":"2025-12-08T19:51:28","slug":"textsida-med-vanster-sidebar","status":"publish","type":"page","link":"https:\/\/wp.kristdemokraterna.se\/jonkopingslan\/textsida-med-vanster-sidebar\/","title":{"rendered":"V\u00e5rt partidistrikt"},"content":{"rendered":"<p>Kristdemokraterna i J\u00f6nk\u00f6pings l\u00e4n \u00e4r ett partidistrikt inom partiet Kristdemokraterna. Partidistriktet \u00e4r den regionala organisationen inom partiet och \u00e4r en sammanslutning av alla inom omr\u00e5det verksamma partiavdelningar. Partiavdelningarna \u00e4r i sin tur den lokala organisationen inom partiet. I J\u00f6nk\u00f6pings l\u00e4n finns partiavdelningar i alla l\u00e4nets 13 kommuner.<\/p>\n<p>Partidistrikts\u00e5rsm\u00f6tet \u00e4r partidistriktets h\u00f6gsta beslutande organ, d\u00e4r de r\u00f6stber\u00e4ttigade utg\u00f6rs av ombud fr\u00e5n partiavdelningarna. Antalet ombud avg\u00f6rs av antalet medlemmar i partiavdelningen. Partidistrikts\u00e5rsm\u00f6tet beslutar bland annat om styrelse, verksamhetsplan, budget, valplan, valsedlar och valprogram.<\/p>\n<p>Partidistriktsstyrelsen \u00e4r h\u00f6gsta beslutande organ mellan partidistrikts\u00e5rsm\u00f6tena. Partidistriktsstyrelsen ska utifr\u00e5n partidistrikts\u00e5rsm\u00f6tets fattade beslut och \u00f6vriga antagna riktlinjer verkst\u00e4lla och leda partidistriktets verksamhet. Detta inneb\u00e4r bland annat att styrelsen handhar ekonomi, f\u00f6rbereder \u00e4renden till \u00e5rsm\u00f6tet, fr\u00e4mjar studie- och utbildningsverksamhet, bist\u00e5r partiavdelningar samt har ett \u00f6vergripande ansvar f\u00f6r regionpolitiken och valr\u00f6relser.<\/p>\n<p>Partidistriktsstyrelsens ordf\u00f6rande \u00e4r partidistriktets fr\u00e4msta f\u00f6retr\u00e4dare. Partidistriktet har \u00e4ven anst\u00e4llda ombudsm\u00e4n som i praktiken ombes\u00f6rjer partidistriktets verksamhet under styrelsens ledning.<\/p>\n<p>Regiongruppen best\u00e5r av Kristdemokraternas ledam\u00f6ter och ers\u00e4ttare i regionfullm\u00e4ktige och i regionens styrelser och n\u00e4mnder. Regiongruppen behandlar \u00e4renden vid gruppm\u00f6ten. Arbetet i regiongruppen syftar till att i samarbete \u00e5stadkomma en grundlig genomg\u00e5ng och beredning av de regionala fr\u00e5gor partiets representanter har att ta st\u00e4llning till. Regiongruppen har s\u00e5ledes det l\u00f6pande ansvaret f\u00f6r regionpolitiken. Principiellt viktiga fr\u00e5gor utan klara riktlinjer ska dock som utg\u00e5ngspunkt avg\u00f6ras av partidistriktsstyrelsen i samr\u00e5d med regiongruppen. Gruppledaren, som ocks\u00e5 \u00e4r regionr\u00e5d, leder regiongruppens arbete och har till sin hj\u00e4lp i planeringen en gruppstyrelse som ut\u00f6ver regionr\u00e5d och gruppledare best\u00e5r av vice gruppledare, f\u00f6rstanamnen i regionens politiska n\u00e4mnder samt politisk sekreterare. Regiongruppen har tj\u00e4nstemannast\u00f6d i form av en politisk sekreterare anst\u00e4lld vid Region J\u00f6nk\u00f6pings l\u00e4n.<\/p>\n","protected":false},"excerpt":{"rendered":"<p>Kristdemokraterna i J\u00f6nk\u00f6pings l\u00e4n \u00e4r ett partidistrikt inom partiet Kristdemokraterna. Partidistriktet \u00e4r den regionala organisationen inom partiet och \u00e4r en sammanslutning av alla inom omr\u00e5det verksamma partiavdelningar. Partiavdelningarna \u00e4r i sin tur den lokala organisationen inom partiet. I J\u00f6nk\u00f6pings l\u00e4n finns partiavdelningar i alla l\u00e4nets 13 kommuner. Partidistrikts\u00e5rsm\u00f6tet \u00e4r partidistriktets h\u00f6gsta beslutande organ, d\u00e4r de <a class=\"read-more-link\" href=\"https:\/\/wp.kristdemokraterna.se\/jonkopingslan\/textsida-med-vanster-sidebar\/\">L\u00e4s mer<\/a><\/p>\n","protected":false},"author":2,"featured_media":0,"parent":0,"menu_order":0,"comment_status":"closed","ping_status":"closed","template":"page.php","meta":{"_acf_changed":false,"footnotes":""},"class_list":["post-269","page","type-page","status-publish","hentry"],"acf":[],"yoast_head":"<!-- This site is optimized with the Yoast SEO plugin v27.3 - https:\/\/yoast.com\/product\/yoast-seo-wordpress\/ -->\n<title>V\u00e5rt partidistrikt - Kristdemokraterna | J\u00f6nk\u00f6pings l\u00e4n<\/title>\n<meta name=\"robots\" content=\"index, follow, max-snippet:-1, max-image-preview:large, max-video-preview:-1\" \/>\n<link rel=\"canonical\" href=\"https:\/\/wp.kristdemokraterna.se\/jonkopingslan\/textsida-med-vanster-sidebar\/\" \/>\n<meta property=\"og:locale\" content=\"sv_SE\" \/>\n<meta property=\"og:type\" content=\"article\" \/>\n<meta property=\"og:title\" content=\"V\u00e5rt partidistrikt - Kristdemokraterna | J\u00f6nk\u00f6pings l\u00e4n\" \/>\n<meta property=\"og:description\" content=\"Kristdemokraterna i J\u00f6nk\u00f6pings l\u00e4n \u00e4r ett partidistrikt inom partiet Kristdemokraterna. Partidistriktet \u00e4r den regionala organisationen inom partiet och \u00e4r en sammanslutning av alla inom omr\u00e5det verksamma partiavdelningar. Partiavdelningarna \u00e4r i sin tur den lokala organisationen inom partiet. I J\u00f6nk\u00f6pings l\u00e4n finns partiavdelningar i alla l\u00e4nets 13 kommuner. Partidistrikts\u00e5rsm\u00f6tet \u00e4r partidistriktets h\u00f6gsta beslutande organ, d\u00e4r de L\u00e4s mer\" \/>\n<meta property=\"og:url\" content=\"https:\/\/wp.kristdemokraterna.se\/jonkopingslan\/textsida-med-vanster-sidebar\/\" \/>\n<meta property=\"og:site_name\" content=\"Kristdemokraterna | J\u00f6nk\u00f6pings l\u00e4n\" \/>\n<meta property=\"article:modified_time\" content=\"2025-12-08T19:51:28+00:00\" \/>\n<meta name=\"twitter:card\" content=\"summary_large_image\" \/>\n<meta name=\"twitter:label1\" content=\"Ber\u00e4knad l\u00e4stid\" \/>\n\t<meta name=\"twitter:data1\" content=\"2 minuter\" \/>\n<script type=\"application\/ld+json\" class=\"yoast-schema-graph\">{\"@context\":\"https:\\\/\\\/schema.org\",\"@graph\":[{\"@type\":\"WebPage\",\"@id\":\"https:\\\/\\\/wp.kristdemokraterna.se\\\/jonkopingslan\\\/textsida-med-vanster-sidebar\\\/\",\"url\":\"https:\\\/\\\/wp.kristdemokraterna.se\\\/jonkopingslan\\\/textsida-med-vanster-sidebar\\\/\",\"name\":\"V\u00e5rt partidistrikt - Kristdemokraterna | J\u00f6nk\u00f6pings l\u00e4n\",\"isPartOf\":{\"@id\":\"https:\\\/\\\/wp.kristdemokraterna.se\\\/bjuv\\\/#website\"},\"datePublished\":\"2017-11-29T15:48:28+00:00\",\"dateModified\":\"2025-12-08T19:51:28+00:00\",\"breadcrumb\":{\"@id\":\"https:\\\/\\\/wp.kristdemokraterna.se\\\/jonkopingslan\\\/textsida-med-vanster-sidebar\\\/#breadcrumb\"},\"inLanguage\":\"sv-SE\",\"potentialAction\":[{\"@type\":\"ReadAction\",\"target\":[\"https:\\\/\\\/wp.kristdemokraterna.se\\\/jonkopingslan\\\/textsida-med-vanster-sidebar\\\/\"]}]},{\"@type\":\"BreadcrumbList\",\"@id\":\"https:\\\/\\\/wp.kristdemokraterna.se\\\/jonkopingslan\\\/textsida-med-vanster-sidebar\\\/#breadcrumb\",\"itemListElement\":[{\"@type\":\"ListItem\",\"position\":1,\"name\":\"Hem\",\"item\":\"https:\\\/\\\/wp.kristdemokraterna.se\\\/jonkopingslan\\\/\"},{\"@type\":\"ListItem\",\"position\":2,\"name\":\"V\u00e5rt partidistrikt\"}]},{\"@type\":\"WebSite\",\"@id\":\"https:\\\/\\\/wp.kristdemokraterna.se\\\/bjuv\\\/#website\",\"url\":\"https:\\\/\\\/wp.kristdemokraterna.se\\\/bjuv\\\/\",\"name\":\"Kristdemokraterna | J\u00f6nk\u00f6pings l\u00e4n\",\"description\":\"\",\"inLanguage\":\"sv-SE\"}]}<\/script>\n<!-- \/ Yoast SEO plugin. -->","yoast_head_json":{"title":"V\u00e5rt partidistrikt - Kristdemokraterna | J\u00f6nk\u00f6pings l\u00e4n","robots":{"index":"index","follow":"follow","max-snippet":"max-snippet:-1","max-image-preview":"max-image-preview:large","max-video-preview":"max-video-preview:-1"},"canonical":"https:\/\/wp.kristdemokraterna.se\/jonkopingslan\/textsida-med-vanster-sidebar\/","og_locale":"sv_SE","og_type":"article","og_title":"V\u00e5rt partidistrikt - Kristdemokraterna | J\u00f6nk\u00f6pings l\u00e4n","og_description":"Kristdemokraterna i J\u00f6nk\u00f6pings l\u00e4n \u00e4r ett partidistrikt inom partiet Kristdemokraterna. Partidistriktet \u00e4r den regionala organisationen inom partiet och \u00e4r en sammanslutning av alla inom omr\u00e5det verksamma partiavdelningar. Partiavdelningarna \u00e4r i sin tur den lokala organisationen inom partiet. I J\u00f6nk\u00f6pings l\u00e4n finns partiavdelningar i alla l\u00e4nets 13 kommuner. Partidistrikts\u00e5rsm\u00f6tet \u00e4r partidistriktets h\u00f6gsta beslutande organ, d\u00e4r de L\u00e4s mer","og_url":"https:\/\/wp.kristdemokraterna.se\/jonkopingslan\/textsida-med-vanster-sidebar\/","og_site_name":"Kristdemokraterna | J\u00f6nk\u00f6pings l\u00e4n","article_modified_time":"2025-12-08T19:51:28+00:00","twitter_card":"summary_large_image","twitter_misc":{"Ber\u00e4knad l\u00e4stid":"2 minuter"},"schema":{"@context":"https:\/\/schema.org","@graph":[{"@type":"WebPage","@id":"https:\/\/wp.kristdemokraterna.se\/jonkopingslan\/textsida-med-vanster-sidebar\/","url":"https:\/\/wp.kristdemokraterna.se\/jonkopingslan\/textsida-med-vanster-sidebar\/","name":"V\u00e5rt partidistrikt - Kristdemokraterna | J\u00f6nk\u00f6pings l\u00e4n","isPartOf":{"@id":"https:\/\/wp.kristdemokraterna.se\/bjuv\/#website"},"datePublished":"2017-11-29T15:48:28+00:00","dateModified":"2025-12-08T19:51:28+00:00","breadcrumb":{"@id":"https:\/\/wp.kristdemokraterna.se\/jonkopingslan\/textsida-med-vanster-sidebar\/#breadcrumb"},"inLanguage":"sv-SE","potentialAction":[{"@type":"ReadAction","target":["https:\/\/wp.kristdemokraterna.se\/jonkopingslan\/textsida-med-vanster-sidebar\/"]}]},{"@type":"BreadcrumbList","@id":"https:\/\/wp.kristdemokraterna.se\/jonkopingslan\/textsida-med-vanster-sidebar\/#breadcrumb","itemListElement":[{"@type":"ListItem","position":1,"name":"Hem","item":"https:\/\/wp.kristdemokraterna.se\/jonkopingslan\/"},{"@type":"ListItem","position":2,"name":"V\u00e5rt partidistrikt"}]},{"@type":"WebSite","@id":"https:\/\/wp.kristdemokraterna.se\/bjuv\/#website","url":"https:\/\/wp.kristdemokraterna.se\/bjuv\/","name":"Kristdemokraterna | J\u00f6nk\u00f6pings l\u00e4n","description":"","inLanguage":"sv-SE"}]}},"_links":{"self":[{"href":"https:\/\/wp.kristdemokraterna.se\/jonkopingslan\/wp-json\/wp\/v2\/pages\/269","targetHints":{"allow":["GET"]}}],"collection":[{"href":"https:\/\/wp.kristdemokraterna.se\/jonkopingslan\/wp-json\/wp\/v2\/pages"}],"about":[{"href":"https:\/\/wp.kristdemokraterna.se\/jonkopingslan\/wp-json\/wp\/v2\/types\/page"}],"author":[{"embeddable":true,"href":"https:\/\/wp.kristdemokraterna.se\/jonkopingslan\/wp-json\/wp\/v2\/users\/2"}],"replies":[{"embeddable":true,"href":"https:\/\/wp.kristdemokraterna.se\/jonkopingslan\/wp-json\/wp\/v2\/comments?post=269"}],"version-history":[{"count":23,"href":"https:\/\/wp.kristdemokraterna.se\/jonkopingslan\/wp-json\/wp\/v2\/pages\/269\/revisions"}],"predecessor-version":[{"id":701,"href":"https:\/\/wp.kristdemokraterna.se\/jonkopingslan\/wp-json\/wp\/v2\/pages\/269\/revisions\/701"}],"wp:attachment":[{"href":"https:\/\/wp.kristdemokraterna.se\/jonkopingslan\/wp-json\/wp\/v2\/media?parent=269"}],"curies":[{"name":"wp","href":"https:\/\/api.w.org\/{rel}","templated":true}]}}