{"id":342,"date":"2017-11-30T15:21:10","date_gmt":"2017-11-30T14:21:10","guid":{"rendered":"http:\/\/wp.kristdemokraterna.se\/jonkopingslan\/?page_id=342"},"modified":"2025-12-02T18:08:01","modified_gmt":"2025-12-02T17:08:01","slug":"regionpolitik","status":"publish","type":"page","link":"https:\/\/wp.kristdemokraterna.se\/jonkopingslan\/regionpolitik\/","title":{"rendered":"Regionpolitik"},"content":{"rendered":"<p>Under flikarna i menyn f\u00f6r denna sida hittar du mer information om Kristdemokraternas politik i Region J\u00f6nk\u00f6pings l\u00e4n. I v\u00e5ra politiska program f\u00f6r olika omr\u00e5den finns v\u00e5ra politiska f\u00f6rslag. I det regionala valprogrammet finns v\u00e5ra prioriteringar och f\u00f6rslag f\u00f6r den kommande mandatperioden. Under fliken om ageranden i regionen finns information om olika initiativ som tagits och f\u00f6rslag som lagts fram av Kristdemokraterna i opposition i regionen under nuvarande mandatperiod.<\/p>\n<p>V\u00e5r mest prioriterade fr\u00e5ga \u00e4r inv\u00e5narnas h\u00e4lsa. Det handlar om det v\u00e4lbefinnande som goda relationer och upplevelser ger, m\u00f6jligheterna att v\u00e4lja en h\u00e4lsosam livsstil och att v\u00e5rden finns tillg\u00e4nglig n\u00e4r man v\u00e4l beh\u00f6ver den.<\/p>\n<p>F\u00f6r att uppn\u00e5 detta kr\u00e4vs en v\u00e4lfungerande vardag. Kollektivtrafiken \u00e4r d\u00e5 ett verktyg som kan g\u00f6ra det m\u00f6jligt f\u00f6r m\u00e4nniskor att ta sig till arbetet, till sjukhus och v\u00e5rd, till fritidsaktiviteter och till m\u00f6ten med andra. D\u00e4rtill \u00e4r ett livskraftigt n\u00e4ringsliv en f\u00f6ruts\u00e4ttning. Det \u00e4r i f\u00f6retagen som jobben skapas och de resurser v\u00e4xer fram som sedan bekostar v\u00e5r gemensamma v\u00e4lf\u00e4rd.<\/p>\n<p>N\u00e5gra av v\u00e5ra viktigaste f\u00f6rslag \u00e4r i korthet:<\/p>\n<ul>\n<li>Ett h\u00e4lsosamt liv genom r\u00f6relsesatsning f\u00f6r barn och unga, st\u00f6d till familjer och st\u00e4rkta folkh\u00e4lsoorganisationer.<\/li>\n<li>V\u00e5rd n\u00e4ra dig genom n\u00e4rhet till en v\u00e5rdcentral, v\u00e5rd i hemmet och enklare v\u00e4gar in i v\u00e5rden d\u00e4r alla har \u201dsin\u201d l\u00e4kare.<\/li>\n<li>Smidigt att \u00e5ka kollektivt genom en biljettzon f\u00f6r hela l\u00e4net, buss on-demand och en busslinje mellan Eksj\u00f6 och V\u00e4rnamo via S\u00e4vsj\u00f6 som binder ihop l\u00e4net.<\/li>\n<li>B\u00e4sta platsen att bo, leva och verka p\u00e5 genom att bli Sveriges barnkulturl\u00e4n, utveckla v\u00e4gledningen till n\u00e4ringslivet och tillg\u00e4ngligg\u00f6ra friluftslivet.<\/li>\n<li>Ett gott f\u00f6rvaltarskap genom att vara b\u00e4st i landet p\u00e5 milj\u00f6arbete och cirkul\u00e4r ekonomi, minska on\u00f6dig administration och s\u00e4nka skatten n\u00e4r ekonomin till\u00e5ter.<\/li>\n<\/ul>\n","protected":false},"excerpt":{"rendered":"<p>Under flikarna i menyn f\u00f6r denna sida hittar du mer information om Kristdemokraternas politik i Region J\u00f6nk\u00f6pings l\u00e4n. I v\u00e5ra politiska program f\u00f6r olika omr\u00e5den finns v\u00e5ra politiska f\u00f6rslag. I det regionala valprogrammet finns v\u00e5ra prioriteringar och f\u00f6rslag f\u00f6r den kommande mandatperioden. Under fliken om ageranden i regionen finns information om olika initiativ som tagits <a class=\"read-more-link\" href=\"https:\/\/wp.kristdemokraterna.se\/jonkopingslan\/regionpolitik\/\">L\u00e4s mer<\/a><\/p>\n","protected":false},"author":2,"featured_media":0,"parent":0,"menu_order":0,"comment_status":"closed","ping_status":"closed","template":"page.php","meta":{"_acf_changed":false,"footnotes":""},"class_list":["post-342","page","type-page","status-publish","hentry"],"acf":[],"yoast_head":"<!-- This site is optimized with the Yoast SEO plugin v27.3 - https:\/\/yoast.com\/product\/yoast-seo-wordpress\/ -->\n<title>Regionpolitik - Kristdemokraterna | J\u00f6nk\u00f6pings l\u00e4n<\/title>\n<meta name=\"robots\" content=\"index, follow, max-snippet:-1, max-image-preview:large, max-video-preview:-1\" \/>\n<link rel=\"canonical\" href=\"https:\/\/wp.kristdemokraterna.se\/jonkopingslan\/regionpolitik\/\" \/>\n<meta property=\"og:locale\" content=\"sv_SE\" \/>\n<meta property=\"og:type\" content=\"article\" \/>\n<meta property=\"og:title\" content=\"Regionpolitik - Kristdemokraterna | J\u00f6nk\u00f6pings l\u00e4n\" \/>\n<meta property=\"og:description\" content=\"Under flikarna i menyn f\u00f6r denna sida hittar du mer information om Kristdemokraternas politik i Region J\u00f6nk\u00f6pings l\u00e4n. I v\u00e5ra politiska program f\u00f6r olika omr\u00e5den finns v\u00e5ra politiska f\u00f6rslag. I det regionala valprogrammet finns v\u00e5ra prioriteringar och f\u00f6rslag f\u00f6r den kommande mandatperioden. Under fliken om ageranden i regionen finns information om olika initiativ som tagits L\u00e4s mer\" \/>\n<meta property=\"og:url\" content=\"https:\/\/wp.kristdemokraterna.se\/jonkopingslan\/regionpolitik\/\" \/>\n<meta property=\"og:site_name\" content=\"Kristdemokraterna | J\u00f6nk\u00f6pings l\u00e4n\" \/>\n<meta property=\"article:modified_time\" content=\"2025-12-02T17:08:01+00:00\" \/>\n<meta name=\"twitter:card\" content=\"summary_large_image\" \/>\n<meta name=\"twitter:label1\" content=\"Ber\u00e4knad l\u00e4stid\" \/>\n\t<meta name=\"twitter:data1\" content=\"2 minuter\" \/>\n<script type=\"application\/ld+json\" class=\"yoast-schema-graph\">{\"@context\":\"https:\\\/\\\/schema.org\",\"@graph\":[{\"@type\":\"WebPage\",\"@id\":\"https:\\\/\\\/wp.kristdemokraterna.se\\\/jonkopingslan\\\/regionpolitik\\\/\",\"url\":\"https:\\\/\\\/wp.kristdemokraterna.se\\\/jonkopingslan\\\/regionpolitik\\\/\",\"name\":\"Regionpolitik - Kristdemokraterna | J\u00f6nk\u00f6pings l\u00e4n\",\"isPartOf\":{\"@id\":\"https:\\\/\\\/wp.kristdemokraterna.se\\\/bjuv\\\/#website\"},\"datePublished\":\"2017-11-30T14:21:10+00:00\",\"dateModified\":\"2025-12-02T17:08:01+00:00\",\"breadcrumb\":{\"@id\":\"https:\\\/\\\/wp.kristdemokraterna.se\\\/jonkopingslan\\\/regionpolitik\\\/#breadcrumb\"},\"inLanguage\":\"sv-SE\",\"potentialAction\":[{\"@type\":\"ReadAction\",\"target\":[\"https:\\\/\\\/wp.kristdemokraterna.se\\\/jonkopingslan\\\/regionpolitik\\\/\"]}]},{\"@type\":\"BreadcrumbList\",\"@id\":\"https:\\\/\\\/wp.kristdemokraterna.se\\\/jonkopingslan\\\/regionpolitik\\\/#breadcrumb\",\"itemListElement\":[{\"@type\":\"ListItem\",\"position\":1,\"name\":\"Hem\",\"item\":\"https:\\\/\\\/wp.kristdemokraterna.se\\\/jonkopingslan\\\/\"},{\"@type\":\"ListItem\",\"position\":2,\"name\":\"Regionpolitik\"}]},{\"@type\":\"WebSite\",\"@id\":\"https:\\\/\\\/wp.kristdemokraterna.se\\\/bjuv\\\/#website\",\"url\":\"https:\\\/\\\/wp.kristdemokraterna.se\\\/bjuv\\\/\",\"name\":\"Kristdemokraterna | J\u00f6nk\u00f6pings l\u00e4n\",\"description\":\"\",\"inLanguage\":\"sv-SE\"}]}<\/script>\n<!-- \/ Yoast SEO plugin. -->","yoast_head_json":{"title":"Regionpolitik - Kristdemokraterna | J\u00f6nk\u00f6pings l\u00e4n","robots":{"index":"index","follow":"follow","max-snippet":"max-snippet:-1","max-image-preview":"max-image-preview:large","max-video-preview":"max-video-preview:-1"},"canonical":"https:\/\/wp.kristdemokraterna.se\/jonkopingslan\/regionpolitik\/","og_locale":"sv_SE","og_type":"article","og_title":"Regionpolitik - Kristdemokraterna | J\u00f6nk\u00f6pings l\u00e4n","og_description":"Under flikarna i menyn f\u00f6r denna sida hittar du mer information om Kristdemokraternas politik i Region J\u00f6nk\u00f6pings l\u00e4n. I v\u00e5ra politiska program f\u00f6r olika omr\u00e5den finns v\u00e5ra politiska f\u00f6rslag. I det regionala valprogrammet finns v\u00e5ra prioriteringar och f\u00f6rslag f\u00f6r den kommande mandatperioden. Under fliken om ageranden i regionen finns information om olika initiativ som tagits L\u00e4s mer","og_url":"https:\/\/wp.kristdemokraterna.se\/jonkopingslan\/regionpolitik\/","og_site_name":"Kristdemokraterna | J\u00f6nk\u00f6pings l\u00e4n","article_modified_time":"2025-12-02T17:08:01+00:00","twitter_card":"summary_large_image","twitter_misc":{"Ber\u00e4knad l\u00e4stid":"2 minuter"},"schema":{"@context":"https:\/\/schema.org","@graph":[{"@type":"WebPage","@id":"https:\/\/wp.kristdemokraterna.se\/jonkopingslan\/regionpolitik\/","url":"https:\/\/wp.kristdemokraterna.se\/jonkopingslan\/regionpolitik\/","name":"Regionpolitik - Kristdemokraterna | J\u00f6nk\u00f6pings l\u00e4n","isPartOf":{"@id":"https:\/\/wp.kristdemokraterna.se\/bjuv\/#website"},"datePublished":"2017-11-30T14:21:10+00:00","dateModified":"2025-12-02T17:08:01+00:00","breadcrumb":{"@id":"https:\/\/wp.kristdemokraterna.se\/jonkopingslan\/regionpolitik\/#breadcrumb"},"inLanguage":"sv-SE","potentialAction":[{"@type":"ReadAction","target":["https:\/\/wp.kristdemokraterna.se\/jonkopingslan\/regionpolitik\/"]}]},{"@type":"BreadcrumbList","@id":"https:\/\/wp.kristdemokraterna.se\/jonkopingslan\/regionpolitik\/#breadcrumb","itemListElement":[{"@type":"ListItem","position":1,"name":"Hem","item":"https:\/\/wp.kristdemokraterna.se\/jonkopingslan\/"},{"@type":"ListItem","position":2,"name":"Regionpolitik"}]},{"@type":"WebSite","@id":"https:\/\/wp.kristdemokraterna.se\/bjuv\/#website","url":"https:\/\/wp.kristdemokraterna.se\/bjuv\/","name":"Kristdemokraterna | J\u00f6nk\u00f6pings l\u00e4n","description":"","inLanguage":"sv-SE"}]}},"_links":{"self":[{"href":"https:\/\/wp.kristdemokraterna.se\/jonkopingslan\/wp-json\/wp\/v2\/pages\/342","targetHints":{"allow":["GET"]}}],"collection":[{"href":"https:\/\/wp.kristdemokraterna.se\/jonkopingslan\/wp-json\/wp\/v2\/pages"}],"about":[{"href":"https:\/\/wp.kristdemokraterna.se\/jonkopingslan\/wp-json\/wp\/v2\/types\/page"}],"author":[{"embeddable":true,"href":"https:\/\/wp.kristdemokraterna.se\/jonkopingslan\/wp-json\/wp\/v2\/users\/2"}],"replies":[{"embeddable":true,"href":"https:\/\/wp.kristdemokraterna.se\/jonkopingslan\/wp-json\/wp\/v2\/comments?post=342"}],"version-history":[{"count":7,"href":"https:\/\/wp.kristdemokraterna.se\/jonkopingslan\/wp-json\/wp\/v2\/pages\/342\/revisions"}],"predecessor-version":[{"id":589,"href":"https:\/\/wp.kristdemokraterna.se\/jonkopingslan\/wp-json\/wp\/v2\/pages\/342\/revisions\/589"}],"wp:attachment":[{"href":"https:\/\/wp.kristdemokraterna.se\/jonkopingslan\/wp-json\/wp\/v2\/media?parent=342"}],"curies":[{"name":"wp","href":"https:\/\/api.w.org\/{rel}","templated":true}]}}