{"id":368,"date":"2017-12-04T16:44:15","date_gmt":"2017-12-04T15:44:15","guid":{"rendered":"http:\/\/wp.kristdemokraterna.se\/jonkopingslan\/?page_id=368"},"modified":"2025-12-02T17:26:57","modified_gmt":"2025-12-02T16:26:57","slug":"om-kristdemokraterna","status":"publish","type":"page","link":"https:\/\/wp.kristdemokraterna.se\/jonkopingslan\/textsida-fullbredd\/om-kristdemokraterna\/","title":{"rendered":"Om Kristdemokraterna"},"content":{"rendered":"<div id=\"svid12_53a0669f180dc5493671a4c\" class=\"sv-text-portlet sv-use-margins\">\n<div class=\"sv-text-portlet-content\">\n<p class=\"font-description\"><strong>Kristdemokraterna \u00e4r ett politiskt parti och bildades 1964. Ebba Busch \u00e4r partiordf\u00f6rande sedan 2015. Kristdemokraterna s\u00e4tter m\u00e4nniskov\u00e4rdet fr\u00e4mst och vill prioritera det som \u00e4r n\u00f6dv\u00e4ndigt f\u00f6r att bygga ett samh\u00e4lle som h\u00e5ller ihop. V\u00e5rden, \u00e4ldrefr\u00e5gorna och tryggheten \u00e4r v\u00e5ra prioriterade fr\u00e5gor.<\/strong><\/p>\n<\/div>\n<\/div>\n<div id=\"svid12_53a0669f180dc5493671a4d\" class=\"sv-text-portlet sv-use-margins\">\n<div class=\"sv-text-portlet-content\">\n<p class=\"font-normal\">V\u00e5rt partinamn ber\u00e4ttar vad vi st\u00e5r f\u00f6r \u2013 en demokrati byggd p\u00e5 kristen m\u00e4nniskosyn och v\u00e4rdegrund. En vanlig missuppfattning \u00e4r att man m\u00e5ste vara troende f\u00f6r att vara med. Det \u00e4r fel. Alla som delar v\u00e5ra id\u00e9er \u00e4r v\u00e4lkomna i partiet.<\/p>\n<h2 id=\"h-Faktaompartiet\" class=\"font-heading-2\">Fakta om partiet:<\/h2>\n<ul class=\" sol-bullet-list font-normal\">\n<li>Partiets ordf\u00f6rande heter Ebba Busch.<\/li>\n<li>Vi har 19 riksdagsledam\u00f6ter. Kristdemokraterna fick sitt f\u00f6rsta riksdagsmandat 1985 genom samverkan med Centerpartiet. 1991 kom partiet in av egen kraft. I det senaste riksdagsvalet fick Kristdemokraterna 5,34 procent av r\u00f6sterna.<\/li>\n<li>Vi har 22 000 medlemmar. Vi \u00e4r organiserade i 22 partidistrikt. Ett distrikt omfattar oftast ett l\u00e4n.<\/li>\n<li>KD har 757 kommunfullm\u00e4ktigeledam\u00f6ter vilket \u00e4r en \u00f6kning med 81 ledam\u00f6ter. KD finns med i 261 av landets 290 kommuner varav 9 \u00e4r kommuner som vi tidigare saknade representation i.<\/li>\n<li>KD har 133 regionfullm\u00e4ktigeledam\u00f6ter vilket \u00e4r en \u00f6kning med 14 ledam\u00f6ter. KD finns numera i landets samtliga 21 regionfullm\u00e4ktige &#8211; Norrbotten var den region d\u00e4r vi nu \u00e5terh\u00e4mtade representation efter 12 \u00e5r.<\/li>\n<li>KD innehar Kommunstyrelsens ordf\u00f6randepost i f\u00f6ljande kommuner: Markaryd (Bengt Germundsson), S\u00e4vsj\u00f6 (Therese Petersson), \u00d6cker\u00f6 (Jan Utbult), \u00c5rj\u00e4ng (Jonas \u00c5s), Lycksele (Roland Sj\u00f6gren) och Mullsj\u00f6 (Per H\u00f6gberg).<\/li>\n<li>I partiet finns ocks\u00e5 ett <a href=\"https:\/\/www.kdkvinnor.se\/\">kvinnof\u00f6rbund<\/a>, ett <a href=\"https:\/\/www.kdu.se\/\">ungdomsf\u00f6rbund<\/a>\u00a0och ett <a href=\"https:\/\/wp.kristdemokraterna.se\/kdsenior\/\">seniorf\u00f6rbund.<\/a> Partiet har \u00e4ven en n\u00e4ra relation till <a href=\"https:\/\/www.kdstudenter.se\/\">KSF<\/a> och <a href=\"https:\/\/www.kd-b.se\/\">KD-B<\/a>.<\/li>\n<li>\u00c5r 2005 startade organisationen <a href=\"https:\/\/kicsweden.org\/\">KIC \u2013 Kristdemokratiskt Internationellt Center<\/a> som arbetar med demokratibist\u00e5nd. De st\u00f6djer andra kristdemokratiska partier. I diktaturer st\u00f6ttar de demokratir\u00f6relser som befinner sig i opposition.<\/li>\n<li>Kristdemokraterna \u00e4r representerat i Europaparlamentet med en ledamot: Alice Teodorescu M\u00e5we. I EU-valet 2024 fick partiet valresultatet 5,71 procent. P\u00e5 europeisk niv\u00e5 utg\u00f6r Kristdemokraterna en del av EPP \u2013 European People\u2019s Party \u2013 en sammanslutning av kristdemokratiska partier i Europa. EPP \u00e4r den st\u00f6rsta partigruppen i Europaparlamentet.<\/li>\n<\/ul>\n<\/div>\n<\/div>\n","protected":false},"excerpt":{"rendered":"<p>Kristdemokraterna \u00e4r ett politiskt parti och bildades 1964. Ebba Busch \u00e4r partiordf\u00f6rande sedan 2015. Kristdemokraterna s\u00e4tter m\u00e4nniskov\u00e4rdet fr\u00e4mst och vill prioritera det som \u00e4r n\u00f6dv\u00e4ndigt f\u00f6r att bygga ett samh\u00e4lle som h\u00e5ller ihop. V\u00e5rden, \u00e4ldrefr\u00e5gorna och tryggheten \u00e4r v\u00e5ra prioriterade fr\u00e5gor. V\u00e5rt partinamn ber\u00e4ttar vad vi st\u00e5r f\u00f6r \u2013 en demokrati byggd p\u00e5 kristen m\u00e4nniskosyn <a class=\"read-more-link\" href=\"https:\/\/wp.kristdemokraterna.se\/jonkopingslan\/textsida-fullbredd\/om-kristdemokraterna\/\">L\u00e4s mer<\/a><\/p>\n","protected":false},"author":2,"featured_media":0,"parent":272,"menu_order":0,"comment_status":"closed","ping_status":"closed","template":"page.php","meta":{"_acf_changed":false,"footnotes":""},"class_list":["post-368","page","type-page","status-publish","hentry"],"acf":[],"yoast_head":"<!-- This site is optimized with the Yoast SEO plugin v27.3 - https:\/\/yoast.com\/product\/yoast-seo-wordpress\/ -->\n<title>Om Kristdemokraterna - Kristdemokraterna | J\u00f6nk\u00f6pings l\u00e4n<\/title>\n<meta name=\"robots\" content=\"index, follow, max-snippet:-1, max-image-preview:large, max-video-preview:-1\" \/>\n<link rel=\"canonical\" href=\"https:\/\/wp.kristdemokraterna.se\/jonkopingslan\/textsida-fullbredd\/om-kristdemokraterna\/\" \/>\n<meta property=\"og:locale\" content=\"sv_SE\" \/>\n<meta property=\"og:type\" content=\"article\" \/>\n<meta property=\"og:title\" content=\"Om Kristdemokraterna - Kristdemokraterna | J\u00f6nk\u00f6pings l\u00e4n\" \/>\n<meta property=\"og:description\" content=\"Kristdemokraterna \u00e4r ett politiskt parti och bildades 1964. Ebba Busch \u00e4r partiordf\u00f6rande sedan 2015. Kristdemokraterna s\u00e4tter m\u00e4nniskov\u00e4rdet fr\u00e4mst och vill prioritera det som \u00e4r n\u00f6dv\u00e4ndigt f\u00f6r att bygga ett samh\u00e4lle som h\u00e5ller ihop. V\u00e5rden, \u00e4ldrefr\u00e5gorna och tryggheten \u00e4r v\u00e5ra prioriterade fr\u00e5gor. V\u00e5rt partinamn ber\u00e4ttar vad vi st\u00e5r f\u00f6r \u2013 en demokrati byggd p\u00e5 kristen m\u00e4nniskosyn L\u00e4s mer\" \/>\n<meta property=\"og:url\" content=\"https:\/\/wp.kristdemokraterna.se\/jonkopingslan\/textsida-fullbredd\/om-kristdemokraterna\/\" \/>\n<meta property=\"og:site_name\" content=\"Kristdemokraterna | J\u00f6nk\u00f6pings l\u00e4n\" \/>\n<meta property=\"article:modified_time\" content=\"2025-12-02T16:26:57+00:00\" \/>\n<meta name=\"twitter:card\" content=\"summary_large_image\" \/>\n<meta name=\"twitter:label1\" content=\"Ber\u00e4knad l\u00e4stid\" \/>\n\t<meta name=\"twitter:data1\" content=\"2 minuter\" \/>\n<script type=\"application\/ld+json\" class=\"yoast-schema-graph\">{\"@context\":\"https:\\\/\\\/schema.org\",\"@graph\":[{\"@type\":\"WebPage\",\"@id\":\"https:\\\/\\\/wp.kristdemokraterna.se\\\/jonkopingslan\\\/textsida-fullbredd\\\/om-kristdemokraterna\\\/\",\"url\":\"https:\\\/\\\/wp.kristdemokraterna.se\\\/jonkopingslan\\\/textsida-fullbredd\\\/om-kristdemokraterna\\\/\",\"name\":\"Om Kristdemokraterna - Kristdemokraterna | J\u00f6nk\u00f6pings l\u00e4n\",\"isPartOf\":{\"@id\":\"https:\\\/\\\/wp.kristdemokraterna.se\\\/bjuv\\\/#website\"},\"datePublished\":\"2017-12-04T15:44:15+00:00\",\"dateModified\":\"2025-12-02T16:26:57+00:00\",\"breadcrumb\":{\"@id\":\"https:\\\/\\\/wp.kristdemokraterna.se\\\/jonkopingslan\\\/textsida-fullbredd\\\/om-kristdemokraterna\\\/#breadcrumb\"},\"inLanguage\":\"sv-SE\",\"potentialAction\":[{\"@type\":\"ReadAction\",\"target\":[\"https:\\\/\\\/wp.kristdemokraterna.se\\\/jonkopingslan\\\/textsida-fullbredd\\\/om-kristdemokraterna\\\/\"]}]},{\"@type\":\"BreadcrumbList\",\"@id\":\"https:\\\/\\\/wp.kristdemokraterna.se\\\/jonkopingslan\\\/textsida-fullbredd\\\/om-kristdemokraterna\\\/#breadcrumb\",\"itemListElement\":[{\"@type\":\"ListItem\",\"position\":1,\"name\":\"Hem\",\"item\":\"https:\\\/\\\/wp.kristdemokraterna.se\\\/jonkopingslan\\\/\"},{\"@type\":\"ListItem\",\"position\":2,\"name\":\"V\u00e5rt parti\",\"item\":\"https:\\\/\\\/wp.kristdemokraterna.se\\\/jonkopingslan\\\/textsida-fullbredd\\\/\"},{\"@type\":\"ListItem\",\"position\":3,\"name\":\"Om Kristdemokraterna\"}]},{\"@type\":\"WebSite\",\"@id\":\"https:\\\/\\\/wp.kristdemokraterna.se\\\/bjuv\\\/#website\",\"url\":\"https:\\\/\\\/wp.kristdemokraterna.se\\\/bjuv\\\/\",\"name\":\"Kristdemokraterna | J\u00f6nk\u00f6pings l\u00e4n\",\"description\":\"\",\"inLanguage\":\"sv-SE\"}]}<\/script>\n<!-- \/ Yoast SEO plugin. -->","yoast_head_json":{"title":"Om Kristdemokraterna - Kristdemokraterna | J\u00f6nk\u00f6pings l\u00e4n","robots":{"index":"index","follow":"follow","max-snippet":"max-snippet:-1","max-image-preview":"max-image-preview:large","max-video-preview":"max-video-preview:-1"},"canonical":"https:\/\/wp.kristdemokraterna.se\/jonkopingslan\/textsida-fullbredd\/om-kristdemokraterna\/","og_locale":"sv_SE","og_type":"article","og_title":"Om Kristdemokraterna - Kristdemokraterna | J\u00f6nk\u00f6pings l\u00e4n","og_description":"Kristdemokraterna \u00e4r ett politiskt parti och bildades 1964. Ebba Busch \u00e4r partiordf\u00f6rande sedan 2015. Kristdemokraterna s\u00e4tter m\u00e4nniskov\u00e4rdet fr\u00e4mst och vill prioritera det som \u00e4r n\u00f6dv\u00e4ndigt f\u00f6r att bygga ett samh\u00e4lle som h\u00e5ller ihop. V\u00e5rden, \u00e4ldrefr\u00e5gorna och tryggheten \u00e4r v\u00e5ra prioriterade fr\u00e5gor. V\u00e5rt partinamn ber\u00e4ttar vad vi st\u00e5r f\u00f6r \u2013 en demokrati byggd p\u00e5 kristen m\u00e4nniskosyn L\u00e4s mer","og_url":"https:\/\/wp.kristdemokraterna.se\/jonkopingslan\/textsida-fullbredd\/om-kristdemokraterna\/","og_site_name":"Kristdemokraterna | J\u00f6nk\u00f6pings l\u00e4n","article_modified_time":"2025-12-02T16:26:57+00:00","twitter_card":"summary_large_image","twitter_misc":{"Ber\u00e4knad l\u00e4stid":"2 minuter"},"schema":{"@context":"https:\/\/schema.org","@graph":[{"@type":"WebPage","@id":"https:\/\/wp.kristdemokraterna.se\/jonkopingslan\/textsida-fullbredd\/om-kristdemokraterna\/","url":"https:\/\/wp.kristdemokraterna.se\/jonkopingslan\/textsida-fullbredd\/om-kristdemokraterna\/","name":"Om Kristdemokraterna - Kristdemokraterna | J\u00f6nk\u00f6pings l\u00e4n","isPartOf":{"@id":"https:\/\/wp.kristdemokraterna.se\/bjuv\/#website"},"datePublished":"2017-12-04T15:44:15+00:00","dateModified":"2025-12-02T16:26:57+00:00","breadcrumb":{"@id":"https:\/\/wp.kristdemokraterna.se\/jonkopingslan\/textsida-fullbredd\/om-kristdemokraterna\/#breadcrumb"},"inLanguage":"sv-SE","potentialAction":[{"@type":"ReadAction","target":["https:\/\/wp.kristdemokraterna.se\/jonkopingslan\/textsida-fullbredd\/om-kristdemokraterna\/"]}]},{"@type":"BreadcrumbList","@id":"https:\/\/wp.kristdemokraterna.se\/jonkopingslan\/textsida-fullbredd\/om-kristdemokraterna\/#breadcrumb","itemListElement":[{"@type":"ListItem","position":1,"name":"Hem","item":"https:\/\/wp.kristdemokraterna.se\/jonkopingslan\/"},{"@type":"ListItem","position":2,"name":"V\u00e5rt parti","item":"https:\/\/wp.kristdemokraterna.se\/jonkopingslan\/textsida-fullbredd\/"},{"@type":"ListItem","position":3,"name":"Om Kristdemokraterna"}]},{"@type":"WebSite","@id":"https:\/\/wp.kristdemokraterna.se\/bjuv\/#website","url":"https:\/\/wp.kristdemokraterna.se\/bjuv\/","name":"Kristdemokraterna | J\u00f6nk\u00f6pings l\u00e4n","description":"","inLanguage":"sv-SE"}]}},"_links":{"self":[{"href":"https:\/\/wp.kristdemokraterna.se\/jonkopingslan\/wp-json\/wp\/v2\/pages\/368","targetHints":{"allow":["GET"]}}],"collection":[{"href":"https:\/\/wp.kristdemokraterna.se\/jonkopingslan\/wp-json\/wp\/v2\/pages"}],"about":[{"href":"https:\/\/wp.kristdemokraterna.se\/jonkopingslan\/wp-json\/wp\/v2\/types\/page"}],"author":[{"embeddable":true,"href":"https:\/\/wp.kristdemokraterna.se\/jonkopingslan\/wp-json\/wp\/v2\/users\/2"}],"replies":[{"embeddable":true,"href":"https:\/\/wp.kristdemokraterna.se\/jonkopingslan\/wp-json\/wp\/v2\/comments?post=368"}],"version-history":[{"count":8,"href":"https:\/\/wp.kristdemokraterna.se\/jonkopingslan\/wp-json\/wp\/v2\/pages\/368\/revisions"}],"predecessor-version":[{"id":568,"href":"https:\/\/wp.kristdemokraterna.se\/jonkopingslan\/wp-json\/wp\/v2\/pages\/368\/revisions\/568"}],"up":[{"embeddable":true,"href":"https:\/\/wp.kristdemokraterna.se\/jonkopingslan\/wp-json\/wp\/v2\/pages\/272"}],"wp:attachment":[{"href":"https:\/\/wp.kristdemokraterna.se\/jonkopingslan\/wp-json\/wp\/v2\/media?parent=368"}],"curies":[{"name":"wp","href":"https:\/\/api.w.org\/{rel}","templated":true}]}}