{"id":569,"date":"2025-12-02T17:30:33","date_gmt":"2025-12-02T16:30:33","guid":{"rendered":"https:\/\/wp.kristdemokraterna.se\/jonkopingslan\/?page_id=569"},"modified":"2025-12-03T16:26:42","modified_gmt":"2025-12-03T15:26:42","slug":"politiska-program","status":"publish","type":"page","link":"https:\/\/wp.kristdemokraterna.se\/jonkopingslan\/regionpolitik\/politiska-program\/","title":{"rendered":"Politiska program"},"content":{"rendered":"<p><a href=\"http:\/\/wp.kristdemokraterna.se\/jonkopingslan\/files\/2025\/12\/kd_budget-for-2026-med-flerarsplan-2027-2028-kortversion.pdf\">Kristdemokraternas budgetf\u00f6rslag f\u00f6r 2026 i Region J\u00f6nk\u00f6pings l\u00e4n<\/a><\/p>\n<p><a href=\"http:\/\/wp.kristdemokraterna.se\/jonkopingslan\/files\/2025\/12\/kd_kollektivtrafiksprogram_en-frihetsreform_20240520.pdf\">Kollektivtrafiksprogram \u2013 En frihetsreform (2024-05-20)<\/a><\/p>\n","protected":false},"excerpt":{"rendered":"<p>Kristdemokraternas budgetf\u00f6rslag f\u00f6r 2026 i Region J\u00f6nk\u00f6pings l\u00e4n Kollektivtrafiksprogram \u2013 En frihetsreform (2024-05-20)<\/p>\n","protected":false},"author":1102,"featured_media":0,"parent":342,"menu_order":0,"comment_status":"closed","ping_status":"closed","template":"","meta":{"_acf_changed":false,"footnotes":""},"class_list":["post-569","page","type-page","status-publish","hentry"],"acf":[],"yoast_head":"<!-- This site is optimized with the Yoast SEO plugin v27.3 - https:\/\/yoast.com\/product\/yoast-seo-wordpress\/ -->\n<title>Politiska program - Kristdemokraterna | J\u00f6nk\u00f6pings l\u00e4n<\/title>\n<meta name=\"robots\" content=\"index, follow, max-snippet:-1, max-image-preview:large, max-video-preview:-1\" \/>\n<link rel=\"canonical\" href=\"https:\/\/wp.kristdemokraterna.se\/jonkopingslan\/regionpolitik\/politiska-program\/\" \/>\n<meta property=\"og:locale\" content=\"sv_SE\" \/>\n<meta property=\"og:type\" content=\"article\" \/>\n<meta property=\"og:title\" content=\"Politiska program - Kristdemokraterna | J\u00f6nk\u00f6pings l\u00e4n\" \/>\n<meta property=\"og:description\" content=\"Kristdemokraternas budgetf\u00f6rslag f\u00f6r 2026 i Region J\u00f6nk\u00f6pings l\u00e4n Kollektivtrafiksprogram \u2013 En frihetsreform (2024-05-20)\" \/>\n<meta property=\"og:url\" content=\"https:\/\/wp.kristdemokraterna.se\/jonkopingslan\/regionpolitik\/politiska-program\/\" \/>\n<meta property=\"og:site_name\" content=\"Kristdemokraterna | J\u00f6nk\u00f6pings l\u00e4n\" \/>\n<meta property=\"article:modified_time\" content=\"2025-12-03T15:26:42+00:00\" \/>\n<meta name=\"twitter:card\" content=\"summary_large_image\" \/>\n<meta name=\"twitter:label1\" content=\"Ber\u00e4knad l\u00e4stid\" \/>\n\t<meta name=\"twitter:data1\" content=\"1 minut\" \/>\n<script type=\"application\/ld+json\" class=\"yoast-schema-graph\">{\"@context\":\"https:\\\/\\\/schema.org\",\"@graph\":[{\"@type\":\"WebPage\",\"@id\":\"https:\\\/\\\/wp.kristdemokraterna.se\\\/jonkopingslan\\\/regionpolitik\\\/politiska-program\\\/\",\"url\":\"https:\\\/\\\/wp.kristdemokraterna.se\\\/jonkopingslan\\\/regionpolitik\\\/politiska-program\\\/\",\"name\":\"Politiska program - Kristdemokraterna | J\u00f6nk\u00f6pings l\u00e4n\",\"isPartOf\":{\"@id\":\"https:\\\/\\\/wp.kristdemokraterna.se\\\/bjuv\\\/#website\"},\"datePublished\":\"2025-12-02T16:30:33+00:00\",\"dateModified\":\"2025-12-03T15:26:42+00:00\",\"breadcrumb\":{\"@id\":\"https:\\\/\\\/wp.kristdemokraterna.se\\\/jonkopingslan\\\/regionpolitik\\\/politiska-program\\\/#breadcrumb\"},\"inLanguage\":\"sv-SE\",\"potentialAction\":[{\"@type\":\"ReadAction\",\"target\":[\"https:\\\/\\\/wp.kristdemokraterna.se\\\/jonkopingslan\\\/regionpolitik\\\/politiska-program\\\/\"]}]},{\"@type\":\"BreadcrumbList\",\"@id\":\"https:\\\/\\\/wp.kristdemokraterna.se\\\/jonkopingslan\\\/regionpolitik\\\/politiska-program\\\/#breadcrumb\",\"itemListElement\":[{\"@type\":\"ListItem\",\"position\":1,\"name\":\"Hem\",\"item\":\"https:\\\/\\\/wp.kristdemokraterna.se\\\/jonkopingslan\\\/\"},{\"@type\":\"ListItem\",\"position\":2,\"name\":\"Regionpolitik\",\"item\":\"https:\\\/\\\/wp.kristdemokraterna.se\\\/jonkopingslan\\\/regionpolitik\\\/\"},{\"@type\":\"ListItem\",\"position\":3,\"name\":\"Politiska program\"}]},{\"@type\":\"WebSite\",\"@id\":\"https:\\\/\\\/wp.kristdemokraterna.se\\\/bjuv\\\/#website\",\"url\":\"https:\\\/\\\/wp.kristdemokraterna.se\\\/bjuv\\\/\",\"name\":\"Kristdemokraterna | J\u00f6nk\u00f6pings l\u00e4n\",\"description\":\"\",\"inLanguage\":\"sv-SE\"}]}<\/script>\n<!-- \/ Yoast SEO plugin. -->","yoast_head_json":{"title":"Politiska program - Kristdemokraterna | J\u00f6nk\u00f6pings l\u00e4n","robots":{"index":"index","follow":"follow","max-snippet":"max-snippet:-1","max-image-preview":"max-image-preview:large","max-video-preview":"max-video-preview:-1"},"canonical":"https:\/\/wp.kristdemokraterna.se\/jonkopingslan\/regionpolitik\/politiska-program\/","og_locale":"sv_SE","og_type":"article","og_title":"Politiska program - Kristdemokraterna | J\u00f6nk\u00f6pings l\u00e4n","og_description":"Kristdemokraternas budgetf\u00f6rslag f\u00f6r 2026 i Region J\u00f6nk\u00f6pings l\u00e4n Kollektivtrafiksprogram \u2013 En frihetsreform (2024-05-20)","og_url":"https:\/\/wp.kristdemokraterna.se\/jonkopingslan\/regionpolitik\/politiska-program\/","og_site_name":"Kristdemokraterna | J\u00f6nk\u00f6pings l\u00e4n","article_modified_time":"2025-12-03T15:26:42+00:00","twitter_card":"summary_large_image","twitter_misc":{"Ber\u00e4knad l\u00e4stid":"1 minut"},"schema":{"@context":"https:\/\/schema.org","@graph":[{"@type":"WebPage","@id":"https:\/\/wp.kristdemokraterna.se\/jonkopingslan\/regionpolitik\/politiska-program\/","url":"https:\/\/wp.kristdemokraterna.se\/jonkopingslan\/regionpolitik\/politiska-program\/","name":"Politiska program - Kristdemokraterna | J\u00f6nk\u00f6pings l\u00e4n","isPartOf":{"@id":"https:\/\/wp.kristdemokraterna.se\/bjuv\/#website"},"datePublished":"2025-12-02T16:30:33+00:00","dateModified":"2025-12-03T15:26:42+00:00","breadcrumb":{"@id":"https:\/\/wp.kristdemokraterna.se\/jonkopingslan\/regionpolitik\/politiska-program\/#breadcrumb"},"inLanguage":"sv-SE","potentialAction":[{"@type":"ReadAction","target":["https:\/\/wp.kristdemokraterna.se\/jonkopingslan\/regionpolitik\/politiska-program\/"]}]},{"@type":"BreadcrumbList","@id":"https:\/\/wp.kristdemokraterna.se\/jonkopingslan\/regionpolitik\/politiska-program\/#breadcrumb","itemListElement":[{"@type":"ListItem","position":1,"name":"Hem","item":"https:\/\/wp.kristdemokraterna.se\/jonkopingslan\/"},{"@type":"ListItem","position":2,"name":"Regionpolitik","item":"https:\/\/wp.kristdemokraterna.se\/jonkopingslan\/regionpolitik\/"},{"@type":"ListItem","position":3,"name":"Politiska program"}]},{"@type":"WebSite","@id":"https:\/\/wp.kristdemokraterna.se\/bjuv\/#website","url":"https:\/\/wp.kristdemokraterna.se\/bjuv\/","name":"Kristdemokraterna | J\u00f6nk\u00f6pings l\u00e4n","description":"","inLanguage":"sv-SE"}]}},"_links":{"self":[{"href":"https:\/\/wp.kristdemokraterna.se\/jonkopingslan\/wp-json\/wp\/v2\/pages\/569","targetHints":{"allow":["GET"]}}],"collection":[{"href":"https:\/\/wp.kristdemokraterna.se\/jonkopingslan\/wp-json\/wp\/v2\/pages"}],"about":[{"href":"https:\/\/wp.kristdemokraterna.se\/jonkopingslan\/wp-json\/wp\/v2\/types\/page"}],"author":[{"embeddable":true,"href":"https:\/\/wp.kristdemokraterna.se\/jonkopingslan\/wp-json\/wp\/v2\/users\/1102"}],"replies":[{"embeddable":true,"href":"https:\/\/wp.kristdemokraterna.se\/jonkopingslan\/wp-json\/wp\/v2\/comments?post=569"}],"version-history":[{"count":3,"href":"https:\/\/wp.kristdemokraterna.se\/jonkopingslan\/wp-json\/wp\/v2\/pages\/569\/revisions"}],"predecessor-version":[{"id":643,"href":"https:\/\/wp.kristdemokraterna.se\/jonkopingslan\/wp-json\/wp\/v2\/pages\/569\/revisions\/643"}],"up":[{"embeddable":true,"href":"https:\/\/wp.kristdemokraterna.se\/jonkopingslan\/wp-json\/wp\/v2\/pages\/342"}],"wp:attachment":[{"href":"https:\/\/wp.kristdemokraterna.se\/jonkopingslan\/wp-json\/wp\/v2\/media?parent=569"}],"curies":[{"name":"wp","href":"https:\/\/api.w.org\/{rel}","templated":true}]}}