{"id":680,"date":"2025-12-05T09:30:50","date_gmt":"2025-12-05T08:30:50","guid":{"rendered":"https:\/\/wp.kristdemokraterna.se\/jonkopingslan\/?page_id=680"},"modified":"2026-01-12T13:36:29","modified_gmt":"2026-01-12T12:36:29","slug":"sociala-medier","status":"publish","type":"page","link":"https:\/\/wp.kristdemokraterna.se\/jonkopingslan\/textsida-med-vanster-sidebar\/sociala-medier\/","title":{"rendered":"Sociala medier"},"content":{"rendered":"<p>Nedan finns l\u00e4nkar till partidistriktets och regionr\u00e5det Stina Sinclairs sociala medier-kanaler.<\/p>\n<p><a href=\"https:\/\/www.facebook.com\/kristdemokraterna.jonkopings.lan\/?locale=sv_SE\">Facebook-sida f\u00f6r Kristdemokraterna i J\u00f6nk\u00f6pings l\u00e4n<\/a><\/p>\n<p><a href=\"https:\/\/www.instagram.com\/kd_jonkopingslan\/\">Instagram f\u00f6r Kristdemokraterna i J\u00f6nk\u00f6pings l\u00e4n<\/a><\/p>\n<p><a href=\"https:\/\/www.facebook.com\/people\/Stina-Sinclair-KD\/61584468776557\/\">Facebook-sida f\u00f6r Stina Sinclair<\/a><\/p>\n<p><a href=\"https:\/\/www.instagram.com\/stina_sinclair_kd\/\">Instagram f\u00f6r Stina Sinclair<\/a><\/p>\n","protected":false},"excerpt":{"rendered":"<p>Nedan finns l\u00e4nkar till partidistriktets och regionr\u00e5det Stina Sinclairs sociala medier-kanaler. Facebook-sida f\u00f6r Kristdemokraterna i J\u00f6nk\u00f6pings l\u00e4n Instagram f\u00f6r Kristdemokraterna i J\u00f6nk\u00f6pings l\u00e4n Facebook-sida f\u00f6r Stina Sinclair Instagram f\u00f6r Stina Sinclair<\/p>\n","protected":false},"author":1102,"featured_media":0,"parent":269,"menu_order":0,"comment_status":"closed","ping_status":"closed","template":"","meta":{"_acf_changed":false,"footnotes":""},"class_list":["post-680","page","type-page","status-publish","hentry"],"acf":[],"yoast_head":"<!-- This site is optimized with the Yoast SEO plugin v27.3 - https:\/\/yoast.com\/product\/yoast-seo-wordpress\/ -->\n<title>Sociala medier - Kristdemokraterna | J\u00f6nk\u00f6pings l\u00e4n<\/title>\n<meta name=\"robots\" content=\"index, follow, max-snippet:-1, max-image-preview:large, max-video-preview:-1\" \/>\n<link rel=\"canonical\" href=\"https:\/\/wp.kristdemokraterna.se\/jonkopingslan\/textsida-med-vanster-sidebar\/sociala-medier\/\" \/>\n<meta property=\"og:locale\" content=\"sv_SE\" \/>\n<meta property=\"og:type\" content=\"article\" \/>\n<meta property=\"og:title\" content=\"Sociala medier - Kristdemokraterna | J\u00f6nk\u00f6pings l\u00e4n\" \/>\n<meta property=\"og:description\" content=\"Nedan finns l\u00e4nkar till partidistriktets och regionr\u00e5det Stina Sinclairs sociala medier-kanaler. Facebook-sida f\u00f6r Kristdemokraterna i J\u00f6nk\u00f6pings l\u00e4n Instagram f\u00f6r Kristdemokraterna i J\u00f6nk\u00f6pings l\u00e4n Facebook-sida f\u00f6r Stina Sinclair Instagram f\u00f6r Stina Sinclair\" \/>\n<meta property=\"og:url\" content=\"https:\/\/wp.kristdemokraterna.se\/jonkopingslan\/textsida-med-vanster-sidebar\/sociala-medier\/\" \/>\n<meta property=\"og:site_name\" content=\"Kristdemokraterna | J\u00f6nk\u00f6pings l\u00e4n\" \/>\n<meta property=\"article:modified_time\" content=\"2026-01-12T12:36:29+00:00\" \/>\n<meta name=\"twitter:card\" content=\"summary_large_image\" \/>\n<meta name=\"twitter:label1\" content=\"Ber\u00e4knad l\u00e4stid\" \/>\n\t<meta name=\"twitter:data1\" content=\"1 minut\" \/>\n<script type=\"application\/ld+json\" class=\"yoast-schema-graph\">{\"@context\":\"https:\\\/\\\/schema.org\",\"@graph\":[{\"@type\":\"WebPage\",\"@id\":\"https:\\\/\\\/wp.kristdemokraterna.se\\\/jonkopingslan\\\/textsida-med-vanster-sidebar\\\/sociala-medier\\\/\",\"url\":\"https:\\\/\\\/wp.kristdemokraterna.se\\\/jonkopingslan\\\/textsida-med-vanster-sidebar\\\/sociala-medier\\\/\",\"name\":\"Sociala medier - Kristdemokraterna | J\u00f6nk\u00f6pings l\u00e4n\",\"isPartOf\":{\"@id\":\"https:\\\/\\\/wp.kristdemokraterna.se\\\/bjuv\\\/#website\"},\"datePublished\":\"2025-12-05T08:30:50+00:00\",\"dateModified\":\"2026-01-12T12:36:29+00:00\",\"breadcrumb\":{\"@id\":\"https:\\\/\\\/wp.kristdemokraterna.se\\\/jonkopingslan\\\/textsida-med-vanster-sidebar\\\/sociala-medier\\\/#breadcrumb\"},\"inLanguage\":\"sv-SE\",\"potentialAction\":[{\"@type\":\"ReadAction\",\"target\":[\"https:\\\/\\\/wp.kristdemokraterna.se\\\/jonkopingslan\\\/textsida-med-vanster-sidebar\\\/sociala-medier\\\/\"]}]},{\"@type\":\"BreadcrumbList\",\"@id\":\"https:\\\/\\\/wp.kristdemokraterna.se\\\/jonkopingslan\\\/textsida-med-vanster-sidebar\\\/sociala-medier\\\/#breadcrumb\",\"itemListElement\":[{\"@type\":\"ListItem\",\"position\":1,\"name\":\"Hem\",\"item\":\"https:\\\/\\\/wp.kristdemokraterna.se\\\/jonkopingslan\\\/\"},{\"@type\":\"ListItem\",\"position\":2,\"name\":\"V\u00e5rt partidistrikt\",\"item\":\"https:\\\/\\\/wp.kristdemokraterna.se\\\/jonkopingslan\\\/textsida-med-vanster-sidebar\\\/\"},{\"@type\":\"ListItem\",\"position\":3,\"name\":\"Sociala medier\"}]},{\"@type\":\"WebSite\",\"@id\":\"https:\\\/\\\/wp.kristdemokraterna.se\\\/bjuv\\\/#website\",\"url\":\"https:\\\/\\\/wp.kristdemokraterna.se\\\/bjuv\\\/\",\"name\":\"Kristdemokraterna | J\u00f6nk\u00f6pings l\u00e4n\",\"description\":\"\",\"inLanguage\":\"sv-SE\"}]}<\/script>\n<!-- \/ Yoast SEO plugin. -->","yoast_head_json":{"title":"Sociala medier - Kristdemokraterna | J\u00f6nk\u00f6pings l\u00e4n","robots":{"index":"index","follow":"follow","max-snippet":"max-snippet:-1","max-image-preview":"max-image-preview:large","max-video-preview":"max-video-preview:-1"},"canonical":"https:\/\/wp.kristdemokraterna.se\/jonkopingslan\/textsida-med-vanster-sidebar\/sociala-medier\/","og_locale":"sv_SE","og_type":"article","og_title":"Sociala medier - Kristdemokraterna | J\u00f6nk\u00f6pings l\u00e4n","og_description":"Nedan finns l\u00e4nkar till partidistriktets och regionr\u00e5det Stina Sinclairs sociala medier-kanaler. Facebook-sida f\u00f6r Kristdemokraterna i J\u00f6nk\u00f6pings l\u00e4n Instagram f\u00f6r Kristdemokraterna i J\u00f6nk\u00f6pings l\u00e4n Facebook-sida f\u00f6r Stina Sinclair Instagram f\u00f6r Stina Sinclair","og_url":"https:\/\/wp.kristdemokraterna.se\/jonkopingslan\/textsida-med-vanster-sidebar\/sociala-medier\/","og_site_name":"Kristdemokraterna | J\u00f6nk\u00f6pings l\u00e4n","article_modified_time":"2026-01-12T12:36:29+00:00","twitter_card":"summary_large_image","twitter_misc":{"Ber\u00e4knad l\u00e4stid":"1 minut"},"schema":{"@context":"https:\/\/schema.org","@graph":[{"@type":"WebPage","@id":"https:\/\/wp.kristdemokraterna.se\/jonkopingslan\/textsida-med-vanster-sidebar\/sociala-medier\/","url":"https:\/\/wp.kristdemokraterna.se\/jonkopingslan\/textsida-med-vanster-sidebar\/sociala-medier\/","name":"Sociala medier - Kristdemokraterna | J\u00f6nk\u00f6pings l\u00e4n","isPartOf":{"@id":"https:\/\/wp.kristdemokraterna.se\/bjuv\/#website"},"datePublished":"2025-12-05T08:30:50+00:00","dateModified":"2026-01-12T12:36:29+00:00","breadcrumb":{"@id":"https:\/\/wp.kristdemokraterna.se\/jonkopingslan\/textsida-med-vanster-sidebar\/sociala-medier\/#breadcrumb"},"inLanguage":"sv-SE","potentialAction":[{"@type":"ReadAction","target":["https:\/\/wp.kristdemokraterna.se\/jonkopingslan\/textsida-med-vanster-sidebar\/sociala-medier\/"]}]},{"@type":"BreadcrumbList","@id":"https:\/\/wp.kristdemokraterna.se\/jonkopingslan\/textsida-med-vanster-sidebar\/sociala-medier\/#breadcrumb","itemListElement":[{"@type":"ListItem","position":1,"name":"Hem","item":"https:\/\/wp.kristdemokraterna.se\/jonkopingslan\/"},{"@type":"ListItem","position":2,"name":"V\u00e5rt partidistrikt","item":"https:\/\/wp.kristdemokraterna.se\/jonkopingslan\/textsida-med-vanster-sidebar\/"},{"@type":"ListItem","position":3,"name":"Sociala medier"}]},{"@type":"WebSite","@id":"https:\/\/wp.kristdemokraterna.se\/bjuv\/#website","url":"https:\/\/wp.kristdemokraterna.se\/bjuv\/","name":"Kristdemokraterna | J\u00f6nk\u00f6pings l\u00e4n","description":"","inLanguage":"sv-SE"}]}},"_links":{"self":[{"href":"https:\/\/wp.kristdemokraterna.se\/jonkopingslan\/wp-json\/wp\/v2\/pages\/680","targetHints":{"allow":["GET"]}}],"collection":[{"href":"https:\/\/wp.kristdemokraterna.se\/jonkopingslan\/wp-json\/wp\/v2\/pages"}],"about":[{"href":"https:\/\/wp.kristdemokraterna.se\/jonkopingslan\/wp-json\/wp\/v2\/types\/page"}],"author":[{"embeddable":true,"href":"https:\/\/wp.kristdemokraterna.se\/jonkopingslan\/wp-json\/wp\/v2\/users\/1102"}],"replies":[{"embeddable":true,"href":"https:\/\/wp.kristdemokraterna.se\/jonkopingslan\/wp-json\/wp\/v2\/comments?post=680"}],"version-history":[{"count":4,"href":"https:\/\/wp.kristdemokraterna.se\/jonkopingslan\/wp-json\/wp\/v2\/pages\/680\/revisions"}],"predecessor-version":[{"id":705,"href":"https:\/\/wp.kristdemokraterna.se\/jonkopingslan\/wp-json\/wp\/v2\/pages\/680\/revisions\/705"}],"up":[{"embeddable":true,"href":"https:\/\/wp.kristdemokraterna.se\/jonkopingslan\/wp-json\/wp\/v2\/pages\/269"}],"wp:attachment":[{"href":"https:\/\/wp.kristdemokraterna.se\/jonkopingslan\/wp-json\/wp\/v2\/media?parent=680"}],"curies":[{"name":"wp","href":"https:\/\/api.w.org\/{rel}","templated":true}]}}