{"id":56,"date":"2013-01-28T18:08:22","date_gmt":"2013-01-28T17:08:22","guid":{"rendered":"http:\/\/wp.kristdemokraterna.se\/kalmarlan\/?page_id=56"},"modified":"2025-03-04T21:34:38","modified_gmt":"2025-03-04T20:34:38","slug":"distriktsstyrelsen","status":"publish","type":"page","link":"https:\/\/wp.kristdemokraterna.se\/kalmarlan\/distriktsstyrelsen\/","title":{"rendered":"Partidistriktsstyrelsen"},"content":{"rendered":"<p><strong>Jimmy Loord, M\u00f6rlunda<\/strong><br \/>\nDistriktsordf\u00f6rande<br \/>\ne-post: jimmy.loord@kristdemokraterna.se<\/p>\n<p><strong>Chatrine P\u00e5lsson Ahlgren, M\u00f6nster\u00e5s<\/strong><br \/>\n1:a vice ordf\u00f6rande<br \/>\ne-post: chatrine.palsson.ahlgren@kristdemokraterna.se<\/p>\n<p><strong>Carl-Wiktor Svensson, H\u00f6gsby<\/strong><br \/>\n2:e vice distriktsordf\u00f6rande<br \/>\ne-post: carlwiktor.svensson@gmail.com<\/p>\n<p><strong>Anders Andersson, J\u00e4rnforsen\u00a0<\/strong><br \/>\nOrdinarie ledamot<br \/>\ne-post: anders.andersson@kristdemokraterna.se<\/p>\n<p><strong>Gudrun Bruneg\u00e5rd, Vimmerby<br \/>\n<\/strong>Ordinarie ledamot<br \/>\ne-post: gudrun.brunegard@kristdemokraterna.se<\/p>\n<p><strong>Christopher Dywik, Kalmar<\/strong><br \/>\nOrdinarie ledamot<br \/>\ne-post: christopher.dywik@kristdemokraterna.se<\/p>\n<p><strong>Rebecka Englund, Oskarshamn<\/strong><br \/>\nOrdinarie ledamot<br \/>\ne-post: rebecka.englund@kristdemokraterna.se<\/p>\n<p><strong>Ola Hammarb\u00e4ck, Vimmerby<\/strong><br \/>\nOrdinarie ledamot<br \/>\ne-post: ola.hammarback@kristdemokraterna.se<\/p>\n<p><strong>Junita Karlsson, Kalmar<\/strong><br \/>\nOrdinarie ledamot<br \/>\ne-post: junita.karlsson@kristdemokraterna.se<\/p>\n<p><strong>Stefan Lagesson, Nybro<\/strong><br \/>\nOrdinarie ledamot<br \/>\ne-post: stefan.lagesson@nsf.scout.se<\/p>\n<p><strong>Maud \u00c4rlebrant, V\u00e4stervik\u00a0<\/strong><br \/>\nOrdinarie ledamot<br \/>\ne-post: maud.arlebrant@kristdemokraterna.se<\/p>\n<p><strong>Marwin Johansson, \u00d6land<\/strong><br \/>\nOrdinarie ledamot<br \/>\ne-post: marwin.johansson@kristdemokraterna.se<\/p>\n<p><strong>Liselotte Ammert, Kalmar\u00a0<\/strong><br \/>\nOrdinarie ledamot (KD-K)<br \/>\ne-post: liselotte.ammert@kristdemokraterna.se<\/p>\n<p><strong>Albin Johansson, Emmaboda<\/strong><br \/>\nOrdinarie ledamot (KDU)<br \/>\ne-post: albin.johansson@kdu.se<\/p>\n<p><strong>Chatrine P\u00e5lsson Ahlgren, M\u00f6nster\u00e5s<\/strong><br \/>\nOrdinarie ledamot (Seniorf\u00f6rbundet)<\/p>\n<p><b>Torbj\u00f6rn B\u00e4ckrud, V\u00e4stervik<\/b><br \/>\nErs\u00e4ttare<br \/>\ne-post: thorbjorn.backrud@gmail.com<\/p>\n<p><b>Anna Larsdotter, Tors\u00e5s<\/b><br \/>\nErs\u00e4ttare<br \/>\ne-post: anna.gb.larsdotter@gmail.com<\/p>\n<p><b>Elias Moberg, Oskarshamn<\/b><br \/>\nErs\u00e4ttare<br \/>\ne-post: elias_moberg@outlook.com<\/p>\n<p><b>Fredrik Sj\u00f6mar, Kalmar<\/b><br \/>\nErs\u00e4ttare<br \/>\ne-post: fredrik.sjomar@kristdemokraterna.se<\/p>\n<p><b>Torgny Karlsson, Emmaboda<\/b><br \/>\nErs\u00e4ttare<br \/>\ne-post: torgny.karlsson77@gmail.com<\/p>\n<p><strong>Folke Pleijert, Tveta<br \/>\n<\/strong>Ers\u00e4ttare<br \/>\ne-post: pleijert@gmail.com<\/p>\n<p><strong>Samuel Sigvardsson, \u00d6land<br \/>\n<\/strong>Ers\u00e4ttare<br \/>\ne-post: samuel.sigvardsson@kristdemokraterna.se<\/p>\n<p><strong>Rasmus Evertsson, H\u00f6gsby<br \/>\n<\/strong>Ers\u00e4ttare<br \/>\ne-post: gbhellborg@hotmail.com<\/p>\n<p><b>Ingemar Lennartsson, Oskarshamn<\/b><br \/>\nErs\u00e4ttare<br \/>\ne-post: ingemar.lennartsson@telia.com<\/p>\n<p><strong>Maud \u00c4rlebrant, V\u00e4stervik<\/strong><br \/>\nErs\u00e4ttare (KD-K)<br \/>\ne-post: maud.arlebrant@kristdemokraterna.se<\/p>\n<p><b>Einar Hansson, Kalmar\u00a0<\/b><br \/>\nErs\u00e4ttare (KDU)<br \/>\ne-post: dag.einar.hansson@gmail.com<\/p>\n<p><strong>Karl-Gustav Kyrk, Kalmar<\/strong><br \/>\nErs\u00e4ttare (Seniorf\u00f6rbundet)<br \/>\ne-post: karl-gustav.kyrk@kristdemokraterna.se<\/p>\n","protected":false},"excerpt":{"rendered":"<p>Jimmy Loord, M\u00f6rlunda Distriktsordf\u00f6rande e-post: jimmy.loord@kristdemokraterna.se Chatrine P\u00e5lsson Ahlgren, M\u00f6nster\u00e5s 1:a vice ordf\u00f6rande e-post: chatrine.palsson.ahlgren@kristdemokraterna.se Carl-Wiktor Svensson, H\u00f6gsby 2:e vice distriktsordf\u00f6rande e-post: carlwiktor.svensson@gmail.com Anders Andersson, J\u00e4rnforsen\u00a0 Ordinarie ledamot e-post: anders.andersson@kristdemokraterna.se Gudrun Bruneg\u00e5rd, Vimmerby Ordinarie ledamot e-post: gudrun.brunegard@kristdemokraterna.se Christopher Dywik, Kalmar Ordinarie ledamot e-post: christopher.dywik@kristdemokraterna.se Rebecka Englund, Oskarshamn Ordinarie ledamot e-post: rebecka.englund@kristdemokraterna.se Ola Hammarb\u00e4ck, Vimmerby Ordinarie <a class=\"read-more-link\" href=\"https:\/\/wp.kristdemokraterna.se\/kalmarlan\/distriktsstyrelsen\/\">Read More<\/a><\/p>\n","protected":false},"author":417,"featured_media":0,"parent":0,"menu_order":2,"comment_status":"closed","ping_status":"closed","template":"","meta":{"_acf_changed":false,"footnotes":""},"class_list":["post-56","page","type-page","status-publish","hentry"],"acf":[],"yoast_head":"<!-- This site is optimized with the Yoast SEO plugin v27.4 - https:\/\/yoast.com\/product\/yoast-seo-wordpress\/ -->\n<title>Partidistriktsstyrelsen - i Kalmar l\u00e4n<\/title>\n<meta name=\"robots\" content=\"index, follow, max-snippet:-1, max-image-preview:large, max-video-preview:-1\" \/>\n<link rel=\"canonical\" href=\"https:\/\/wp.kristdemokraterna.se\/kalmarlan\/distriktsstyrelsen\/\" \/>\n<meta property=\"og:locale\" content=\"sv_SE\" \/>\n<meta property=\"og:type\" content=\"article\" \/>\n<meta property=\"og:title\" content=\"Partidistriktsstyrelsen - i Kalmar l\u00e4n\" \/>\n<meta property=\"og:description\" content=\"Jimmy Loord, M\u00f6rlunda Distriktsordf\u00f6rande e-post: jimmy.loord@kristdemokraterna.se Chatrine P\u00e5lsson Ahlgren, M\u00f6nster\u00e5s 1:a vice ordf\u00f6rande e-post: chatrine.palsson.ahlgren@kristdemokraterna.se Carl-Wiktor Svensson, H\u00f6gsby 2:e vice distriktsordf\u00f6rande e-post: carlwiktor.svensson@gmail.com Anders Andersson, J\u00e4rnforsen\u00a0 Ordinarie ledamot e-post: anders.andersson@kristdemokraterna.se Gudrun Bruneg\u00e5rd, Vimmerby Ordinarie ledamot e-post: gudrun.brunegard@kristdemokraterna.se Christopher Dywik, Kalmar Ordinarie ledamot e-post: christopher.dywik@kristdemokraterna.se Rebecka Englund, Oskarshamn Ordinarie ledamot e-post: rebecka.englund@kristdemokraterna.se Ola Hammarb\u00e4ck, Vimmerby Ordinarie Read More\" \/>\n<meta property=\"og:url\" content=\"https:\/\/wp.kristdemokraterna.se\/kalmarlan\/distriktsstyrelsen\/\" \/>\n<meta property=\"og:site_name\" content=\"i Kalmar l\u00e4n\" \/>\n<meta property=\"article:modified_time\" content=\"2025-03-04T20:34:38+00:00\" \/>\n<meta name=\"twitter:card\" content=\"summary_large_image\" \/>\n<meta name=\"twitter:label1\" content=\"Ber\u00e4knad l\u00e4stid\" \/>\n\t<meta name=\"twitter:data1\" content=\"1 minut\" \/>\n<script type=\"application\/ld+json\" class=\"yoast-schema-graph\">{\"@context\":\"https:\\\/\\\/schema.org\",\"@graph\":[{\"@type\":\"WebPage\",\"@id\":\"https:\\\/\\\/wp.kristdemokraterna.se\\\/kalmarlan\\\/distriktsstyrelsen\\\/\",\"url\":\"https:\\\/\\\/wp.kristdemokraterna.se\\\/kalmarlan\\\/distriktsstyrelsen\\\/\",\"name\":\"Partidistriktsstyrelsen - i Kalmar l\u00e4n\",\"isPartOf\":{\"@id\":\"https:\\\/\\\/wp.kristdemokraterna.se\\\/kalmarlan\\\/#website\"},\"datePublished\":\"2013-01-28T17:08:22+00:00\",\"dateModified\":\"2025-03-04T20:34:38+00:00\",\"breadcrumb\":{\"@id\":\"https:\\\/\\\/wp.kristdemokraterna.se\\\/kalmarlan\\\/distriktsstyrelsen\\\/#breadcrumb\"},\"inLanguage\":\"sv-SE\",\"potentialAction\":[{\"@type\":\"ReadAction\",\"target\":[\"https:\\\/\\\/wp.kristdemokraterna.se\\\/kalmarlan\\\/distriktsstyrelsen\\\/\"]}]},{\"@type\":\"BreadcrumbList\",\"@id\":\"https:\\\/\\\/wp.kristdemokraterna.se\\\/kalmarlan\\\/distriktsstyrelsen\\\/#breadcrumb\",\"itemListElement\":[{\"@type\":\"ListItem\",\"position\":1,\"name\":\"Hem\",\"item\":\"https:\\\/\\\/wp.kristdemokraterna.se\\\/kalmarlan\\\/\"},{\"@type\":\"ListItem\",\"position\":2,\"name\":\"Partidistriktsstyrelsen\"}]},{\"@type\":\"WebSite\",\"@id\":\"https:\\\/\\\/wp.kristdemokraterna.se\\\/kalmarlan\\\/#website\",\"url\":\"https:\\\/\\\/wp.kristdemokraterna.se\\\/kalmarlan\\\/\",\"name\":\"i Kalmar l\u00e4n\",\"description\":\"\",\"inLanguage\":\"sv-SE\"}]}<\/script>\n<!-- \/ Yoast SEO plugin. -->","yoast_head_json":{"title":"Partidistriktsstyrelsen - i Kalmar l\u00e4n","robots":{"index":"index","follow":"follow","max-snippet":"max-snippet:-1","max-image-preview":"max-image-preview:large","max-video-preview":"max-video-preview:-1"},"canonical":"https:\/\/wp.kristdemokraterna.se\/kalmarlan\/distriktsstyrelsen\/","og_locale":"sv_SE","og_type":"article","og_title":"Partidistriktsstyrelsen - i Kalmar l\u00e4n","og_description":"Jimmy Loord, M\u00f6rlunda Distriktsordf\u00f6rande e-post: jimmy.loord@kristdemokraterna.se Chatrine P\u00e5lsson Ahlgren, M\u00f6nster\u00e5s 1:a vice ordf\u00f6rande e-post: chatrine.palsson.ahlgren@kristdemokraterna.se Carl-Wiktor Svensson, H\u00f6gsby 2:e vice distriktsordf\u00f6rande e-post: carlwiktor.svensson@gmail.com Anders Andersson, J\u00e4rnforsen\u00a0 Ordinarie ledamot e-post: anders.andersson@kristdemokraterna.se Gudrun Bruneg\u00e5rd, Vimmerby Ordinarie ledamot e-post: gudrun.brunegard@kristdemokraterna.se Christopher Dywik, Kalmar Ordinarie ledamot e-post: christopher.dywik@kristdemokraterna.se Rebecka Englund, Oskarshamn Ordinarie ledamot e-post: rebecka.englund@kristdemokraterna.se Ola Hammarb\u00e4ck, Vimmerby Ordinarie Read More","og_url":"https:\/\/wp.kristdemokraterna.se\/kalmarlan\/distriktsstyrelsen\/","og_site_name":"i Kalmar l\u00e4n","article_modified_time":"2025-03-04T20:34:38+00:00","twitter_card":"summary_large_image","twitter_misc":{"Ber\u00e4knad l\u00e4stid":"1 minut"},"schema":{"@context":"https:\/\/schema.org","@graph":[{"@type":"WebPage","@id":"https:\/\/wp.kristdemokraterna.se\/kalmarlan\/distriktsstyrelsen\/","url":"https:\/\/wp.kristdemokraterna.se\/kalmarlan\/distriktsstyrelsen\/","name":"Partidistriktsstyrelsen - i Kalmar l\u00e4n","isPartOf":{"@id":"https:\/\/wp.kristdemokraterna.se\/kalmarlan\/#website"},"datePublished":"2013-01-28T17:08:22+00:00","dateModified":"2025-03-04T20:34:38+00:00","breadcrumb":{"@id":"https:\/\/wp.kristdemokraterna.se\/kalmarlan\/distriktsstyrelsen\/#breadcrumb"},"inLanguage":"sv-SE","potentialAction":[{"@type":"ReadAction","target":["https:\/\/wp.kristdemokraterna.se\/kalmarlan\/distriktsstyrelsen\/"]}]},{"@type":"BreadcrumbList","@id":"https:\/\/wp.kristdemokraterna.se\/kalmarlan\/distriktsstyrelsen\/#breadcrumb","itemListElement":[{"@type":"ListItem","position":1,"name":"Hem","item":"https:\/\/wp.kristdemokraterna.se\/kalmarlan\/"},{"@type":"ListItem","position":2,"name":"Partidistriktsstyrelsen"}]},{"@type":"WebSite","@id":"https:\/\/wp.kristdemokraterna.se\/kalmarlan\/#website","url":"https:\/\/wp.kristdemokraterna.se\/kalmarlan\/","name":"i Kalmar l\u00e4n","description":"","inLanguage":"sv-SE"}]}},"_links":{"self":[{"href":"https:\/\/wp.kristdemokraterna.se\/kalmarlan\/wp-json\/wp\/v2\/pages\/56","targetHints":{"allow":["GET"]}}],"collection":[{"href":"https:\/\/wp.kristdemokraterna.se\/kalmarlan\/wp-json\/wp\/v2\/pages"}],"about":[{"href":"https:\/\/wp.kristdemokraterna.se\/kalmarlan\/wp-json\/wp\/v2\/types\/page"}],"author":[{"embeddable":true,"href":"https:\/\/wp.kristdemokraterna.se\/kalmarlan\/wp-json\/wp\/v2\/users\/417"}],"replies":[{"embeddable":true,"href":"https:\/\/wp.kristdemokraterna.se\/kalmarlan\/wp-json\/wp\/v2\/comments?post=56"}],"version-history":[{"count":29,"href":"https:\/\/wp.kristdemokraterna.se\/kalmarlan\/wp-json\/wp\/v2\/pages\/56\/revisions"}],"predecessor-version":[{"id":883,"href":"https:\/\/wp.kristdemokraterna.se\/kalmarlan\/wp-json\/wp\/v2\/pages\/56\/revisions\/883"}],"wp:attachment":[{"href":"https:\/\/wp.kristdemokraterna.se\/kalmarlan\/wp-json\/wp\/v2\/media?parent=56"}],"curies":[{"name":"wp","href":"https:\/\/api.w.org\/{rel}","templated":true}]}}