{"id":216,"date":"2022-01-04T20:45:22","date_gmt":"2022-01-04T19:45:22","guid":{"rendered":"https:\/\/wp.kristdemokraterna.se\/karlskoga\/?page_id=216"},"modified":"2026-04-14T21:52:49","modified_gmt":"2026-04-14T19:52:49","slug":"tryggt-och-hallbart-karlskoga","status":"publish","type":"page","link":"https:\/\/wp.kristdemokraterna.se\/karlskoga\/","title":{"rendered":"Startsida"},"content":{"rendered":"<p>Kristdemokraterna i Karlskoga bygger p\u00e5 Karlskogas vision om en klok, v\u00e4lkomnande och innovativ kommun, och vi vill bidra till en god start i livet f\u00f6r barnen, ett gott liv f\u00f6r alla, ett starkt n\u00e4ringsliv, trygg framtid och ett gott \u00e5ldrande. F\u00f6r att n\u00e5 dit vill vi synas mer i media, b\u00e5de digitalt och traditionellt, h\u00e5lla medlemsm\u00f6ten och skapa en tydlig kristdemokratisk profil som visar v\u00e5ra v\u00e4rderingar och v\u00e5rt merv\u00e4rde.<\/p>\n<p><strong>Kristdemokraterna i Karlskoga <\/strong><br \/>\nV\u00e5ra viktigaste satsningar under 2026 handlar om barn, \u00e4ldre och samh\u00e4lle.<br \/>\nI f\u00f6rskola och skola vill vi ha mindre barngrupper, fler pedagoger, b\u00e4ttre utemilj\u00f6er och fler speciall\u00e4rare.<br \/>\n\u00c4ldreomsorgen ska bli enklare och mer tillg\u00e4nglig, med sociala tr\u00e4ffpunkter och snabbare handl\u00e4ggning.<br \/>\nVi vill ocks\u00e5 skapa ett levande Karlskoga med skapat f\u00f6r livets alla skeden<\/p>\n","protected":false},"excerpt":{"rendered":"<p>Kristdemokraterna i Karlskoga bygger p\u00e5 Karlskogas vision om en klok, v\u00e4lkomnande och innovativ kommun, och vi vill bidra till en god start i livet f\u00f6r barnen, ett gott liv f\u00f6r alla, ett starkt n\u00e4ringsliv, trygg framtid och ett gott \u00e5ldrande. F\u00f6r att n\u00e5 dit vill vi synas mer i media, b\u00e5de digitalt och traditionellt, h\u00e5lla <a class=\"read-more-link\" href=\"https:\/\/wp.kristdemokraterna.se\/karlskoga\/\">Read More<\/a><\/p>\n","protected":false},"author":456,"featured_media":0,"parent":0,"menu_order":1,"comment_status":"closed","ping_status":"closed","template":"index.php","meta":{"_acf_changed":false,"footnotes":""},"class_list":["post-216","page","type-page","status-publish","hentry"],"acf":[],"yoast_head":"<!-- This site is optimized with the Yoast SEO plugin v27.4 - https:\/\/yoast.com\/product\/yoast-seo-wordpress\/ -->\n<title>Startsida - Karlskoga<\/title>\n<meta name=\"description\" content=\"Arbetar f\u00f6r en trygg, levande och familjev\u00e4nlig kommun med satsningar p\u00e5 barn, skola, \u00e4ldreomsorg och ett starkt lokalt n\u00e4ringsliv\" \/>\n<meta name=\"robots\" content=\"index, follow, max-snippet:-1, max-image-preview:large, max-video-preview:-1\" \/>\n<link rel=\"canonical\" href=\"https:\/\/wp.kristdemokraterna.se\/karlskoga\/\" \/>\n<meta property=\"og:locale\" content=\"sv_SE\" \/>\n<meta property=\"og:type\" content=\"article\" \/>\n<meta property=\"og:title\" content=\"Startsida - Karlskoga\" \/>\n<meta property=\"og:description\" content=\"Arbetar f\u00f6r en trygg, levande och familjev\u00e4nlig kommun med satsningar p\u00e5 barn, skola, \u00e4ldreomsorg och ett starkt lokalt n\u00e4ringsliv\" \/>\n<meta property=\"og:url\" content=\"https:\/\/wp.kristdemokraterna.se\/karlskoga\/\" \/>\n<meta property=\"og:site_name\" content=\"Karlskoga\" \/>\n<meta property=\"article:modified_time\" content=\"2026-04-14T19:52:49+00:00\" \/>\n<meta name=\"twitter:card\" content=\"summary_large_image\" \/>\n<meta name=\"twitter:label1\" content=\"Ber\u00e4knad l\u00e4stid\" \/>\n\t<meta name=\"twitter:data1\" content=\"1 minut\" \/>\n<script type=\"application\/ld+json\" class=\"yoast-schema-graph\">{\"@context\":\"https:\\\/\\\/schema.org\",\"@graph\":[{\"@type\":\"WebPage\",\"@id\":\"https:\\\/\\\/wp.kristdemokraterna.se\\\/karlskoga\\\/\",\"url\":\"https:\\\/\\\/wp.kristdemokraterna.se\\\/karlskoga\\\/\",\"name\":\"Startsida - Karlskoga\",\"isPartOf\":{\"@id\":\"https:\\\/\\\/wp.kristdemokraterna.se\\\/karlskoga\\\/#website\"},\"datePublished\":\"2022-01-04T19:45:22+00:00\",\"dateModified\":\"2026-04-14T19:52:49+00:00\",\"description\":\"Arbetar f\u00f6r en trygg, levande och familjev\u00e4nlig kommun med satsningar p\u00e5 barn, skola, \u00e4ldreomsorg och ett starkt lokalt n\u00e4ringsliv\",\"breadcrumb\":{\"@id\":\"https:\\\/\\\/wp.kristdemokraterna.se\\\/karlskoga\\\/#breadcrumb\"},\"inLanguage\":\"sv-SE\",\"potentialAction\":[{\"@type\":\"ReadAction\",\"target\":[\"https:\\\/\\\/wp.kristdemokraterna.se\\\/karlskoga\\\/\"]}]},{\"@type\":\"BreadcrumbList\",\"@id\":\"https:\\\/\\\/wp.kristdemokraterna.se\\\/karlskoga\\\/#breadcrumb\",\"itemListElement\":[{\"@type\":\"ListItem\",\"position\":1,\"name\":\"Hem\",\"item\":\"https:\\\/\\\/wp.kristdemokraterna.se\\\/karlskoga\\\/\"},{\"@type\":\"ListItem\",\"position\":2,\"name\":\"Startsida\"}]},{\"@type\":\"WebSite\",\"@id\":\"https:\\\/\\\/wp.kristdemokraterna.se\\\/karlskoga\\\/#website\",\"url\":\"https:\\\/\\\/wp.kristdemokraterna.se\\\/karlskoga\\\/\",\"name\":\"Karlskoga\",\"description\":\"Med hj\u00e4rtat f\u00f6r Karlskoga\",\"inLanguage\":\"sv-SE\"}]}<\/script>\n<!-- \/ Yoast SEO plugin. -->","yoast_head_json":{"title":"Startsida - Karlskoga","description":"Arbetar f\u00f6r en trygg, levande och familjev\u00e4nlig kommun med satsningar p\u00e5 barn, skola, \u00e4ldreomsorg och ett starkt lokalt n\u00e4ringsliv","robots":{"index":"index","follow":"follow","max-snippet":"max-snippet:-1","max-image-preview":"max-image-preview:large","max-video-preview":"max-video-preview:-1"},"canonical":"https:\/\/wp.kristdemokraterna.se\/karlskoga\/","og_locale":"sv_SE","og_type":"article","og_title":"Startsida - Karlskoga","og_description":"Arbetar f\u00f6r en trygg, levande och familjev\u00e4nlig kommun med satsningar p\u00e5 barn, skola, \u00e4ldreomsorg och ett starkt lokalt n\u00e4ringsliv","og_url":"https:\/\/wp.kristdemokraterna.se\/karlskoga\/","og_site_name":"Karlskoga","article_modified_time":"2026-04-14T19:52:49+00:00","twitter_card":"summary_large_image","twitter_misc":{"Ber\u00e4knad l\u00e4stid":"1 minut"},"schema":{"@context":"https:\/\/schema.org","@graph":[{"@type":"WebPage","@id":"https:\/\/wp.kristdemokraterna.se\/karlskoga\/","url":"https:\/\/wp.kristdemokraterna.se\/karlskoga\/","name":"Startsida - Karlskoga","isPartOf":{"@id":"https:\/\/wp.kristdemokraterna.se\/karlskoga\/#website"},"datePublished":"2022-01-04T19:45:22+00:00","dateModified":"2026-04-14T19:52:49+00:00","description":"Arbetar f\u00f6r en trygg, levande och familjev\u00e4nlig kommun med satsningar p\u00e5 barn, skola, \u00e4ldreomsorg och ett starkt lokalt n\u00e4ringsliv","breadcrumb":{"@id":"https:\/\/wp.kristdemokraterna.se\/karlskoga\/#breadcrumb"},"inLanguage":"sv-SE","potentialAction":[{"@type":"ReadAction","target":["https:\/\/wp.kristdemokraterna.se\/karlskoga\/"]}]},{"@type":"BreadcrumbList","@id":"https:\/\/wp.kristdemokraterna.se\/karlskoga\/#breadcrumb","itemListElement":[{"@type":"ListItem","position":1,"name":"Hem","item":"https:\/\/wp.kristdemokraterna.se\/karlskoga\/"},{"@type":"ListItem","position":2,"name":"Startsida"}]},{"@type":"WebSite","@id":"https:\/\/wp.kristdemokraterna.se\/karlskoga\/#website","url":"https:\/\/wp.kristdemokraterna.se\/karlskoga\/","name":"Karlskoga","description":"Med hj\u00e4rtat f\u00f6r Karlskoga","inLanguage":"sv-SE"}]}},"_links":{"self":[{"href":"https:\/\/wp.kristdemokraterna.se\/karlskoga\/wp-json\/wp\/v2\/pages\/216","targetHints":{"allow":["GET"]}}],"collection":[{"href":"https:\/\/wp.kristdemokraterna.se\/karlskoga\/wp-json\/wp\/v2\/pages"}],"about":[{"href":"https:\/\/wp.kristdemokraterna.se\/karlskoga\/wp-json\/wp\/v2\/types\/page"}],"author":[{"embeddable":true,"href":"https:\/\/wp.kristdemokraterna.se\/karlskoga\/wp-json\/wp\/v2\/users\/456"}],"replies":[{"embeddable":true,"href":"https:\/\/wp.kristdemokraterna.se\/karlskoga\/wp-json\/wp\/v2\/comments?post=216"}],"version-history":[{"count":35,"href":"https:\/\/wp.kristdemokraterna.se\/karlskoga\/wp-json\/wp\/v2\/pages\/216\/revisions"}],"predecessor-version":[{"id":378,"href":"https:\/\/wp.kristdemokraterna.se\/karlskoga\/wp-json\/wp\/v2\/pages\/216\/revisions\/378"}],"wp:attachment":[{"href":"https:\/\/wp.kristdemokraterna.se\/karlskoga\/wp-json\/wp\/v2\/media?parent=216"}],"curies":[{"name":"wp","href":"https:\/\/api.w.org\/{rel}","templated":true}]}}