{"id":34,"date":"2013-03-14T16:07:04","date_gmt":"2013-03-14T15:07:04","guid":{"rendered":"http:\/\/wp.kristdemokraterna.se\/karlskoga\/?page_id=34"},"modified":"2026-04-14T21:52:54","modified_gmt":"2026-04-14T19:52:54","slug":"politiker","status":"publish","type":"page","link":"https:\/\/wp.kristdemokraterna.se\/karlskoga\/politiker\/","title":{"rendered":"Politiker"},"content":{"rendered":"<p><strong>Ann-Catrin \u00d6rtquist<\/strong><br \/>\nann-catrin.ortquist@saabgroup.com<br \/>\nVice ordf\u00f6rande i kommunstyrelsen<br \/>\nLedamot i kommunfullm\u00e4ktige<\/p>\n<p><strong>Anna Blomquist<\/strong><strong><br \/>\n<\/strong>anna.blomquist@kristdemokraterna.se<br \/>\nLedamot i Regionfullm\u00e4ktige<\/p>\n<p><strong>Maria S\u00f6derberg<\/strong><strong><br \/>\n<\/strong>maria.soderberg@karlskoga.se<br \/>\nLedamot i kommunfullm\u00e4ktige<br \/>\nErs\u00e4ttare kommunstyrelsen<\/p>\n<p><strong>Stefan Herlitz<\/strong><strong><br \/>\n<\/strong>stefan.herlitz@karlskoga.se<br \/>\nLedamot i Samh\u00e4llsbyggnadsn\u00e4mnden<\/p>\n<p><strong>Sten Jonsson <\/strong><br \/>\nsten.jonsson@karlskoga.se<br \/>\nRevisorerna<\/p>\n<p>&nbsp;<\/p>\n<p><strong>\u00a0<\/strong><\/p>\n<p><strong>\u00a0<\/strong><\/p>\n","protected":false},"excerpt":{"rendered":"<p>Ann-Catrin \u00d6rtquist ann-catrin.ortquist@saabgroup.com Vice ordf\u00f6rande i kommunstyrelsen Ledamot i kommunfullm\u00e4ktige Anna Blomquist anna.blomquist@kristdemokraterna.se Ledamot i Regionfullm\u00e4ktige Maria S\u00f6derberg maria.soderberg@karlskoga.se Ledamot i kommunfullm\u00e4ktige Ers\u00e4ttare kommunstyrelsen Stefan Herlitz stefan.herlitz@karlskoga.se Ledamot i Samh\u00e4llsbyggnadsn\u00e4mnden Sten Jonsson sten.jonsson@karlskoga.se Revisorerna &nbsp; \u00a0 \u00a0<\/p>\n","protected":false},"author":465,"featured_media":0,"parent":0,"menu_order":2,"comment_status":"closed","ping_status":"closed","template":"","meta":{"_acf_changed":false,"footnotes":""},"class_list":["post-34","page","type-page","status-publish","hentry"],"acf":[],"yoast_head":"<!-- This site is optimized with the Yoast SEO plugin v27.4 - https:\/\/yoast.com\/product\/yoast-seo-wordpress\/ -->\n<title>Politiker - Karlskoga<\/title>\n<meta name=\"description\" content=\"H\u00e4r hittar du styrelsen i Karlskoga \u2013 namn, uppdrag och kontaktv\u00e4gar.\" \/>\n<meta name=\"robots\" content=\"index, follow, max-snippet:-1, max-image-preview:large, max-video-preview:-1\" \/>\n<link rel=\"canonical\" href=\"https:\/\/wp.kristdemokraterna.se\/karlskoga\/politiker\/\" \/>\n<meta property=\"og:locale\" content=\"sv_SE\" \/>\n<meta property=\"og:type\" content=\"article\" \/>\n<meta property=\"og:title\" content=\"Politiker - Karlskoga\" \/>\n<meta property=\"og:description\" content=\"H\u00e4r hittar du styrelsen i Karlskoga \u2013 namn, uppdrag och kontaktv\u00e4gar.\" \/>\n<meta property=\"og:url\" content=\"https:\/\/wp.kristdemokraterna.se\/karlskoga\/politiker\/\" \/>\n<meta property=\"og:site_name\" content=\"Karlskoga\" \/>\n<meta property=\"article:modified_time\" content=\"2026-04-14T19:52:54+00:00\" \/>\n<meta name=\"twitter:card\" content=\"summary_large_image\" \/>\n<meta name=\"twitter:label1\" content=\"Ber\u00e4knad l\u00e4stid\" \/>\n\t<meta name=\"twitter:data1\" content=\"1 minut\" \/>\n<script type=\"application\/ld+json\" class=\"yoast-schema-graph\">{\"@context\":\"https:\\\/\\\/schema.org\",\"@graph\":[{\"@type\":\"WebPage\",\"@id\":\"https:\\\/\\\/wp.kristdemokraterna.se\\\/karlskoga\\\/politiker\\\/\",\"url\":\"https:\\\/\\\/wp.kristdemokraterna.se\\\/karlskoga\\\/politiker\\\/\",\"name\":\"Politiker - Karlskoga\",\"isPartOf\":{\"@id\":\"https:\\\/\\\/wp.kristdemokraterna.se\\\/karlskoga\\\/#website\"},\"datePublished\":\"2013-03-14T15:07:04+00:00\",\"dateModified\":\"2026-04-14T19:52:54+00:00\",\"description\":\"H\u00e4r hittar du styrelsen i Karlskoga \u2013 namn, uppdrag och kontaktv\u00e4gar.\",\"breadcrumb\":{\"@id\":\"https:\\\/\\\/wp.kristdemokraterna.se\\\/karlskoga\\\/politiker\\\/#breadcrumb\"},\"inLanguage\":\"sv-SE\",\"potentialAction\":[{\"@type\":\"ReadAction\",\"target\":[\"https:\\\/\\\/wp.kristdemokraterna.se\\\/karlskoga\\\/politiker\\\/\"]}]},{\"@type\":\"BreadcrumbList\",\"@id\":\"https:\\\/\\\/wp.kristdemokraterna.se\\\/karlskoga\\\/politiker\\\/#breadcrumb\",\"itemListElement\":[{\"@type\":\"ListItem\",\"position\":1,\"name\":\"Hem\",\"item\":\"https:\\\/\\\/wp.kristdemokraterna.se\\\/karlskoga\\\/\"},{\"@type\":\"ListItem\",\"position\":2,\"name\":\"Politiker\"}]},{\"@type\":\"WebSite\",\"@id\":\"https:\\\/\\\/wp.kristdemokraterna.se\\\/karlskoga\\\/#website\",\"url\":\"https:\\\/\\\/wp.kristdemokraterna.se\\\/karlskoga\\\/\",\"name\":\"Karlskoga\",\"description\":\"Med hj\u00e4rtat f\u00f6r Karlskoga\",\"inLanguage\":\"sv-SE\"}]}<\/script>\n<!-- \/ Yoast SEO plugin. -->","yoast_head_json":{"title":"Politiker - Karlskoga","description":"H\u00e4r hittar du styrelsen i Karlskoga \u2013 namn, uppdrag och kontaktv\u00e4gar.","robots":{"index":"index","follow":"follow","max-snippet":"max-snippet:-1","max-image-preview":"max-image-preview:large","max-video-preview":"max-video-preview:-1"},"canonical":"https:\/\/wp.kristdemokraterna.se\/karlskoga\/politiker\/","og_locale":"sv_SE","og_type":"article","og_title":"Politiker - Karlskoga","og_description":"H\u00e4r hittar du styrelsen i Karlskoga \u2013 namn, uppdrag och kontaktv\u00e4gar.","og_url":"https:\/\/wp.kristdemokraterna.se\/karlskoga\/politiker\/","og_site_name":"Karlskoga","article_modified_time":"2026-04-14T19:52:54+00:00","twitter_card":"summary_large_image","twitter_misc":{"Ber\u00e4knad l\u00e4stid":"1 minut"},"schema":{"@context":"https:\/\/schema.org","@graph":[{"@type":"WebPage","@id":"https:\/\/wp.kristdemokraterna.se\/karlskoga\/politiker\/","url":"https:\/\/wp.kristdemokraterna.se\/karlskoga\/politiker\/","name":"Politiker - Karlskoga","isPartOf":{"@id":"https:\/\/wp.kristdemokraterna.se\/karlskoga\/#website"},"datePublished":"2013-03-14T15:07:04+00:00","dateModified":"2026-04-14T19:52:54+00:00","description":"H\u00e4r hittar du styrelsen i Karlskoga \u2013 namn, uppdrag och kontaktv\u00e4gar.","breadcrumb":{"@id":"https:\/\/wp.kristdemokraterna.se\/karlskoga\/politiker\/#breadcrumb"},"inLanguage":"sv-SE","potentialAction":[{"@type":"ReadAction","target":["https:\/\/wp.kristdemokraterna.se\/karlskoga\/politiker\/"]}]},{"@type":"BreadcrumbList","@id":"https:\/\/wp.kristdemokraterna.se\/karlskoga\/politiker\/#breadcrumb","itemListElement":[{"@type":"ListItem","position":1,"name":"Hem","item":"https:\/\/wp.kristdemokraterna.se\/karlskoga\/"},{"@type":"ListItem","position":2,"name":"Politiker"}]},{"@type":"WebSite","@id":"https:\/\/wp.kristdemokraterna.se\/karlskoga\/#website","url":"https:\/\/wp.kristdemokraterna.se\/karlskoga\/","name":"Karlskoga","description":"Med hj\u00e4rtat f\u00f6r Karlskoga","inLanguage":"sv-SE"}]}},"_links":{"self":[{"href":"https:\/\/wp.kristdemokraterna.se\/karlskoga\/wp-json\/wp\/v2\/pages\/34","targetHints":{"allow":["GET"]}}],"collection":[{"href":"https:\/\/wp.kristdemokraterna.se\/karlskoga\/wp-json\/wp\/v2\/pages"}],"about":[{"href":"https:\/\/wp.kristdemokraterna.se\/karlskoga\/wp-json\/wp\/v2\/types\/page"}],"author":[{"embeddable":true,"href":"https:\/\/wp.kristdemokraterna.se\/karlskoga\/wp-json\/wp\/v2\/users\/465"}],"replies":[{"embeddable":true,"href":"https:\/\/wp.kristdemokraterna.se\/karlskoga\/wp-json\/wp\/v2\/comments?post=34"}],"version-history":[{"count":17,"href":"https:\/\/wp.kristdemokraterna.se\/karlskoga\/wp-json\/wp\/v2\/pages\/34\/revisions"}],"predecessor-version":[{"id":382,"href":"https:\/\/wp.kristdemokraterna.se\/karlskoga\/wp-json\/wp\/v2\/pages\/34\/revisions\/382"}],"wp:attachment":[{"href":"https:\/\/wp.kristdemokraterna.se\/karlskoga\/wp-json\/wp\/v2\/media?parent=34"}],"curies":[{"name":"wp","href":"https:\/\/api.w.org\/{rel}","templated":true}]}}