{"id":8,"date":"2012-11-19T15:56:50","date_gmt":"2012-11-19T14:56:50","guid":{"rendered":"http:\/\/wp.kristdemokraterna.se\/karlskoga\/?page_id=8"},"modified":"2026-04-14T21:53:01","modified_gmt":"2026-04-14T19:53:01","slug":"kontakta-oss","status":"publish","type":"page","link":"https:\/\/wp.kristdemokraterna.se\/karlskoga\/kontakta-oss\/","title":{"rendered":"Kontakta oss"},"content":{"rendered":"<div dir=\"ltr\">\n<div><strong>Kristdemokraterna Karlskoga<\/strong><\/div>\n<div>Kyrktorpsgatan 5<\/div>\n<div>691\u00a031 Karlskoga<\/div>\n<div>karlskoga@kristdemokraterna.se<\/div>\n<div><\/div>\n<div><strong><span lang=\"EN-US\">Ann-Catrin \u00d6rtquist <\/span><\/strong><br \/>\nOrdf\u00f6rande partiavdelningen<\/div>\n<div>Partif\u00f6retr\u00e4dare<\/div>\n<div>Vice kommunstyrelsens ordf\u00f6rande<\/div>\n<\/div>\n<div><\/div>\n<p>&nbsp;<\/p>\n<p>&nbsp;<\/p>\n<p>&nbsp;<\/p>\n","protected":false},"excerpt":{"rendered":"<p>Kristdemokraterna Karlskoga Kyrktorpsgatan 5 691\u00a031 Karlskoga karlskoga@kristdemokraterna.se Ann-Catrin \u00d6rtquist Ordf\u00f6rande partiavdelningen Partif\u00f6retr\u00e4dare Vice kommunstyrelsens ordf\u00f6rande &nbsp; &nbsp; &nbsp;<\/p>\n","protected":false},"author":456,"featured_media":0,"parent":0,"menu_order":5,"comment_status":"closed","ping_status":"closed","template":"","meta":{"_acf_changed":false,"footnotes":""},"class_list":["post-8","page","type-page","status-publish","hentry"],"acf":[],"yoast_head":"<!-- This site is optimized with the Yoast SEO plugin v27.4 - https:\/\/yoast.com\/product\/yoast-seo-wordpress\/ -->\n<title>Kontakta oss - Karlskoga<\/title>\n<meta name=\"robots\" content=\"index, follow, max-snippet:-1, max-image-preview:large, max-video-preview:-1\" \/>\n<link rel=\"canonical\" href=\"https:\/\/wp.kristdemokraterna.se\/karlskoga\/kontakta-oss\/\" \/>\n<meta property=\"og:locale\" content=\"sv_SE\" \/>\n<meta property=\"og:type\" content=\"article\" \/>\n<meta property=\"og:title\" content=\"Kontakta oss - Karlskoga\" \/>\n<meta property=\"og:description\" content=\"Kristdemokraterna Karlskoga Kyrktorpsgatan 5 691\u00a031 Karlskoga karlskoga@kristdemokraterna.se Ann-Catrin \u00d6rtquist Ordf\u00f6rande partiavdelningen Partif\u00f6retr\u00e4dare Vice kommunstyrelsens ordf\u00f6rande &nbsp; &nbsp; &nbsp;\" \/>\n<meta property=\"og:url\" content=\"https:\/\/wp.kristdemokraterna.se\/karlskoga\/kontakta-oss\/\" \/>\n<meta property=\"og:site_name\" content=\"Karlskoga\" \/>\n<meta property=\"article:modified_time\" content=\"2026-04-14T19:53:01+00:00\" \/>\n<meta name=\"twitter:card\" content=\"summary_large_image\" \/>\n<meta name=\"twitter:label1\" content=\"Ber\u00e4knad l\u00e4stid\" \/>\n\t<meta name=\"twitter:data1\" content=\"1 minut\" \/>\n<script type=\"application\/ld+json\" class=\"yoast-schema-graph\">{\"@context\":\"https:\\\/\\\/schema.org\",\"@graph\":[{\"@type\":\"WebPage\",\"@id\":\"https:\\\/\\\/wp.kristdemokraterna.se\\\/karlskoga\\\/kontakta-oss\\\/\",\"url\":\"https:\\\/\\\/wp.kristdemokraterna.se\\\/karlskoga\\\/kontakta-oss\\\/\",\"name\":\"Kontakta oss - Karlskoga\",\"isPartOf\":{\"@id\":\"https:\\\/\\\/wp.kristdemokraterna.se\\\/karlskoga\\\/#website\"},\"datePublished\":\"2012-11-19T14:56:50+00:00\",\"dateModified\":\"2026-04-14T19:53:01+00:00\",\"breadcrumb\":{\"@id\":\"https:\\\/\\\/wp.kristdemokraterna.se\\\/karlskoga\\\/kontakta-oss\\\/#breadcrumb\"},\"inLanguage\":\"sv-SE\",\"potentialAction\":[{\"@type\":\"ReadAction\",\"target\":[\"https:\\\/\\\/wp.kristdemokraterna.se\\\/karlskoga\\\/kontakta-oss\\\/\"]}]},{\"@type\":\"BreadcrumbList\",\"@id\":\"https:\\\/\\\/wp.kristdemokraterna.se\\\/karlskoga\\\/kontakta-oss\\\/#breadcrumb\",\"itemListElement\":[{\"@type\":\"ListItem\",\"position\":1,\"name\":\"Hem\",\"item\":\"https:\\\/\\\/wp.kristdemokraterna.se\\\/karlskoga\\\/\"},{\"@type\":\"ListItem\",\"position\":2,\"name\":\"Kontakta oss\"}]},{\"@type\":\"WebSite\",\"@id\":\"https:\\\/\\\/wp.kristdemokraterna.se\\\/karlskoga\\\/#website\",\"url\":\"https:\\\/\\\/wp.kristdemokraterna.se\\\/karlskoga\\\/\",\"name\":\"Karlskoga\",\"description\":\"Med hj\u00e4rtat f\u00f6r Karlskoga\",\"inLanguage\":\"sv-SE\"}]}<\/script>\n<!-- \/ Yoast SEO plugin. -->","yoast_head_json":{"title":"Kontakta oss - Karlskoga","robots":{"index":"index","follow":"follow","max-snippet":"max-snippet:-1","max-image-preview":"max-image-preview:large","max-video-preview":"max-video-preview:-1"},"canonical":"https:\/\/wp.kristdemokraterna.se\/karlskoga\/kontakta-oss\/","og_locale":"sv_SE","og_type":"article","og_title":"Kontakta oss - Karlskoga","og_description":"Kristdemokraterna Karlskoga Kyrktorpsgatan 5 691\u00a031 Karlskoga karlskoga@kristdemokraterna.se Ann-Catrin \u00d6rtquist Ordf\u00f6rande partiavdelningen Partif\u00f6retr\u00e4dare Vice kommunstyrelsens ordf\u00f6rande &nbsp; &nbsp; &nbsp;","og_url":"https:\/\/wp.kristdemokraterna.se\/karlskoga\/kontakta-oss\/","og_site_name":"Karlskoga","article_modified_time":"2026-04-14T19:53:01+00:00","twitter_card":"summary_large_image","twitter_misc":{"Ber\u00e4knad l\u00e4stid":"1 minut"},"schema":{"@context":"https:\/\/schema.org","@graph":[{"@type":"WebPage","@id":"https:\/\/wp.kristdemokraterna.se\/karlskoga\/kontakta-oss\/","url":"https:\/\/wp.kristdemokraterna.se\/karlskoga\/kontakta-oss\/","name":"Kontakta oss - Karlskoga","isPartOf":{"@id":"https:\/\/wp.kristdemokraterna.se\/karlskoga\/#website"},"datePublished":"2012-11-19T14:56:50+00:00","dateModified":"2026-04-14T19:53:01+00:00","breadcrumb":{"@id":"https:\/\/wp.kristdemokraterna.se\/karlskoga\/kontakta-oss\/#breadcrumb"},"inLanguage":"sv-SE","potentialAction":[{"@type":"ReadAction","target":["https:\/\/wp.kristdemokraterna.se\/karlskoga\/kontakta-oss\/"]}]},{"@type":"BreadcrumbList","@id":"https:\/\/wp.kristdemokraterna.se\/karlskoga\/kontakta-oss\/#breadcrumb","itemListElement":[{"@type":"ListItem","position":1,"name":"Hem","item":"https:\/\/wp.kristdemokraterna.se\/karlskoga\/"},{"@type":"ListItem","position":2,"name":"Kontakta oss"}]},{"@type":"WebSite","@id":"https:\/\/wp.kristdemokraterna.se\/karlskoga\/#website","url":"https:\/\/wp.kristdemokraterna.se\/karlskoga\/","name":"Karlskoga","description":"Med hj\u00e4rtat f\u00f6r Karlskoga","inLanguage":"sv-SE"}]}},"_links":{"self":[{"href":"https:\/\/wp.kristdemokraterna.se\/karlskoga\/wp-json\/wp\/v2\/pages\/8","targetHints":{"allow":["GET"]}}],"collection":[{"href":"https:\/\/wp.kristdemokraterna.se\/karlskoga\/wp-json\/wp\/v2\/pages"}],"about":[{"href":"https:\/\/wp.kristdemokraterna.se\/karlskoga\/wp-json\/wp\/v2\/types\/page"}],"author":[{"embeddable":true,"href":"https:\/\/wp.kristdemokraterna.se\/karlskoga\/wp-json\/wp\/v2\/users\/456"}],"replies":[{"embeddable":true,"href":"https:\/\/wp.kristdemokraterna.se\/karlskoga\/wp-json\/wp\/v2\/comments?post=8"}],"version-history":[{"count":34,"href":"https:\/\/wp.kristdemokraterna.se\/karlskoga\/wp-json\/wp\/v2\/pages\/8\/revisions"}],"predecessor-version":[{"id":379,"href":"https:\/\/wp.kristdemokraterna.se\/karlskoga\/wp-json\/wp\/v2\/pages\/8\/revisions\/379"}],"wp:attachment":[{"href":"https:\/\/wp.kristdemokraterna.se\/karlskoga\/wp-json\/wp\/v2\/media?parent=8"}],"curies":[{"name":"wp","href":"https:\/\/api.w.org\/{rel}","templated":true}]}}