{"id":368,"date":"2021-12-28T15:51:15","date_gmt":"2021-12-28T14:51:15","guid":{"rendered":"http:\/\/wp.kristdemokraterna.se\/karlskrona\/?page_id=368"},"modified":"2024-02-12T10:26:25","modified_gmt":"2024-02-12T09:26:25","slug":"om-kristdemokraterna","status":"publish","type":"page","link":"https:\/\/wp.kristdemokraterna.se\/karlskrona\/textsida-fullbredd\/om-kristdemokraterna\/","title":{"rendered":"Om Kristdemokraterna"},"content":{"rendered":"<h1><\/h1>\n<div id=\"print\">\n<div id=\"ctl00_AllAreaPlaceHolder_MainContentArea_PageHeader1_pnlHeading\">\n<div id=\"ctl00_AllAreaPlaceHolder_MainContentArea_PageHeader1_pnlHeading\">\n<p><strong>Kristdemokraterna s\u00e4tter m\u00e4nniskov\u00e4rdet fr\u00e4mst och vill prioritera det som \u00e4r n\u00f6dv\u00e4ndigt f\u00f6r att bygga ett samh\u00e4lle som h\u00e5ller ihop. V\u00e5rden, \u00e4ldrefr\u00e5gorna och tryggheten \u00e4r v\u00e5ra prioriterade fr\u00e5gor.<\/strong><\/p>\n<p>V\u00e5rt partinamn ber\u00e4ttar vad vi st\u00e5r f\u00f6r \u2013 en demokrati byggd p\u00e5 kristen m\u00e4nniskosyn och v\u00e4rdegrund. En vanlig missuppfattning \u00e4r att man m\u00e5ste vara troende f\u00f6r att vara med. Det \u00e4r fel. Alla som delar v\u00e5ra id\u00e9er \u00e4r v\u00e4lkomna i partiet.<\/p>\n<\/div>\n<div>\n<p><strong>Fakta om partiet:<\/strong><\/p>\n<ul>\n<li>Partiets ordf\u00f6rande heter\u00a0<a href=\"https:\/\/www.kristdemokraterna.se\/Ebba\/\">Ebba Busch<\/a>.<\/li>\n<li>Vi har 19 riksdagsledam\u00f6ter. Kristdemokraterna fick sitt f\u00f6rsta riksdagsmandat 1991. Vi har drygt 25300 medlemmar. Vi \u00e4r organiserade i 26 distrikt. Ett distrikt omfattar oftast ett l\u00e4n och vi \u00e4r representerade i samtliga landsting f\u00f6rutom Norrbotten.<\/li>\n<li>V\u00e5ra lokala representanter hittar du\u00a0<a href=\"https:\/\/kristdemokraterna.se\/engagera-dig\/kd-lokalt\/\">h\u00e4r<\/a>.<\/li>\n<li>I partiet finns ocks\u00e5 ett\u00a0<a href=\"https:\/\/kd-k.se\/\">kvinnof\u00f6rbund<\/a>, ett\u00a0<a class=\"externalLink\" title=\"Till KDUs hemsida - \u00f6ppnas i nytt f\u00f6nster\" href=\"http:\/\/www.kdu.se\/\" target=\"_blank\" rel=\"noopener\">ungdomsf\u00f6rbund<\/a>, ett\u00a0<a class=\"externalLink\" title=\"Till studentf\u00f6rbundets hemsida - \u00f6ppnas i nytt f\u00f6nster\" href=\"http:\/\/www.studentmakt.nu\/\" target=\"_blank\" rel=\"noopener\">studentf\u00f6rbund<\/a>\u00a0och ett\u00a0<a class=\"externalLink\" title=\"Till seniorf\u00f6rbundets hemsida - \u00f6ppnas i nytt f\u00f6nster\" href=\"http:\/\/www.kdsenior.se\/\" target=\"_blank\" rel=\"noopener\">seniorf\u00f6rbund<\/a>.<\/li>\n<li>\u00c5r 2005 startade organisationen\u00a0<a class=\"externalLink\" title=\"KIC - Kristdemokratiskt Internationellt Center - \u00d6ppnas i ett nytt f\u00f6nster\" href=\"http:\/\/www.kicsweden.org\/\" target=\"_blank\" rel=\"noopener\">KIC \u2013 Kristdemokratiskt Internationellt Center<\/a>\u00a0 som arbetar med demokratibist\u00e5nd. De\u00a0st\u00f6djer andra kristdemokratiska partier. I diktaturer st\u00f6ttar de\u00a0demokratir\u00f6relser som befinner sig i opposition.<\/li>\n<li>Kristdemokraterna \u00e4r representerat i EU-parlamentet av Sara Skyttedal och David Lega. P\u00e5 europeisk niv\u00e5 utg\u00f6r Kristdemokraterna en del av EPP \u2013 European People\u00b4s Party \u2013 en sammanslutning av kristdemokratiska partier i Europa.<\/li>\n<\/ul>\n<\/div>\n<\/div>\n<\/div>\n","protected":false},"excerpt":{"rendered":"<p>Kristdemokraterna s\u00e4tter m\u00e4nniskov\u00e4rdet fr\u00e4mst och vill prioritera det som \u00e4r n\u00f6dv\u00e4ndigt f\u00f6r att bygga ett samh\u00e4lle som h\u00e5ller ihop. V\u00e5rden, \u00e4ldrefr\u00e5gorna och tryggheten \u00e4r v\u00e5ra prioriterade fr\u00e5gor. V\u00e5rt partinamn ber\u00e4ttar vad vi st\u00e5r f\u00f6r \u2013 en demokrati byggd p\u00e5 kristen m\u00e4nniskosyn och v\u00e4rdegrund. En vanlig missuppfattning \u00e4r att man m\u00e5ste vara troende f\u00f6r att vara <a class=\"read-more-link\" href=\"https:\/\/wp.kristdemokraterna.se\/karlskrona\/textsida-fullbredd\/om-kristdemokraterna\/\">L\u00e4s mer<\/a><\/p>\n","protected":false},"author":634,"featured_media":0,"parent":272,"menu_order":2,"comment_status":"closed","ping_status":"closed","template":"page.php","meta":{"_acf_changed":false,"footnotes":""},"class_list":["post-368","page","type-page","status-publish","hentry"],"acf":[],"yoast_head":"<!-- This site is optimized with the Yoast SEO plugin v27.3 - https:\/\/yoast.com\/product\/yoast-seo-wordpress\/ -->\n<title>Om Kristdemokraterna - Kristdemokraterna i Karlskrona<\/title>\n<meta name=\"robots\" content=\"index, follow, max-snippet:-1, max-image-preview:large, max-video-preview:-1\" \/>\n<link rel=\"canonical\" href=\"https:\/\/wp.kristdemokraterna.se\/karlskrona\/textsida-fullbredd\/om-kristdemokraterna\/\" \/>\n<meta property=\"og:locale\" content=\"sv_SE\" \/>\n<meta property=\"og:type\" content=\"article\" \/>\n<meta property=\"og:title\" content=\"Om Kristdemokraterna - Kristdemokraterna i Karlskrona\" \/>\n<meta property=\"og:description\" content=\"Kristdemokraterna s\u00e4tter m\u00e4nniskov\u00e4rdet fr\u00e4mst och vill prioritera det som \u00e4r n\u00f6dv\u00e4ndigt f\u00f6r att bygga ett samh\u00e4lle som h\u00e5ller ihop. V\u00e5rden, \u00e4ldrefr\u00e5gorna och tryggheten \u00e4r v\u00e5ra prioriterade fr\u00e5gor. V\u00e5rt partinamn ber\u00e4ttar vad vi st\u00e5r f\u00f6r \u2013 en demokrati byggd p\u00e5 kristen m\u00e4nniskosyn och v\u00e4rdegrund. En vanlig missuppfattning \u00e4r att man m\u00e5ste vara troende f\u00f6r att vara L\u00e4s mer\" \/>\n<meta property=\"og:url\" content=\"https:\/\/wp.kristdemokraterna.se\/karlskrona\/textsida-fullbredd\/om-kristdemokraterna\/\" \/>\n<meta property=\"og:site_name\" content=\"Kristdemokraterna i Karlskrona\" \/>\n<meta property=\"article:modified_time\" content=\"2024-02-12T09:26:25+00:00\" \/>\n<meta name=\"twitter:card\" content=\"summary_large_image\" \/>\n<meta name=\"twitter:label1\" content=\"Ber\u00e4knad l\u00e4stid\" \/>\n\t<meta name=\"twitter:data1\" content=\"1 minut\" \/>\n<script type=\"application\/ld+json\" class=\"yoast-schema-graph\">{\"@context\":\"https:\\\/\\\/schema.org\",\"@graph\":[{\"@type\":\"WebPage\",\"@id\":\"https:\\\/\\\/wp.kristdemokraterna.se\\\/karlskrona\\\/textsida-fullbredd\\\/om-kristdemokraterna\\\/\",\"url\":\"https:\\\/\\\/wp.kristdemokraterna.se\\\/karlskrona\\\/textsida-fullbredd\\\/om-kristdemokraterna\\\/\",\"name\":\"Om Kristdemokraterna - Kristdemokraterna i Karlskrona\",\"isPartOf\":{\"@id\":\"https:\\\/\\\/wp.kristdemokraterna.se\\\/karlskrona\\\/#website\"},\"datePublished\":\"2021-12-28T14:51:15+00:00\",\"dateModified\":\"2024-02-12T09:26:25+00:00\",\"breadcrumb\":{\"@id\":\"https:\\\/\\\/wp.kristdemokraterna.se\\\/karlskrona\\\/textsida-fullbredd\\\/om-kristdemokraterna\\\/#breadcrumb\"},\"inLanguage\":\"sv-SE\",\"potentialAction\":[{\"@type\":\"ReadAction\",\"target\":[\"https:\\\/\\\/wp.kristdemokraterna.se\\\/karlskrona\\\/textsida-fullbredd\\\/om-kristdemokraterna\\\/\"]}]},{\"@type\":\"BreadcrumbList\",\"@id\":\"https:\\\/\\\/wp.kristdemokraterna.se\\\/karlskrona\\\/textsida-fullbredd\\\/om-kristdemokraterna\\\/#breadcrumb\",\"itemListElement\":[{\"@type\":\"ListItem\",\"position\":1,\"name\":\"Hem\",\"item\":\"https:\\\/\\\/wp.kristdemokraterna.se\\\/karlskrona\\\/\"},{\"@type\":\"ListItem\",\"position\":2,\"name\":\"Vad vi st\u00e5r f\u00f6r!\",\"item\":\"https:\\\/\\\/wp.kristdemokraterna.se\\\/karlskrona\\\/textsida-fullbredd\\\/\"},{\"@type\":\"ListItem\",\"position\":3,\"name\":\"Om Kristdemokraterna\"}]},{\"@type\":\"WebSite\",\"@id\":\"https:\\\/\\\/wp.kristdemokraterna.se\\\/karlskrona\\\/#website\",\"url\":\"https:\\\/\\\/wp.kristdemokraterna.se\\\/karlskrona\\\/\",\"name\":\"Kristdemokraterna i Karlskrona\",\"description\":\"Nu f\u00e5r vi fart p\u00e5 Karlskrona och Sverige !\",\"inLanguage\":\"sv-SE\"}]}<\/script>\n<!-- \/ Yoast SEO plugin. -->","yoast_head_json":{"title":"Om Kristdemokraterna - Kristdemokraterna i Karlskrona","robots":{"index":"index","follow":"follow","max-snippet":"max-snippet:-1","max-image-preview":"max-image-preview:large","max-video-preview":"max-video-preview:-1"},"canonical":"https:\/\/wp.kristdemokraterna.se\/karlskrona\/textsida-fullbredd\/om-kristdemokraterna\/","og_locale":"sv_SE","og_type":"article","og_title":"Om Kristdemokraterna - Kristdemokraterna i Karlskrona","og_description":"Kristdemokraterna s\u00e4tter m\u00e4nniskov\u00e4rdet fr\u00e4mst och vill prioritera det som \u00e4r n\u00f6dv\u00e4ndigt f\u00f6r att bygga ett samh\u00e4lle som h\u00e5ller ihop. V\u00e5rden, \u00e4ldrefr\u00e5gorna och tryggheten \u00e4r v\u00e5ra prioriterade fr\u00e5gor. V\u00e5rt partinamn ber\u00e4ttar vad vi st\u00e5r f\u00f6r \u2013 en demokrati byggd p\u00e5 kristen m\u00e4nniskosyn och v\u00e4rdegrund. En vanlig missuppfattning \u00e4r att man m\u00e5ste vara troende f\u00f6r att vara L\u00e4s mer","og_url":"https:\/\/wp.kristdemokraterna.se\/karlskrona\/textsida-fullbredd\/om-kristdemokraterna\/","og_site_name":"Kristdemokraterna i Karlskrona","article_modified_time":"2024-02-12T09:26:25+00:00","twitter_card":"summary_large_image","twitter_misc":{"Ber\u00e4knad l\u00e4stid":"1 minut"},"schema":{"@context":"https:\/\/schema.org","@graph":[{"@type":"WebPage","@id":"https:\/\/wp.kristdemokraterna.se\/karlskrona\/textsida-fullbredd\/om-kristdemokraterna\/","url":"https:\/\/wp.kristdemokraterna.se\/karlskrona\/textsida-fullbredd\/om-kristdemokraterna\/","name":"Om Kristdemokraterna - Kristdemokraterna i Karlskrona","isPartOf":{"@id":"https:\/\/wp.kristdemokraterna.se\/karlskrona\/#website"},"datePublished":"2021-12-28T14:51:15+00:00","dateModified":"2024-02-12T09:26:25+00:00","breadcrumb":{"@id":"https:\/\/wp.kristdemokraterna.se\/karlskrona\/textsida-fullbredd\/om-kristdemokraterna\/#breadcrumb"},"inLanguage":"sv-SE","potentialAction":[{"@type":"ReadAction","target":["https:\/\/wp.kristdemokraterna.se\/karlskrona\/textsida-fullbredd\/om-kristdemokraterna\/"]}]},{"@type":"BreadcrumbList","@id":"https:\/\/wp.kristdemokraterna.se\/karlskrona\/textsida-fullbredd\/om-kristdemokraterna\/#breadcrumb","itemListElement":[{"@type":"ListItem","position":1,"name":"Hem","item":"https:\/\/wp.kristdemokraterna.se\/karlskrona\/"},{"@type":"ListItem","position":2,"name":"Vad vi st\u00e5r f\u00f6r!","item":"https:\/\/wp.kristdemokraterna.se\/karlskrona\/textsida-fullbredd\/"},{"@type":"ListItem","position":3,"name":"Om Kristdemokraterna"}]},{"@type":"WebSite","@id":"https:\/\/wp.kristdemokraterna.se\/karlskrona\/#website","url":"https:\/\/wp.kristdemokraterna.se\/karlskrona\/","name":"Kristdemokraterna i Karlskrona","description":"Nu f\u00e5r vi fart p\u00e5 Karlskrona och Sverige !","inLanguage":"sv-SE"}]}},"_links":{"self":[{"href":"https:\/\/wp.kristdemokraterna.se\/karlskrona\/wp-json\/wp\/v2\/pages\/368","targetHints":{"allow":["GET"]}}],"collection":[{"href":"https:\/\/wp.kristdemokraterna.se\/karlskrona\/wp-json\/wp\/v2\/pages"}],"about":[{"href":"https:\/\/wp.kristdemokraterna.se\/karlskrona\/wp-json\/wp\/v2\/types\/page"}],"author":[{"embeddable":true,"href":"https:\/\/wp.kristdemokraterna.se\/karlskrona\/wp-json\/wp\/v2\/users\/634"}],"replies":[{"embeddable":true,"href":"https:\/\/wp.kristdemokraterna.se\/karlskrona\/wp-json\/wp\/v2\/comments?post=368"}],"version-history":[{"count":6,"href":"https:\/\/wp.kristdemokraterna.se\/karlskrona\/wp-json\/wp\/v2\/pages\/368\/revisions"}],"predecessor-version":[{"id":648,"href":"https:\/\/wp.kristdemokraterna.se\/karlskrona\/wp-json\/wp\/v2\/pages\/368\/revisions\/648"}],"up":[{"embeddable":true,"href":"https:\/\/wp.kristdemokraterna.se\/karlskrona\/wp-json\/wp\/v2\/pages\/272"}],"wp:attachment":[{"href":"https:\/\/wp.kristdemokraterna.se\/karlskrona\/wp-json\/wp\/v2\/media?parent=368"}],"curies":[{"name":"wp","href":"https:\/\/api.w.org\/{rel}","templated":true}]}}