{"id":480,"date":"2018-05-29T11:19:26","date_gmt":"2018-05-29T09:19:26","guid":{"rendered":"http:\/\/wp.kristdemokraterna.se\/karlskrona\/gdpr\/"},"modified":"2024-02-12T10:27:17","modified_gmt":"2024-02-12T09:27:17","slug":"gdpr","status":"publish","type":"page","link":"https:\/\/wp.kristdemokraterna.se\/karlskrona\/gdpr\/","title":{"rendered":"Vi f\u00f6ljer den nya lagstiftningen f\u00f6r behandling av personuppgifter \u2013 GDPR"},"content":{"rendered":"<p><strong>Kommentarer<\/strong><\/p>\n<p>N\u00e4r bes\u00f6kare l\u00e4mnar kommentarer p\u00e5 webbplatsen samlar vi in de uppgifter som visas i kommentarsformul\u00e4ret samt bes\u00f6karens ip-adress och user agent-str\u00e4ng som hj\u00e4lp f\u00f6r detektering av skr\u00e4pmeddelanden.<br \/>\nEn anonymiserad str\u00e4ng som skapats utifr\u00e5n din e-postadress (\u00e4ven kallat hash-v\u00e4rde) kan komma att s\u00e4ndas till tj\u00e4nsten Gravatar f\u00f6r att avg\u00f6ra om du finns registrerad d\u00e4r. Integritetspolicyn f\u00f6r tj\u00e4nsten Gravatar finns p\u00e5 https:\/\/automattic.com\/privacy\/. N\u00e4r din kommentar har godk\u00e4nts kommer din profilbild att visas publikt tillsammans med din kommentar.<\/p>\n<p><strong>Media<\/strong><\/p>\n<p>Om du laddar upp bilder till webbplatsen b\u00f6r du undvika att ladda upp bilder d\u00e4r EXIF-data inkluderar data fr\u00e5n GPS-lokalisering. Bes\u00f6kare till webbplatsen kan ladda ned och ta fram alla positioneringsuppgifter fr\u00e5n bilder p\u00e5 webbplatsen.<\/p>\n<p><strong>Cookie-filer<\/strong><\/p>\n<p>Om du l\u00e4mnar en kommentar p\u00e5 v\u00e5r webbplats kan du v\u00e4lja att spara ditt namn, din e-postadress och webbplatsadress i cookie-filer. Detta \u00e4r f\u00f6r din bekv\u00e4mlighet f\u00f6r att du inte ska beh\u00f6va fylla i dessa uppgifter igen n\u00e4sta g\u00e5ng du skriver en kommentar. Dessa cookie-filer g\u00e4ller i ett \u00e5r.<br \/>\nOm du har ett konto och loggar in p\u00e5 denna webbplats kommer vi att skapa en tillf\u00e4llig cookie-fil f\u00f6r att kontrollera om din webbl\u00e4sare accepterar cookie-filer. Denna cookie-fil inneh\u00e5ller ingen personligt identifierbar information och f\u00f6rsvinner n\u00e4r du st\u00e4nger din webbl\u00e4sare.<br \/>\nN\u00e4r du loggar in kommer vi dessutom att skapa flera cookie-filer f\u00f6r att spara information om din inloggning och dina val f\u00f6r utformning av sk\u00e4rmlayouten. Cookie-filer f\u00f6r inloggning g\u00e4ller i tv\u00e5 dagar och cookie-filer f\u00f6r layoutval g\u00e4ller i ett \u00e5r. Om du kryssar i \u201dKom ih\u00e5g mig\u201d kommer din cookie att finnas kvar i tv\u00e5 veckor. Om du loggar ut fr\u00e5n ditt konto kommer cookie-filerna f\u00f6r inloggning att tas bort.<br \/>\nOm du redigerar eller publicerar en artikel kommer en extra cookie-fil att sparas i din webbl\u00e4sare. Denna cookie-fil inneh\u00e5ller inga personuppgifter utan anger endast inl\u00e4ggs-ID f\u00f6r den artikel du just redigerade. Den g\u00e4ller under 1 dygn.<\/p>\n<p><strong>Inb\u00e4ddad inneh\u00e5ll fr\u00e5n andra webbplatser<\/strong><\/p>\n<p>Artiklar p\u00e5 denna webbplats kan inneh\u00e5lla inb\u00e4ddat inneh\u00e5ll (exempelvis videoklipp, bilder, artiklar o.s.v.). Inb\u00e4ddat inneh\u00e5ll fr\u00e5n andra webbplatser beter sig precis p\u00e5 samma s\u00e4tt som om bes\u00f6karen har bes\u00f6kt den andra webbplatsen.<br \/>\nDessa webbplatser kan samla in uppgifter om dig, anv\u00e4nda cookie-filer, b\u00e4dda in ytterligare sp\u00e5rning fr\u00e5n tredje part och \u00f6vervaka din interaktion med sagda inb\u00e4ddade inneh\u00e5ll, inklusive sp\u00e5rning av din interaktion med detta inb\u00e4ddade inneh\u00e5ll om du har ett konto och \u00e4r inloggad p\u00e5 webbplatsen i fr\u00e5ga.<\/p>\n<p><strong>Integritetspolicy f\u00f6r personuppgifter<br \/>\n<\/strong>Kristdemokraternas integritetspolicy g\u00e4ller hantering av information och behandling av personuppgifter inom den Kristdemokratiska r\u00f6relsen, dvs moderpartiet, partidistrikten och partiavdelningarna.<\/p>\n<p><strong>Varf\u00f6r personuppgifterna \u00e4r viktiga<\/strong><br \/>\nKristdemokraterna \u00e4r ett politiskt parti som tar fr\u00e5gor kring personlig integritet p\u00e5 st\u00f6rsta allvar. Personuppgifter kopplade till politiska \u00e5sikter anses vara k\u00e4nsliga personuppgifter vilket st\u00e4ller st\u00f6rre krav p\u00e5 ansvar, s\u00e4kerhet och uppf\u00f6ljning av hur personuppgifter hanteras. F\u00f6ljande policy beskriver i enlighet med GDPR riktlinjerna f\u00f6r hanteringen av personuppgifter inom Kristdemokraterna.<\/p>\n<p><strong>Vad \u00e4r en personuppgift?<\/strong><br \/>\nAllt som kan identifiera en person direkt eller indirekt anses vara en personuppgift. Namn, personnummer, e-post, telefonnummer, ljudinspelning eller en bild \u00e4r personuppgifter men \u00e4ven information som tillsammans med andra faktorer kan identifiera en person \u00e4r personuppgifter. Exempelvis bankkontonummer, registreringsnummer och IP-nummer men \u00e4ven beskrivningar av utseende, politiska \u00e5sikter, religi\u00f6s \u00e5sk\u00e5dning, social bakgrund och etniskt ursprung \u00e4r att betrakta som personuppgifter n\u00e4r de kan identifiera en person direkt eller indirekt. GDPR g\u00f6r ingen skillnad p\u00e5 om uppgifterna finns dokumenterade digitalt eller analogt.<\/p>\n<p><strong>Varifr\u00e5n f\u00e5r vi dina personuppgifter<\/strong><br \/>\nDe personuppgifter vi har om dig har vi f\u00e5tt fr\u00e5n dig i samband med att du blev medlem, registrerat dig f\u00f6r informationsutskick, eller sk\u00e4nkt en g\u00e5va. Det kan \u00e4ven finnas andra sammanhang d\u00e4r vi f\u00e5tt personuppgifter fr\u00e5n dig.<\/p>\n<p><strong>Vilka personuppgifter hanterar Kristdemokraterna<br \/>\n<\/strong>Kristdemokraterna hanterar fullst\u00e4ndigt personnummer f\u00f6r att s\u00e4kerst\u00e4lla att du \u00e4r du, samt namn och fullst\u00e4ndig adress. Vi hanterar \u00e4ven ytterligare kontaktuppgifter som telefonnummer och e-postadresser i de fall vi erh\u00e5llit dem fr\u00e5n dig. Vid anv\u00e4ndning av v\u00e5ra IT-system registreras \u00e4ven IP-nummer.<\/p>\n<p><strong>Vi tar ansvar f\u00f6r och skyddar dina personuppgifter<br \/>\n<\/strong>Kristdemokraterna, Studentf\u00f6rbundet, KIC, de associerade f\u00f6rbunden \u00e4r var f\u00f6r sig personuppgiftsansvarig liksom varje niv\u00e5 inom respektive organisation. Varje personuppgiftsansvarig har utsett ett dataskyddsombud. Uppgifterna behandlas i ett centralt register som Kristdemokraternas riksorganisation ansvarar f\u00f6r.<\/p>\n<p><strong>Hur vi hanterar personuppgifterna<br \/>\n<\/strong>Samtliga registeransvariga har undertecknat s\u00e4rskilt sekretessavtal f\u00f6r att f\u00e5 tilltr\u00e4de till medlemsregistret. F\u00f6r att registeransvarig ska f\u00e5 anv\u00e4nda medlemsregistret m\u00e5ste det finnas ett klart och tydligt syfte med anv\u00e4ndningen. Sekretessavtal undertecknas \u00e4ven i de fall registeransvarig hanterar personuppgifter p\u00e5 uppdrag av annan del i organisationen. Personuppgiftsansvariga kan ing\u00e5 samarbeten med betrodd tredje part som bist\u00e5r med att f\u00f6rmedla information, hantera varor eller tj\u00e4nster, eller p\u00e5 annat s\u00e4tt bist\u00e5r i kontakten med dig eller f\u00f6r att f\u00f6rpliktelser mot dig eller myndighet ska kunna utf\u00f6ras. Med dessa parter uppr\u00e4ttas Personuppgiftsbitr\u00e4desavtal d\u00e4r det tydligt anges att det handlar om k\u00e4nsliga personuppgifter samt att informationen \u00e4r konfidentiell och inte f\u00e5r spridas vidare till utomst\u00e5ende part.<\/p>\n<p><strong>Du har r\u00e4ttigheter<\/strong><br \/>\nEnligt EU:s dataskyddslagstiftning har du som individ vissa lagstadgade r\u00e4ttigheter i relation till de personuppgifter vi hanterar om dig. Du har r\u00e4tt att f\u00e5 tillg\u00e5ng till dina personuppgifter, r\u00e4tt till r\u00e4ttning och radering, samt r\u00e4tt att tacka nej till att f\u00e5 information fr\u00e5n oss via sms, e-post eller vanlig post. Du har ocks\u00e5 r\u00e4tt att klaga till den nationella dataskyddsmyndigheten. I Sveriges fall v\u00e4nder du dig till Datainspektionen.<\/p>\n<p><strong>Hur l\u00e4nge vi beh\u00e5ller dina personuppgifter<\/strong><br \/>\nUppgifterna beh\u00e5lls s\u00e5 l\u00e4nge det \u00e4r n\u00f6dv\u00e4ndigt f\u00f6r de f\u00f6rpliktelser vi har gentemot dig, myndigheter eller tredje part. N\u00e4r en personuppgift inte l\u00e4ngre m\u00e5ste hanteras eller sparas tas uppgifterna bort eller avidentifieras.<\/p>\n<p><strong>Vem du kontaktar<\/strong><br \/>\nOm du vill ut\u00f6va n\u00e5gon av dina lagstadgade r\u00e4ttigheter eller har fr\u00e5gor ang\u00e5ende behandlingen av dina personuppgifter ber vi dig att kontakta oss via\u00a0<a href=\"mailto:personuppgifter@kristdemokraterna.se\">personuppgifter@kristdemokraterna.se<\/a>.<\/p>\n","protected":false},"excerpt":{"rendered":"<p>Kommentarer N\u00e4r bes\u00f6kare l\u00e4mnar kommentarer p\u00e5 webbplatsen samlar vi in de uppgifter som visas i kommentarsformul\u00e4ret samt bes\u00f6karens ip-adress och user agent-str\u00e4ng som hj\u00e4lp f\u00f6r detektering av skr\u00e4pmeddelanden. En anonymiserad str\u00e4ng som skapats utifr\u00e5n din e-postadress (\u00e4ven kallat hash-v\u00e4rde) kan komma att s\u00e4ndas till tj\u00e4nsten Gravatar f\u00f6r att avg\u00f6ra om du finns registrerad d\u00e4r. Integritetspolicyn <a class=\"read-more-link\" href=\"https:\/\/wp.kristdemokraterna.se\/karlskrona\/gdpr\/\">L\u00e4s mer<\/a><\/p>\n","protected":false},"author":444,"featured_media":0,"parent":0,"menu_order":0,"comment_status":"closed","ping_status":"closed","template":"page-full.php","meta":{"_acf_changed":false,"footnotes":""},"class_list":["post-480","page","type-page","status-publish","hentry"],"acf":[],"yoast_head":"<!-- This site is optimized with the Yoast SEO plugin v27.3 - https:\/\/yoast.com\/product\/yoast-seo-wordpress\/ -->\n<title>Vi f\u00f6ljer den nya lagstiftningen f\u00f6r behandling av personuppgifter \u2013 GDPR - Kristdemokraterna i Karlskrona<\/title>\n<meta name=\"robots\" content=\"index, follow, max-snippet:-1, max-image-preview:large, max-video-preview:-1\" \/>\n<link rel=\"canonical\" href=\"https:\/\/wp.kristdemokraterna.se\/karlskrona\/gdpr\/\" \/>\n<meta property=\"og:locale\" content=\"sv_SE\" \/>\n<meta property=\"og:type\" content=\"article\" \/>\n<meta property=\"og:title\" content=\"Vi f\u00f6ljer den nya lagstiftningen f\u00f6r behandling av personuppgifter \u2013 GDPR - Kristdemokraterna i Karlskrona\" \/>\n<meta property=\"og:description\" content=\"Kommentarer N\u00e4r bes\u00f6kare l\u00e4mnar kommentarer p\u00e5 webbplatsen samlar vi in de uppgifter som visas i kommentarsformul\u00e4ret samt bes\u00f6karens ip-adress och user agent-str\u00e4ng som hj\u00e4lp f\u00f6r detektering av skr\u00e4pmeddelanden. En anonymiserad str\u00e4ng som skapats utifr\u00e5n din e-postadress (\u00e4ven kallat hash-v\u00e4rde) kan komma att s\u00e4ndas till tj\u00e4nsten Gravatar f\u00f6r att avg\u00f6ra om du finns registrerad d\u00e4r. Integritetspolicyn L\u00e4s mer\" \/>\n<meta property=\"og:url\" content=\"https:\/\/wp.kristdemokraterna.se\/karlskrona\/gdpr\/\" \/>\n<meta property=\"og:site_name\" content=\"Kristdemokraterna i Karlskrona\" \/>\n<meta property=\"article:modified_time\" content=\"2024-02-12T09:27:17+00:00\" \/>\n<meta name=\"twitter:card\" content=\"summary_large_image\" \/>\n<meta name=\"twitter:label1\" content=\"Ber\u00e4knad l\u00e4stid\" \/>\n\t<meta name=\"twitter:data1\" content=\"6 minuter\" \/>\n<script type=\"application\/ld+json\" class=\"yoast-schema-graph\">{\"@context\":\"https:\\\/\\\/schema.org\",\"@graph\":[{\"@type\":\"WebPage\",\"@id\":\"https:\\\/\\\/wp.kristdemokraterna.se\\\/karlskrona\\\/gdpr\\\/\",\"url\":\"https:\\\/\\\/wp.kristdemokraterna.se\\\/karlskrona\\\/gdpr\\\/\",\"name\":\"Vi f\u00f6ljer den nya lagstiftningen f\u00f6r behandling av personuppgifter \u2013 GDPR - Kristdemokraterna i Karlskrona\",\"isPartOf\":{\"@id\":\"https:\\\/\\\/wp.kristdemokraterna.se\\\/karlskrona\\\/#website\"},\"datePublished\":\"2018-05-29T09:19:26+00:00\",\"dateModified\":\"2024-02-12T09:27:17+00:00\",\"breadcrumb\":{\"@id\":\"https:\\\/\\\/wp.kristdemokraterna.se\\\/karlskrona\\\/gdpr\\\/#breadcrumb\"},\"inLanguage\":\"sv-SE\",\"potentialAction\":[{\"@type\":\"ReadAction\",\"target\":[\"https:\\\/\\\/wp.kristdemokraterna.se\\\/karlskrona\\\/gdpr\\\/\"]}]},{\"@type\":\"BreadcrumbList\",\"@id\":\"https:\\\/\\\/wp.kristdemokraterna.se\\\/karlskrona\\\/gdpr\\\/#breadcrumb\",\"itemListElement\":[{\"@type\":\"ListItem\",\"position\":1,\"name\":\"Hem\",\"item\":\"https:\\\/\\\/wp.kristdemokraterna.se\\\/karlskrona\\\/\"},{\"@type\":\"ListItem\",\"position\":2,\"name\":\"Vi f\u00f6ljer den nya lagstiftningen f\u00f6r behandling av personuppgifter \u2013 GDPR\"}]},{\"@type\":\"WebSite\",\"@id\":\"https:\\\/\\\/wp.kristdemokraterna.se\\\/karlskrona\\\/#website\",\"url\":\"https:\\\/\\\/wp.kristdemokraterna.se\\\/karlskrona\\\/\",\"name\":\"Kristdemokraterna i Karlskrona\",\"description\":\"Nu f\u00e5r vi fart p\u00e5 Karlskrona och Sverige !\",\"inLanguage\":\"sv-SE\"}]}<\/script>\n<!-- \/ Yoast SEO plugin. -->","yoast_head_json":{"title":"Vi f\u00f6ljer den nya lagstiftningen f\u00f6r behandling av personuppgifter \u2013 GDPR - Kristdemokraterna i Karlskrona","robots":{"index":"index","follow":"follow","max-snippet":"max-snippet:-1","max-image-preview":"max-image-preview:large","max-video-preview":"max-video-preview:-1"},"canonical":"https:\/\/wp.kristdemokraterna.se\/karlskrona\/gdpr\/","og_locale":"sv_SE","og_type":"article","og_title":"Vi f\u00f6ljer den nya lagstiftningen f\u00f6r behandling av personuppgifter \u2013 GDPR - Kristdemokraterna i Karlskrona","og_description":"Kommentarer N\u00e4r bes\u00f6kare l\u00e4mnar kommentarer p\u00e5 webbplatsen samlar vi in de uppgifter som visas i kommentarsformul\u00e4ret samt bes\u00f6karens ip-adress och user agent-str\u00e4ng som hj\u00e4lp f\u00f6r detektering av skr\u00e4pmeddelanden. En anonymiserad str\u00e4ng som skapats utifr\u00e5n din e-postadress (\u00e4ven kallat hash-v\u00e4rde) kan komma att s\u00e4ndas till tj\u00e4nsten Gravatar f\u00f6r att avg\u00f6ra om du finns registrerad d\u00e4r. Integritetspolicyn L\u00e4s mer","og_url":"https:\/\/wp.kristdemokraterna.se\/karlskrona\/gdpr\/","og_site_name":"Kristdemokraterna i Karlskrona","article_modified_time":"2024-02-12T09:27:17+00:00","twitter_card":"summary_large_image","twitter_misc":{"Ber\u00e4knad l\u00e4stid":"6 minuter"},"schema":{"@context":"https:\/\/schema.org","@graph":[{"@type":"WebPage","@id":"https:\/\/wp.kristdemokraterna.se\/karlskrona\/gdpr\/","url":"https:\/\/wp.kristdemokraterna.se\/karlskrona\/gdpr\/","name":"Vi f\u00f6ljer den nya lagstiftningen f\u00f6r behandling av personuppgifter \u2013 GDPR - Kristdemokraterna i Karlskrona","isPartOf":{"@id":"https:\/\/wp.kristdemokraterna.se\/karlskrona\/#website"},"datePublished":"2018-05-29T09:19:26+00:00","dateModified":"2024-02-12T09:27:17+00:00","breadcrumb":{"@id":"https:\/\/wp.kristdemokraterna.se\/karlskrona\/gdpr\/#breadcrumb"},"inLanguage":"sv-SE","potentialAction":[{"@type":"ReadAction","target":["https:\/\/wp.kristdemokraterna.se\/karlskrona\/gdpr\/"]}]},{"@type":"BreadcrumbList","@id":"https:\/\/wp.kristdemokraterna.se\/karlskrona\/gdpr\/#breadcrumb","itemListElement":[{"@type":"ListItem","position":1,"name":"Hem","item":"https:\/\/wp.kristdemokraterna.se\/karlskrona\/"},{"@type":"ListItem","position":2,"name":"Vi f\u00f6ljer den nya lagstiftningen f\u00f6r behandling av personuppgifter \u2013 GDPR"}]},{"@type":"WebSite","@id":"https:\/\/wp.kristdemokraterna.se\/karlskrona\/#website","url":"https:\/\/wp.kristdemokraterna.se\/karlskrona\/","name":"Kristdemokraterna i Karlskrona","description":"Nu f\u00e5r vi fart p\u00e5 Karlskrona och Sverige !","inLanguage":"sv-SE"}]}},"_links":{"self":[{"href":"https:\/\/wp.kristdemokraterna.se\/karlskrona\/wp-json\/wp\/v2\/pages\/480","targetHints":{"allow":["GET"]}}],"collection":[{"href":"https:\/\/wp.kristdemokraterna.se\/karlskrona\/wp-json\/wp\/v2\/pages"}],"about":[{"href":"https:\/\/wp.kristdemokraterna.se\/karlskrona\/wp-json\/wp\/v2\/types\/page"}],"author":[{"embeddable":true,"href":"https:\/\/wp.kristdemokraterna.se\/karlskrona\/wp-json\/wp\/v2\/users\/444"}],"replies":[{"embeddable":true,"href":"https:\/\/wp.kristdemokraterna.se\/karlskrona\/wp-json\/wp\/v2\/comments?post=480"}],"version-history":[{"count":1,"href":"https:\/\/wp.kristdemokraterna.se\/karlskrona\/wp-json\/wp\/v2\/pages\/480\/revisions"}],"predecessor-version":[{"id":653,"href":"https:\/\/wp.kristdemokraterna.se\/karlskrona\/wp-json\/wp\/v2\/pages\/480\/revisions\/653"}],"wp:attachment":[{"href":"https:\/\/wp.kristdemokraterna.se\/karlskrona\/wp-json\/wp\/v2\/media?parent=480"}],"curies":[{"name":"wp","href":"https:\/\/api.w.org\/{rel}","templated":true}]}}