{"id":627,"date":"2021-12-29T08:28:02","date_gmt":"2021-12-29T07:28:02","guid":{"rendered":"https:\/\/wp.kristdemokraterna.se\/karlskrona\/?page_id=627"},"modified":"2024-03-02T11:26:48","modified_gmt":"2024-03-02T10:26:48","slug":"vara-politiker","status":"publish","type":"page","link":"https:\/\/wp.kristdemokraterna.se\/karlskrona\/vara-politiker\/","title":{"rendered":"V\u00e5ra politiker."},"content":{"rendered":"<table id=\"memberTable\" class=\"table table-hover tablesorter tablesorter-default tablesorter3c529632e01bf\" role=\"grid\">\n<thead>\n<tr class=\"tablesorter-headerRow\" role=\"row\">\n<th class=\"tablesorter-header tablesorter-headerAsc\" role=\"columnheader\" scope=\"col\" data-column=\"0\" aria-label=\"Efternamn: Ascending sort applied, activate to apply a descending sort\" data-sortedby=\"sorton\">\n<div class=\"tablesorter-header-inner\">Efternamn<\/div>\n<\/th>\n<th class=\"tablesorter-header tablesorter-headerUnSorted\" role=\"columnheader\" scope=\"col\" data-column=\"1\" aria-label=\"F\u00f6rnamn: No sort applied, activate to apply an ascending sort\">\n<div class=\"tablesorter-header-inner\">F\u00f6rnamn<\/div>\n<\/th>\n<th class=\"tablesorter-header tablesorter-headerUnSorted\" role=\"columnheader\" scope=\"col\" data-column=\"2\" aria-label=\"E-post: No sort applied, activate to apply an ascending sort\">\n<div class=\"tablesorter-header-inner\">E-post<\/div>\n<\/th>\n<\/tr>\n<\/thead>\n<tbody id=\"memberTable:tbody_element\">\n<tr role=\"row\">\n<td><a href=\"https:\/\/karlskrona.tromanpublik.se\/viewPerson.jsf?id=471\">Andersson<\/a><\/td>\n<td><a href=\"https:\/\/karlskrona.tromanpublik.se\/viewPerson.jsf?id=471\">Mikaela<\/a><\/td>\n<td>mikaela.andersson@karlskrona.se<\/td>\n<\/tr>\n<tr role=\"row\">\n<td><a href=\"https:\/\/karlskrona.tromanpublik.se\/viewPerson.jsf?id=1993\">Andersson<\/a><\/td>\n<td><a href=\"https:\/\/karlskrona.tromanpublik.se\/viewPerson.jsf?id=1993\">Malgorzata<\/a><\/td>\n<td><\/td>\n<\/tr>\n<tr role=\"row\">\n<td><\/td>\n<td><\/td>\n<td><\/td>\n<\/tr>\n<tr role=\"row\">\n<td><a href=\"https:\/\/karlskrona.tromanpublik.se\/viewPerson.jsf?id=2504\">Garsten Sch\u00f6n<\/a><\/td>\n<td><a href=\"https:\/\/karlskrona.tromanpublik.se\/viewPerson.jsf?id=2504\">Suzanna<\/a><\/td>\n<td><\/td>\n<\/tr>\n<tr role=\"row\">\n<td><a href=\"https:\/\/karlskrona.tromanpublik.se\/viewPerson.jsf?id=659\">Jemjeby<\/a><\/td>\n<td><a href=\"https:\/\/karlskrona.tromanpublik.se\/viewPerson.jsf?id=659\">Thobias<\/a><\/td>\n<td>Thobias.Jemjeby@karlskrona.se<\/td>\n<\/tr>\n<tr role=\"row\">\n<td><a href=\"https:\/\/karlskrona.tromanpublik.se\/viewPerson.jsf?id=305\">J\u00f6nsson<\/a><\/td>\n<td><a href=\"https:\/\/karlskrona.tromanpublik.se\/viewPerson.jsf?id=305\">Bengt<\/a><\/td>\n<td>bengt.1.jonsson@karlskrona.se<\/td>\n<\/tr>\n<tr role=\"row\">\n<td><\/td>\n<td><\/td>\n<td><\/td>\n<\/tr>\n<tr role=\"row\">\n<td><a href=\"https:\/\/karlskrona.tromanpublik.se\/viewPerson.jsf?id=115\">Olsson<\/a><\/td>\n<td><a href=\"https:\/\/karlskrona.tromanpublik.se\/viewPerson.jsf?id=115\">Carina<\/a><\/td>\n<td>Carina.Olsson2@karlskrona.se<\/td>\n<\/tr>\n<tr role=\"row\">\n<td><\/td>\n<td><\/td>\n<td><\/td>\n<\/tr>\n<tr role=\"row\">\n<td><\/td>\n<td><\/td>\n<td><\/td>\n<\/tr>\n<tr role=\"row\">\n<td><a href=\"https:\/\/karlskrona.tromanpublik.se\/viewPerson.jsf?id=234\">Thorngren<\/a><\/td>\n<td><a href=\"https:\/\/karlskrona.tromanpublik.se\/viewPerson.jsf?id=234\">Per<\/a><\/td>\n<td>per.thorngren@karlskrona.se<\/td>\n<\/tr>\n<tr role=\"row\">\n<td><a href=\"https:\/\/karlskrona.tromanpublik.se\/viewPerson.jsf?id=4902\">Velin<\/a><\/td>\n<td><a href=\"https:\/\/karlskrona.tromanpublik.se\/viewPerson.jsf?id=4902\">Cecilia<\/a><\/td>\n<td>cecilia.velin@karlskrona.se<\/td>\n<\/tr>\n<tr role=\"row\">\n<td><a href=\"https:\/\/karlskrona.tromanpublik.se\/viewPerson.jsf?id=364\">\u00c5kerstr\u00f6m<\/a><\/td>\n<td><a href=\"https:\/\/karlskrona.tromanpublik.se\/viewPerson.jsf?id=364\">Billy<\/a><\/td>\n<td>billy.akerstrom@karlskrona.se<\/td>\n<\/tr>\n<\/tbody>\n<\/table>\n","protected":false},"excerpt":{"rendered":"<p>Efternamn F\u00f6rnamn E-post Andersson Mikaela mikaela.andersson@karlskrona.se Andersson Malgorzata Garsten Sch\u00f6n Suzanna Jemjeby Thobias Thobias.Jemjeby@karlskrona.se J\u00f6nsson Bengt bengt.1.jonsson@karlskrona.se Olsson Carina Carina.Olsson2@karlskrona.se Thorngren Per per.thorngren@karlskrona.se Velin Cecilia cecilia.velin@karlskrona.se \u00c5kerstr\u00f6m Billy billy.akerstrom@karlskrona.se<\/p>\n","protected":false},"author":634,"featured_media":0,"parent":0,"menu_order":0,"comment_status":"closed","ping_status":"closed","template":"","meta":{"_acf_changed":false,"footnotes":""},"class_list":["post-627","page","type-page","status-publish","hentry"],"acf":[],"yoast_head":"<!-- This site is optimized with the Yoast SEO plugin v27.3 - https:\/\/yoast.com\/product\/yoast-seo-wordpress\/ -->\n<title>V\u00e5ra politiker. - Kristdemokraterna i Karlskrona<\/title>\n<meta name=\"robots\" content=\"index, follow, max-snippet:-1, max-image-preview:large, max-video-preview:-1\" \/>\n<link rel=\"canonical\" href=\"https:\/\/wp.kristdemokraterna.se\/karlskrona\/vara-politiker\/\" \/>\n<meta property=\"og:locale\" content=\"sv_SE\" \/>\n<meta property=\"og:type\" content=\"article\" \/>\n<meta property=\"og:title\" content=\"V\u00e5ra politiker. - Kristdemokraterna i Karlskrona\" \/>\n<meta property=\"og:description\" content=\"Efternamn F\u00f6rnamn E-post Andersson Mikaela mikaela.andersson@karlskrona.se Andersson Malgorzata Garsten Sch\u00f6n Suzanna Jemjeby Thobias Thobias.Jemjeby@karlskrona.se J\u00f6nsson Bengt bengt.1.jonsson@karlskrona.se Olsson Carina Carina.Olsson2@karlskrona.se Thorngren Per per.thorngren@karlskrona.se Velin Cecilia cecilia.velin@karlskrona.se \u00c5kerstr\u00f6m Billy billy.akerstrom@karlskrona.se\" \/>\n<meta property=\"og:url\" content=\"https:\/\/wp.kristdemokraterna.se\/karlskrona\/vara-politiker\/\" \/>\n<meta property=\"og:site_name\" content=\"Kristdemokraterna i Karlskrona\" \/>\n<meta property=\"article:modified_time\" content=\"2024-03-02T10:26:48+00:00\" \/>\n<meta name=\"twitter:card\" content=\"summary_large_image\" \/>\n<meta name=\"twitter:label1\" content=\"Ber\u00e4knad l\u00e4stid\" \/>\n\t<meta name=\"twitter:data1\" content=\"1 minut\" \/>\n<script type=\"application\/ld+json\" class=\"yoast-schema-graph\">{\"@context\":\"https:\\\/\\\/schema.org\",\"@graph\":[{\"@type\":\"WebPage\",\"@id\":\"https:\\\/\\\/wp.kristdemokraterna.se\\\/karlskrona\\\/vara-politiker\\\/\",\"url\":\"https:\\\/\\\/wp.kristdemokraterna.se\\\/karlskrona\\\/vara-politiker\\\/\",\"name\":\"V\u00e5ra politiker. - Kristdemokraterna i Karlskrona\",\"isPartOf\":{\"@id\":\"https:\\\/\\\/wp.kristdemokraterna.se\\\/karlskrona\\\/#website\"},\"datePublished\":\"2021-12-29T07:28:02+00:00\",\"dateModified\":\"2024-03-02T10:26:48+00:00\",\"breadcrumb\":{\"@id\":\"https:\\\/\\\/wp.kristdemokraterna.se\\\/karlskrona\\\/vara-politiker\\\/#breadcrumb\"},\"inLanguage\":\"sv-SE\",\"potentialAction\":[{\"@type\":\"ReadAction\",\"target\":[\"https:\\\/\\\/wp.kristdemokraterna.se\\\/karlskrona\\\/vara-politiker\\\/\"]}]},{\"@type\":\"BreadcrumbList\",\"@id\":\"https:\\\/\\\/wp.kristdemokraterna.se\\\/karlskrona\\\/vara-politiker\\\/#breadcrumb\",\"itemListElement\":[{\"@type\":\"ListItem\",\"position\":1,\"name\":\"Hem\",\"item\":\"https:\\\/\\\/wp.kristdemokraterna.se\\\/karlskrona\\\/\"},{\"@type\":\"ListItem\",\"position\":2,\"name\":\"V\u00e5ra politiker.\"}]},{\"@type\":\"WebSite\",\"@id\":\"https:\\\/\\\/wp.kristdemokraterna.se\\\/karlskrona\\\/#website\",\"url\":\"https:\\\/\\\/wp.kristdemokraterna.se\\\/karlskrona\\\/\",\"name\":\"Kristdemokraterna i Karlskrona\",\"description\":\"Nu f\u00e5r vi fart p\u00e5 Karlskrona och Sverige !\",\"inLanguage\":\"sv-SE\"}]}<\/script>\n<!-- \/ Yoast SEO plugin. -->","yoast_head_json":{"title":"V\u00e5ra politiker. - Kristdemokraterna i Karlskrona","robots":{"index":"index","follow":"follow","max-snippet":"max-snippet:-1","max-image-preview":"max-image-preview:large","max-video-preview":"max-video-preview:-1"},"canonical":"https:\/\/wp.kristdemokraterna.se\/karlskrona\/vara-politiker\/","og_locale":"sv_SE","og_type":"article","og_title":"V\u00e5ra politiker. - Kristdemokraterna i Karlskrona","og_description":"Efternamn F\u00f6rnamn E-post Andersson Mikaela mikaela.andersson@karlskrona.se Andersson Malgorzata Garsten Sch\u00f6n Suzanna Jemjeby Thobias Thobias.Jemjeby@karlskrona.se J\u00f6nsson Bengt bengt.1.jonsson@karlskrona.se Olsson Carina Carina.Olsson2@karlskrona.se Thorngren Per per.thorngren@karlskrona.se Velin Cecilia cecilia.velin@karlskrona.se \u00c5kerstr\u00f6m Billy billy.akerstrom@karlskrona.se","og_url":"https:\/\/wp.kristdemokraterna.se\/karlskrona\/vara-politiker\/","og_site_name":"Kristdemokraterna i Karlskrona","article_modified_time":"2024-03-02T10:26:48+00:00","twitter_card":"summary_large_image","twitter_misc":{"Ber\u00e4knad l\u00e4stid":"1 minut"},"schema":{"@context":"https:\/\/schema.org","@graph":[{"@type":"WebPage","@id":"https:\/\/wp.kristdemokraterna.se\/karlskrona\/vara-politiker\/","url":"https:\/\/wp.kristdemokraterna.se\/karlskrona\/vara-politiker\/","name":"V\u00e5ra politiker. - Kristdemokraterna i Karlskrona","isPartOf":{"@id":"https:\/\/wp.kristdemokraterna.se\/karlskrona\/#website"},"datePublished":"2021-12-29T07:28:02+00:00","dateModified":"2024-03-02T10:26:48+00:00","breadcrumb":{"@id":"https:\/\/wp.kristdemokraterna.se\/karlskrona\/vara-politiker\/#breadcrumb"},"inLanguage":"sv-SE","potentialAction":[{"@type":"ReadAction","target":["https:\/\/wp.kristdemokraterna.se\/karlskrona\/vara-politiker\/"]}]},{"@type":"BreadcrumbList","@id":"https:\/\/wp.kristdemokraterna.se\/karlskrona\/vara-politiker\/#breadcrumb","itemListElement":[{"@type":"ListItem","position":1,"name":"Hem","item":"https:\/\/wp.kristdemokraterna.se\/karlskrona\/"},{"@type":"ListItem","position":2,"name":"V\u00e5ra politiker."}]},{"@type":"WebSite","@id":"https:\/\/wp.kristdemokraterna.se\/karlskrona\/#website","url":"https:\/\/wp.kristdemokraterna.se\/karlskrona\/","name":"Kristdemokraterna i Karlskrona","description":"Nu f\u00e5r vi fart p\u00e5 Karlskrona och Sverige !","inLanguage":"sv-SE"}]}},"_links":{"self":[{"href":"https:\/\/wp.kristdemokraterna.se\/karlskrona\/wp-json\/wp\/v2\/pages\/627","targetHints":{"allow":["GET"]}}],"collection":[{"href":"https:\/\/wp.kristdemokraterna.se\/karlskrona\/wp-json\/wp\/v2\/pages"}],"about":[{"href":"https:\/\/wp.kristdemokraterna.se\/karlskrona\/wp-json\/wp\/v2\/types\/page"}],"author":[{"embeddable":true,"href":"https:\/\/wp.kristdemokraterna.se\/karlskrona\/wp-json\/wp\/v2\/users\/634"}],"replies":[{"embeddable":true,"href":"https:\/\/wp.kristdemokraterna.se\/karlskrona\/wp-json\/wp\/v2\/comments?post=627"}],"version-history":[{"count":5,"href":"https:\/\/wp.kristdemokraterna.se\/karlskrona\/wp-json\/wp\/v2\/pages\/627\/revisions"}],"predecessor-version":[{"id":693,"href":"https:\/\/wp.kristdemokraterna.se\/karlskrona\/wp-json\/wp\/v2\/pages\/627\/revisions\/693"}],"wp:attachment":[{"href":"https:\/\/wp.kristdemokraterna.se\/karlskrona\/wp-json\/wp\/v2\/media?parent=627"}],"curies":[{"name":"wp","href":"https:\/\/api.w.org\/{rel}","templated":true}]}}