{"id":250,"date":"2018-06-26T16:22:59","date_gmt":"2018-06-26T14:22:59","guid":{"rendered":"http:\/\/wp.kristdemokraterna.se\/karlstad\/?page_id=250"},"modified":"2023-09-21T22:07:37","modified_gmt":"2023-09-21T20:07:37","slug":"lankar","status":"publish","type":"page","link":"https:\/\/wp.kristdemokraterna.se\/karlstad\/lankar\/","title":{"rendered":"L\u00e4nkar"},"content":{"rendered":"<p><strong>Hemsidor:<\/strong><br \/>\n<a href=\"http:\/\/www.kristdemokraterna.se\">Kristdemokraterna riks<\/a><\/p>\n<p><a href=\"http:\/\/wp.kristdemokraterna.se\/varmland\">Kristdemokraterna V\u00e4rmland<\/a><\/p>\n<p><strong>Facebooksidor<\/strong><\/p>\n<p><a href=\"https:\/\/www.facebook.com\/erik.nilsson.988926\">Erik Nilsson, v\u00e5r gruppledare<\/a><\/p>\n<p><a href=\"https:\/\/www.facebook.com\/KDKarlstad\/\">KD Karlstad<\/a><\/p>\n<p><a href=\"https:\/\/www.facebook.com\/Kristdemokraternaivarmland\/\">KD V\u00e4rmland<\/a><\/p>\n<p><a href=\"https:\/\/www.facebook.com\/kduwermland\/\">KDU V\u00e4rmland<\/a><\/p>\n","protected":false},"excerpt":{"rendered":"<p>Hemsidor: Kristdemokraterna riks Kristdemokraterna V\u00e4rmland Facebooksidor Erik Nilsson, v\u00e5r gruppledare KD Karlstad KD V\u00e4rmland KDU V\u00e4rmland<\/p>\n","protected":false},"author":18,"featured_media":0,"parent":0,"menu_order":0,"comment_status":"closed","ping_status":"closed","template":"","meta":{"_acf_changed":false,"footnotes":""},"class_list":["post-250","page","type-page","status-publish","hentry"],"acf":[],"yoast_head":"<!-- This site is optimized with the Yoast SEO plugin v27.3 - https:\/\/yoast.com\/product\/yoast-seo-wordpress\/ -->\n<title>L\u00e4nkar - Karlstad<\/title>\n<meta name=\"robots\" content=\"index, follow, max-snippet:-1, max-image-preview:large, max-video-preview:-1\" \/>\n<link rel=\"canonical\" href=\"https:\/\/wp.kristdemokraterna.se\/karlstad\/lankar\/\" \/>\n<meta property=\"og:locale\" content=\"sv_SE\" \/>\n<meta property=\"og:type\" content=\"article\" \/>\n<meta property=\"og:title\" content=\"L\u00e4nkar - Karlstad\" \/>\n<meta property=\"og:description\" content=\"Hemsidor: Kristdemokraterna riks Kristdemokraterna V\u00e4rmland Facebooksidor Erik Nilsson, v\u00e5r gruppledare KD Karlstad KD V\u00e4rmland KDU V\u00e4rmland\" \/>\n<meta property=\"og:url\" content=\"https:\/\/wp.kristdemokraterna.se\/karlstad\/lankar\/\" \/>\n<meta property=\"og:site_name\" content=\"Karlstad\" \/>\n<meta property=\"article:modified_time\" content=\"2023-09-21T20:07:37+00:00\" \/>\n<meta name=\"twitter:card\" content=\"summary_large_image\" \/>\n<meta name=\"twitter:label1\" content=\"Ber\u00e4knad l\u00e4stid\" \/>\n\t<meta name=\"twitter:data1\" content=\"1 minut\" \/>\n<script type=\"application\/ld+json\" class=\"yoast-schema-graph\">{\"@context\":\"https:\\\/\\\/schema.org\",\"@graph\":[{\"@type\":\"WebPage\",\"@id\":\"https:\\\/\\\/wp.kristdemokraterna.se\\\/karlstad\\\/lankar\\\/\",\"url\":\"https:\\\/\\\/wp.kristdemokraterna.se\\\/karlstad\\\/lankar\\\/\",\"name\":\"L\u00e4nkar - Karlstad\",\"isPartOf\":{\"@id\":\"https:\\\/\\\/wp.kristdemokraterna.se\\\/karlstad\\\/#website\"},\"datePublished\":\"2018-06-26T14:22:59+00:00\",\"dateModified\":\"2023-09-21T20:07:37+00:00\",\"breadcrumb\":{\"@id\":\"https:\\\/\\\/wp.kristdemokraterna.se\\\/karlstad\\\/lankar\\\/#breadcrumb\"},\"inLanguage\":\"sv-SE\",\"potentialAction\":[{\"@type\":\"ReadAction\",\"target\":[\"https:\\\/\\\/wp.kristdemokraterna.se\\\/karlstad\\\/lankar\\\/\"]}]},{\"@type\":\"BreadcrumbList\",\"@id\":\"https:\\\/\\\/wp.kristdemokraterna.se\\\/karlstad\\\/lankar\\\/#breadcrumb\",\"itemListElement\":[{\"@type\":\"ListItem\",\"position\":1,\"name\":\"Hem\",\"item\":\"https:\\\/\\\/wp.kristdemokraterna.se\\\/karlstad\\\/\"},{\"@type\":\"ListItem\",\"position\":2,\"name\":\"L\u00e4nkar\"}]},{\"@type\":\"WebSite\",\"@id\":\"https:\\\/\\\/wp.kristdemokraterna.se\\\/karlstad\\\/#website\",\"url\":\"https:\\\/\\\/wp.kristdemokraterna.se\\\/karlstad\\\/\",\"name\":\"Karlstad\",\"description\":\"\",\"inLanguage\":\"sv-SE\"}]}<\/script>\n<!-- \/ Yoast SEO plugin. -->","yoast_head_json":{"title":"L\u00e4nkar - Karlstad","robots":{"index":"index","follow":"follow","max-snippet":"max-snippet:-1","max-image-preview":"max-image-preview:large","max-video-preview":"max-video-preview:-1"},"canonical":"https:\/\/wp.kristdemokraterna.se\/karlstad\/lankar\/","og_locale":"sv_SE","og_type":"article","og_title":"L\u00e4nkar - Karlstad","og_description":"Hemsidor: Kristdemokraterna riks Kristdemokraterna V\u00e4rmland Facebooksidor Erik Nilsson, v\u00e5r gruppledare KD Karlstad KD V\u00e4rmland KDU V\u00e4rmland","og_url":"https:\/\/wp.kristdemokraterna.se\/karlstad\/lankar\/","og_site_name":"Karlstad","article_modified_time":"2023-09-21T20:07:37+00:00","twitter_card":"summary_large_image","twitter_misc":{"Ber\u00e4knad l\u00e4stid":"1 minut"},"schema":{"@context":"https:\/\/schema.org","@graph":[{"@type":"WebPage","@id":"https:\/\/wp.kristdemokraterna.se\/karlstad\/lankar\/","url":"https:\/\/wp.kristdemokraterna.se\/karlstad\/lankar\/","name":"L\u00e4nkar - Karlstad","isPartOf":{"@id":"https:\/\/wp.kristdemokraterna.se\/karlstad\/#website"},"datePublished":"2018-06-26T14:22:59+00:00","dateModified":"2023-09-21T20:07:37+00:00","breadcrumb":{"@id":"https:\/\/wp.kristdemokraterna.se\/karlstad\/lankar\/#breadcrumb"},"inLanguage":"sv-SE","potentialAction":[{"@type":"ReadAction","target":["https:\/\/wp.kristdemokraterna.se\/karlstad\/lankar\/"]}]},{"@type":"BreadcrumbList","@id":"https:\/\/wp.kristdemokraterna.se\/karlstad\/lankar\/#breadcrumb","itemListElement":[{"@type":"ListItem","position":1,"name":"Hem","item":"https:\/\/wp.kristdemokraterna.se\/karlstad\/"},{"@type":"ListItem","position":2,"name":"L\u00e4nkar"}]},{"@type":"WebSite","@id":"https:\/\/wp.kristdemokraterna.se\/karlstad\/#website","url":"https:\/\/wp.kristdemokraterna.se\/karlstad\/","name":"Karlstad","description":"","inLanguage":"sv-SE"}]}},"_links":{"self":[{"href":"https:\/\/wp.kristdemokraterna.se\/karlstad\/wp-json\/wp\/v2\/pages\/250","targetHints":{"allow":["GET"]}}],"collection":[{"href":"https:\/\/wp.kristdemokraterna.se\/karlstad\/wp-json\/wp\/v2\/pages"}],"about":[{"href":"https:\/\/wp.kristdemokraterna.se\/karlstad\/wp-json\/wp\/v2\/types\/page"}],"author":[{"embeddable":true,"href":"https:\/\/wp.kristdemokraterna.se\/karlstad\/wp-json\/wp\/v2\/users\/18"}],"replies":[{"embeddable":true,"href":"https:\/\/wp.kristdemokraterna.se\/karlstad\/wp-json\/wp\/v2\/comments?post=250"}],"version-history":[{"count":5,"href":"https:\/\/wp.kristdemokraterna.se\/karlstad\/wp-json\/wp\/v2\/pages\/250\/revisions"}],"predecessor-version":[{"id":252,"href":"https:\/\/wp.kristdemokraterna.se\/karlstad\/wp-json\/wp\/v2\/pages\/250\/revisions\/252"}],"wp:attachment":[{"href":"https:\/\/wp.kristdemokraterna.se\/karlstad\/wp-json\/wp\/v2\/media?parent=250"}],"curies":[{"name":"wp","href":"https:\/\/api.w.org\/{rel}","templated":true}]}}