{"id":385,"date":"2026-02-15T21:30:53","date_gmt":"2026-02-15T20:30:53","guid":{"rendered":"https:\/\/wp.kristdemokraterna.se\/karlstad\/?page_id=385"},"modified":"2026-02-15T23:52:06","modified_gmt":"2026-02-15T22:52:06","slug":"bli-medlem","status":"publish","type":"page","link":"https:\/\/wp.kristdemokraterna.se\/karlstad\/bli-medlem\/","title":{"rendered":"Bli medlem"},"content":{"rendered":"<h3><a href=\"http:\/\/wp.kristdemokraterna.se\/karlstad\/files\/2026\/02\/img_6713-scaled.jpeg\"><img loading=\"lazy\" decoding=\"async\" class=\"alignnone size-full wp-image-400\" src=\"http:\/\/wp.kristdemokraterna.se\/karlstad\/files\/2026\/02\/img_6713-scaled.jpeg\" alt=\"\" width=\"2560\" height=\"1707\" srcset=\"https:\/\/wp.kristdemokraterna.se\/karlstad\/files\/2026\/02\/img_6713-scaled.jpeg 2560w, https:\/\/wp.kristdemokraterna.se\/karlstad\/files\/2026\/02\/img_6713-300x200.jpeg 300w, https:\/\/wp.kristdemokraterna.se\/karlstad\/files\/2026\/02\/img_6713-1024x683.jpeg 1024w, https:\/\/wp.kristdemokraterna.se\/karlstad\/files\/2026\/02\/img_6713-768x512.jpeg 768w, https:\/\/wp.kristdemokraterna.se\/karlstad\/files\/2026\/02\/img_6713-1536x1024.jpeg 1536w, https:\/\/wp.kristdemokraterna.se\/karlstad\/files\/2026\/02\/img_6713-2048x1365.jpeg 2048w\" sizes=\"auto, (max-width: 2560px) 100vw, 2560px\" \/><\/a><\/h3>\n<h2>Brinner du f\u00f6r samma fr\u00e5gor som jag?<\/h2>\n<p>Jag valde att g\u00e5 med i Kristdemokraterna f\u00f6r att jag vill v\u00e4rna m\u00e4nniskors r\u00e4tt till sj\u00e4lvbest\u00e4mmande. Jag tror p\u00e5 ett samh\u00e4lle som byggs underifr\u00e5n. D\u00e4rf\u00f6r m\u00e5ste familjerna f\u00e5 best\u00e4mma \u00f6ver hur f\u00f6r\u00e4ldraledigheten f\u00f6rdelas p\u00e5 samma s\u00e4tt som \u00e4ldre ska f\u00e5 best\u00e4mma mer \u00f6ver hur de vill ha sin \u00e4ldreomsorg. I dag hotas egenmakten och sj\u00e4lvbest\u00e4mmandet av kl\u00e5fingriga politiker. Det vill jag och Kristdemokraterna s\u00e4tta stopp f\u00f6r.<\/p>\n<p><strong>Ebba Busch<\/strong><br \/>\n<em>Partiledare (KD)<\/em><\/p>\n<h2><strong>Vill du veta mer om hur du kan engagera dig?<\/strong><\/h2>\n<p>Det finns flera s\u00e4tt att vara en del av Kristdemokraternas arbete.<br \/>\nTill exempel:<\/p>\n<p>&#8211; Bes\u00f6k v\u00e5ra intressanta evenemang om aktuella fr\u00e5gor<br \/>\n&#8211; P\u00e5verka Sveriges framtid genom att bli politiker, n\u00e4mndeman eller f\u00f6rtroendevald<br \/>\n&#8211; Bidra till Kristdemokraternas valframg\u00e5ng genom att ber\u00e4tta om v\u00e5r politik<br \/>\n&#8211; G\u00e5 med som medlem<\/p>\n<p>V\u00e4lkommen att <a href=\"https:\/\/wp.kristdemokraterna.se\/karlstad\/kontakta-oss\/\">kontakta oss<\/a> s\u00e5 ber\u00e4ttar vi mer!<\/p>\n<h3><strong>L\u00e4s mer och ans\u00f6k om medlemskap <a href=\"https:\/\/kristdemokraterna.se\/engagera-dig\">h\u00e4r<\/a>!<\/strong><\/h3>\n<p>&nbsp;<\/p>\n<p>&nbsp;<\/p>\n","protected":false},"excerpt":{"rendered":"<p>Brinner du f\u00f6r samma fr\u00e5gor som jag? Jag valde att g\u00e5 med i Kristdemokraterna f\u00f6r att jag vill v\u00e4rna m\u00e4nniskors r\u00e4tt till sj\u00e4lvbest\u00e4mmande. Jag tror p\u00e5 ett samh\u00e4lle som byggs underifr\u00e5n. D\u00e4rf\u00f6r m\u00e5ste familjerna f\u00e5 best\u00e4mma \u00f6ver hur f\u00f6r\u00e4ldraledigheten f\u00f6rdelas p\u00e5 samma s\u00e4tt som \u00e4ldre ska f\u00e5 best\u00e4mma mer \u00f6ver hur de vill ha sin <a class=\"read-more-link\" href=\"https:\/\/wp.kristdemokraterna.se\/karlstad\/bli-medlem\/\">Read More<\/a><\/p>\n","protected":false},"author":18,"featured_media":0,"parent":0,"menu_order":0,"comment_status":"closed","ping_status":"closed","template":"","meta":{"_acf_changed":false,"footnotes":""},"class_list":["post-385","page","type-page","status-publish","hentry"],"acf":[],"yoast_head":"<!-- This site is optimized with the Yoast SEO plugin v27.3 - https:\/\/yoast.com\/product\/yoast-seo-wordpress\/ -->\n<title>Bli medlem - Karlstad<\/title>\n<meta name=\"robots\" content=\"index, follow, max-snippet:-1, max-image-preview:large, max-video-preview:-1\" \/>\n<link rel=\"canonical\" href=\"https:\/\/wp.kristdemokraterna.se\/karlstad\/bli-medlem\/\" \/>\n<meta property=\"og:locale\" content=\"sv_SE\" \/>\n<meta property=\"og:type\" content=\"article\" \/>\n<meta property=\"og:title\" content=\"Bli medlem - Karlstad\" \/>\n<meta property=\"og:description\" content=\"Brinner du f\u00f6r samma fr\u00e5gor som jag? Jag valde att g\u00e5 med i Kristdemokraterna f\u00f6r att jag vill v\u00e4rna m\u00e4nniskors r\u00e4tt till sj\u00e4lvbest\u00e4mmande. Jag tror p\u00e5 ett samh\u00e4lle som byggs underifr\u00e5n. D\u00e4rf\u00f6r m\u00e5ste familjerna f\u00e5 best\u00e4mma \u00f6ver hur f\u00f6r\u00e4ldraledigheten f\u00f6rdelas p\u00e5 samma s\u00e4tt som \u00e4ldre ska f\u00e5 best\u00e4mma mer \u00f6ver hur de vill ha sin Read More\" \/>\n<meta property=\"og:url\" content=\"https:\/\/wp.kristdemokraterna.se\/karlstad\/bli-medlem\/\" \/>\n<meta property=\"og:site_name\" content=\"Karlstad\" \/>\n<meta property=\"article:modified_time\" content=\"2026-02-15T22:52:06+00:00\" \/>\n<meta property=\"og:image\" content=\"https:\/\/wp.kristdemokraterna.se\/karlstad\/files\/2026\/02\/img_6713-scaled.jpeg\" \/>\n\t<meta property=\"og:image:width\" content=\"2560\" \/>\n\t<meta property=\"og:image:height\" content=\"1707\" \/>\n\t<meta property=\"og:image:type\" content=\"image\/jpeg\" \/>\n<meta name=\"twitter:card\" content=\"summary_large_image\" \/>\n<meta name=\"twitter:label1\" content=\"Ber\u00e4knad l\u00e4stid\" \/>\n\t<meta name=\"twitter:data1\" content=\"1 minut\" \/>\n<script type=\"application\/ld+json\" class=\"yoast-schema-graph\">{\"@context\":\"https:\\\/\\\/schema.org\",\"@graph\":[{\"@type\":\"WebPage\",\"@id\":\"https:\\\/\\\/wp.kristdemokraterna.se\\\/karlstad\\\/bli-medlem\\\/\",\"url\":\"https:\\\/\\\/wp.kristdemokraterna.se\\\/karlstad\\\/bli-medlem\\\/\",\"name\":\"Bli medlem - Karlstad\",\"isPartOf\":{\"@id\":\"https:\\\/\\\/wp.kristdemokraterna.se\\\/karlstad\\\/#website\"},\"primaryImageOfPage\":{\"@id\":\"https:\\\/\\\/wp.kristdemokraterna.se\\\/karlstad\\\/bli-medlem\\\/#primaryimage\"},\"image\":{\"@id\":\"https:\\\/\\\/wp.kristdemokraterna.se\\\/karlstad\\\/bli-medlem\\\/#primaryimage\"},\"thumbnailUrl\":\"http:\\\/\\\/wp.kristdemokraterna.se\\\/karlstad\\\/files\\\/2026\\\/02\\\/img_6713-scaled.jpeg\",\"datePublished\":\"2026-02-15T20:30:53+00:00\",\"dateModified\":\"2026-02-15T22:52:06+00:00\",\"breadcrumb\":{\"@id\":\"https:\\\/\\\/wp.kristdemokraterna.se\\\/karlstad\\\/bli-medlem\\\/#breadcrumb\"},\"inLanguage\":\"sv-SE\",\"potentialAction\":[{\"@type\":\"ReadAction\",\"target\":[\"https:\\\/\\\/wp.kristdemokraterna.se\\\/karlstad\\\/bli-medlem\\\/\"]}]},{\"@type\":\"ImageObject\",\"inLanguage\":\"sv-SE\",\"@id\":\"https:\\\/\\\/wp.kristdemokraterna.se\\\/karlstad\\\/bli-medlem\\\/#primaryimage\",\"url\":\"http:\\\/\\\/wp.kristdemokraterna.se\\\/karlstad\\\/files\\\/2026\\\/02\\\/img_6713-scaled.jpeg\",\"contentUrl\":\"http:\\\/\\\/wp.kristdemokraterna.se\\\/karlstad\\\/files\\\/2026\\\/02\\\/img_6713-scaled.jpeg\"},{\"@type\":\"BreadcrumbList\",\"@id\":\"https:\\\/\\\/wp.kristdemokraterna.se\\\/karlstad\\\/bli-medlem\\\/#breadcrumb\",\"itemListElement\":[{\"@type\":\"ListItem\",\"position\":1,\"name\":\"Hem\",\"item\":\"https:\\\/\\\/wp.kristdemokraterna.se\\\/karlstad\\\/\"},{\"@type\":\"ListItem\",\"position\":2,\"name\":\"Bli medlem\"}]},{\"@type\":\"WebSite\",\"@id\":\"https:\\\/\\\/wp.kristdemokraterna.se\\\/karlstad\\\/#website\",\"url\":\"https:\\\/\\\/wp.kristdemokraterna.se\\\/karlstad\\\/\",\"name\":\"Karlstad\",\"description\":\"\",\"inLanguage\":\"sv-SE\"}]}<\/script>\n<!-- \/ Yoast SEO plugin. -->","yoast_head_json":{"title":"Bli medlem - Karlstad","robots":{"index":"index","follow":"follow","max-snippet":"max-snippet:-1","max-image-preview":"max-image-preview:large","max-video-preview":"max-video-preview:-1"},"canonical":"https:\/\/wp.kristdemokraterna.se\/karlstad\/bli-medlem\/","og_locale":"sv_SE","og_type":"article","og_title":"Bli medlem - Karlstad","og_description":"Brinner du f\u00f6r samma fr\u00e5gor som jag? Jag valde att g\u00e5 med i Kristdemokraterna f\u00f6r att jag vill v\u00e4rna m\u00e4nniskors r\u00e4tt till sj\u00e4lvbest\u00e4mmande. Jag tror p\u00e5 ett samh\u00e4lle som byggs underifr\u00e5n. D\u00e4rf\u00f6r m\u00e5ste familjerna f\u00e5 best\u00e4mma \u00f6ver hur f\u00f6r\u00e4ldraledigheten f\u00f6rdelas p\u00e5 samma s\u00e4tt som \u00e4ldre ska f\u00e5 best\u00e4mma mer \u00f6ver hur de vill ha sin Read More","og_url":"https:\/\/wp.kristdemokraterna.se\/karlstad\/bli-medlem\/","og_site_name":"Karlstad","article_modified_time":"2026-02-15T22:52:06+00:00","og_image":[{"width":2560,"height":1707,"url":"https:\/\/wp.kristdemokraterna.se\/karlstad\/files\/2026\/02\/img_6713-scaled.jpeg","type":"image\/jpeg"}],"twitter_card":"summary_large_image","twitter_misc":{"Ber\u00e4knad l\u00e4stid":"1 minut"},"schema":{"@context":"https:\/\/schema.org","@graph":[{"@type":"WebPage","@id":"https:\/\/wp.kristdemokraterna.se\/karlstad\/bli-medlem\/","url":"https:\/\/wp.kristdemokraterna.se\/karlstad\/bli-medlem\/","name":"Bli medlem - Karlstad","isPartOf":{"@id":"https:\/\/wp.kristdemokraterna.se\/karlstad\/#website"},"primaryImageOfPage":{"@id":"https:\/\/wp.kristdemokraterna.se\/karlstad\/bli-medlem\/#primaryimage"},"image":{"@id":"https:\/\/wp.kristdemokraterna.se\/karlstad\/bli-medlem\/#primaryimage"},"thumbnailUrl":"http:\/\/wp.kristdemokraterna.se\/karlstad\/files\/2026\/02\/img_6713-scaled.jpeg","datePublished":"2026-02-15T20:30:53+00:00","dateModified":"2026-02-15T22:52:06+00:00","breadcrumb":{"@id":"https:\/\/wp.kristdemokraterna.se\/karlstad\/bli-medlem\/#breadcrumb"},"inLanguage":"sv-SE","potentialAction":[{"@type":"ReadAction","target":["https:\/\/wp.kristdemokraterna.se\/karlstad\/bli-medlem\/"]}]},{"@type":"ImageObject","inLanguage":"sv-SE","@id":"https:\/\/wp.kristdemokraterna.se\/karlstad\/bli-medlem\/#primaryimage","url":"http:\/\/wp.kristdemokraterna.se\/karlstad\/files\/2026\/02\/img_6713-scaled.jpeg","contentUrl":"http:\/\/wp.kristdemokraterna.se\/karlstad\/files\/2026\/02\/img_6713-scaled.jpeg"},{"@type":"BreadcrumbList","@id":"https:\/\/wp.kristdemokraterna.se\/karlstad\/bli-medlem\/#breadcrumb","itemListElement":[{"@type":"ListItem","position":1,"name":"Hem","item":"https:\/\/wp.kristdemokraterna.se\/karlstad\/"},{"@type":"ListItem","position":2,"name":"Bli medlem"}]},{"@type":"WebSite","@id":"https:\/\/wp.kristdemokraterna.se\/karlstad\/#website","url":"https:\/\/wp.kristdemokraterna.se\/karlstad\/","name":"Karlstad","description":"","inLanguage":"sv-SE"}]}},"_links":{"self":[{"href":"https:\/\/wp.kristdemokraterna.se\/karlstad\/wp-json\/wp\/v2\/pages\/385","targetHints":{"allow":["GET"]}}],"collection":[{"href":"https:\/\/wp.kristdemokraterna.se\/karlstad\/wp-json\/wp\/v2\/pages"}],"about":[{"href":"https:\/\/wp.kristdemokraterna.se\/karlstad\/wp-json\/wp\/v2\/types\/page"}],"author":[{"embeddable":true,"href":"https:\/\/wp.kristdemokraterna.se\/karlstad\/wp-json\/wp\/v2\/users\/18"}],"replies":[{"embeddable":true,"href":"https:\/\/wp.kristdemokraterna.se\/karlstad\/wp-json\/wp\/v2\/comments?post=385"}],"version-history":[{"count":5,"href":"https:\/\/wp.kristdemokraterna.se\/karlstad\/wp-json\/wp\/v2\/pages\/385\/revisions"}],"predecessor-version":[{"id":426,"href":"https:\/\/wp.kristdemokraterna.se\/karlstad\/wp-json\/wp\/v2\/pages\/385\/revisions\/426"}],"wp:attachment":[{"href":"https:\/\/wp.kristdemokraterna.se\/karlstad\/wp-json\/wp\/v2\/media?parent=385"}],"curies":[{"name":"wp","href":"https:\/\/api.w.org\/{rel}","templated":true}]}}