{"id":410,"date":"2026-02-15T22:37:15","date_gmt":"2026-02-15T21:37:15","guid":{"rendered":"https:\/\/wp.kristdemokraterna.se\/karlstad\/?page_id=410"},"modified":"2026-02-15T22:39:54","modified_gmt":"2026-02-15T21:39:54","slug":"kd-karlstad-styrelse-2026-2027","status":"publish","type":"page","link":"https:\/\/wp.kristdemokraterna.se\/karlstad\/kd-karlstad-styrelse-2026-2027\/","title":{"rendered":"KD Karlstad styrelse 2026\/2027"},"content":{"rendered":"<p><strong>Partiavdelningsordf\u00f6rande:<\/strong> P-A Claveroth<br \/>\n<strong>1:e vice partiavdelningsordf\u00f6rande:<\/strong> Christoffer Andersson<br \/>\n<strong>2:e vice partiavdelningsordf\u00f6rande:<\/strong> Frida Bramstedt<\/p>\n<p><strong>Ledam\u00f6ter:<\/strong><br \/>\nMarie Ullenius<br \/>\nNawres Taki<br \/>\nJohan Heder<br \/>\nAnn-Katrin Eriksson<br \/>\nLinda Arvidsson<br \/>\nJan L\u00e4nsberg<\/p>\n<p><strong>Ers\u00e4ttare:<\/strong><br \/>\nLena Lendrup<br \/>\nCarl-Henrik Magnusson<\/p>\n<p><strong><a href=\"https:\/\/kristdemokraterna.se\/vart-parti\/foretradare\/kd-lokalt\/varmlands-lan\/karlstad\">Mer information om v\u00e5ra f\u00f6rtroendevalda<\/a><\/strong><\/p>\n","protected":false},"excerpt":{"rendered":"<p>Partiavdelningsordf\u00f6rande: P-A Claveroth 1:e vice partiavdelningsordf\u00f6rande: Christoffer Andersson 2:e vice partiavdelningsordf\u00f6rande: Frida Bramstedt Ledam\u00f6ter: Marie Ullenius Nawres Taki Johan Heder Ann-Katrin Eriksson Linda Arvidsson Jan L\u00e4nsberg Ers\u00e4ttare: Lena Lendrup Carl-Henrik Magnusson Mer information om v\u00e5ra f\u00f6rtroendevalda<\/p>\n","protected":false},"author":18,"featured_media":0,"parent":0,"menu_order":0,"comment_status":"closed","ping_status":"closed","template":"","meta":{"_acf_changed":false,"footnotes":""},"class_list":["post-410","page","type-page","status-publish","hentry"],"acf":[],"yoast_head":"<!-- This site is optimized with the Yoast SEO plugin v27.3 - https:\/\/yoast.com\/product\/yoast-seo-wordpress\/ -->\n<title>KD Karlstad styrelse 2026\/2027 - Karlstad<\/title>\n<meta name=\"robots\" content=\"index, follow, max-snippet:-1, max-image-preview:large, max-video-preview:-1\" \/>\n<link rel=\"canonical\" href=\"https:\/\/wp.kristdemokraterna.se\/karlstad\/kd-karlstad-styrelse-2026-2027\/\" \/>\n<meta property=\"og:locale\" content=\"sv_SE\" \/>\n<meta property=\"og:type\" content=\"article\" \/>\n<meta property=\"og:title\" content=\"KD Karlstad styrelse 2026\/2027 - Karlstad\" \/>\n<meta property=\"og:description\" content=\"Partiavdelningsordf\u00f6rande: P-A Claveroth 1:e vice partiavdelningsordf\u00f6rande: Christoffer Andersson 2:e vice partiavdelningsordf\u00f6rande: Frida Bramstedt Ledam\u00f6ter: Marie Ullenius Nawres Taki Johan Heder Ann-Katrin Eriksson Linda Arvidsson Jan L\u00e4nsberg Ers\u00e4ttare: Lena Lendrup Carl-Henrik Magnusson Mer information om v\u00e5ra f\u00f6rtroendevalda\" \/>\n<meta property=\"og:url\" content=\"https:\/\/wp.kristdemokraterna.se\/karlstad\/kd-karlstad-styrelse-2026-2027\/\" \/>\n<meta property=\"og:site_name\" content=\"Karlstad\" \/>\n<meta property=\"article:modified_time\" content=\"2026-02-15T21:39:54+00:00\" \/>\n<meta name=\"twitter:card\" content=\"summary_large_image\" \/>\n<meta name=\"twitter:label1\" content=\"Ber\u00e4knad l\u00e4stid\" \/>\n\t<meta name=\"twitter:data1\" content=\"1 minut\" \/>\n<script type=\"application\/ld+json\" class=\"yoast-schema-graph\">{\"@context\":\"https:\\\/\\\/schema.org\",\"@graph\":[{\"@type\":\"WebPage\",\"@id\":\"https:\\\/\\\/wp.kristdemokraterna.se\\\/karlstad\\\/kd-karlstad-styrelse-2026-2027\\\/\",\"url\":\"https:\\\/\\\/wp.kristdemokraterna.se\\\/karlstad\\\/kd-karlstad-styrelse-2026-2027\\\/\",\"name\":\"KD Karlstad styrelse 2026\\\/2027 - Karlstad\",\"isPartOf\":{\"@id\":\"https:\\\/\\\/wp.kristdemokraterna.se\\\/karlstad\\\/#website\"},\"datePublished\":\"2026-02-15T21:37:15+00:00\",\"dateModified\":\"2026-02-15T21:39:54+00:00\",\"breadcrumb\":{\"@id\":\"https:\\\/\\\/wp.kristdemokraterna.se\\\/karlstad\\\/kd-karlstad-styrelse-2026-2027\\\/#breadcrumb\"},\"inLanguage\":\"sv-SE\",\"potentialAction\":[{\"@type\":\"ReadAction\",\"target\":[\"https:\\\/\\\/wp.kristdemokraterna.se\\\/karlstad\\\/kd-karlstad-styrelse-2026-2027\\\/\"]}]},{\"@type\":\"BreadcrumbList\",\"@id\":\"https:\\\/\\\/wp.kristdemokraterna.se\\\/karlstad\\\/kd-karlstad-styrelse-2026-2027\\\/#breadcrumb\",\"itemListElement\":[{\"@type\":\"ListItem\",\"position\":1,\"name\":\"Hem\",\"item\":\"https:\\\/\\\/wp.kristdemokraterna.se\\\/karlstad\\\/\"},{\"@type\":\"ListItem\",\"position\":2,\"name\":\"KD Karlstad styrelse 2026\\\/2027\"}]},{\"@type\":\"WebSite\",\"@id\":\"https:\\\/\\\/wp.kristdemokraterna.se\\\/karlstad\\\/#website\",\"url\":\"https:\\\/\\\/wp.kristdemokraterna.se\\\/karlstad\\\/\",\"name\":\"Karlstad\",\"description\":\"\",\"inLanguage\":\"sv-SE\"}]}<\/script>\n<!-- \/ Yoast SEO plugin. -->","yoast_head_json":{"title":"KD Karlstad styrelse 2026\/2027 - Karlstad","robots":{"index":"index","follow":"follow","max-snippet":"max-snippet:-1","max-image-preview":"max-image-preview:large","max-video-preview":"max-video-preview:-1"},"canonical":"https:\/\/wp.kristdemokraterna.se\/karlstad\/kd-karlstad-styrelse-2026-2027\/","og_locale":"sv_SE","og_type":"article","og_title":"KD Karlstad styrelse 2026\/2027 - Karlstad","og_description":"Partiavdelningsordf\u00f6rande: P-A Claveroth 1:e vice partiavdelningsordf\u00f6rande: Christoffer Andersson 2:e vice partiavdelningsordf\u00f6rande: Frida Bramstedt Ledam\u00f6ter: Marie Ullenius Nawres Taki Johan Heder Ann-Katrin Eriksson Linda Arvidsson Jan L\u00e4nsberg Ers\u00e4ttare: Lena Lendrup Carl-Henrik Magnusson Mer information om v\u00e5ra f\u00f6rtroendevalda","og_url":"https:\/\/wp.kristdemokraterna.se\/karlstad\/kd-karlstad-styrelse-2026-2027\/","og_site_name":"Karlstad","article_modified_time":"2026-02-15T21:39:54+00:00","twitter_card":"summary_large_image","twitter_misc":{"Ber\u00e4knad l\u00e4stid":"1 minut"},"schema":{"@context":"https:\/\/schema.org","@graph":[{"@type":"WebPage","@id":"https:\/\/wp.kristdemokraterna.se\/karlstad\/kd-karlstad-styrelse-2026-2027\/","url":"https:\/\/wp.kristdemokraterna.se\/karlstad\/kd-karlstad-styrelse-2026-2027\/","name":"KD Karlstad styrelse 2026\/2027 - Karlstad","isPartOf":{"@id":"https:\/\/wp.kristdemokraterna.se\/karlstad\/#website"},"datePublished":"2026-02-15T21:37:15+00:00","dateModified":"2026-02-15T21:39:54+00:00","breadcrumb":{"@id":"https:\/\/wp.kristdemokraterna.se\/karlstad\/kd-karlstad-styrelse-2026-2027\/#breadcrumb"},"inLanguage":"sv-SE","potentialAction":[{"@type":"ReadAction","target":["https:\/\/wp.kristdemokraterna.se\/karlstad\/kd-karlstad-styrelse-2026-2027\/"]}]},{"@type":"BreadcrumbList","@id":"https:\/\/wp.kristdemokraterna.se\/karlstad\/kd-karlstad-styrelse-2026-2027\/#breadcrumb","itemListElement":[{"@type":"ListItem","position":1,"name":"Hem","item":"https:\/\/wp.kristdemokraterna.se\/karlstad\/"},{"@type":"ListItem","position":2,"name":"KD Karlstad styrelse 2026\/2027"}]},{"@type":"WebSite","@id":"https:\/\/wp.kristdemokraterna.se\/karlstad\/#website","url":"https:\/\/wp.kristdemokraterna.se\/karlstad\/","name":"Karlstad","description":"","inLanguage":"sv-SE"}]}},"_links":{"self":[{"href":"https:\/\/wp.kristdemokraterna.se\/karlstad\/wp-json\/wp\/v2\/pages\/410","targetHints":{"allow":["GET"]}}],"collection":[{"href":"https:\/\/wp.kristdemokraterna.se\/karlstad\/wp-json\/wp\/v2\/pages"}],"about":[{"href":"https:\/\/wp.kristdemokraterna.se\/karlstad\/wp-json\/wp\/v2\/types\/page"}],"author":[{"embeddable":true,"href":"https:\/\/wp.kristdemokraterna.se\/karlstad\/wp-json\/wp\/v2\/users\/18"}],"replies":[{"embeddable":true,"href":"https:\/\/wp.kristdemokraterna.se\/karlstad\/wp-json\/wp\/v2\/comments?post=410"}],"version-history":[{"count":2,"href":"https:\/\/wp.kristdemokraterna.se\/karlstad\/wp-json\/wp\/v2\/pages\/410\/revisions"}],"predecessor-version":[{"id":413,"href":"https:\/\/wp.kristdemokraterna.se\/karlstad\/wp-json\/wp\/v2\/pages\/410\/revisions\/413"}],"wp:attachment":[{"href":"https:\/\/wp.kristdemokraterna.se\/karlstad\/wp-json\/wp\/v2\/media?parent=410"}],"curies":[{"name":"wp","href":"https:\/\/api.w.org\/{rel}","templated":true}]}}