{"id":88,"date":"2014-08-22T23:28:32","date_gmt":"2014-08-22T21:28:32","guid":{"rendered":"http:\/\/wp.kristdemokraterna.se\/karlstad\/?page_id=88"},"modified":"2026-02-15T23:50:46","modified_gmt":"2026-02-15T22:50:46","slug":"ett-starkare-karlstad","status":"publish","type":"page","link":"https:\/\/wp.kristdemokraterna.se\/karlstad\/","title":{"rendered":""},"content":{"rendered":"<h6><a href=\"http:\/\/wp.kristdemokraterna.se\/karlstad\/files\/2026\/02\/karlstad-scaled.jpeg\"><img loading=\"lazy\" decoding=\"async\" class=\"size-full wp-image-419 aligncenter\" src=\"http:\/\/wp.kristdemokraterna.se\/karlstad\/files\/2026\/02\/karlstad-scaled.jpeg\" alt=\"\" width=\"2560\" height=\"1707\" srcset=\"https:\/\/wp.kristdemokraterna.se\/karlstad\/files\/2026\/02\/karlstad-scaled.jpeg 2560w, https:\/\/wp.kristdemokraterna.se\/karlstad\/files\/2026\/02\/karlstad-300x200.jpeg 300w, https:\/\/wp.kristdemokraterna.se\/karlstad\/files\/2026\/02\/karlstad-1024x683.jpeg 1024w, https:\/\/wp.kristdemokraterna.se\/karlstad\/files\/2026\/02\/karlstad-768x512.jpeg 768w, https:\/\/wp.kristdemokraterna.se\/karlstad\/files\/2026\/02\/karlstad-1536x1024.jpeg 1536w, https:\/\/wp.kristdemokraterna.se\/karlstad\/files\/2026\/02\/karlstad-2048x1365.jpeg 2048w\" sizes=\"auto, (max-width: 2560px) 100vw, 2560px\" \/><\/a><\/h6>\n<h3 style=\"text-align: center\">Vi arbetar f\u00f6r ett Karlstad d\u00e4r det \u00e4r gott att leva. En plats d\u00e4r m\u00e4nniskor upplever delaktighet och tar ansvar. Kort och gott ett st\u00e4lle d\u00e4r m\u00e4nniskor kan vara trygga. Detta f\u00f6ruts\u00e4tter att man kan lita p\u00e5 varandra men \u00e4ven att det offentliga fungerar.<\/h3>\n<p style=\"text-align: center\">Karlstad \u00e4r en attraktiv kommun d\u00e4r m\u00e5nga vill bo. Det \u00e4r positivt men inneb\u00e4r ocks\u00e5 en utmaning. N\u00e4r kommunen v\u00e4xer f\u00e5r det inte ske p\u00e5 bekostnad av kommunens sj\u00e4l. N\u00e4r vi planerar f\u00f6r ny bebyggelse m\u00e5ste det ske p\u00e5 ett s\u00e5dant s\u00e4tt att stan \u00e4ven i forts\u00e4ttningen upplevs som trygg och attraktiv. St\u00f6rre arkitektoniska krav beh\u00f6ver d\u00e4rf\u00f6r st\u00e4llas vid s\u00e5v\u00e4l nybyggnation som vid utveckling av befintliga omr\u00e5den. Det \u00e4r ocks\u00e5 viktigt att de offentliga milj\u00f6erna upplevs som trygga alla tider p\u00e5 dygnet. Vi beh\u00f6ver d\u00e4rf\u00f6r se \u00f6ver hur torg samt cykel- och promenadstr\u00e5k utformas liksom hur kommunen arbetar med ljuss\u00e4ttning.<\/p>\n<p style=\"text-align: center\">Grunden f\u00f6r ett tryggt samh\u00e4lle l\u00e4ggs dock i familjen. Goda villkor f\u00f6r familjerna ger v\u00e5ra barn en bra start i livet. Genom att satsa p\u00e5 de minsta bygger vi ett gott samh\u00e4lle och ett b\u00e4ttre Karlstad. Men det handlar ocks\u00e5 om att satsa p\u00e5 de \u00e4ldre. \u00c4ven de har r\u00e4tt till ett gott liv. Det \u00e4r en fr\u00e5ga om v\u00e4rdighet.<\/p>\n","protected":false},"excerpt":{"rendered":"<p>Vi arbetar f\u00f6r ett Karlstad d\u00e4r det \u00e4r gott att leva. En plats d\u00e4r m\u00e4nniskor upplever delaktighet och tar ansvar. Kort och gott ett st\u00e4lle d\u00e4r m\u00e4nniskor kan vara trygga. Detta f\u00f6ruts\u00e4tter att man kan lita p\u00e5 varandra men \u00e4ven att det offentliga fungerar. Karlstad \u00e4r en attraktiv kommun d\u00e4r m\u00e5nga vill bo. Det \u00e4r <a class=\"read-more-link\" href=\"https:\/\/wp.kristdemokraterna.se\/karlstad\/\">Read More<\/a><\/p>\n","protected":false},"author":18,"featured_media":0,"parent":0,"menu_order":0,"comment_status":"closed","ping_status":"closed","template":"","meta":{"_acf_changed":false,"footnotes":""},"class_list":["post-88","page","type-page","status-publish","hentry"],"acf":[],"yoast_head":"<!-- This site is optimized with the Yoast SEO plugin v27.3 - https:\/\/yoast.com\/product\/yoast-seo-wordpress\/ -->\n<title>- Karlstad<\/title>\n<meta name=\"description\" content=\"Vi arbetar f\u00f6r ett Karlstad d\u00e4r det \u00e4r gott att leva. En plats d\u00e4r m\u00e4nniskor upplever delaktighet och tar ansvar. Kort och gott ett st\u00e4lle d\u00e4r m\u00e4nniskor kan vara trygga. Detta f\u00f6ruts\u00e4tter att man kan lita p\u00e5 varandra men \u00e4ven att det offentliga fungerar.\" \/>\n<meta name=\"robots\" content=\"index, follow, max-snippet:-1, max-image-preview:large, max-video-preview:-1\" \/>\n<link rel=\"canonical\" href=\"https:\/\/wp.kristdemokraterna.se\/karlstad\/\" \/>\n<meta property=\"og:locale\" content=\"sv_SE\" \/>\n<meta property=\"og:type\" content=\"article\" \/>\n<meta property=\"og:title\" content=\"- Karlstad\" \/>\n<meta property=\"og:description\" content=\"Vi arbetar f\u00f6r ett Karlstad d\u00e4r det \u00e4r gott att leva. En plats d\u00e4r m\u00e4nniskor upplever delaktighet och tar ansvar. Kort och gott ett st\u00e4lle d\u00e4r m\u00e4nniskor kan vara trygga. Detta f\u00f6ruts\u00e4tter att man kan lita p\u00e5 varandra men \u00e4ven att det offentliga fungerar.\" \/>\n<meta property=\"og:url\" content=\"https:\/\/wp.kristdemokraterna.se\/karlstad\/\" \/>\n<meta property=\"og:site_name\" content=\"Karlstad\" \/>\n<meta property=\"article:modified_time\" content=\"2026-02-15T22:50:46+00:00\" \/>\n<meta property=\"og:image\" content=\"https:\/\/wp.kristdemokraterna.se\/karlstad\/files\/2026\/02\/karlstad-scaled.jpeg\" \/>\n\t<meta property=\"og:image:width\" content=\"2560\" \/>\n\t<meta property=\"og:image:height\" content=\"1707\" \/>\n\t<meta property=\"og:image:type\" content=\"image\/jpeg\" \/>\n<meta name=\"twitter:card\" content=\"summary_large_image\" \/>\n<meta name=\"twitter:label1\" content=\"Ber\u00e4knad l\u00e4stid\" \/>\n\t<meta name=\"twitter:data1\" content=\"2 minuter\" \/>\n<script type=\"application\/ld+json\" class=\"yoast-schema-graph\">{\"@context\":\"https:\\\/\\\/schema.org\",\"@graph\":[{\"@type\":\"WebPage\",\"@id\":\"https:\\\/\\\/wp.kristdemokraterna.se\\\/karlstad\\\/\",\"url\":\"https:\\\/\\\/wp.kristdemokraterna.se\\\/karlstad\\\/\",\"name\":\"- Karlstad\",\"isPartOf\":{\"@id\":\"https:\\\/\\\/wp.kristdemokraterna.se\\\/karlstad\\\/#website\"},\"primaryImageOfPage\":{\"@id\":\"https:\\\/\\\/wp.kristdemokraterna.se\\\/karlstad\\\/#primaryimage\"},\"image\":{\"@id\":\"https:\\\/\\\/wp.kristdemokraterna.se\\\/karlstad\\\/#primaryimage\"},\"thumbnailUrl\":\"http:\\\/\\\/wp.kristdemokraterna.se\\\/karlstad\\\/files\\\/2026\\\/02\\\/karlstad-scaled.jpeg\",\"datePublished\":\"2014-08-22T21:28:32+00:00\",\"dateModified\":\"2026-02-15T22:50:46+00:00\",\"description\":\"Vi arbetar f\u00f6r ett Karlstad d\u00e4r det \u00e4r gott att leva. En plats d\u00e4r m\u00e4nniskor upplever delaktighet och tar ansvar. Kort och gott ett st\u00e4lle d\u00e4r m\u00e4nniskor kan vara trygga. Detta f\u00f6ruts\u00e4tter att man kan lita p\u00e5 varandra men \u00e4ven att det offentliga fungerar.\",\"inLanguage\":\"sv-SE\",\"potentialAction\":[{\"@type\":\"ReadAction\",\"target\":[\"https:\\\/\\\/wp.kristdemokraterna.se\\\/karlstad\\\/\"]}]},{\"@type\":\"ImageObject\",\"inLanguage\":\"sv-SE\",\"@id\":\"https:\\\/\\\/wp.kristdemokraterna.se\\\/karlstad\\\/#primaryimage\",\"url\":\"http:\\\/\\\/wp.kristdemokraterna.se\\\/karlstad\\\/files\\\/2026\\\/02\\\/karlstad-scaled.jpeg\",\"contentUrl\":\"http:\\\/\\\/wp.kristdemokraterna.se\\\/karlstad\\\/files\\\/2026\\\/02\\\/karlstad-scaled.jpeg\"},{\"@type\":\"WebSite\",\"@id\":\"https:\\\/\\\/wp.kristdemokraterna.se\\\/karlstad\\\/#website\",\"url\":\"https:\\\/\\\/wp.kristdemokraterna.se\\\/karlstad\\\/\",\"name\":\"Karlstad\",\"description\":\"\",\"inLanguage\":\"sv-SE\"}]}<\/script>\n<!-- \/ Yoast SEO plugin. -->","yoast_head_json":{"title":"- Karlstad","description":"Vi arbetar f\u00f6r ett Karlstad d\u00e4r det \u00e4r gott att leva. En plats d\u00e4r m\u00e4nniskor upplever delaktighet och tar ansvar. Kort och gott ett st\u00e4lle d\u00e4r m\u00e4nniskor kan vara trygga. Detta f\u00f6ruts\u00e4tter att man kan lita p\u00e5 varandra men \u00e4ven att det offentliga fungerar.","robots":{"index":"index","follow":"follow","max-snippet":"max-snippet:-1","max-image-preview":"max-image-preview:large","max-video-preview":"max-video-preview:-1"},"canonical":"https:\/\/wp.kristdemokraterna.se\/karlstad\/","og_locale":"sv_SE","og_type":"article","og_title":"- Karlstad","og_description":"Vi arbetar f\u00f6r ett Karlstad d\u00e4r det \u00e4r gott att leva. En plats d\u00e4r m\u00e4nniskor upplever delaktighet och tar ansvar. Kort och gott ett st\u00e4lle d\u00e4r m\u00e4nniskor kan vara trygga. Detta f\u00f6ruts\u00e4tter att man kan lita p\u00e5 varandra men \u00e4ven att det offentliga fungerar.","og_url":"https:\/\/wp.kristdemokraterna.se\/karlstad\/","og_site_name":"Karlstad","article_modified_time":"2026-02-15T22:50:46+00:00","og_image":[{"width":2560,"height":1707,"url":"https:\/\/wp.kristdemokraterna.se\/karlstad\/files\/2026\/02\/karlstad-scaled.jpeg","type":"image\/jpeg"}],"twitter_card":"summary_large_image","twitter_misc":{"Ber\u00e4knad l\u00e4stid":"2 minuter"},"schema":{"@context":"https:\/\/schema.org","@graph":[{"@type":"WebPage","@id":"https:\/\/wp.kristdemokraterna.se\/karlstad\/","url":"https:\/\/wp.kristdemokraterna.se\/karlstad\/","name":"- Karlstad","isPartOf":{"@id":"https:\/\/wp.kristdemokraterna.se\/karlstad\/#website"},"primaryImageOfPage":{"@id":"https:\/\/wp.kristdemokraterna.se\/karlstad\/#primaryimage"},"image":{"@id":"https:\/\/wp.kristdemokraterna.se\/karlstad\/#primaryimage"},"thumbnailUrl":"http:\/\/wp.kristdemokraterna.se\/karlstad\/files\/2026\/02\/karlstad-scaled.jpeg","datePublished":"2014-08-22T21:28:32+00:00","dateModified":"2026-02-15T22:50:46+00:00","description":"Vi arbetar f\u00f6r ett Karlstad d\u00e4r det \u00e4r gott att leva. En plats d\u00e4r m\u00e4nniskor upplever delaktighet och tar ansvar. Kort och gott ett st\u00e4lle d\u00e4r m\u00e4nniskor kan vara trygga. Detta f\u00f6ruts\u00e4tter att man kan lita p\u00e5 varandra men \u00e4ven att det offentliga fungerar.","inLanguage":"sv-SE","potentialAction":[{"@type":"ReadAction","target":["https:\/\/wp.kristdemokraterna.se\/karlstad\/"]}]},{"@type":"ImageObject","inLanguage":"sv-SE","@id":"https:\/\/wp.kristdemokraterna.se\/karlstad\/#primaryimage","url":"http:\/\/wp.kristdemokraterna.se\/karlstad\/files\/2026\/02\/karlstad-scaled.jpeg","contentUrl":"http:\/\/wp.kristdemokraterna.se\/karlstad\/files\/2026\/02\/karlstad-scaled.jpeg"},{"@type":"WebSite","@id":"https:\/\/wp.kristdemokraterna.se\/karlstad\/#website","url":"https:\/\/wp.kristdemokraterna.se\/karlstad\/","name":"Karlstad","description":"","inLanguage":"sv-SE"}]}},"_links":{"self":[{"href":"https:\/\/wp.kristdemokraterna.se\/karlstad\/wp-json\/wp\/v2\/pages\/88","targetHints":{"allow":["GET"]}}],"collection":[{"href":"https:\/\/wp.kristdemokraterna.se\/karlstad\/wp-json\/wp\/v2\/pages"}],"about":[{"href":"https:\/\/wp.kristdemokraterna.se\/karlstad\/wp-json\/wp\/v2\/types\/page"}],"author":[{"embeddable":true,"href":"https:\/\/wp.kristdemokraterna.se\/karlstad\/wp-json\/wp\/v2\/users\/18"}],"replies":[{"embeddable":true,"href":"https:\/\/wp.kristdemokraterna.se\/karlstad\/wp-json\/wp\/v2\/comments?post=88"}],"version-history":[{"count":23,"href":"https:\/\/wp.kristdemokraterna.se\/karlstad\/wp-json\/wp\/v2\/pages\/88\/revisions"}],"predecessor-version":[{"id":425,"href":"https:\/\/wp.kristdemokraterna.se\/karlstad\/wp-json\/wp\/v2\/pages\/88\/revisions\/425"}],"wp:attachment":[{"href":"https:\/\/wp.kristdemokraterna.se\/karlstad\/wp-json\/wp\/v2\/media?parent=88"}],"curies":[{"name":"wp","href":"https:\/\/api.w.org\/{rel}","templated":true}]}}