{"id":265,"date":"2022-05-01T16:47:40","date_gmt":"2022-05-01T14:47:40","guid":{"rendered":"http:\/\/wp.kristdemokraterna.se\/katrineholm22\/?page_id=265"},"modified":"2022-05-24T22:18:21","modified_gmt":"2022-05-24T20:18:21","slug":"startsida","status":"publish","type":"page","link":"https:\/\/wp.kristdemokraterna.se\/katrineholm\/","title":{"rendered":"Startsida"},"content":{"rendered":"<p>Kristdemokraterna \u00e4r f\u00f6r m\u00e5nga svenskar f\u00f6rknippade med v\u00e5rd, omsorg och sociala fr\u00e5gor. En viktig del av det sociala ansvaret, \u00e4r m\u00f6jligheten till arbete. Arbetsl\u00f6sheten \u00e4r sl\u00f6seri med m\u00e4nskliga resurser och d\u00e4rf\u00f6r \u00e4r full syssels\u00e4ttning f\u00f6r alla som vill och kan arbeta ett viktigt politiskt m\u00e5l. V\u00e5rt syns\u00e4tt \u00e4r att m\u00e4nniskor ska kunna arbeta hundra procent av sin f\u00f6rm\u00e5ga och kunna p\u00e5verka sin personliga ekonomi.<\/p>\n","protected":false},"excerpt":{"rendered":"<p>Kristdemokraterna \u00e4r f\u00f6r m\u00e5nga svenskar f\u00f6rknippade med v\u00e5rd, omsorg och sociala fr\u00e5gor. En viktig del av det sociala ansvaret, \u00e4r m\u00f6jligheten till arbete. Arbetsl\u00f6sheten \u00e4r sl\u00f6seri med m\u00e4nskliga resurser och d\u00e4rf\u00f6r \u00e4r full syssels\u00e4ttning f\u00f6r alla som vill och kan arbeta ett viktigt politiskt m\u00e5l. V\u00e5rt syns\u00e4tt \u00e4r att m\u00e4nniskor ska kunna arbeta hundra procent <a class=\"read-more-link\" href=\"https:\/\/wp.kristdemokraterna.se\/katrineholm\/\">Read More<\/a><\/p>\n","protected":false},"author":759,"featured_media":0,"parent":0,"menu_order":0,"comment_status":"closed","ping_status":"closed","template":"index.php","meta":{"_acf_changed":false,"footnotes":""},"class_list":["post-265","page","type-page","status-publish","hentry"],"acf":[],"yoast_head":"<!-- This site is optimized with the Yoast SEO plugin v27.4 - https:\/\/yoast.com\/product\/yoast-seo-wordpress\/ -->\n<title>Startsida - Kristdemokraterna i Katrineholm<\/title>\n<meta name=\"robots\" content=\"index, follow, max-snippet:-1, max-image-preview:large, max-video-preview:-1\" \/>\n<link rel=\"canonical\" href=\"https:\/\/wp.kristdemokraterna.se\/katrineholm\/\" \/>\n<meta property=\"og:locale\" content=\"sv_SE\" \/>\n<meta property=\"og:type\" content=\"article\" \/>\n<meta property=\"og:title\" content=\"Startsida - Kristdemokraterna i Katrineholm\" \/>\n<meta property=\"og:description\" content=\"Kristdemokraterna \u00e4r f\u00f6r m\u00e5nga svenskar f\u00f6rknippade med v\u00e5rd, omsorg och sociala fr\u00e5gor. En viktig del av det sociala ansvaret, \u00e4r m\u00f6jligheten till arbete. Arbetsl\u00f6sheten \u00e4r sl\u00f6seri med m\u00e4nskliga resurser och d\u00e4rf\u00f6r \u00e4r full syssels\u00e4ttning f\u00f6r alla som vill och kan arbeta ett viktigt politiskt m\u00e5l. V\u00e5rt syns\u00e4tt \u00e4r att m\u00e4nniskor ska kunna arbeta hundra procent Read More\" \/>\n<meta property=\"og:url\" content=\"https:\/\/wp.kristdemokraterna.se\/katrineholm\/\" \/>\n<meta property=\"og:site_name\" content=\"Kristdemokraterna i Katrineholm\" \/>\n<meta property=\"article:modified_time\" content=\"2022-05-24T20:18:21+00:00\" \/>\n<meta name=\"twitter:card\" content=\"summary_large_image\" \/>\n<script type=\"application\/ld+json\" class=\"yoast-schema-graph\">{\"@context\":\"https:\\\/\\\/schema.org\",\"@graph\":[{\"@type\":\"WebPage\",\"@id\":\"https:\\\/\\\/wp.kristdemokraterna.se\\\/katrineholm\\\/\",\"url\":\"https:\\\/\\\/wp.kristdemokraterna.se\\\/katrineholm\\\/\",\"name\":\"Startsida - Kristdemokraterna i Katrineholm\",\"isPartOf\":{\"@id\":\"https:\\\/\\\/wp.kristdemokraterna.se\\\/katrineholm\\\/#website\"},\"datePublished\":\"2022-05-01T14:47:40+00:00\",\"dateModified\":\"2022-05-24T20:18:21+00:00\",\"breadcrumb\":{\"@id\":\"https:\\\/\\\/wp.kristdemokraterna.se\\\/katrineholm\\\/#breadcrumb\"},\"inLanguage\":\"sv-SE\",\"potentialAction\":[{\"@type\":\"ReadAction\",\"target\":[\"https:\\\/\\\/wp.kristdemokraterna.se\\\/katrineholm\\\/\"]}]},{\"@type\":\"BreadcrumbList\",\"@id\":\"https:\\\/\\\/wp.kristdemokraterna.se\\\/katrineholm\\\/#breadcrumb\",\"itemListElement\":[{\"@type\":\"ListItem\",\"position\":1,\"name\":\"Hem\",\"item\":\"https:\\\/\\\/wp.kristdemokraterna.se\\\/katrineholm\\\/\"},{\"@type\":\"ListItem\",\"position\":2,\"name\":\"Startsida\"}]},{\"@type\":\"WebSite\",\"@id\":\"https:\\\/\\\/wp.kristdemokraterna.se\\\/katrineholm\\\/#website\",\"url\":\"https:\\\/\\\/wp.kristdemokraterna.se\\\/katrineholm\\\/\",\"name\":\"Kristdemokraterna i Katrineholm\",\"description\":\"En till Kristdemokraterna webbplats\",\"inLanguage\":\"sv-SE\"}]}<\/script>\n<!-- \/ Yoast SEO plugin. -->","yoast_head_json":{"title":"Startsida - Kristdemokraterna i Katrineholm","robots":{"index":"index","follow":"follow","max-snippet":"max-snippet:-1","max-image-preview":"max-image-preview:large","max-video-preview":"max-video-preview:-1"},"canonical":"https:\/\/wp.kristdemokraterna.se\/katrineholm\/","og_locale":"sv_SE","og_type":"article","og_title":"Startsida - Kristdemokraterna i Katrineholm","og_description":"Kristdemokraterna \u00e4r f\u00f6r m\u00e5nga svenskar f\u00f6rknippade med v\u00e5rd, omsorg och sociala fr\u00e5gor. En viktig del av det sociala ansvaret, \u00e4r m\u00f6jligheten till arbete. Arbetsl\u00f6sheten \u00e4r sl\u00f6seri med m\u00e4nskliga resurser och d\u00e4rf\u00f6r \u00e4r full syssels\u00e4ttning f\u00f6r alla som vill och kan arbeta ett viktigt politiskt m\u00e5l. V\u00e5rt syns\u00e4tt \u00e4r att m\u00e4nniskor ska kunna arbeta hundra procent Read More","og_url":"https:\/\/wp.kristdemokraterna.se\/katrineholm\/","og_site_name":"Kristdemokraterna i Katrineholm","article_modified_time":"2022-05-24T20:18:21+00:00","twitter_card":"summary_large_image","schema":{"@context":"https:\/\/schema.org","@graph":[{"@type":"WebPage","@id":"https:\/\/wp.kristdemokraterna.se\/katrineholm\/","url":"https:\/\/wp.kristdemokraterna.se\/katrineholm\/","name":"Startsida - Kristdemokraterna i Katrineholm","isPartOf":{"@id":"https:\/\/wp.kristdemokraterna.se\/katrineholm\/#website"},"datePublished":"2022-05-01T14:47:40+00:00","dateModified":"2022-05-24T20:18:21+00:00","breadcrumb":{"@id":"https:\/\/wp.kristdemokraterna.se\/katrineholm\/#breadcrumb"},"inLanguage":"sv-SE","potentialAction":[{"@type":"ReadAction","target":["https:\/\/wp.kristdemokraterna.se\/katrineholm\/"]}]},{"@type":"BreadcrumbList","@id":"https:\/\/wp.kristdemokraterna.se\/katrineholm\/#breadcrumb","itemListElement":[{"@type":"ListItem","position":1,"name":"Hem","item":"https:\/\/wp.kristdemokraterna.se\/katrineholm\/"},{"@type":"ListItem","position":2,"name":"Startsida"}]},{"@type":"WebSite","@id":"https:\/\/wp.kristdemokraterna.se\/katrineholm\/#website","url":"https:\/\/wp.kristdemokraterna.se\/katrineholm\/","name":"Kristdemokraterna i Katrineholm","description":"En till Kristdemokraterna webbplats","inLanguage":"sv-SE"}]}},"_links":{"self":[{"href":"https:\/\/wp.kristdemokraterna.se\/katrineholm\/wp-json\/wp\/v2\/pages\/265","targetHints":{"allow":["GET"]}}],"collection":[{"href":"https:\/\/wp.kristdemokraterna.se\/katrineholm\/wp-json\/wp\/v2\/pages"}],"about":[{"href":"https:\/\/wp.kristdemokraterna.se\/katrineholm\/wp-json\/wp\/v2\/types\/page"}],"author":[{"embeddable":true,"href":"https:\/\/wp.kristdemokraterna.se\/katrineholm\/wp-json\/wp\/v2\/users\/759"}],"replies":[{"embeddable":true,"href":"https:\/\/wp.kristdemokraterna.se\/katrineholm\/wp-json\/wp\/v2\/comments?post=265"}],"version-history":[{"count":60,"href":"https:\/\/wp.kristdemokraterna.se\/katrineholm\/wp-json\/wp\/v2\/pages\/265\/revisions"}],"predecessor-version":[{"id":570,"href":"https:\/\/wp.kristdemokraterna.se\/katrineholm\/wp-json\/wp\/v2\/pages\/265\/revisions\/570"}],"wp:attachment":[{"href":"https:\/\/wp.kristdemokraterna.se\/katrineholm\/wp-json\/wp\/v2\/media?parent=265"}],"curies":[{"name":"wp","href":"https:\/\/api.w.org\/{rel}","templated":true}]}}